{"id":495,"date":"2023-06-29T09:38:41","date_gmt":"2023-06-29T14:38:41","guid":{"rendered":"https:\/\/academia.utp.edu.co\/andresescobar\/?page_id=495"},"modified":"2025-12-10T11:46:26","modified_gmt":"2025-12-10T16:46:26","slug":"formacion-academica","status":"publish","type":"page","link":"https:\/\/academia.utp.edu.co\/andresescobar\/formacion-academica\/","title":{"rendered":"Formaci\u00f3n"},"content":{"rendered":"\n<div id=\"wp-block-themeisle-blocks-advanced-columns-01219de1\" class=\"wp-block-themeisle-blocks-advanced-columns alignfull has-2-columns has-desktop-equal-layout has-tablet-equal-layout has-mobile-collapsedRows-layout has-vertical-center has-light-bg\"><div class=\"wp-block-themeisle-blocks-advanced-columns-overlay\"><\/div><div class=\"innerblocks-wrap\">\n<div id=\"wp-block-themeisle-blocks-advanced-column-93eccca7\" class=\"wp-block-themeisle-blocks-advanced-column\">\n<h1 class=\"wp-block-heading has-text-color has-link-color wp-elements-2bfb17ef188c7bbe55dde47ace7f6f83\" style=\"color:#070731;font-size:50px\"><\/h1>\n\n\n\n<p class=\"has-text-color has-link-color wp-elements-54ef02e1d4c2512f965e2d20310c1538\" style=\"color:#070731\">Andr\u00e9s escobar mej\u00eda (Investigador Senior <strong>MinCiencias<\/strong>) es Mag\u00edster en Ingenier\u00eda El\u00e9ctrica de la <strong>Universidad Tecnol\u00f3gica de Pereira (2005)<\/strong> y Doctor en Ingenier\u00eda de la <strong>Universidad de Arkansas, Estados Unidos (2014)<\/strong>, beca <strong>Fulbright Regiones 2009<\/strong>.<\/p>\n\n\n\n<p class=\"has-text-color has-link-color wp-elements-c2c01b8739e607721567e0d9bb0603ad\" style=\"color:#070731\">Desde el 2006 est\u00e1 vinculado al programa de <strong>Ingenier\u00eda El\u00e9ctrica<\/strong> de la <strong>Facultad de Ingenier\u00edas<\/strong>, en donde se desempe\u00f1a en las \u00e1reas de <strong>Conversi\u00f3n de Energ\u00eda, Circuitos y Electr\u00f3nica de Potencia<\/strong>. En el mismo a\u00f1o se vincul\u00f3 al grupo de investigaci\u00f3n de <strong><a href=\"https:\/\/scienti.minciencias.gov.co\/gruplac\/jsp\/visualiza\/visualizagr.jsp?nro=00000000000716\" data-type=\"link\" data-id=\"https:\/\/scienti.minciencias.gov.co\/gruplac\/jsp\/visualiza\/visualizagr.jsp?nro=00000000000716\">Electr\u00f3nica de Potencia<\/a><\/strong>, en donde ha propuesto y desarrollado proyectos de investigaci\u00f3n aplicada con estudiantes de pregrado y posgrado, y con la participaci\u00f3n de investigadores de universidades nacionales e internacionales.<\/p>\n<\/div>\n\n\n\n<div id=\"wp-block-themeisle-blocks-advanced-column-3a99d9d3\" class=\"wp-block-themeisle-blocks-advanced-column\"><div class=\"wp-block-image\">\n<figure class=\"aligncenter size-full is-resized has-custom-border\"><img loading=\"lazy\" decoding=\"async\" width=\"960\" height=\"1280\" src=\"https:\/\/academia.utp.edu.co\/andresescobar\/files\/2025\/11\/WhatsApp-Image-2025-11-10-at-3.53.26-PM.jpeg\" alt=\"\" class=\"wp-image-1230\" style=\"border-style:none;border-width:0px;border-radius:0px;width:432px;height:auto\" srcset=\"https:\/\/academia.utp.edu.co\/andresescobar\/files\/2025\/11\/WhatsApp-Image-2025-11-10-at-3.53.26-PM.jpeg 960w, https:\/\/academia.utp.edu.co\/andresescobar\/files\/2025\/11\/WhatsApp-Image-2025-11-10-at-3.53.26-PM-225x300.jpeg 225w, https:\/\/academia.utp.edu.co\/andresescobar\/files\/2025\/11\/WhatsApp-Image-2025-11-10-at-3.53.26-PM-768x1024.jpeg 768w\" sizes=\"auto, (max-width: 960px) 100vw, 960px\" \/><\/figure>\n<\/div><\/div>\n<\/div><\/div>\n\n\n\n<p><\/p>\n","protected":false},"excerpt":{"rendered":"","protected":false},"author":1902,"featured_media":968,"parent":0,"menu_order":0,"comment_status":"closed","ping_status":"closed","template":"","meta":{"neve_meta_sidebar":"","neve_meta_container":"default","neve_meta_enable_content_width":"","neve_meta_content_width":0,"neve_meta_title_alignment":"","neve_meta_author_avatar":"","neve_post_elements_order":"","neve_meta_disable_header":"off","neve_meta_disable_footer":"off","neve_meta_disable_title":"off","footnotes":""},"class_list":["post-495","page","type-page","status-publish","has-post-thumbnail","hentry"],"_links":{"self":[{"href":"https:\/\/academia.utp.edu.co\/andresescobar\/wp-json\/wp\/v2\/pages\/495","targetHints":{"allow":["GET"]}}],"collection":[{"href":"https:\/\/academia.utp.edu.co\/andresescobar\/wp-json\/wp\/v2\/pages"}],"about":[{"href":"https:\/\/academia.utp.edu.co\/andresescobar\/wp-json\/wp\/v2\/types\/page"}],"author":[{"embeddable":true,"href":"https:\/\/academia.utp.edu.co\/andresescobar\/wp-json\/wp\/v2\/users\/1902"}],"replies":[{"embeddable":true,"href":"https:\/\/academia.utp.edu.co\/andresescobar\/wp-json\/wp\/v2\/comments?post=495"}],"version-history":[{"count":28,"href":"https:\/\/academia.utp.edu.co\/andresescobar\/wp-json\/wp\/v2\/pages\/495\/revisions"}],"predecessor-version":[{"id":1233,"href":"https:\/\/academia.utp.edu.co\/andresescobar\/wp-json\/wp\/v2\/pages\/495\/revisions\/1233"}],"wp:featuredmedia":[{"embeddable":true,"href":"https:\/\/academia.utp.edu.co\/andresescobar\/wp-json\/wp\/v2\/media\/968"}],"wp:attachment":[{"href":"https:\/\/academia.utp.edu.co\/andresescobar\/wp-json\/wp\/v2\/media?parent=495"}],"curies":[{"name":"wp","href":"https:\/\/api.w.org\/{rel}","templated":true}]}}