{"id":506,"date":"2023-06-29T09:45:54","date_gmt":"2023-06-29T14:45:54","guid":{"rendered":"https:\/\/academia.utp.edu.co\/andresescobar\/?page_id=506"},"modified":"2025-12-10T11:46:01","modified_gmt":"2025-12-10T16:46:01","slug":"experiencia-profesional","status":"publish","type":"page","link":"https:\/\/academia.utp.edu.co\/andresescobar\/experiencia-profesional\/","title":{"rendered":"Experiencia Profesional"},"content":{"rendered":"\n<div id=\"wp-block-themeisle-blocks-advanced-columns-81f9f30f\" class=\"wp-block-themeisle-blocks-advanced-columns alignfull has-2-columns has-desktop-equal-layout has-tablet-equal-layout has-mobile-collapsedRows-layout has-vertical-center has-light-bg\"><div class=\"wp-block-themeisle-blocks-advanced-columns-overlay\"><\/div><div class=\"innerblocks-wrap\">\n<div id=\"wp-block-themeisle-blocks-advanced-column-d10a7c4b\" class=\"wp-block-themeisle-blocks-advanced-column has-light-bg\"><div class=\"wp-block-image\">\n<figure class=\"aligncenter size-full\"><img loading=\"lazy\" decoding=\"async\" width=\"420\" height=\"507\" src=\"https:\/\/academia.utp.edu.co\/andresescobar\/files\/2025\/09\/Ingeniero-2-1.png\" alt=\"\" class=\"wp-image-769\" srcset=\"https:\/\/academia.utp.edu.co\/andresescobar\/files\/2025\/09\/Ingeniero-2-1.png 420w, https:\/\/academia.utp.edu.co\/andresescobar\/files\/2025\/09\/Ingeniero-2-1-249x300.png 249w\" sizes=\"auto, (max-width: 420px) 100vw, 420px\" \/><\/figure>\n<\/div><\/div>\n\n\n\n<div id=\"wp-block-themeisle-blocks-advanced-column-f085e4fa\" class=\"wp-block-themeisle-blocks-advanced-column\">\n<p class=\"has-text-color has-link-color wp-elements-1c6b379175ac71070d9f28401f90184f\" style=\"color:#070731\"><\/p>\n\n\n\n<p>Desde 2002 hasta 2004 trabaj\u00f3 en empresas del <strong>Sector El\u00e9ctrico<\/strong> como Ingeniero de Proyectos. Se vincul\u00f3 al programa de <strong>Ingenier\u00eda El\u00e9ctrica<\/strong> como Docente Catedr\u00e1tico en el a\u00f1o 2005. En el a\u00f1o 2007 se vincul\u00f3 como Docente de Planta adscrito al mismo programa, en donde ha orientado asignaturas relacionadas con la <strong>Electr\u00f3nica de Potencia, M\u00e1quinas El\u00e9ctricas, Circuitos El\u00e9ctricos<\/strong>, entre otras.<\/p>\n\n\n\n<p>Desde el a\u00f1o 2015 se desempe\u00f1a como Director de la <strong>Maestr\u00eda en Ingenier\u00eda El\u00e9ctrica<\/strong> (galardonada como <strong>Posgrado de Excelencia en Iberoam\u00e9rica \u2013 Premio AUIP<\/strong>), en donde ha participado en los procesos de acreditaci\u00f3n de <strong>Alta Calidad Nacional e Internacional<\/strong> del programa.<\/p>\n\n\n\n<p>Actualmente dirige tres trabajos de grado a nivel <strong>Doctoral<\/strong>, tres de <strong>Maestr\u00eda<\/strong> y dos de <strong>Pregrado<\/strong>. Tambi\u00e9n dirige el <strong>Semillero de Investigaci\u00f3n de Electr\u00f3nica de Potencia<\/strong>.<\/p>\n\n\n\n<div style=\"height:20px\" aria-hidden=\"true\" class=\"wp-block-spacer\"><\/div>\n<\/div>\n<\/div><\/div>\n\n\n\n<p><\/p>\n","protected":false},"excerpt":{"rendered":"","protected":false},"author":1902,"featured_media":969,"parent":0,"menu_order":0,"comment_status":"closed","ping_status":"closed","template":"","meta":{"neve_meta_sidebar":"","neve_meta_container":"","neve_meta_enable_content_width":"","neve_meta_content_width":0,"neve_meta_title_alignment":"","neve_meta_author_avatar":"","neve_post_elements_order":"","neve_meta_disable_header":"","neve_meta_disable_footer":"","neve_meta_disable_title":"","footnotes":""},"class_list":["post-506","page","type-page","status-publish","has-post-thumbnail","hentry"],"_links":{"self":[{"href":"https:\/\/academia.utp.edu.co\/andresescobar\/wp-json\/wp\/v2\/pages\/506","targetHints":{"allow":["GET"]}}],"collection":[{"href":"https:\/\/academia.utp.edu.co\/andresescobar\/wp-json\/wp\/v2\/pages"}],"about":[{"href":"https:\/\/academia.utp.edu.co\/andresescobar\/wp-json\/wp\/v2\/types\/page"}],"author":[{"embeddable":true,"href":"https:\/\/academia.utp.edu.co\/andresescobar\/wp-json\/wp\/v2\/users\/1902"}],"replies":[{"embeddable":true,"href":"https:\/\/academia.utp.edu.co\/andresescobar\/wp-json\/wp\/v2\/comments?post=506"}],"version-history":[{"count":5,"href":"https:\/\/academia.utp.edu.co\/andresescobar\/wp-json\/wp\/v2\/pages\/506\/revisions"}],"predecessor-version":[{"id":804,"href":"https:\/\/academia.utp.edu.co\/andresescobar\/wp-json\/wp\/v2\/pages\/506\/revisions\/804"}],"wp:featuredmedia":[{"embeddable":true,"href":"https:\/\/academia.utp.edu.co\/andresescobar\/wp-json\/wp\/v2\/media\/969"}],"wp:attachment":[{"href":"https:\/\/academia.utp.edu.co\/andresescobar\/wp-json\/wp\/v2\/media?parent=506"}],"curies":[{"name":"wp","href":"https:\/\/api.w.org\/{rel}","templated":true}]}}