{"id":564,"date":"2023-06-29T10:43:50","date_gmt":"2023-06-29T15:43:50","guid":{"rendered":"https:\/\/academia.utp.edu.co\/andresescobar\/?page_id=564"},"modified":"2026-01-29T11:34:11","modified_gmt":"2026-01-29T16:34:11","slug":"informes-de-gestion","status":"publish","type":"page","link":"https:\/\/academia.utp.edu.co\/andresescobar\/informes-de-gestion\/","title":{"rendered":"Informes de Gesti\u00f3n"},"content":{"rendered":"\n<figure class=\"wp-block-image size-full is-resized\"><img loading=\"lazy\" decoding=\"async\" width=\"1167\" height=\"350\" src=\"http:\/\/academia.utp.edu.co\/andresescobar\/files\/2025\/10\/Pagina-Web-8d6ec5.svg\" alt=\"\" class=\"wp-image-948\" style=\"width:270px\" \/><\/figure>\n\n\n\n<p>Durante su gesti\u00f3n en la representaci\u00f3n profesoral ante el Consejo Superior Universitario de la UTP,<strong> el profesor Andr\u00e9s Escobar Mej\u00eda<\/strong> ha impulsado iniciativas como:<\/p>\n\n\n\n<ul class=\"wp-block-list\">\n<li>Respaldo a la <strong>pol\u00edtica de bienestar universitario<\/strong>.<\/li>\n\n\n\n<li>Promoci\u00f3n del <strong>programa de acompa\u00f1amiento integral<\/strong> (PAI) docente.<\/li>\n\n\n\n<li>Estructuraci\u00f3n del <strong>acuerdo de becas y documentos para posgrados<\/strong>, en beneficio de los docentes en formaci\u00f3n.<\/li>\n\n\n\n<li><strong>Defensa activa<\/strong> de las propuestas del estamento profesoral.<\/li>\n\n\n\n<li><strong>Acompa\u00f1amiento permanente<\/strong> a las gestiones institucionales requeridas por los docentes.<\/li>\n<\/ul>\n\n\n\n<figure class=\"wp-block-image size-full is-resized\"><img loading=\"lazy\" decoding=\"async\" width=\"1167\" height=\"350\" src=\"http:\/\/academia.utp.edu.co\/andresescobar\/files\/2025\/10\/Pagina-Web-8d6ec5.svg\" alt=\"\" class=\"wp-image-948\" style=\"width:217px\" \/><\/figure>\n","protected":false},"excerpt":{"rendered":"<p>Durante su gesti\u00f3n en la representaci\u00f3n profesoral ante el Consejo Superior Universitario de la UTP, el profesor Andr\u00e9s Escobar Mej\u00eda ha impulsado iniciativas como:<\/p>\n","protected":false},"author":1902,"featured_media":1312,"parent":0,"menu_order":0,"comment_status":"closed","ping_status":"closed","template":"","meta":{"neve_meta_sidebar":"","neve_meta_container":"","neve_meta_enable_content_width":"","neve_meta_content_width":0,"neve_meta_title_alignment":"","neve_meta_author_avatar":"","neve_post_elements_order":"","neve_meta_disable_header":"","neve_meta_disable_footer":"","neve_meta_disable_title":"","footnotes":""},"class_list":["post-564","page","type-page","status-publish","has-post-thumbnail","hentry"],"_links":{"self":[{"href":"https:\/\/academia.utp.edu.co\/andresescobar\/wp-json\/wp\/v2\/pages\/564","targetHints":{"allow":["GET"]}}],"collection":[{"href":"https:\/\/academia.utp.edu.co\/andresescobar\/wp-json\/wp\/v2\/pages"}],"about":[{"href":"https:\/\/academia.utp.edu.co\/andresescobar\/wp-json\/wp\/v2\/types\/page"}],"author":[{"embeddable":true,"href":"https:\/\/academia.utp.edu.co\/andresescobar\/wp-json\/wp\/v2\/users\/1902"}],"replies":[{"embeddable":true,"href":"https:\/\/academia.utp.edu.co\/andresescobar\/wp-json\/wp\/v2\/comments?post=564"}],"version-history":[{"count":10,"href":"https:\/\/academia.utp.edu.co\/andresescobar\/wp-json\/wp\/v2\/pages\/564\/revisions"}],"predecessor-version":[{"id":1376,"href":"https:\/\/academia.utp.edu.co\/andresescobar\/wp-json\/wp\/v2\/pages\/564\/revisions\/1376"}],"wp:featuredmedia":[{"embeddable":true,"href":"https:\/\/academia.utp.edu.co\/andresescobar\/wp-json\/wp\/v2\/media\/1312"}],"wp:attachment":[{"href":"https:\/\/academia.utp.edu.co\/andresescobar\/wp-json\/wp\/v2\/media?parent=564"}],"curies":[{"name":"wp","href":"https:\/\/api.w.org\/{rel}","templated":true}]}}