{"id":687,"date":"2025-07-15T13:52:36","date_gmt":"2025-07-15T18:52:36","guid":{"rendered":"https:\/\/academia.utp.edu.co\/andresescobar\/?page_id=687"},"modified":"2025-12-11T16:18:45","modified_gmt":"2025-12-11T21:18:45","slug":"noticias","status":"publish","type":"page","link":"https:\/\/academia.utp.edu.co\/andresescobar\/noticias\/","title":{"rendered":"Noticias"},"content":{"rendered":"\n<div id=\"wp-block-themeisle-blocks-advanced-columns-5954f8f1\" class=\"wp-block-themeisle-blocks-advanced-columns has-1-columns has-desktop-equal-layout has-tablet-equal-layout has-mobile-equal-layout has-vertical-unset\"><div class=\"wp-block-themeisle-blocks-advanced-columns-overlay\"><\/div><div class=\"innerblocks-wrap\">\n<div id=\"wp-block-themeisle-blocks-advanced-column-96fc5c87\" class=\"wp-block-themeisle-blocks-advanced-column\"><\/div>\n<\/div><\/div>\n\n\n\n<div class=\"wp-block-media-text is-stacked-on-mobile\" style=\"grid-template-columns:47% auto\"><figure class=\"wp-block-media-text__media\"><img loading=\"lazy\" decoding=\"async\" width=\"768\" height=\"512\" src=\"https:\/\/academia.utp.edu.co\/andresescobar\/files\/2025\/07\/Imagen-de-WhatsApp-2025-07-16-a-las-12.10.02_27d8de77.jpg\" alt=\"\" class=\"wp-image-694 size-full\" srcset=\"https:\/\/academia.utp.edu.co\/andresescobar\/files\/2025\/07\/Imagen-de-WhatsApp-2025-07-16-a-las-12.10.02_27d8de77.jpg 768w, https:\/\/academia.utp.edu.co\/andresescobar\/files\/2025\/07\/Imagen-de-WhatsApp-2025-07-16-a-las-12.10.02_27d8de77-300x200.jpg 300w\" sizes=\"auto, (max-width: 768px) 100vw, 768px\" \/><\/figure><div class=\"wp-block-media-text__content\">\n<p><strong>Andr\u00e9s Escobar Mej\u00eda<\/strong> se posesiona como <strong>representante de los docentes<\/strong> ante el Consejo Superior de la UTP<\/p>\n\n\n\n<p>La Universidad Tecnol\u00f3gica de Pereira cuenta oficialmente con nuevo representante profesoral ante el&nbsp;<strong>Consejo Superior Universitario<\/strong>, tras la posesi\u00f3n del&nbsp;<strong>profesor Andr\u00e9s Escobar Mej\u00eda<\/strong>, quien fue elegido por el estamento docente para un nuevo periodo de representaci\u00f3n.<\/p>\n\n\n\n<p>Ver nota completa <a href=\"https:\/\/comunicaciones.utp.edu.co\/87028\/rectoria\/andres-escobar-mejia-se-posesiona-como-representante-de-los-docentes-ante-el-consejo-superior-de-la-utp\/\" data-type=\"link\" data-id=\"https:\/\/comunicaciones.utp.edu.co\/87028\/rectoria\/andres-escobar-mejia-se-posesiona-como-representante-de-los-docentes-ante-el-consejo-superior-de-la-utp\/\" target=\"_blank\" rel=\"noreferrer noopener\">https:\/\/comunicaciones.utp.edu.co\/87028\/rectoria\/andres-escobar-mejia-se-posesiona-como-representante-de-los-docentes-ante-el-consejo-superior-de-la-utp\/<\/a><\/p>\n<\/div><\/div>\n\n\n\n<figure class=\"wp-block-image size-full is-resized\"><img loading=\"lazy\" decoding=\"async\" width=\"1167\" height=\"350\" src=\"http:\/\/academia.utp.edu.co\/andresescobar\/files\/2025\/10\/Pagina-Web-8d6ec5.svg\" alt=\"\" class=\"wp-image-948\" style=\"width:300px\" \/><\/figure>\n\n\n\n<p><\/p>\n","protected":false},"excerpt":{"rendered":"<p>Andr\u00e9s Escobar Mej\u00eda se posesiona como representante de los docentes ante el Consejo Superior de la UTP La Universidad Tecnol\u00f3gica de Pereira cuenta oficialmente con nuevo representante profesoral ante el&nbsp;Consejo&hellip;&nbsp;<a href=\"https:\/\/academia.utp.edu.co\/andresescobar\/noticias\/\" rel=\"bookmark\">Leer m\u00e1s &raquo;<span class=\"screen-reader-text\">Noticias<\/span><\/a><\/p>\n","protected":false},"author":1902,"featured_media":972,"parent":0,"menu_order":0,"comment_status":"closed","ping_status":"closed","template":"","meta":{"neve_meta_sidebar":"","neve_meta_container":"","neve_meta_enable_content_width":"","neve_meta_content_width":0,"neve_meta_title_alignment":"","neve_meta_author_avatar":"","neve_post_elements_order":"","neve_meta_disable_header":"","neve_meta_disable_footer":"","neve_meta_disable_title":"","footnotes":""},"class_list":["post-687","page","type-page","status-publish","has-post-thumbnail","hentry"],"_links":{"self":[{"href":"https:\/\/academia.utp.edu.co\/andresescobar\/wp-json\/wp\/v2\/pages\/687","targetHints":{"allow":["GET"]}}],"collection":[{"href":"https:\/\/academia.utp.edu.co\/andresescobar\/wp-json\/wp\/v2\/pages"}],"about":[{"href":"https:\/\/academia.utp.edu.co\/andresescobar\/wp-json\/wp\/v2\/types\/page"}],"author":[{"embeddable":true,"href":"https:\/\/academia.utp.edu.co\/andresescobar\/wp-json\/wp\/v2\/users\/1902"}],"replies":[{"embeddable":true,"href":"https:\/\/academia.utp.edu.co\/andresescobar\/wp-json\/wp\/v2\/comments?post=687"}],"version-history":[{"count":6,"href":"https:\/\/academia.utp.edu.co\/andresescobar\/wp-json\/wp\/v2\/pages\/687\/revisions"}],"predecessor-version":[{"id":1366,"href":"https:\/\/academia.utp.edu.co\/andresescobar\/wp-json\/wp\/v2\/pages\/687\/revisions\/1366"}],"wp:featuredmedia":[{"embeddable":true,"href":"https:\/\/academia.utp.edu.co\/andresescobar\/wp-json\/wp\/v2\/media\/972"}],"wp:attachment":[{"href":"https:\/\/academia.utp.edu.co\/andresescobar\/wp-json\/wp\/v2\/media?parent=687"}],"curies":[{"name":"wp","href":"https:\/\/api.w.org\/{rel}","templated":true}]}}