{"id":14,"date":"2025-02-11T13:58:01","date_gmt":"2025-02-11T12:58:01","guid":{"rendered":"https:\/\/academia.utp.edu.co\/aula-biomedica\/?page_id=14"},"modified":"2025-11-14T22:10:14","modified_gmt":"2025-11-14T21:10:14","slug":"inicio","status":"publish","type":"page","link":"https:\/\/academia.utp.edu.co\/aula-biomedica\/","title":{"rendered":"Inicio"},"content":{"rendered":"\n<div style=\"height:30px\" aria-hidden=\"true\" class=\"wp-block-spacer\"><\/div>\n\n\n\n<div class=\"wp-block-media-text has-media-on-the-right is-stacked-on-mobile\"><div class=\"wp-block-media-text__content\">\n<hr class=\"wp-block-separator has-alpha-channel-opacity\" \/>\n\n\n\n<p class=\"has-text-align-left\">Aula Biom\u00e9dica es un proyecto educativo cuya misi\u00f3n es ofrecer contenidos sencillos, atractivos y rigurosos para facilitar el aprendizaje de la Bioqu\u00edmica y la Biolog\u00eda Molecular. A trav\u00e9s de recursos digitales como explicaciones audiovisuales, videos, podcasts, ejemplos pr\u00e1cticos y actividades interactivas, buscamos que los estudiantes comprendan mejor estos temas y descubran su relevancia en el campo de las ciencias de la salud. Nos dirigimos tanto a estudiantes universitarios como de secundaria, con el prop\u00f3sito de apoyar su formaci\u00f3n cient\u00edfica, despertar su inter\u00e9s por las ciencias biom\u00e9dicas y fomentar la curiosidad y el pensamiento cr\u00edtico, mostrando siempre la aplicaci\u00f3n real de la ciencia en la salud y la vida cotidiana.<\/p>\n<\/div><figure class=\"wp-block-media-text__media\"><img loading=\"lazy\" decoding=\"async\" width=\"1024\" height=\"682\" src=\"https:\/\/academia.utp.edu.co\/aula-biomedica\/files\/2025\/11\/WhatsApp-Image-2025-11-14-at-3.56.54-PM-1024x682.jpeg\" alt=\"\" class=\"wp-image-255 size-full\" srcset=\"https:\/\/academia.utp.edu.co\/aula-biomedica\/files\/2025\/11\/WhatsApp-Image-2025-11-14-at-3.56.54-PM-1024x682.jpeg 1024w, https:\/\/academia.utp.edu.co\/aula-biomedica\/files\/2025\/11\/WhatsApp-Image-2025-11-14-at-3.56.54-PM-300x200.jpeg 300w, https:\/\/academia.utp.edu.co\/aula-biomedica\/files\/2025\/11\/WhatsApp-Image-2025-11-14-at-3.56.54-PM-768x512.jpeg 768w, https:\/\/academia.utp.edu.co\/aula-biomedica\/files\/2025\/11\/WhatsApp-Image-2025-11-14-at-3.56.54-PM.jpeg 1280w\" sizes=\"auto, (max-width: 1024px) 100vw, 1024px\" \/><\/figure><\/div>\n\n\n\n<div style=\"height:30px\" aria-hidden=\"true\" class=\"wp-block-spacer\"><\/div>\n\n\n\n<div class=\"wp-block-group is-vertical is-content-justification-center is-layout-flex wp-container-core-group-is-layout-ce155fab wp-block-group-is-layout-flex\">\n<h2 class=\"wp-block-heading\">Grupo de infecci\u00f3n e inmunidad<\/h2>\n\n\n\n<figure class=\"wp-block-image size-large is-resized\"><img loading=\"lazy\" decoding=\"async\" width=\"1024\" height=\"573\" src=\"https:\/\/academia.utp.edu.co\/aula-biomedica\/files\/2025\/11\/WhatsApp-Image-2025-11-14-at-2.49.43-PM-1-1024x573.jpeg\" alt=\"\" class=\"wp-image-261\" style=\"width:779px;height:auto\" srcset=\"https:\/\/academia.utp.edu.co\/aula-biomedica\/files\/2025\/11\/WhatsApp-Image-2025-11-14-at-2.49.43-PM-1-1024x573.jpeg 1024w, https:\/\/academia.utp.edu.co\/aula-biomedica\/files\/2025\/11\/WhatsApp-Image-2025-11-14-at-2.49.43-PM-1-300x168.jpeg 300w, https:\/\/academia.utp.edu.co\/aula-biomedica\/files\/2025\/11\/WhatsApp-Image-2025-11-14-at-2.49.43-PM-1-768x430.jpeg 768w, https:\/\/academia.utp.edu.co\/aula-biomedica\/files\/2025\/11\/WhatsApp-Image-2025-11-14-at-2.49.43-PM-1.jpeg 1280w\" sizes=\"auto, (max-width: 1024px) 100vw, 1024px\" \/><\/figure>\n\n\n\n<p>El grupo Infecci\u00f3n e Inmunidad desarrolla, eval\u00faa e implementa m\u00e9todos y tecnolog\u00edas, orientadas al diagn\u00f3stico, prevenci\u00f3n y tratamiento de enfermedades de origen inflamatorio e infeccioso, entre las que se destaca el diagn\u00f3stico molecular de SARS-CoV-2 y la secuenciaci\u00f3n del material gen\u00e9tico de aislados microbianos. Gracias a m\u00e1s de 15 a\u00f1os de experiencia, el grupo est\u00e1 en capacidad de realizar evaluaciones biol\u00f3gicas de compuestos de origen natural y sint\u00e9tico, con impacto en las ciencias biom\u00e9dicas y la industria farmac\u00e9utica y cosm\u00e9tica. As\u00ed mismo, desarrolla investigaci\u00f3n b\u00e1sica y aplicada en los campos de la inmunolog\u00eda, biotecnolog\u00eda, inmunomodulaci\u00f3n asociada a productos naturales, medicina regenerativa, biomateriales y biolog\u00eda molecular.<\/p>\n\n\n\n<div class=\"wp-block-group is-nowrap is-layout-flex wp-container-core-group-is-layout-6c531013 wp-block-group-is-layout-flex\">\n<div style=\"height:30px;width:0px\" aria-hidden=\"true\" class=\"wp-block-spacer wp-container-content-cf2db169\"><\/div>\n\n\n\n<p>El grupo apoya en la formaci\u00f3n e investigaci\u00f3n de los programas acad\u00e9micos de Medicina, Qu\u00edmica Industrial, Maestr\u00eda en Biolog\u00eda Molecular y Biotecnolog\u00eda, Maestr\u00eda en Ciencias-Qu\u00edmica, Doctorado en Ciencias Biom\u00e9dicas y Doctorado en Ciencias.<\/p>\n<\/div>\n<\/div>\n","protected":false},"excerpt":{"rendered":"<p>Grupo de infecci\u00f3n e inmunidad El grupo Infecci\u00f3n e Inmunidad desarrolla, eval\u00faa e implementa m\u00e9todos y tecnolog\u00edas, orientadas al diagn\u00f3stico, prevenci\u00f3n y tratamiento de enfermedades de origen inflamatorio e infeccioso, [&hellip;]<\/p>\n","protected":false},"author":531,"featured_media":0,"parent":0,"menu_order":1,"comment_status":"closed","ping_status":"closed","template":"","meta":{"site-sidebar-layout":"default","site-content-layout":"","ast-site-content-layout":"","site-content-style":"default","site-sidebar-style":"default","ast-global-header-display":"","ast-banner-title-visibility":"","ast-main-header-display":"","ast-hfb-above-header-display":"","ast-hfb-below-header-display":"","ast-hfb-mobile-header-display":"","site-post-title":"disabled","ast-breadcrumbs-content":"","ast-featured-img":"","footer-sml-layout":"","ast-disable-related-posts":"","theme-transparent-header-meta":"","adv-header-id-meta":"","stick-header-meta":"","header-above-stick-meta":"","header-main-stick-meta":"","header-below-stick-meta":"","astra-migrate-meta-layouts":"default","ast-page-background-enabled":"default","ast-page-background-meta":{"desktop":{"background-color":"var(--ast-global-color-5)","background-image":"","background-repeat":"repeat","background-position":"center center","background-size":"auto","background-attachment":"scroll","background-type":"","background-media":"","overlay-type":"","overlay-color":"","overlay-opacity":"","overlay-gradient":""},"tablet":{"background-color":"","background-image":"","background-repeat":"repeat","background-position":"center center","background-size":"auto","background-attachment":"scroll","background-type":"","background-media":"","overlay-type":"","overlay-color":"","overlay-opacity":"","overlay-gradient":""},"mobile":{"background-color":"","background-image":"","background-repeat":"repeat","background-position":"center center","background-size":"auto","background-attachment":"scroll","background-type":"","background-media":"","overlay-type":"","overlay-color":"","overlay-opacity":"","overlay-gradient":""}},"ast-content-background-meta":{"desktop":{"background-color":"var(--ast-global-color-4)","background-image":"","background-repeat":"repeat","background-position":"center center","background-size":"auto","background-attachment":"scroll","background-type":"","background-media":"","overlay-type":"","overlay-color":"","overlay-opacity":"","overlay-gradient":""},"tablet":{"background-color":"var(--ast-global-color-4)","background-image":"","background-repeat":"repeat","background-position":"center center","background-size":"auto","background-attachment":"scroll","background-type":"","background-media":"","overlay-type":"","overlay-color":"","overlay-opacity":"","overlay-gradient":""},"mobile":{"background-color":"var(--ast-global-color-4)","background-image":"","background-repeat":"repeat","background-position":"center center","background-size":"auto","background-attachment":"scroll","background-type":"","background-media":"","overlay-type":"","overlay-color":"","overlay-opacity":"","overlay-gradient":""}},"footnotes":""},"class_list":["post-14","page","type-page","status-publish","hentry"],"_links":{"self":[{"href":"https:\/\/academia.utp.edu.co\/aula-biomedica\/wp-json\/wp\/v2\/pages\/14","targetHints":{"allow":["GET"]}}],"collection":[{"href":"https:\/\/academia.utp.edu.co\/aula-biomedica\/wp-json\/wp\/v2\/pages"}],"about":[{"href":"https:\/\/academia.utp.edu.co\/aula-biomedica\/wp-json\/wp\/v2\/types\/page"}],"author":[{"embeddable":true,"href":"https:\/\/academia.utp.edu.co\/aula-biomedica\/wp-json\/wp\/v2\/users\/531"}],"replies":[{"embeddable":true,"href":"https:\/\/academia.utp.edu.co\/aula-biomedica\/wp-json\/wp\/v2\/comments?post=14"}],"version-history":[{"count":29,"href":"https:\/\/academia.utp.edu.co\/aula-biomedica\/wp-json\/wp\/v2\/pages\/14\/revisions"}],"predecessor-version":[{"id":263,"href":"https:\/\/academia.utp.edu.co\/aula-biomedica\/wp-json\/wp\/v2\/pages\/14\/revisions\/263"}],"wp:attachment":[{"href":"https:\/\/academia.utp.edu.co\/aula-biomedica\/wp-json\/wp\/v2\/media?parent=14"}],"curies":[{"name":"wp","href":"https:\/\/api.w.org\/{rel}","templated":true}]}}