{"id":288,"date":"2026-01-22T16:49:51","date_gmt":"2026-01-22T15:49:51","guid":{"rendered":"https:\/\/academia.utp.edu.co\/aula-biomedica\/?page_id=288"},"modified":"2026-01-22T17:04:02","modified_gmt":"2026-01-22T16:04:02","slug":"contacto","status":"publish","type":"page","link":"https:\/\/academia.utp.edu.co\/aula-biomedica\/contacto\/","title":{"rendered":"Contacto"},"content":{"rendered":"\n<p>Este formulario est\u00e1 dise\u00f1ado para recopilar sugerencias, opiniones y propuestas de profundizaci\u00f3n sobre los contenidos del blog. Tu retroalimentaci\u00f3n nos ayuda a mejorar, ampliar temas de inter\u00e9s y construir un espacio de divulgaci\u00f3n cient\u00edfica m\u00e1s claro, \u00fatil y participativo para todos.<\/p>\n\n\n\n<div class=\"wp-block-columns is-layout-flex wp-container-core-columns-is-layout-28f84493 wp-block-columns-is-layout-flex\">\n<div class=\"wp-block-column is-layout-flow wp-block-column-is-layout-flow\" style=\"flex-basis:100%\"><style id=\"wpforms-css-vars-283-block-888ca374-aaeb-4fe6-a9a2-a793920acd99\">\n\t\t\t\t#wpforms-283.wpforms-block-888ca374-aaeb-4fe6-a9a2-a793920acd99 {\n\t\t\t\t--wpforms-label-color: #262626;\n--wpforms-label-sublabel-color: #7f7f7f;\n--wpforms-label-error-color: #ff0000;\n--wpforms-page-break-color: #dddddd;\n--wpforms-field-border-radius: 0px;\n--wpforms-field-border-color: #cccccc;\n--wpforms-field-border-color-spare: #cccccc;\n--wpforms-field-text-color: #444444;\n--wpforms-button-border-style: solid;\n--wpforms-button-border-radius: 0px;\n--wpforms-button-background-color: #dddddd;\n--wpforms-button-text-color: #666666;\n--wpforms-button-border-color: #cccccc;\n--wpforms-field-size-input-height: 43px;\n--wpforms-field-size-input-spacing: 15px;\n--wpforms-field-size-font-size: 16px;\n--wpforms-field-size-line-height: 19px;\n--wpforms-field-size-padding-h: 14px;\n--wpforms-field-size-checkbox-size: 16px;\n--wpforms-field-size-sublabel-spacing: 5px;\n--wpforms-field-size-icon-size: 1;\n--wpforms-label-size-font-size: 14px;\n--wpforms-label-size-line-height: 17px;\n--wpforms-label-size-sublabel-font-size: 13px;\n--wpforms-label-size-sublabel-line-height: 16px;\n--wpforms-button-size-font-size: 17px;\n--wpforms-button-size-height: 41px;\n--wpforms-button-size-padding-h: 15px;\n--wpforms-button-size-margin-top: 10px;\n\t\t\t}\n\t\t\t<\/style><div class=\"wpforms-container wpforms-container-full wpforms-block wpforms-block-888ca374-aaeb-4fe6-a9a2-a793920acd99 wpforms-render-modern\" id=\"wpforms-283\"><form id=\"wpforms-form-283\" class=\"wpforms-validate wpforms-form wpforms-ajax-form\" data-formid=\"283\" method=\"post\" enctype=\"multipart\/form-data\" action=\"\/aula-biomedica\/wp-json\/wp\/v2\/pages\/288\" data-token=\"6ab03fb795ba7f79c9adf113a92229a5\" data-token-time=\"1776632125\"><noscript class=\"wpforms-error-noscript\">Por favor, activa JavaScript en tu navegador para completar este formulario.<\/noscript><div id=\"wpforms-error-noscript\" style=\"display: none;\">Por favor, activa JavaScript en tu navegador para completar este formulario.<\/div><div class=\"wpforms-field-container\"><div id=\"wpforms-283-field_2-container\" class=\"wpforms-field wpforms-field-name\" data-field-id=\"2\"><fieldset><legend class=\"wpforms-field-label\">Nombre <span class=\"wpforms-required-label\" aria-hidden=\"true\">*<\/span><\/legend><div class=\"wpforms-field-row wpforms-field-medium\"><div class=\"wpforms-field-row-block wpforms-first wpforms-one-half\"><input type=\"text\" id=\"wpforms-283-field_2\" class=\"wpforms-field-name-first wpforms-field-required\" name=\"wpforms[fields][2][first]\" aria-errormessage=\"wpforms-283-field_2-error\" required><label for=\"wpforms-283-field_2\" class=\"wpforms-field-sublabel after\">Nombre<\/label><\/div><div class=\"wpforms-field-row-block wpforms-one-half\"><input type=\"text\" id=\"wpforms-283-field_2-last\" class=\"wpforms-field-name-last wpforms-field-required\" name=\"wpforms[fields][2][last]\" aria-errormessage=\"wpforms-283-field_2-last-error\" required><label for=\"wpforms-283-field_2-last\" class=\"wpforms-field-sublabel after\">Apellidos<\/label><\/div><\/div><\/fieldset><\/div>\t\t<div id=\"wpforms-283-field_4-container\"\n\t\t\tclass=\"wpforms-field wpforms-field-text\"\n\t\t\tdata-field-type=\"text\"\n\t\t\tdata-field-id=\"4\"\n\t\t\t>\n\t\t\t<label class=\"wpforms-field-label\" for=\"wpforms-283-field_4\" >y electr\u00f3nico tu<\/label>\n\t\t\t<input type=\"text\" id=\"wpforms-283-field_4\" class=\"wpforms-field-medium\" name=\"wpforms[fields][4]\" >\n\t\t<\/div>\n\t\t<div id=\"wpforms-283-field_3-container\" class=\"wpforms-field wpforms-field-email\" data-field-id=\"3\"><label class=\"wpforms-field-label\" for=\"wpforms-283-field_3\">Correo electr\u00f3nico <span class=\"wpforms-required-label\" aria-hidden=\"true\">*<\/span><\/label><input type=\"email\" id=\"wpforms-283-field_3\" class=\"wpforms-field-medium wpforms-field-required\" name=\"wpforms[fields][3]\" spellcheck=\"false\" aria-errormessage=\"wpforms-283-field_3-error\" required><\/div><div id=\"wpforms-283-field_1-container\" class=\"wpforms-field wpforms-field-radio\" data-field-id=\"1\"><fieldset><legend class=\"wpforms-field-label\">Elige una opci\u00f3n<\/legend><ul id=\"wpforms-283-field_1\"><li class=\"choice-1 depth-1\"><input type=\"radio\" id=\"wpforms-283-field_1_1\" name=\"wpforms[fields][1]\" value=\"Sugerencias\" aria-errormessage=\"wpforms-283-field_1_1-error\"  ><label class=\"wpforms-field-label-inline\" for=\"wpforms-283-field_1_1\">Sugerencias<\/label><\/li><li class=\"choice-2 depth-1\"><input type=\"radio\" id=\"wpforms-283-field_1_2\" name=\"wpforms[fields][1]\" value=\"Opiniones\" aria-errormessage=\"wpforms-283-field_1_2-error\"  ><label class=\"wpforms-field-label-inline\" for=\"wpforms-283-field_1_2\">Opiniones<\/label><\/li><li class=\"choice-3 depth-1\"><input type=\"radio\" id=\"wpforms-283-field_1_3\" name=\"wpforms[fields][1]\" value=\"Propuestas de profundizaci\u00f3n\" aria-errormessage=\"wpforms-283-field_1_3-error\"  ><label class=\"wpforms-field-label-inline\" for=\"wpforms-283-field_1_3\">Propuestas de profundizaci\u00f3n<\/label><\/li><\/ul><\/fieldset><\/div><div id=\"wpforms-283-field_5-container\" class=\"wpforms-field wpforms-field-textarea\" data-field-id=\"5\"><label class=\"wpforms-field-label\" for=\"wpforms-283-field_5\">Queremos conocer tu opini\u00f3n y tus ideas.<\/label><textarea id=\"wpforms-283-field_5\" class=\"wpforms-field-medium\" name=\"wpforms[fields][5]\" aria-errormessage=\"wpforms-283-field_5-error\" aria-describedby=\"wpforms-283-field_5-description\" ><\/textarea><div id=\"wpforms-283-field_5-description\" class=\"wpforms-field-description\">Tu participaci\u00f3n nos permite mejorar la calidad del material, identificar temas de inter\u00e9s y ampliar la informaci\u00f3n cient\u00edfica presentada<\/div><\/div><script>\n\t\t\t\t( function() {\n\t\t\t\t\tconst style = document.createElement( 'style' );\n\t\t\t\t\tstyle.appendChild( document.createTextNode( '#wpforms-283-field_4-container { position: absolute !important; overflow: hidden !important; display: inline !important; height: 1px !important; width: 1px !important; z-index: -1000 !important; padding: 0 !important; } #wpforms-283-field_4-container input { visibility: hidden; } #wpforms-conversational-form-page #wpforms-283-field_4-container label { counter-increment: none; }' ) );\n\t\t\t\t\tdocument.head.appendChild( style );\n\t\t\t\t\tdocument.currentScript?.remove();\n\t\t\t\t} )();\n\t\t\t<\/script><\/div><!-- .wpforms-field-container --><div class=\"wpforms-submit-container\" ><input type=\"hidden\" name=\"wpforms[id]\" value=\"283\"><input type=\"hidden\" name=\"page_title\" value=\"\"><input type=\"hidden\" name=\"page_url\" value=\"https:\/\/academia.utp.edu.co\/aula-biomedica\/wp-json\/wp\/v2\/pages\/288\"><input type=\"hidden\" name=\"url_referer\" value=\"\"><button type=\"submit\" name=\"wpforms[submit]\" id=\"wpforms-submit-283\" class=\"wpforms-submit\" data-alt-text=\"Enviando...\" data-submit-text=\"Enviar\" aria-live=\"assertive\" value=\"wpforms-submit\">Enviar<\/button><img loading=\"lazy\" decoding=\"async\" src=\"https:\/\/academia.utp.edu.co\/aula-biomedica\/wp-content\/plugins\/wpforms-lite\/assets\/images\/submit-spin.svg\" class=\"wpforms-submit-spinner\" style=\"display: none;\" width=\"26\" height=\"26\" alt=\"Cargando\"><\/div><\/form><\/div>  <!-- .wpforms-container --><\/div>\n<\/div>\n\n\n\n<p><\/p>\n","protected":false},"excerpt":{"rendered":"<p>Este formulario est\u00e1 dise\u00f1ado para recopilar sugerencias, opiniones y propuestas de profundizaci\u00f3n sobre los contenidos del blog. Tu retroalimentaci\u00f3n nos ayuda a mejorar, ampliar temas de inter\u00e9s y construir un [&hellip;]<\/p>\n","protected":false},"author":1931,"featured_media":0,"parent":0,"menu_order":0,"comment_status":"closed","ping_status":"closed","template":"","meta":{"site-sidebar-layout":"default","site-content-layout":"","ast-site-content-layout":"default","site-content-style":"default","site-sidebar-style":"default","ast-global-header-display":"","ast-banner-title-visibility":"","ast-main-header-display":"","ast-hfb-above-header-display":"","ast-hfb-below-header-display":"","ast-hfb-mobile-header-display":"","site-post-title":"","ast-breadcrumbs-content":"","ast-featured-img":"","footer-sml-layout":"","ast-disable-related-posts":"","theme-transparent-header-meta":"","adv-header-id-meta":"","stick-header-meta":"","header-above-stick-meta":"","header-main-stick-meta":"","header-below-stick-meta":"","astra-migrate-meta-layouts":"default","ast-page-background-enabled":"default","ast-page-background-meta":{"desktop":{"background-color":"var(--ast-global-color-5)","background-image":"","background-repeat":"repeat","background-position":"center center","background-size":"auto","background-attachment":"scroll","background-type":"","background-media":"","overlay-type":"","overlay-color":"","overlay-opacity":"","overlay-gradient":""},"tablet":{"background-color":"","background-image":"","background-repeat":"repeat","background-position":"center center","background-size":"auto","background-attachment":"scroll","background-type":"","background-media":"","overlay-type":"","overlay-color":"","overlay-opacity":"","overlay-gradient":""},"mobile":{"background-color":"","background-image":"","background-repeat":"repeat","background-position":"center center","background-size":"auto","background-attachment":"scroll","background-type":"","background-media":"","overlay-type":"","overlay-color":"","overlay-opacity":"","overlay-gradient":""}},"ast-content-background-meta":{"desktop":{"background-color":"var(--ast-global-color-4)","background-image":"","background-repeat":"repeat","background-position":"center center","background-size":"auto","background-attachment":"scroll","background-type":"","background-media":"","overlay-type":"","overlay-color":"","overlay-opacity":"","overlay-gradient":""},"tablet":{"background-color":"var(--ast-global-color-4)","background-image":"","background-repeat":"repeat","background-position":"center center","background-size":"auto","background-attachment":"scroll","background-type":"","background-media":"","overlay-type":"","overlay-color":"","overlay-opacity":"","overlay-gradient":""},"mobile":{"background-color":"var(--ast-global-color-4)","background-image":"","background-repeat":"repeat","background-position":"center center","background-size":"auto","background-attachment":"scroll","background-type":"","background-media":"","overlay-type":"","overlay-color":"","overlay-opacity":"","overlay-gradient":""}},"footnotes":""},"class_list":["post-288","page","type-page","status-publish","hentry"],"_links":{"self":[{"href":"https:\/\/academia.utp.edu.co\/aula-biomedica\/wp-json\/wp\/v2\/pages\/288","targetHints":{"allow":["GET"]}}],"collection":[{"href":"https:\/\/academia.utp.edu.co\/aula-biomedica\/wp-json\/wp\/v2\/pages"}],"about":[{"href":"https:\/\/academia.utp.edu.co\/aula-biomedica\/wp-json\/wp\/v2\/types\/page"}],"author":[{"embeddable":true,"href":"https:\/\/academia.utp.edu.co\/aula-biomedica\/wp-json\/wp\/v2\/users\/1931"}],"replies":[{"embeddable":true,"href":"https:\/\/academia.utp.edu.co\/aula-biomedica\/wp-json\/wp\/v2\/comments?post=288"}],"version-history":[{"count":3,"href":"https:\/\/academia.utp.edu.co\/aula-biomedica\/wp-json\/wp\/v2\/pages\/288\/revisions"}],"predecessor-version":[{"id":294,"href":"https:\/\/academia.utp.edu.co\/aula-biomedica\/wp-json\/wp\/v2\/pages\/288\/revisions\/294"}],"wp:attachment":[{"href":"https:\/\/academia.utp.edu.co\/aula-biomedica\/wp-json\/wp\/v2\/media?parent=288"}],"curies":[{"name":"wp","href":"https:\/\/api.w.org\/{rel}","templated":true}]}}