{"id":93,"date":"2025-04-01T18:43:25","date_gmt":"2025-04-01T16:43:25","guid":{"rendered":"https:\/\/academia.utp.edu.co\/aula-biomedica\/?page_id=93"},"modified":"2026-02-26T16:33:18","modified_gmt":"2026-02-26T15:33:18","slug":"semillero-sini","status":"publish","type":"page","link":"https:\/\/academia.utp.edu.co\/aula-biomedica\/semillero-sini\/","title":{"rendered":"Semillero SINI"},"content":{"rendered":"\n<div style=\"height:30px\" aria-hidden=\"true\" class=\"wp-block-spacer\"><\/div>\n\n\n\n<p class=\"has-text-align-center\"><em>El&nbsp;Semillero de Investigaci\u00f3n Inmunolog\u00eda e Infectolog\u00eda (SINI) es un&nbsp;espacio estudiantil para el estudio y desarrollo de actividades acad\u00e9micas e investigativas en diferentes \u00e1reas de las ciencias b\u00e1sicas biom\u00e9dicas, en la Facultad de Ciencias de la Salud de la Universidad Tecnol\u00f3gica de Pereira.<\/em><\/p>\n\n\n\n<h3 class=\"wp-block-heading\">Difusi\u00f3n del conocimiento<\/h3>\n\n\n\n<div class=\"wp-block-media-text is-stacked-on-mobile\"><figure class=\"wp-block-media-text__media\"><img loading=\"lazy\" decoding=\"async\" width=\"768\" height=\"1024\" src=\"https:\/\/academia.utp.edu.co\/aula-biomedica\/files\/2026\/02\/Santiago-y-Felipe-768x1024.jpeg\" alt=\"\" class=\"wp-image-308 size-full\" srcset=\"https:\/\/academia.utp.edu.co\/aula-biomedica\/files\/2026\/02\/Santiago-y-Felipe-768x1024.jpeg 768w, https:\/\/academia.utp.edu.co\/aula-biomedica\/files\/2026\/02\/Santiago-y-Felipe-225x300.jpeg 225w, https:\/\/academia.utp.edu.co\/aula-biomedica\/files\/2026\/02\/Santiago-y-Felipe-1152x1536.jpeg 1152w, https:\/\/academia.utp.edu.co\/aula-biomedica\/files\/2026\/02\/Santiago-y-Felipe.jpeg 1200w\" sizes=\"auto, (max-width: 768px) 100vw, 768px\" \/><\/figure><div class=\"wp-block-media-text__content\">\n<p>Santiago Echeverri y Felipe Montoya, estudiantes del pregrado de Medicina. P\u00f3ster titulado \u00abPerspectivas anat\u00f3micas y cl\u00ednicas del foramen yugular\u00bb. Autores: Santiago Echeverri, Felpe Montoya, Luis Felipe Villegas y Daniela Botero-Gonz\u00e1lez. Congreso RCD Neurolog\u00eda 2026, Universidad Santiago de Cali, Cali.<\/p>\n<\/div><\/div>\n\n\n\n<div style=\"height:20px\" aria-hidden=\"true\" class=\"wp-block-spacer\"><\/div>\n\n\n\n<div class=\"wp-block-media-text has-media-on-the-right is-stacked-on-mobile\"><div class=\"wp-block-media-text__content\">\n<p>Emilly Tatiana Vera, estudiante del pregrado de Medicina. P\u00f3ster titulado \u00abPercepci\u00f3n de la experiencia del Sufrimiento en Estudiantes de Atenci\u00f3n Prehospitalaria\u00bb. Autores:&nbsp;Emilly Tatiana Vera,&nbsp;Luis Felipe Villegas&nbsp;y&nbsp;Daniela Botero-Gonz\u00e1lez.&nbsp;Congreso RCD Neurolog\u00eda 2026, Universidad Santiago de Cali, Cali.<\/p>\n<\/div><figure class=\"wp-block-media-text__media\"><img loading=\"lazy\" decoding=\"async\" width=\"867\" height=\"927\" src=\"https:\/\/academia.utp.edu.co\/aula-biomedica\/files\/2026\/02\/Emilly-Vera.jpg\" alt=\"\" class=\"wp-image-299 size-full\" srcset=\"https:\/\/academia.utp.edu.co\/aula-biomedica\/files\/2026\/02\/Emilly-Vera.jpg 867w, https:\/\/academia.utp.edu.co\/aula-biomedica\/files\/2026\/02\/Emilly-Vera-281x300.jpg 281w, https:\/\/academia.utp.edu.co\/aula-biomedica\/files\/2026\/02\/Emilly-Vera-768x821.jpg 768w\" sizes=\"auto, (max-width: 867px) 100vw, 867px\" \/><\/figure><\/div>\n\n\n\n<div style=\"height:20px\" aria-hidden=\"true\" class=\"wp-block-spacer\"><\/div>\n\n\n\n<div class=\"wp-block-media-text is-stacked-on-mobile\"><figure class=\"wp-block-media-text__media\"><img loading=\"lazy\" decoding=\"async\" width=\"1024\" height=\"716\" src=\"https:\/\/academia.utp.edu.co\/aula-biomedica\/files\/2026\/02\/Danna-Medina-1024x716.jpeg\" alt=\"\" class=\"wp-image-298 size-full\" srcset=\"https:\/\/academia.utp.edu.co\/aula-biomedica\/files\/2026\/02\/Danna-Medina-1024x716.jpeg 1024w, https:\/\/academia.utp.edu.co\/aula-biomedica\/files\/2026\/02\/Danna-Medina-300x210.jpeg 300w, https:\/\/academia.utp.edu.co\/aula-biomedica\/files\/2026\/02\/Danna-Medina-768x537.jpeg 768w, https:\/\/academia.utp.edu.co\/aula-biomedica\/files\/2026\/02\/Danna-Medina.jpeg 1106w\" sizes=\"auto, (max-width: 1024px) 100vw, 1024px\" \/><\/figure><div class=\"wp-block-media-text__content\">\n<p>Danna Valeria Medina, estudiante del pregrado de Medicina. P\u00f3ster titulado \u00abClasificaci\u00f3n de neuronas y neuroglias a trav\u00e9s de inteligencia artificial\u00bb. Autores:&nbsp;&nbsp;Danna Valeria Medina, Mario Alberto R\u00edos,&nbsp;Isabella Cardona Betancourt, V\u00edctor Manuel Correa, Mateo Morales, Mariana T\u00e9llez, Santiago \u00c1ngel, Jorge Hernando Rivera, Michell Guevara y&nbsp;Daniela Botero-Gonz\u00e1lez.&nbsp;Congreso RCD Neurolog\u00eda 2026, Universidad Santiago de Cali, Cali.&nbsp;<strong>P\u00f3ster&nbsp;ganador del primer puesto.<\/strong><\/p>\n<\/div><\/div>\n\n\n\n<div style=\"height:20px\" aria-hidden=\"true\" class=\"wp-block-spacer\"><\/div>\n\n\n\n<div class=\"wp-block-media-text has-media-on-the-right is-stacked-on-mobile\"><div class=\"wp-block-media-text__content\">\n<p>Estefan\u00eda Rodas Quiceno, estudiante del pregrado de Medicina. P\u00f3ster titulado \u00abUltrasonograf\u00eda en neurocirug\u00eda intraoperatoria: revisi\u00f3n de la literatura\u00bb. Autores:&nbsp;Estefan\u00eda Rodas Quiceno,&nbsp;David G\u00f3mez Zuluaga&nbsp;y&nbsp;Daniela Botero-Gonz\u00e1lez.&nbsp;Congreso RCD Neurolog\u00eda 2026, Universidad Santiago de Cali, Cali.<\/p>\n<\/div><figure class=\"wp-block-media-text__media\"><img loading=\"lazy\" decoding=\"async\" width=\"1013\" height=\"1024\" src=\"https:\/\/academia.utp.edu.co\/aula-biomedica\/files\/2026\/02\/Estefania-Rodas-1-1013x1024.jpeg\" alt=\"\" class=\"wp-image-304 size-full\" srcset=\"https:\/\/academia.utp.edu.co\/aula-biomedica\/files\/2026\/02\/Estefania-Rodas-1-1013x1024.jpeg 1013w, https:\/\/academia.utp.edu.co\/aula-biomedica\/files\/2026\/02\/Estefania-Rodas-1-297x300.jpeg 297w, https:\/\/academia.utp.edu.co\/aula-biomedica\/files\/2026\/02\/Estefania-Rodas-1-768x776.jpeg 768w, https:\/\/academia.utp.edu.co\/aula-biomedica\/files\/2026\/02\/Estefania-Rodas-1-1520x1536.jpeg 1520w, https:\/\/academia.utp.edu.co\/aula-biomedica\/files\/2026\/02\/Estefania-Rodas-1-2027x2048.jpeg 2027w\" sizes=\"auto, (max-width: 1013px) 100vw, 1013px\" \/><\/figure><\/div>\n\n\n\n<div style=\"height:20px\" aria-hidden=\"true\" class=\"wp-block-spacer\"><\/div>\n\n\n\n<div class=\"wp-block-media-text is-stacked-on-mobile\"><figure class=\"wp-block-media-text__media\"><img loading=\"lazy\" decoding=\"async\" width=\"888\" height=\"1024\" src=\"https:\/\/academia.utp.edu.co\/aula-biomedica\/files\/2025\/10\/0-888x1024.jpeg\" alt=\"\" class=\"wp-image-187 size-full\" srcset=\"https:\/\/academia.utp.edu.co\/aula-biomedica\/files\/2025\/10\/0-888x1024.jpeg 888w, https:\/\/academia.utp.edu.co\/aula-biomedica\/files\/2025\/10\/0-260x300.jpeg 260w, https:\/\/academia.utp.edu.co\/aula-biomedica\/files\/2025\/10\/0-768x885.jpeg 768w, https:\/\/academia.utp.edu.co\/aula-biomedica\/files\/2025\/10\/0.jpeg 1080w\" sizes=\"auto, (max-width: 888px) 100vw, 888px\" \/><\/figure><div class=\"wp-block-media-text__content\">\n<p>Isabella Cardona, estudiante del pregrado de ingenier\u00eda de Sistemas. P\u00f3ster titulado \u00abAvances en neurociencia: Clasificaci\u00f3n autom\u00e1tica de neuronas y neuroglias\u00bb. Autores:&nbsp;Isabella Cardona Betancourt, V\u00edctor Manuel Correa, Mateo Morales, Mariana Tellez, Santiago \u00c1ngel, Danna Valeria Medina, Mario Alberto Rios, Jorge Hernando Rivera, Michell Guevara y&nbsp;Daniela Botero-Gonz\u00e1lez. XXVI Simposio de Investigaciones en Salud 2025, Universidad del Valle, Cali.<\/p>\n<\/div><\/div>\n\n\n\n<div style=\"height:20px\" aria-hidden=\"true\" class=\"wp-block-spacer\"><\/div>\n\n\n\n<div class=\"wp-block-media-text has-media-on-the-right is-stacked-on-mobile\"><div class=\"wp-block-media-text__content\">\n<p>Bryan Cardona, estudiante del pregrado de Medicina. P\u00f3ster titulado \u00abDificultades en el aprendizaje de la histolog\u00eda b\u00e1sica: Una opini\u00f3n de los estudiantes\u00bb. Autores: Bryan&nbsp;Cardona y Daniela Botero-Gonz\u00e1lez. XXVI Simposio de Investigaciones en Salud 2024, Universidad del Valle, Cali.<\/p>\n<\/div><figure class=\"wp-block-media-text__media\"><img loading=\"lazy\" decoding=\"async\" width=\"768\" height=\"1024\" src=\"https:\/\/academia.utp.edu.co\/aula-biomedica\/files\/2025\/10\/1-768x1024.jpg\" alt=\"\" class=\"wp-image-188 size-full\" srcset=\"https:\/\/academia.utp.edu.co\/aula-biomedica\/files\/2025\/10\/1-768x1024.jpg 768w, https:\/\/academia.utp.edu.co\/aula-biomedica\/files\/2025\/10\/1-225x300.jpg 225w, https:\/\/academia.utp.edu.co\/aula-biomedica\/files\/2025\/10\/1-1152x1536.jpg 1152w, https:\/\/academia.utp.edu.co\/aula-biomedica\/files\/2025\/10\/1.jpg 1200w\" sizes=\"auto, (max-width: 768px) 100vw, 768px\" \/><\/figure><\/div>\n\n\n\n<div style=\"height:20px\" aria-hidden=\"true\" class=\"wp-block-spacer\"><\/div>\n\n\n\n<div class=\"wp-block-media-text is-stacked-on-mobile\"><figure class=\"wp-block-media-text__media\"><img loading=\"lazy\" decoding=\"async\" width=\"768\" height=\"1024\" src=\"https:\/\/academia.utp.edu.co\/aula-biomedica\/files\/2025\/10\/2-768x1024.jpg\" alt=\"\" class=\"wp-image-192 size-full\" srcset=\"https:\/\/academia.utp.edu.co\/aula-biomedica\/files\/2025\/10\/2-768x1024.jpg 768w, https:\/\/academia.utp.edu.co\/aula-biomedica\/files\/2025\/10\/2-225x300.jpg 225w, https:\/\/academia.utp.edu.co\/aula-biomedica\/files\/2025\/10\/2-1152x1536.jpg 1152w, https:\/\/academia.utp.edu.co\/aula-biomedica\/files\/2025\/10\/2.jpg 1200w\" sizes=\"auto, (max-width: 768px) 100vw, 768px\" \/><\/figure><div class=\"wp-block-media-text__content\">\n<p>Valeria Cifuentes, estudiante del pregrado de Medicina. P\u00f3ster titulado \u00abRetratos de las gl\u00e1ndulas endocrinas\u00bb. Autores:&nbsp;Luisa Roche, Mar\u00eda Jos\u00e9 Grajales, Valeria Cifuentes y&nbsp;Daniela Botero-Gonz\u00e1lez. XXVI Simposio de Investigaciones en Salud 2024, Universidad del Valle, Cali.<\/p>\n<\/div><\/div>\n\n\n\n<div style=\"height:20px\" aria-hidden=\"true\" class=\"wp-block-spacer\"><\/div>\n\n\n\n<div class=\"wp-block-media-text has-media-on-the-right is-stacked-on-mobile\"><div class=\"wp-block-media-text__content\">\n<p class=\"has-text-align-left\">Alejandra Fula, estudiante del pregrado de Medicina. P\u00f3ster titulado \u00abHueso frontal humano:&nbsp;Morfometr\u00eda y determinaci\u00f3n del sexo\u00bb. Autores:&nbsp;Alejandra Fula, Valeria Cifuentes y&nbsp;Daniela Botero-Gonz\u00e1lez. XXVI Simposio de Investigaciones en Salud 2024, Universidad del Valle, Cali.<\/p>\n<\/div><figure class=\"wp-block-media-text__media\"><img loading=\"lazy\" decoding=\"async\" width=\"768\" height=\"1024\" src=\"https:\/\/academia.utp.edu.co\/aula-biomedica\/files\/2025\/10\/3-768x1024.jpg\" alt=\"\" class=\"wp-image-193 size-full\" srcset=\"https:\/\/academia.utp.edu.co\/aula-biomedica\/files\/2025\/10\/3-768x1024.jpg 768w, https:\/\/academia.utp.edu.co\/aula-biomedica\/files\/2025\/10\/3-225x300.jpg 225w, https:\/\/academia.utp.edu.co\/aula-biomedica\/files\/2025\/10\/3-1152x1536.jpg 1152w, https:\/\/academia.utp.edu.co\/aula-biomedica\/files\/2025\/10\/3.jpg 1200w\" sizes=\"auto, (max-width: 768px) 100vw, 768px\" \/><\/figure><\/div>\n\n\n\n<div style=\"height:20px\" aria-hidden=\"true\" class=\"wp-block-spacer\"><\/div>\n\n\n\n<div class=\"wp-block-media-text is-stacked-on-mobile\"><figure class=\"wp-block-media-text__media\"><img loading=\"lazy\" decoding=\"async\" width=\"768\" height=\"1024\" src=\"https:\/\/academia.utp.edu.co\/aula-biomedica\/files\/2025\/10\/4-768x1024.jpeg\" alt=\"\" class=\"wp-image-189 size-full\" srcset=\"https:\/\/academia.utp.edu.co\/aula-biomedica\/files\/2025\/10\/4-768x1024.jpeg 768w, https:\/\/academia.utp.edu.co\/aula-biomedica\/files\/2025\/10\/4-225x300.jpeg 225w, https:\/\/academia.utp.edu.co\/aula-biomedica\/files\/2025\/10\/4-1152x1536.jpeg 1152w, https:\/\/academia.utp.edu.co\/aula-biomedica\/files\/2025\/10\/4-1536x2048.jpeg 1536w, https:\/\/academia.utp.edu.co\/aula-biomedica\/files\/2025\/10\/4-scaled.jpeg 1920w\" sizes=\"auto, (max-width: 768px) 100vw, 768px\" \/><\/figure><div class=\"wp-block-media-text__content\">\n<p>Dany Andr\u00e9s Betancourt, estudiante del pregrado de Medicina. P\u00f3ster titulado \u00abAn\u00e1lisis morfol\u00f3gico y morfom\u00e9trico&nbsp;del c\u00f3ndilo mandibular\u00bb. Autores:&nbsp;Dany Andr\u00e9s Betancourt, Erick Malag\u00f3n y&nbsp;Daniela Botero-Gonz\u00e1lez. XXVI Simposio de Investigaciones en Salud 2024, Universidad del Valle, Cali.<\/p>\n<\/div><\/div>\n\n\n\n<div style=\"height:20px\" aria-hidden=\"true\" class=\"wp-block-spacer\"><\/div>\n\n\n\n<div class=\"wp-block-media-text has-media-on-the-right is-stacked-on-mobile\"><div class=\"wp-block-media-text__content\">\n<p class=\"has-text-align-left\">Luisa Roche, estudiante del pregrado de Medicina. P\u00f3ster titulado \u00abMicrofotograf\u00edas del sistema endocrino\u00bb. Autores:&nbsp;Luisa Roche, Mar\u00eda Jos\u00e9 Grajales y&nbsp;Daniela Botero-Gonz\u00e1lez.&nbsp;XI Concurso Nacional de Neurociencias, Universidad Nacional de Colombia, Bogot\u00e1, 2025<\/p>\n<\/div><figure class=\"wp-block-media-text__media\"><img loading=\"lazy\" decoding=\"async\" width=\"768\" height=\"1024\" src=\"https:\/\/academia.utp.edu.co\/aula-biomedica\/files\/2025\/12\/1000224028-1-768x1024.jpeg\" alt=\"\" class=\"wp-image-279 size-full\" srcset=\"https:\/\/academia.utp.edu.co\/aula-biomedica\/files\/2025\/12\/1000224028-1-768x1024.jpeg 768w, https:\/\/academia.utp.edu.co\/aula-biomedica\/files\/2025\/12\/1000224028-1-225x300.jpeg 225w, https:\/\/academia.utp.edu.co\/aula-biomedica\/files\/2025\/12\/1000224028-1-1152x1536.jpeg 1152w, https:\/\/academia.utp.edu.co\/aula-biomedica\/files\/2025\/12\/1000224028-1.jpeg 1200w\" sizes=\"auto, (max-width: 768px) 100vw, 768px\" \/><\/figure><\/div>\n\n\n\n<hr class=\"wp-block-separator has-alpha-channel-opacity is-style-wide\" \/>\n\n\n\n<h3 class=\"wp-block-heading\">Producci\u00f3n bibliogr\u00e1fica<\/h3>\n\n\n\n<div class=\"wp-block-columns are-vertically-aligned-center is-layout-flex wp-container-core-columns-is-layout-28f84493 wp-block-columns-is-layout-flex\">\n<div class=\"wp-block-column is-vertically-aligned-center is-layout-flow wp-block-column-is-layout-flow\" style=\"flex-basis:100%\">\n<div class=\"wp-block-columns is-layout-flex wp-container-core-columns-is-layout-28f84493 wp-block-columns-is-layout-flex\">\n<div class=\"wp-block-column is-layout-flow wp-block-column-is-layout-flow\" style=\"flex-basis:100%\">\n<div class=\"wp-block-group is-layout-grid wp-container-core-group-is-layout-478b6e6b wp-block-group-is-layout-grid\">\n<h4 class=\"wp-block-heading has-text-align-center wp-container-content-e29552f7\">STUDENTS&#8217; PERSPECTIVE ON LEARNING BASIC HISTOLOGY . STRIDES IN DEVELOPMENT OF MEDICAL EDUCATION JOURNAL. (2025)<\/h4>\n\n\n\n<p class=\"has-text-align-left wp-container-content-5f80b302\">El estudio analiz\u00f3 las percepciones y experiencias de estudiantes de medicina frente al aprendizaje de histolog\u00eda b\u00e1sica en la Universidad Tecnol\u00f3gica de Pereira. Participaron 95 estudiantes mediante una encuesta que identific\u00f3 dificultades te\u00f3ricas y pr\u00e1cticas, especialmente en hematopoyesis (32,5%) y en la identificaci\u00f3n de im\u00e1genes histol\u00f3gicas. Entre los principales obst\u00e1culos se se\u00f1alaron la similitud entre tejidos, el deterioro de las l\u00e1minas microsc\u00f3picas y la confusi\u00f3n en la orientaci\u00f3n de cortes. Los estudiantes recomendaron actualizar materiales de laboratorio, reforzar conocimientos previos de anatom\u00eda, aumentar el acompa\u00f1amiento acad\u00e9mico y promover actividades m\u00e1s din\u00e1micas. Los hallazgos resaltan la necesidad de ajustar el curr\u00edculo y las estrategias pedag\u00f3gicas para mejorar la ense\u00f1anza de la histolog\u00eda.<\/p>\n\n\n\n<p class=\"has-text-align-left wp-container-content-516f2167\">Bryan Cardona, Daniela Botero-Gonz\u00e1lez. STUDENTS&#8217; PERSPECTIVE ON LEARNING BASIC HISTOLOGY . STRIDES IN DEVELOPMENT OF MEDICAL EDUCATION JOURNAL. 2025;23(1):e1538. https:\/\/sdme.kmu.ac.ir\/article_92970.html<br><\/p>\n<\/div>\n<\/div>\n<\/div>\n<\/div>\n<\/div>\n\n\n\n<div class=\"wp-block-columns are-vertically-aligned-center is-layout-flex wp-container-core-columns-is-layout-28f84493 wp-block-columns-is-layout-flex\">\n<div class=\"wp-block-column is-vertically-aligned-center is-layout-flow wp-block-column-is-layout-flow\" style=\"flex-basis:100%\">\n<div class=\"wp-block-columns is-layout-flex wp-container-core-columns-is-layout-28f84493 wp-block-columns-is-layout-flex\">\n<div class=\"wp-block-column is-layout-flow wp-block-column-is-layout-flow\" style=\"flex-basis:100%\">\n<div class=\"wp-block-group is-layout-grid wp-container-core-group-is-layout-478b6e6b wp-block-group-is-layout-grid\">\n<h4 class=\"wp-block-heading has-text-align-center wp-container-content-e29552f7\">Morfometr\u00eda del hueso frontal: un protocolo estandarizado en cr\u00e1neos secos. (2025)<\/h4>\n\n\n\n<p class=\"has-text-align-left wp-container-content-5f80b302\">El estudio estableci\u00f3 un protocolo estandarizado para medir la morfometr\u00eda del hueso frontal en cr\u00e1neos humanos secos, con el fin de compararlo entre diferentes poblaciones. Se analizaron 50 muestras adultas mediante mediciones lineales y angulares. Los resultados evidenciaron dimorfismo sexual, especialmente en el ancho del proceso cigom\u00e1tico derecho. Este protocolo ofrece una herramienta \u00fatil para la antropolog\u00eda y la identificaci\u00f3n forense.<\/p>\n\n\n\n<p class=\"has-text-align-left wp-container-content-516f2167\">Valeria Cifuentes-Cobo, Alejandra Fula-Ru\u00edz, Daniela Botero-Gonz\u00e1lez.&nbsp;Frontal Bone Morphometry: A Standardized Protocol in Dry Skulls.&nbsp;&nbsp; &nbsp; Journal of Forensic Medicine Science and Law. 2025;34(1):28-32.&nbsp;<a href=\"https:\/\/www.mlam.in\/pdf\/2025_V34_I1\/JFMSL20253401062832.pdf\" target=\"_blank\" rel=\"noreferrer noopener\">https:\/\/www.mlam.in\/pdf\/2025_V34_I1\/JFMSL20253401062832.pdf<\/a><br><br><\/p>\n<\/div>\n<\/div>\n<\/div>\n<\/div>\n<\/div>\n\n\n\n<div class=\"wp-block-columns are-vertically-aligned-center is-layout-flex wp-container-core-columns-is-layout-28f84493 wp-block-columns-is-layout-flex\">\n<div class=\"wp-block-column is-vertically-aligned-center is-layout-flow wp-block-column-is-layout-flow\" style=\"flex-basis:100%\">\n<div class=\"wp-block-columns is-layout-flex wp-container-core-columns-is-layout-28f84493 wp-block-columns-is-layout-flex\">\n<div class=\"wp-block-column is-layout-flow wp-block-column-is-layout-flow\" style=\"flex-basis:100%\">\n<div class=\"wp-block-group is-layout-grid wp-container-core-group-is-layout-478b6e6b wp-block-group-is-layout-grid\">\n<h4 class=\"wp-block-heading has-text-align-center wp-container-content-e29552f7\"><strong>Una caracterizaci\u00f3n morfom\u00e9trica detallada de los huesos largos del miembro inferior colombiano: f\u00e9mur, tibia y f\u00edbula<\/strong>. (2024)<\/h4>\n\n\n\n<p class=\"has-text-align-left wp-container-content-5f80b302\">El estudio realiz\u00f3 una morfometr\u00eda detallada de los huesos largos del miembro inferior \u2014f\u00e9mur, tibia y f\u00edbula\u2014 en muestras secas humanas de poblaci\u00f3n colombiana. Se midieron longitudes, anchos, per\u00edmetros y pesos utilizando puntos anat\u00f3micos de referencia. Se hallaron diferencias estad\u00edsticamente significativas en la longitud total de la tibia y en par\u00e1metros del f\u00e9mur. Este trabajo constituye el primer reporte morfom\u00e9trico de huesos largos del miembro inferior en poblaci\u00f3n colombiana.<\/p>\n\n\n\n<p class=\"has-text-align-left wp-container-content-516f2167\">Manuela Pineda, Mar\u00eda A Barrera, Daniela Botero-Gonz\u00e1lez.&nbsp;A Detailed Morphometric Characterization of Colombian Lower Limb Long Bones: Femur, Tibia and Fibula.&nbsp;Journal of Morphological Sciences. 2024;41:93-99.&nbsp;<a href=\"https:\/\/www.jms-sba.com\/_files\/ugd\/cb512e_241bbe7aa5c449c19cede4996c44554e.pdf\" target=\"_blank\" rel=\"noreferrer noopener\">https:\/\/www.jms-sba.com\/_files\/ugd\/cb512e_241bbe7aa5c449c19cede4996c44554e.pdf<\/a><br><\/p>\n<\/div>\n<\/div>\n<\/div>\n<\/div>\n<\/div>\n\n\n\n<div class=\"wp-block-columns are-vertically-aligned-center is-layout-flex wp-container-core-columns-is-layout-28f84493 wp-block-columns-is-layout-flex\">\n<div class=\"wp-block-column is-vertically-aligned-center is-layout-flow wp-block-column-is-layout-flow\" style=\"flex-basis:100%\">\n<div class=\"wp-block-columns is-layout-flex wp-container-core-columns-is-layout-28f84493 wp-block-columns-is-layout-flex\">\n<div class=\"wp-block-column is-layout-flow wp-block-column-is-layout-flow\" style=\"flex-basis:100%\">\n<div class=\"wp-block-group is-layout-grid wp-container-core-group-is-layout-478b6e6b wp-block-group-is-layout-grid\">\n<h4 class=\"wp-block-heading has-text-align-center wp-container-content-e29552f7\"><strong><strong>Osteometr\u00eda del miembro superior en poblaci\u00f3n colombiana: una caracterizaci\u00f3n comparativa de la esc\u00e1pula, clav\u00edcula, h\u00famero, radio y c\u00fabito<\/strong><\/strong>. (2023)<\/h4>\n\n\n\n<p class=\"has-text-align-left wp-container-content-5f80b302\">El estudio presenta una caracterizaci\u00f3n osteom\u00e9trica pionera de los huesos del miembro superior en poblaci\u00f3n colombiana, abordando la escasez de investigaciones en este campo. Se analizaron 15 muestras secas de esc\u00e1pula, clav\u00edcula, h\u00famero, radio y c\u00fabito mediante par\u00e1metros morfom\u00e9tricos originales. Los resultados mostraron diferencias significativas en la longitud del radio (p = 0.0259) y promediaron los pesos de cada hueso. Este trabajo constituye el primer reporte osteom\u00e9trico comparativo de miembros superiores en Colombia, aportando datos de referencia para la anatom\u00eda cl\u00ednica y la antropolog\u00eda forense.<\/p>\n\n\n\n<p class=\"has-text-align-left wp-container-content-516f2167\">Jer\u00f3nimo V\u00e1squez-G\u00f3mez, Andr\u00e9s F Loaiza, Daniela Botero-Gonz\u00e1lez.&nbsp;Upper Limb Osteometry of the Colombian Population: A Comparative Characterization of Scapula, Clavicle, Humerus, Radius and Ulna.&nbsp;International Journal of Anatomy and Research.&nbsp;<br>2023;11(4):8784-8792. <a href=\"https:\/\/doi.org\/10.16965\/ijar.2023.228\" target=\"_blank\" rel=\"noreferrer noopener\">https:\/\/doi.org\/10.16965\/ijar.2023.228<\/a><br><\/p>\n<\/div>\n<\/div>\n<\/div>\n<\/div>\n<\/div>\n\n\n\n<p class=\"has-text-align-center\">Para mayor informaci\u00f3n comun\u00edquese con la Docente Daniela Botero al correo dbotero@utp.edu.co<\/p>\n","protected":false},"excerpt":{"rendered":"<p>El&nbsp;Semillero de Investigaci\u00f3n Inmunolog\u00eda e Infectolog\u00eda (SINI) es un&nbsp;espacio estudiantil para el estudio y desarrollo de actividades acad\u00e9micas e investigativas en diferentes \u00e1reas de las ciencias b\u00e1sicas biom\u00e9dicas, en la [&hellip;]<\/p>\n","protected":false},"author":1931,"featured_media":0,"parent":0,"menu_order":0,"comment_status":"closed","ping_status":"closed","template":"","meta":{"site-sidebar-layout":"default","site-content-layout":"","ast-site-content-layout":"default","site-content-style":"default","site-sidebar-style":"default","ast-global-header-display":"","ast-banner-title-visibility":"","ast-main-header-display":"","ast-hfb-above-header-display":"","ast-hfb-below-header-display":"","ast-hfb-mobile-header-display":"","site-post-title":"","ast-breadcrumbs-content":"","ast-featured-img":"","footer-sml-layout":"","ast-disable-related-posts":"","theme-transparent-header-meta":"","adv-header-id-meta":"","stick-header-meta":"","header-above-stick-meta":"","header-main-stick-meta":"","header-below-stick-meta":"","astra-migrate-meta-layouts":"default","ast-page-background-enabled":"default","ast-page-background-meta":{"desktop":{"background-color":"var(--ast-global-color-5)","background-image":"","background-repeat":"repeat","background-position":"center center","background-size":"auto","background-attachment":"scroll","background-type":"","background-media":"","overlay-type":"","overlay-color":"","overlay-opacity":"","overlay-gradient":""},"tablet":{"background-color":"","background-image":"","background-repeat":"repeat","background-position":"center center","background-size":"auto","background-attachment":"scroll","background-type":"","background-media":"","overlay-type":"","overlay-color":"","overlay-opacity":"","overlay-gradient":""},"mobile":{"background-color":"","background-image":"","background-repeat":"repeat","background-position":"center center","background-size":"auto","background-attachment":"scroll","background-type":"","background-media":"","overlay-type":"","overlay-color":"","overlay-opacity":"","overlay-gradient":""}},"ast-content-background-meta":{"desktop":{"background-color":"var(--ast-global-color-4)","background-image":"","background-repeat":"repeat","background-position":"center center","background-size":"auto","background-attachment":"scroll","background-type":"","background-media":"","overlay-type":"","overlay-color":"","overlay-opacity":"","overlay-gradient":""},"tablet":{"background-color":"var(--ast-global-color-4)","background-image":"","background-repeat":"repeat","background-position":"center center","background-size":"auto","background-attachment":"scroll","background-type":"","background-media":"","overlay-type":"","overlay-color":"","overlay-opacity":"","overlay-gradient":""},"mobile":{"background-color":"var(--ast-global-color-4)","background-image":"","background-repeat":"repeat","background-position":"center center","background-size":"auto","background-attachment":"scroll","background-type":"","background-media":"","overlay-type":"","overlay-color":"","overlay-opacity":"","overlay-gradient":""}},"footnotes":""},"class_list":["post-93","page","type-page","status-publish","hentry"],"_links":{"self":[{"href":"https:\/\/academia.utp.edu.co\/aula-biomedica\/wp-json\/wp\/v2\/pages\/93","targetHints":{"allow":["GET"]}}],"collection":[{"href":"https:\/\/academia.utp.edu.co\/aula-biomedica\/wp-json\/wp\/v2\/pages"}],"about":[{"href":"https:\/\/academia.utp.edu.co\/aula-biomedica\/wp-json\/wp\/v2\/types\/page"}],"author":[{"embeddable":true,"href":"https:\/\/academia.utp.edu.co\/aula-biomedica\/wp-json\/wp\/v2\/users\/1931"}],"replies":[{"embeddable":true,"href":"https:\/\/academia.utp.edu.co\/aula-biomedica\/wp-json\/wp\/v2\/comments?post=93"}],"version-history":[{"count":32,"href":"https:\/\/academia.utp.edu.co\/aula-biomedica\/wp-json\/wp\/v2\/pages\/93\/revisions"}],"predecessor-version":[{"id":310,"href":"https:\/\/academia.utp.edu.co\/aula-biomedica\/wp-json\/wp\/v2\/pages\/93\/revisions\/310"}],"wp:attachment":[{"href":"https:\/\/academia.utp.edu.co\/aula-biomedica\/wp-json\/wp\/v2\/media?parent=93"}],"curies":[{"name":"wp","href":"https:\/\/api.w.org\/{rel}","templated":true}]}}