{"id":17,"date":"2012-04-18T07:27:43","date_gmt":"2012-04-18T07:27:43","guid":{"rendered":"http:\/\/academia.utp.edu.co\/basicasyaplicadas\/?page_id=17"},"modified":"2021-02-18T11:10:16","modified_gmt":"2021-02-18T16:10:16","slug":"2-morfologia","status":"publish","type":"page","link":"https:\/\/academia.utp.edu.co\/basicasyaplicadas\/2-morfologia\/","title":{"rendered":"DP15 Morfolog\u00eda"},"content":{"rendered":"<h1><strong>MORFOLOG\u00cdA<\/strong><\/h1>\n<p><strong><span style=\"color: #800000\">JUSTIFICACI\u00d3N<\/span><\/strong><\/p>\n<p>La morfolog\u00eda es el estudio o tratado de la forma de nuestro cuerpo, desde el punto de vista <strong>microsc\u00f3pico<\/strong> apoyado en la histolog\u00eda o estudio de los tejidos y la embriolog\u00eda que estudia el desarrollo en los primeros 3 meses de vida intrauterina. y desde el punto de vista <strong>macrosc\u00f3pico <\/strong>con la anatom\u00eda que plantea el estudio por partes.<\/p>\n<p>El curso de morfolog\u00eda corresponde a uno de los primeros eslabones en la formaci\u00f3n en el transcurso de la carrera en donde el estudio del cuerpo humano y los componentes morfol\u00f3gicos implicados en cualquier actividad, son de fundamental importancia en la estructuraci\u00f3n acad\u00e9mica de un profesional de las Ciencias del Deporte y la Recreaci\u00f3n que pueda interactuar con grupos de trabajo para el mejoramiento de las condiciones de salud.<\/p>\n<p>El conocimiento morfol\u00f3gico normal le permitir\u00e1 complementar sus conocimientos con las dem\u00e1s asignaturas del \u00e1rea b\u00e1sicas y aplicadas, articular estos saberes con las otras \u00e1reas del programa de tal manera que los aprendizajes sean significativos para su vida profesional en la que el conocimiento de nuestro cuerpo humano se aplica en el desempe\u00f1o cotidiano en diferentes ramas y grupos interdisciplinarios de trabajo.<\/p>\n<h3><strong><span style=\"color: #800000\">OBJETIVO GENERAL<\/span><\/strong><\/h3>\n<p>Identificar los componentes anat\u00f3micos del cuerpo humano y comprender las relaciones entre ellos como fundamento para aplicarlos en los estudios de las diferentes \u00e1reas de las Ciencias del Deporte y la Recreaci\u00f3n en salud y en el desempe\u00f1o profesional al formar parte de equipos interdisciplinarios para el mejoramiento de las condiciones de salud individual y\/o colectiva.<\/p>\n<h3>&nbsp;<a href=\"https:\/\/academia.utp.edu.co\/basicasyaplicadas\/files\/2018\/02\/Microcurr\u00edculo-Morfolog\u00eda-1-2018.pdf\">Microcurr\u00edculo Morfolog\u00eda &#8211; 1 &#8211; 2018<\/a><\/h3>\n<h3><strong><span style=\"color: #008000\">Blog de la &nbsp;Asignatura<\/span><\/strong><\/h3>\n<p><a href=\"http:\/\/blog.utp.edu.co\/morfologia\/\" target=\"_blank\" rel=\"noopener noreferrer\">http:\/\/blog.utp.edu.co\/morfologia\/<\/a><\/p>\n<h2>&nbsp;<\/h2>\n","protected":false},"excerpt":{"rendered":"<p>MORFOLOG\u00cdA JUSTIFICACI\u00d3N La morfolog\u00eda es el estudio o tratado de la forma de nuestro cuerpo, desde el punto de vista microsc\u00f3pico apoyado en la histolog\u00eda o estudio de los tejidos [&hellip;]<\/p>\n","protected":false},"author":15,"featured_media":0,"parent":0,"menu_order":0,"comment_status":"closed","ping_status":"open","template":"","meta":{"footnotes":""},"class_list":["post-17","page","type-page","status-publish","hentry"],"_links":{"self":[{"href":"https:\/\/academia.utp.edu.co\/basicasyaplicadas\/wp-json\/wp\/v2\/pages\/17","targetHints":{"allow":["GET"]}}],"collection":[{"href":"https:\/\/academia.utp.edu.co\/basicasyaplicadas\/wp-json\/wp\/v2\/pages"}],"about":[{"href":"https:\/\/academia.utp.edu.co\/basicasyaplicadas\/wp-json\/wp\/v2\/types\/page"}],"author":[{"embeddable":true,"href":"https:\/\/academia.utp.edu.co\/basicasyaplicadas\/wp-json\/wp\/v2\/users\/15"}],"replies":[{"embeddable":true,"href":"https:\/\/academia.utp.edu.co\/basicasyaplicadas\/wp-json\/wp\/v2\/comments?post=17"}],"version-history":[{"count":33,"href":"https:\/\/academia.utp.edu.co\/basicasyaplicadas\/wp-json\/wp\/v2\/pages\/17\/revisions"}],"predecessor-version":[{"id":9541,"href":"https:\/\/academia.utp.edu.co\/basicasyaplicadas\/wp-json\/wp\/v2\/pages\/17\/revisions\/9541"}],"wp:attachment":[{"href":"https:\/\/academia.utp.edu.co\/basicasyaplicadas\/wp-json\/wp\/v2\/media?parent=17"}],"curies":[{"name":"wp","href":"https:\/\/api.w.org\/{rel}","templated":true}]}}