{"id":3251,"date":"2016-01-20T22:50:36","date_gmt":"2016-01-20T22:50:36","guid":{"rendered":"http:\/\/academia.utp.edu.co\/basicasyaplicadas\/?page_id=3251"},"modified":"2021-02-18T11:10:16","modified_gmt":"2021-02-18T16:10:16","slug":"reglamentacion-salidas-academicas-o-culturales-institucionales","status":"publish","type":"page","link":"https:\/\/academia.utp.edu.co\/basicasyaplicadas\/reglamentacion-salidas-academicas-o-culturales-institucionales\/","title":{"rendered":"Reglamentaci\u00f3n salidas acad\u00e9micas o culturales institucionales"},"content":{"rendered":"<h3><a href=\"https:\/\/academia.utp.edu.co\/basicasyaplicadas\/files\/2016\/01\/RESOLUCI\u00d3N-3454-Reglamentaci\u00f3n-salidas-acad\u00e9micas-o-culturales-institucionales-UTP.pdf\">RESOLUCI\u00d3N 3454 &#8211; Reglamentaci\u00f3n salidas acad\u00e9micas o culturales institucionales UTP<\/a><\/h3>\n<h3><a href=\"https:\/\/academia.utp.edu.co\/basicasyaplicadas\/files\/2016\/01\/GU\u00cdA-PROTOCOLO-SALIDAS-ACAD\u00c9MICAS-CULTURALES-O-DEPORTIVAS.pdf\">GU\u00cdA &#8211; PROTOCOLO SALIDAS ACAD\u00c9MICAS, CULTURALES O DEPORTIVAS<\/a><\/h3>\n<h3><a href=\"https:\/\/academia.utp.edu.co\/basicasyaplicadas\/files\/2016\/01\/FORMATO-RESPONSABILIDAD-INDIVIDUAL-SALIDA-MAYORES-DE-EDAD.pdf\">FORMATO RESPONSABILIDAD INDIVIDUAL &#8211; SALIDA &#8211; MAYORES DE EDAD<\/a><\/h3>\n<h3><a href=\"https:\/\/academia.utp.edu.co\/basicasyaplicadas\/files\/2016\/01\/FORMATO-RESPONSABILIDAD-INDIVIDUAL-SALIDA-MENORES-DE-EDAD.pdf\">FORMATO RESPONSABILIDAD INDIVIDUAL &#8211; SALIDA &#8211; MENORES DE EDAD<\/a><\/h3>\n","protected":false},"excerpt":{"rendered":"<p>RESOLUCI\u00d3N 3454 &#8211; Reglamentaci\u00f3n salidas acad\u00e9micas o culturales institucionales UTP GU\u00cdA &#8211; PROTOCOLO SALIDAS ACAD\u00c9MICAS, CULTURALES O DEPORTIVAS FORMATO RESPONSABILIDAD INDIVIDUAL &#8211; SALIDA &#8211; MAYORES DE EDAD FORMATO RESPONSABILIDAD INDIVIDUAL [&hellip;]<\/p>\n","protected":false},"author":15,"featured_media":0,"parent":0,"menu_order":0,"comment_status":"closed","ping_status":"closed","template":"","meta":{"footnotes":""},"class_list":["post-3251","page","type-page","status-publish","hentry"],"_links":{"self":[{"href":"https:\/\/academia.utp.edu.co\/basicasyaplicadas\/wp-json\/wp\/v2\/pages\/3251","targetHints":{"allow":["GET"]}}],"collection":[{"href":"https:\/\/academia.utp.edu.co\/basicasyaplicadas\/wp-json\/wp\/v2\/pages"}],"about":[{"href":"https:\/\/academia.utp.edu.co\/basicasyaplicadas\/wp-json\/wp\/v2\/types\/page"}],"author":[{"embeddable":true,"href":"https:\/\/academia.utp.edu.co\/basicasyaplicadas\/wp-json\/wp\/v2\/users\/15"}],"replies":[{"embeddable":true,"href":"https:\/\/academia.utp.edu.co\/basicasyaplicadas\/wp-json\/wp\/v2\/comments?post=3251"}],"version-history":[{"count":3,"href":"https:\/\/academia.utp.edu.co\/basicasyaplicadas\/wp-json\/wp\/v2\/pages\/3251\/revisions"}],"predecessor-version":[{"id":3321,"href":"https:\/\/academia.utp.edu.co\/basicasyaplicadas\/wp-json\/wp\/v2\/pages\/3251\/revisions\/3321"}],"wp:attachment":[{"href":"https:\/\/academia.utp.edu.co\/basicasyaplicadas\/wp-json\/wp\/v2\/media?parent=3251"}],"curies":[{"name":"wp","href":"https:\/\/api.w.org\/{rel}","templated":true}]}}