{"id":37,"date":"2012-04-18T07:38:14","date_gmt":"2012-04-18T07:38:14","guid":{"rendered":"http:\/\/academia.utp.edu.co\/basicasyaplicadas\/?page_id=37"},"modified":"2021-02-18T11:10:16","modified_gmt":"2021-02-18T16:10:16","slug":"6-psicologia-evolutiva-i","status":"publish","type":"page","link":"https:\/\/academia.utp.edu.co\/basicasyaplicadas\/6-psicologia-evolutiva-i\/","title":{"rendered":"DP44 Psicolog\u00eda Evolutiva I"},"content":{"rendered":"<p>&nbsp;<\/p>\n<h4>El Programa de Ciencias del Deporte y la Recreaci\u00f3n concibe la Psicolog\u00eda Evolutiva como una de las asignaturas b\u00e1sicas y fundamentales en el proceso de formaci\u00f3n del futuro profesional, ya que su campo laboral est\u00e1 directamente relacionado con el comportamiento humano, desde la perspectiva del desarrollo psicomotor, mental, socioafectivo y espiritual, a partir del instante de la concepci\u00f3n.\u00a0 El prop\u00f3sito de la asignatura est\u00e1 en funci\u00f3n del estudio y la estimulaci\u00f3n integral del ser humano, proyect\u00e1ndolo hacia su m\u00e1xima madurez y realizaci\u00f3n.\u00a0 El hombre fue creado para el movimiento, y es el movimiento el vector que le permite alcanzar sistem\u00e1ticamente los niveles adecuados y oportunos de maduraci\u00f3n de acuerdo a los patrones y par\u00e1metros del ciclo vital humano, donde la herencia y el medio ambiente son los agentes fundamentales.<\/h4>\n<h3><span style=\"color: #800000\">PROGRAMA DE ASIGNATURA<\/span><\/h3>\n<p><a href=\"https:\/\/academia.utp.edu.co\/basicasyaplicadas\/files\/2012\/04\/PROGRAMA-PSICOLOG\u00cdA-EVOLUTIVA-I.pdf\">PROGRAMA PSICOLOG\u00cdA EVOLUTIVA I<\/a><\/p>\n<h4><strong><span style=\"color: #800000\">\u00a0DOCENTES\u00a0<\/span><\/strong><\/h4>\n<p><a href=\"https:\/\/academia.utp.edu.co\/basicasyaplicadas\/files\/2012\/04\/JOSE-REINER-RIVERA-RAMIREZ-Docente.pdf\">JOSE REINER RIVERA RAMIREZ &#8211; Docente<\/a><\/p>\n<p>CLAUDIA LORENA GARC\u00cdA OSORIO<\/p>\n","protected":false},"excerpt":{"rendered":"<p>&nbsp; El Programa de Ciencias del Deporte y la Recreaci\u00f3n concibe la Psicolog\u00eda Evolutiva como una de las asignaturas b\u00e1sicas y fundamentales en el proceso de formaci\u00f3n del futuro profesional, [&hellip;]<\/p>\n","protected":false},"author":15,"featured_media":0,"parent":0,"menu_order":0,"comment_status":"closed","ping_status":"open","template":"","meta":{"footnotes":""},"class_list":["post-37","page","type-page","status-publish","hentry"],"_links":{"self":[{"href":"https:\/\/academia.utp.edu.co\/basicasyaplicadas\/wp-json\/wp\/v2\/pages\/37","targetHints":{"allow":["GET"]}}],"collection":[{"href":"https:\/\/academia.utp.edu.co\/basicasyaplicadas\/wp-json\/wp\/v2\/pages"}],"about":[{"href":"https:\/\/academia.utp.edu.co\/basicasyaplicadas\/wp-json\/wp\/v2\/types\/page"}],"author":[{"embeddable":true,"href":"https:\/\/academia.utp.edu.co\/basicasyaplicadas\/wp-json\/wp\/v2\/users\/15"}],"replies":[{"embeddable":true,"href":"https:\/\/academia.utp.edu.co\/basicasyaplicadas\/wp-json\/wp\/v2\/comments?post=37"}],"version-history":[{"count":16,"href":"https:\/\/academia.utp.edu.co\/basicasyaplicadas\/wp-json\/wp\/v2\/pages\/37\/revisions"}],"predecessor-version":[{"id":3351,"href":"https:\/\/academia.utp.edu.co\/basicasyaplicadas\/wp-json\/wp\/v2\/pages\/37\/revisions\/3351"}],"wp:attachment":[{"href":"https:\/\/academia.utp.edu.co\/basicasyaplicadas\/wp-json\/wp\/v2\/media?parent=37"}],"curies":[{"name":"wp","href":"https:\/\/api.w.org\/{rel}","templated":true}]}}