{"id":4051,"date":"2016-02-26T09:31:31","date_gmt":"2016-02-26T09:31:31","guid":{"rendered":"http:\/\/academia.utp.edu.co\/basicasyaplicadas\/?page_id=4051"},"modified":"2021-02-18T11:10:16","modified_gmt":"2021-02-18T16:10:16","slug":"formato-solicitud-director-trabajo-de-grado","status":"publish","type":"page","link":"https:\/\/academia.utp.edu.co\/basicasyaplicadas\/formato-solicitud-director-trabajo-de-grado\/","title":{"rendered":"Formato Solicitud Director Trabajo de Grado"},"content":{"rendered":"<h2><a href=\"https:\/\/academia.utp.edu.co\/basicasyaplicadas\/files\/2016\/02\/Formato-Solicitud-Director-Trabajo-de-Grado.docx\">Formato Solicitud Director Trabajo de Grado<\/a>\u00a0Descargar<\/h2>\n<p>&nbsp;<\/p>\n<p>Pereira, (fecha)<\/p>\n<p>Se\u00f1ores<\/p>\n<p><strong>COMIT\u00c9 CURRICULAR<\/strong><\/p>\n<p>Programa Ciencias del Deporte y la Recreaci\u00f3n<\/p>\n<p>Universidad Tecnol\u00f3gica de Pereira<\/p>\n<p><strong>Asunto<\/strong>: Registro de Trabajo de Grado.<\/p>\n<p>Cordial saludo.<\/p>\n<p>Siguiendo el art\u00edculo 7 del Acuerdo 12 del Consejo Acad\u00e9mico, del 22 de julio de 2015, que dice:<\/p>\n<p><strong>ART\u00cdCULO <\/strong>7.- Los estudiantes que matriculen la asignatura Trabajo de Grado, deber\u00e1n diligenciar un formato de registro ante el Comit\u00e9 Curricular del programa, donde se estipule como m\u00ednimo: datos personales del estudiante, modalidad seg\u00fan el art\u00edculo 2\u00b0 del presente Acuerdo, profesor sugerido por el estudiante o por el Comit\u00e9 Curricular como director, cuando sea el caso y seg\u00fan lo estipulado en el art\u00edculo 5\u00b0.<\/p>\n<p>Enviamos los datos solicitados.<\/p>\n<ul>\n<li><strong>Nombres:<\/strong>\n<ul>\n<li>XXX, C. C. ########<\/li>\n<li>XXX, C. C. ########<\/li>\n<\/ul>\n<\/li>\n<li><strong>Modalidad:<\/strong>\n<ul>\n<li>Trabajo de investigaci\u00f3n formativa<\/li>\n<\/ul>\n<\/li>\n<li><strong>T\u00edtulo del trabajo:<\/strong>\n<ul>\n<li>XXX<\/li>\n<\/ul>\n<\/li>\n<li><strong>Profesor sugerido como director:<\/strong>\n<ul>\n<li>XXX, C. C. ########, Docente del Programa<\/li>\n<\/ul>\n<\/li>\n<\/ul>\n<p><strong>FICHA DE TRABAJO DE GRADO: <\/strong>Siguiendo el art\u00edculo 7 del Acuerdo 12 del Consejo Acad\u00e9mico, del 22 de julio de 2015, que dice: \u201cPara las modalidades de trabajo investigativo y pr\u00e1ctica de extensi\u00f3n, una vez se designe el director, a m\u00e1s tardar durante la primera semana de clases del semestre, el estudiante deber\u00e1 llenar la ficha t\u00e9cnica del trabajo o pr\u00e1ctica donde se haga descripci\u00f3n detallada de las actividades a realizar y cronograma respectivo\u201d. Se definieron las siguientes actividades y cronograma.<\/p>\n<p>&nbsp;<\/p>\n<table>\n<tbody>\n<tr>\n<td rowspan=\"2\" width=\"501\"><strong>Actividad<\/strong><\/td>\n<td colspan=\"5\" width=\"125\"><strong>Mes del 2016<\/strong><\/td>\n<\/tr>\n<tr>\n<td width=\"18\"><strong>2<\/strong><\/td>\n<td width=\"27\"><strong>3<\/strong><\/td>\n<td width=\"27\"><strong>4<\/strong><\/td>\n<td width=\"27\"><strong>5<\/strong><\/td>\n<td width=\"27\"><strong>6<\/strong><\/td>\n<\/tr>\n<tr>\n<td width=\"501\">1. Xxxxx xxxx xxxx<\/td>\n<td width=\"18\">X<\/td>\n<td width=\"27\">&nbsp;<\/td>\n<td width=\"27\">&nbsp;<\/td>\n<td width=\"27\">&nbsp;<\/td>\n<td width=\"27\">&nbsp;<\/td>\n<\/tr>\n<tr>\n<td width=\"501\">2. Xxxxx xxxx xxxx<\/td>\n<td width=\"18\">&nbsp;<\/td>\n<td width=\"27\">X<\/td>\n<td width=\"27\">X<\/td>\n<td width=\"27\">&nbsp;<\/td>\n<td width=\"27\">&nbsp;<\/td>\n<\/tr>\n<tr>\n<td width=\"501\">3. Xxxxx xxxx xxxx<\/td>\n<td width=\"18\">&nbsp;<\/td>\n<td width=\"27\">&nbsp;<\/td>\n<td width=\"27\">&nbsp;<\/td>\n<td width=\"27\">X<\/td>\n<td width=\"27\">&nbsp;<\/td>\n<\/tr>\n<tr>\n<td width=\"501\">4. Xxxxx xxxx xxxx<\/td>\n<td width=\"18\">&nbsp;<\/td>\n<td width=\"27\">&nbsp;<\/td>\n<td width=\"27\">&nbsp;<\/td>\n<td width=\"27\">&nbsp;<\/td>\n<td width=\"27\">X<\/td>\n<\/tr>\n<\/tbody>\n<\/table>\n<p>Se firma a los\u2026 (fecha).<\/p>\n<p>&nbsp;<\/p>\n<table>\n<tbody>\n<tr>\n<td width=\"338\">______________________________<\/p>\n<p><strong>XXX<\/strong><\/p>\n<p>C. C. ########<\/td>\n<td width=\"321\">______________________________<\/p>\n<p><strong>XXX<\/strong><\/p>\n<p>C. C. ########<\/td>\n<\/tr>\n<tr>\n<td colspan=\"2\" width=\"659\">&nbsp;<\/p>\n<p>Vo.Bo. Director Propuesto _________________________<\/p>\n<p><strong>XXX<\/strong><\/p>\n<p>C. C. ########<\/td>\n<\/tr>\n<\/tbody>\n<\/table>\n","protected":false},"excerpt":{"rendered":"<p>Formato Solicitud Director Trabajo de Grado\u00a0Descargar &nbsp; Pereira, (fecha) Se\u00f1ores COMIT\u00c9 CURRICULAR Programa Ciencias del Deporte y la Recreaci\u00f3n Universidad Tecnol\u00f3gica de Pereira Asunto: Registro de Trabajo de Grado. Cordial [&hellip;]<\/p>\n","protected":false},"author":15,"featured_media":0,"parent":0,"menu_order":0,"comment_status":"closed","ping_status":"closed","template":"","meta":{"footnotes":""},"class_list":["post-4051","page","type-page","status-publish","hentry"],"_links":{"self":[{"href":"https:\/\/academia.utp.edu.co\/basicasyaplicadas\/wp-json\/wp\/v2\/pages\/4051","targetHints":{"allow":["GET"]}}],"collection":[{"href":"https:\/\/academia.utp.edu.co\/basicasyaplicadas\/wp-json\/wp\/v2\/pages"}],"about":[{"href":"https:\/\/academia.utp.edu.co\/basicasyaplicadas\/wp-json\/wp\/v2\/types\/page"}],"author":[{"embeddable":true,"href":"https:\/\/academia.utp.edu.co\/basicasyaplicadas\/wp-json\/wp\/v2\/users\/15"}],"replies":[{"embeddable":true,"href":"https:\/\/academia.utp.edu.co\/basicasyaplicadas\/wp-json\/wp\/v2\/comments?post=4051"}],"version-history":[{"count":5,"href":"https:\/\/academia.utp.edu.co\/basicasyaplicadas\/wp-json\/wp\/v2\/pages\/4051\/revisions"}],"predecessor-version":[{"id":4141,"href":"https:\/\/academia.utp.edu.co\/basicasyaplicadas\/wp-json\/wp\/v2\/pages\/4051\/revisions\/4141"}],"wp:attachment":[{"href":"https:\/\/academia.utp.edu.co\/basicasyaplicadas\/wp-json\/wp\/v2\/media?parent=4051"}],"curies":[{"name":"wp","href":"https:\/\/api.w.org\/{rel}","templated":true}]}}