{"id":41,"date":"2012-04-18T07:38:57","date_gmt":"2012-04-18T07:38:57","guid":{"rendered":"http:\/\/academia.utp.edu.co\/basicasyaplicadas\/?page_id=41"},"modified":"2021-02-18T11:10:16","modified_gmt":"2021-02-18T16:10:16","slug":"7-kinesiologia","status":"publish","type":"page","link":"https:\/\/academia.utp.edu.co\/basicasyaplicadas\/7-kinesiologia\/","title":{"rendered":"DP51 Kinesiolog\u00eda"},"content":{"rendered":"<h3>&nbsp;<a href=\"https:\/\/academia.utp.edu.co\/basicasyaplicadas\/files\/2018\/02\/Microcurr\u00edculo-Kinesiolog\u00eda-1-2018.pdf\">Microcurr\u00edculo Kinesiolog\u00eda &#8211; 1 &#8211; 2018<\/a><\/h3>\n<h3><strong><span style=\"color: #339966\"><span style=\"color: #339966\"><a href=\"http:\/\/alegomez.comunidadcoomeva.com\/blog\/\">ALEJANDRO G\u00d3MEZ Bolg<\/a><\/span><\/span><\/strong><\/h3>\n","protected":false},"excerpt":{"rendered":"<p>&nbsp;Microcurr\u00edculo Kinesiolog\u00eda &#8211; 1 &#8211; 2018 ALEJANDRO G\u00d3MEZ Bolg<\/p>\n","protected":false},"author":15,"featured_media":0,"parent":0,"menu_order":0,"comment_status":"closed","ping_status":"open","template":"","meta":{"footnotes":""},"class_list":["post-41","page","type-page","status-publish","hentry"],"_links":{"self":[{"href":"https:\/\/academia.utp.edu.co\/basicasyaplicadas\/wp-json\/wp\/v2\/pages\/41","targetHints":{"allow":["GET"]}}],"collection":[{"href":"https:\/\/academia.utp.edu.co\/basicasyaplicadas\/wp-json\/wp\/v2\/pages"}],"about":[{"href":"https:\/\/academia.utp.edu.co\/basicasyaplicadas\/wp-json\/wp\/v2\/types\/page"}],"author":[{"embeddable":true,"href":"https:\/\/academia.utp.edu.co\/basicasyaplicadas\/wp-json\/wp\/v2\/users\/15"}],"replies":[{"embeddable":true,"href":"https:\/\/academia.utp.edu.co\/basicasyaplicadas\/wp-json\/wp\/v2\/comments?post=41"}],"version-history":[{"count":15,"href":"https:\/\/academia.utp.edu.co\/basicasyaplicadas\/wp-json\/wp\/v2\/pages\/41\/revisions"}],"predecessor-version":[{"id":6611,"href":"https:\/\/academia.utp.edu.co\/basicasyaplicadas\/wp-json\/wp\/v2\/pages\/41\/revisions\/6611"}],"wp:attachment":[{"href":"https:\/\/academia.utp.edu.co\/basicasyaplicadas\/wp-json\/wp\/v2\/media?parent=41"}],"curies":[{"name":"wp","href":"https:\/\/api.w.org\/{rel}","templated":true}]}}