{"id":45,"date":"2012-04-18T07:39:56","date_gmt":"2012-04-18T07:39:56","guid":{"rendered":"http:\/\/academia.utp.edu.co\/basicasyaplicadas\/?page_id=45"},"modified":"2021-02-18T11:10:16","modified_gmt":"2021-02-18T16:10:16","slug":"8-psicologia-evolutiva-ii","status":"publish","type":"page","link":"https:\/\/academia.utp.edu.co\/basicasyaplicadas\/8-psicologia-evolutiva-ii\/","title":{"rendered":"DP54 Psicolog\u00eda Evolutiva II"},"content":{"rendered":"<p>&nbsp;<\/p>\n<h4>La Psicolog\u00eda aplicada a los diferentes frentes del quehacer humano es una de las piedras angulares en la formaci\u00f3n de los futuros profesionales del \u00e1rea de deportes y recreaci\u00f3n, orientada hacia la salud integral. Desde sus diversas tem\u00e1ticas, teor\u00edas y escuelas, hist\u00f3rica y socialmente posicionadas, la Psicolog\u00eda aporta un amplio y enriquecedor men\u00fa de programas, herramientas, metodolog\u00edas y t\u00e9cnicas, de car\u00e1cter preventivo y terap\u00e9utico, para comprender, identificar, potencializar o reorientar procesos y patrones de comportamiento pertinentes al desarrollo de competencias para un excelente desempe\u00f1o profesional en esta \u00e1rea.<\/h4>\n<p><strong><span style=\"color: #800000\">PLAN DE ASIGNATURA.<\/span><\/strong><\/p>\n<p><span style=\"color: #3366ff\">\u00a0<span style=\"color: #3366ff\"><a href=\"https:\/\/academia.utp.edu.co\/basicasyaplicadas\/files\/2012\/04\/PROGRAMA-PSICOLOG\u00cdA-EVOLUTIVA-II.pdf\">PROGRAMA PSICOLOG\u00cdA EVOLUTIVA II<\/a><\/span><\/span><\/p>\n<p>DOCENTES<\/p>\n<p>Dr\u00a0JOSE REINER RIVERA RAMIREZ<\/p>\n<p>Dr. JHON JAIRO TREJOS PARRA<\/p>\n<p>Dra.\u00a0CLAUDIA LORENA GARC\u00cdA OSORIO<\/p>\n","protected":false},"excerpt":{"rendered":"<p>&nbsp; La Psicolog\u00eda aplicada a los diferentes frentes del quehacer humano es una de las piedras angulares en la formaci\u00f3n de los futuros profesionales del \u00e1rea de deportes y recreaci\u00f3n, [&hellip;]<\/p>\n","protected":false},"author":15,"featured_media":0,"parent":0,"menu_order":0,"comment_status":"closed","ping_status":"open","template":"","meta":{"footnotes":""},"class_list":["post-45","page","type-page","status-publish","hentry"],"_links":{"self":[{"href":"https:\/\/academia.utp.edu.co\/basicasyaplicadas\/wp-json\/wp\/v2\/pages\/45","targetHints":{"allow":["GET"]}}],"collection":[{"href":"https:\/\/academia.utp.edu.co\/basicasyaplicadas\/wp-json\/wp\/v2\/pages"}],"about":[{"href":"https:\/\/academia.utp.edu.co\/basicasyaplicadas\/wp-json\/wp\/v2\/types\/page"}],"author":[{"embeddable":true,"href":"https:\/\/academia.utp.edu.co\/basicasyaplicadas\/wp-json\/wp\/v2\/users\/15"}],"replies":[{"embeddable":true,"href":"https:\/\/academia.utp.edu.co\/basicasyaplicadas\/wp-json\/wp\/v2\/comments?post=45"}],"version-history":[{"count":10,"href":"https:\/\/academia.utp.edu.co\/basicasyaplicadas\/wp-json\/wp\/v2\/pages\/45\/revisions"}],"predecessor-version":[{"id":3371,"href":"https:\/\/academia.utp.edu.co\/basicasyaplicadas\/wp-json\/wp\/v2\/pages\/45\/revisions\/3371"}],"wp:attachment":[{"href":"https:\/\/academia.utp.edu.co\/basicasyaplicadas\/wp-json\/wp\/v2\/media?parent=45"}],"curies":[{"name":"wp","href":"https:\/\/api.w.org\/{rel}","templated":true}]}}