{"id":57,"date":"2012-04-18T07:42:54","date_gmt":"2012-04-18T07:42:54","guid":{"rendered":"http:\/\/academia.utp.edu.co\/basicasyaplicadas\/?page_id=57"},"modified":"2021-02-18T11:10:16","modified_gmt":"2021-02-18T16:10:16","slug":"11-nutricion-deportiva","status":"publish","type":"page","link":"https:\/\/academia.utp.edu.co\/basicasyaplicadas\/11-nutricion-deportiva\/","title":{"rendered":"DP71 Nutrici\u00f3n Deportiva"},"content":{"rendered":"<ol>\n<li>\n<h2><span style=\"color: #993300\"><b>IDENTIFICACI\u00d3N<\/b><\/span><\/h2>\n<\/li>\n<\/ol>\n<h3><b>\u00c1REA<\/b><strong>: \u00a0 \u00a0 \u00a0 \u00a0 \u00a0 \u00a0 \u00a0\u00a0B\u00c1SICAS\u00a0Y APLICADAS<\/strong><\/h3>\n<h3><strong>ASIGNATURA:\u00a0\u00a0\u00a0\u00a0\u00a0\u00a0\u00a0\u00a0 NUTRICI\u00d3N DEPORTIVA<\/strong><\/h3>\n<h3><b>C\u00d3DIGO<\/b><strong>:\u00a0\u00a0\u00a0\u00a0\u00a0\u00a0\u00a0\u00a0\u00a0\u00a0\u00a0\u00a0 DP71<\/strong><\/h3>\n<h3><strong>SEMESTRE: \u00a0\u00a0\u00a0\u00a0\u00a0\u00a0 \u00a0\u00a0\u00a0VII<\/strong><\/h3>\n<h3><b>CR\u00c9DITOS<\/b><strong>: \u00a0\u00a0\u00a0\u00a0\u00a0\u00a0 \u00a0\u00a0\u00a04<\/strong><\/h3>\n<h3><strong>INTENSIDAD HORARIA: \u00a06 HORAS POR SEMANA<\/strong><\/h3>\n<p><strong>\u00a0<\/strong><\/p>\n<ol>\n<li>\n<h2><span style=\"color: #993300\"><b>JUSTIFICACI\u00d3N<\/b><\/span><\/h2>\n<\/li>\n<\/ol>\n<h3 style=\"text-align: justify\"><span style=\"color: #000000\">Contribuir a la formaci\u00f3n integral y profesional de los estudiantes de ciencias del deporte y la\u00a0 recreaci\u00f3n\u00a0 en el \u00e1rea de nutrici\u00f3n y\u00a0 diet\u00e9tica aplicada a la disciplina\u00a0 deportiva, con el fin de proporcionales herramientas \u00fatiles en su desempe\u00f1o profesional para la educaci\u00f3n nutricional de los individuos de acuerdo a sus necesidades fisiopatol\u00f3gicas y deportivas.<\/span><\/h3>\n<ol start=\"2\">\n<li>\n<h2><span style=\"color: #993300\"><strong>OBJETIVO GENERAL<\/strong><\/span><\/h2>\n<\/li>\n<\/ol>\n<h3><span style=\"color: #000000\">Ense\u00f1ar al estudiante de ciencias del deporte y la\u00a0 recreaci\u00f3n, las bases de la nutrici\u00f3n y diet\u00e9tica aplicada a la disciplina deportiva con el fin de contribuir en la formaci\u00f3n y desarrollo de profesionales integrales capaces de desempe\u00f1arse en las diferentes \u00e1reas contempladas en su perfil ocupacional.<\/span><\/h3>\n<p>&nbsp;<\/p>\n<h3><a href=\"https:\/\/academia.utp.edu.co\/basicasyaplicadas\/files\/2012\/04\/PROGRAMA-NUTRICION-DEPORTIVA-Grupo1-2016-1.pdf\">PROGRAMA NUTRICI\u00d3N DEPORTIVA Grupo1 &#8211; 2016-1<\/a><\/h3>\n<h3><a href=\"https:\/\/academia.utp.edu.co\/basicasyaplicadas\/files\/2012\/04\/PROGRAMA-NUTRICION-DEPORTIVA-Grupo2-2016-1.pdf\">PROGRAMA NUTRICI\u00d3N DEPORTIVA Grupo2 &#8211; 2016-1<\/a><\/h3>\n<h2><strong><span style=\"color: #993300\">DOCENTES\u00a0<\/span><\/strong><\/h2>\n<h3><a href=\"https:\/\/academia.utp.edu.co\/basicasyaplicadas\/files\/2012\/04\/ND.-AILETH-NINSKA-DE-LA-HOZ-ESCORCIA.pdf\">ND. AILETH NINSKA DE LA HOZ ESCORCIA<\/a><\/h3>\n","protected":false},"excerpt":{"rendered":"<p>IDENTIFICACI\u00d3N \u00c1REA: \u00a0 \u00a0 \u00a0 \u00a0 \u00a0 \u00a0 \u00a0\u00a0B\u00c1SICAS\u00a0Y APLICADAS ASIGNATURA:\u00a0\u00a0\u00a0\u00a0\u00a0\u00a0\u00a0\u00a0 NUTRICI\u00d3N DEPORTIVA C\u00d3DIGO:\u00a0\u00a0\u00a0\u00a0\u00a0\u00a0\u00a0\u00a0\u00a0\u00a0\u00a0\u00a0 DP71 SEMESTRE: \u00a0\u00a0\u00a0\u00a0\u00a0\u00a0 \u00a0\u00a0\u00a0VII CR\u00c9DITOS: \u00a0\u00a0\u00a0\u00a0\u00a0\u00a0 \u00a0\u00a0\u00a04 INTENSIDAD HORARIA: \u00a06 HORAS POR SEMANA \u00a0 JUSTIFICACI\u00d3N Contribuir [&hellip;]<\/p>\n","protected":false},"author":15,"featured_media":0,"parent":0,"menu_order":0,"comment_status":"closed","ping_status":"open","template":"","meta":{"footnotes":""},"class_list":["post-57","page","type-page","status-publish","hentry"],"_links":{"self":[{"href":"https:\/\/academia.utp.edu.co\/basicasyaplicadas\/wp-json\/wp\/v2\/pages\/57","targetHints":{"allow":["GET"]}}],"collection":[{"href":"https:\/\/academia.utp.edu.co\/basicasyaplicadas\/wp-json\/wp\/v2\/pages"}],"about":[{"href":"https:\/\/academia.utp.edu.co\/basicasyaplicadas\/wp-json\/wp\/v2\/types\/page"}],"author":[{"embeddable":true,"href":"https:\/\/academia.utp.edu.co\/basicasyaplicadas\/wp-json\/wp\/v2\/users\/15"}],"replies":[{"embeddable":true,"href":"https:\/\/academia.utp.edu.co\/basicasyaplicadas\/wp-json\/wp\/v2\/comments?post=57"}],"version-history":[{"count":13,"href":"https:\/\/academia.utp.edu.co\/basicasyaplicadas\/wp-json\/wp\/v2\/pages\/57\/revisions"}],"predecessor-version":[{"id":3711,"href":"https:\/\/academia.utp.edu.co\/basicasyaplicadas\/wp-json\/wp\/v2\/pages\/57\/revisions\/3711"}],"wp:attachment":[{"href":"https:\/\/academia.utp.edu.co\/basicasyaplicadas\/wp-json\/wp\/v2\/media?parent=57"}],"curies":[{"name":"wp","href":"https:\/\/api.w.org\/{rel}","templated":true}]}}