{"id":65,"date":"2012-04-18T07:45:05","date_gmt":"2012-04-18T07:45:05","guid":{"rendered":"http:\/\/academia.utp.edu.co\/basicasyaplicadas\/?page_id=65"},"modified":"2021-02-18T11:10:16","modified_gmt":"2021-02-18T16:10:16","slug":"13-educacion-en-salud-ii","status":"publish","type":"page","link":"https:\/\/academia.utp.edu.co\/basicasyaplicadas\/13-educacion-en-salud-ii\/","title":{"rendered":"DP94 Educaci\u00f3n en Salud 2"},"content":{"rendered":"<h3 style=\"text-align: center\"><span style=\"color: #800000\"><strong>EDUCACI\u00d3N EN SALUD II<\/strong><\/span><\/h3>\n<h4 style=\"text-align: justify\">El profesional de Ciencias del Deporte y la Recreaci\u00f3n&nbsp; debe orientar e interactuar con personas en actividad f\u00edsica, que exigen su cuerpo y tienen riesgos que&nbsp; pueden generar situaciones patol\u00f3gicas por uso, sobreuso, estr\u00e9s y trauma.&nbsp; Dentro de sus competencias debe estar el reconocer, prevenir y apoyar el tratamiento y la rehabilitaci\u00f3n de las personas afectas.<\/h4>\n<h3>&nbsp;<a href=\"https:\/\/academia.utp.edu.co\/basicasyaplicadas\/files\/2018\/02\/Microcurr\u00edculo-EDUCACI\u00d3N-EN-SALUD-II-2018-1.pdf\">Microcurr\u00edculo EDUCACI\u00d3N EN SALUD II &#8211; 2018-1<\/a><\/h3>\n<h3>&nbsp;&nbsp;<strong style=\"font-size: 1.17em\"><span style=\"color: #800000\">TEMAS EN EL LINK<\/span><\/strong><\/h3>\n<h3><span style=\"color: #008000\"><a href=\"http:\/\/www.josefernandolopezfisiatra.blogspot.com\/\"><span style=\"color: #008000\">TEMAS DE LESI\u00d3N TRATAMIENTO Y REHABILITACI\u00d3N<\/span><\/a><\/span><\/h3>\n<p><span style=\"color: #008000\">&nbsp;http:\/\/www.josefernandolopezfisiatra.blogspot.com\/<\/span><\/p>\n<p><strong><span style=\"color: #800000\">DOCENTES&nbsp;<\/span><\/strong><\/p>\n<p><span style=\"color: #3366ff\"><span style=\"color: #3366ff\"><a href=\"https:\/\/academia.utp.edu.co\/basicasyaplicadas\/files\/2012\/04\/JOSE-FERNANDO-LOPEZ-HERRERA-Docente.pdf\">JOSE FERNANDO LOPEZ HERRERA &#8211; Docente<\/a><\/span><\/span><\/p>\n","protected":false},"excerpt":{"rendered":"<p>EDUCACI\u00d3N EN SALUD II El profesional de Ciencias del Deporte y la Recreaci\u00f3n&nbsp; debe orientar e interactuar con personas en actividad f\u00edsica, que exigen su cuerpo y tienen riesgos que&nbsp; [&hellip;]<\/p>\n","protected":false},"author":15,"featured_media":0,"parent":0,"menu_order":0,"comment_status":"closed","ping_status":"open","template":"","meta":{"footnotes":""},"class_list":["post-65","page","type-page","status-publish","hentry"],"_links":{"self":[{"href":"https:\/\/academia.utp.edu.co\/basicasyaplicadas\/wp-json\/wp\/v2\/pages\/65","targetHints":{"allow":["GET"]}}],"collection":[{"href":"https:\/\/academia.utp.edu.co\/basicasyaplicadas\/wp-json\/wp\/v2\/pages"}],"about":[{"href":"https:\/\/academia.utp.edu.co\/basicasyaplicadas\/wp-json\/wp\/v2\/types\/page"}],"author":[{"embeddable":true,"href":"https:\/\/academia.utp.edu.co\/basicasyaplicadas\/wp-json\/wp\/v2\/users\/15"}],"replies":[{"embeddable":true,"href":"https:\/\/academia.utp.edu.co\/basicasyaplicadas\/wp-json\/wp\/v2\/comments?post=65"}],"version-history":[{"count":40,"href":"https:\/\/academia.utp.edu.co\/basicasyaplicadas\/wp-json\/wp\/v2\/pages\/65\/revisions"}],"predecessor-version":[{"id":6671,"href":"https:\/\/academia.utp.edu.co\/basicasyaplicadas\/wp-json\/wp\/v2\/pages\/65\/revisions\/6671"}],"wp:attachment":[{"href":"https:\/\/academia.utp.edu.co\/basicasyaplicadas\/wp-json\/wp\/v2\/media?parent=65"}],"curies":[{"name":"wp","href":"https:\/\/api.w.org\/{rel}","templated":true}]}}