{"id":69,"date":"2012-04-18T07:46:44","date_gmt":"2012-04-18T07:46:44","guid":{"rendered":"http:\/\/academia.utp.edu.co\/basicasyaplicadas\/?page_id=69"},"modified":"2021-02-18T11:10:16","modified_gmt":"2021-02-18T16:10:16","slug":"14-medicina-deportiva","status":"publish","type":"page","link":"https:\/\/academia.utp.edu.co\/basicasyaplicadas\/14-medicina-deportiva\/","title":{"rendered":"DPO3 Medicina Deportiva."},"content":{"rendered":"<h3><span style=\"color: #000000\">Los profesionales en Ciencias del Deporte y la Recreaci\u00f3n con \u00e9nfasis en actividad f\u00edsica para la salud, deben adquirir los conocimientos b\u00e1sicos m\u00ednimos acerca de las enfermedades m\u00e1s frecuentes en el ser humano y su posibilidad de participar interdisciplinariamente en procesos de promoci\u00f3n, prevenci\u00f3n, atenci\u00f3n y rehabilitaci\u00f3n, utilizando los conocimientos sobre actividad f\u00edsica, deporte y recreaci\u00f3n, los cuales ser\u00e1n suministrados a lo largo del curso de cuyas bases \u00a0requieren para su ejercicio profesional.<\/span><\/h3>\n<h3><a href=\"https:\/\/academia.utp.edu.co\/basicasyaplicadas\/files\/2012\/04\/PLAN-DE-ASIGNATURA-MEDICINA-DEPORTIVA.pdf\"><span style=\"color: #ff0000\">PLAN DE ASIGNATURA MEDICINA DEPORTIVA<\/span><\/a><\/h3>\n<h3><a href=\"https:\/\/academia.utp.edu.co\/basicasyaplicadas\/files\/2019\/01\/ReProgramacion-clases-Med-Deportiva-JCGT-II-2018.pdf\">ReProgramacion clases Med Deportiva JCGT II-2018<\/a><\/h3>\n<h3><a href=\"https:\/\/academia.utp.edu.co\/basicasyaplicadas\/files\/2019\/01\/Reprogramaci\u00f3n-Clase-MEDICINA-DEPORTIVA-2019-CENG.pdf\"><span style=\"color: #ff0000\">Reprogramaci\u00f3n Clase MEDICINA DEPORTIVA &#8211; 2019 &#8211; CENG<\/span><\/a><\/h3>\n<h2><span style=\"color: #008000\"><a href=\"http:\/\/academia.utp.edu.co\/medicinadeportiva\/\"><span style=\"color: #008000\">ASIGNATURA MEDICINA DEPORTIVA <span style=\"color: #ff0000\">Ingresar<\/span><\/span><\/a><\/span><\/h2>\n<h3><span style=\"color: #008000\">http:\/\/academia.utp.edu.co\/medicinadeportiva\/<\/span><\/h3>\n<p>&nbsp;<\/p>\n<h2><\/h2>\n","protected":false},"excerpt":{"rendered":"<p>Los profesionales en Ciencias del Deporte y la Recreaci\u00f3n con \u00e9nfasis en actividad f\u00edsica para la salud, deben adquirir los conocimientos b\u00e1sicos m\u00ednimos acerca de las enfermedades m\u00e1s frecuentes en [&hellip;]<\/p>\n","protected":false},"author":15,"featured_media":0,"parent":0,"menu_order":0,"comment_status":"closed","ping_status":"open","template":"","meta":{"footnotes":""},"class_list":["post-69","page","type-page","status-publish","hentry"],"_links":{"self":[{"href":"https:\/\/academia.utp.edu.co\/basicasyaplicadas\/wp-json\/wp\/v2\/pages\/69","targetHints":{"allow":["GET"]}}],"collection":[{"href":"https:\/\/academia.utp.edu.co\/basicasyaplicadas\/wp-json\/wp\/v2\/pages"}],"about":[{"href":"https:\/\/academia.utp.edu.co\/basicasyaplicadas\/wp-json\/wp\/v2\/types\/page"}],"author":[{"embeddable":true,"href":"https:\/\/academia.utp.edu.co\/basicasyaplicadas\/wp-json\/wp\/v2\/users\/15"}],"replies":[{"embeddable":true,"href":"https:\/\/academia.utp.edu.co\/basicasyaplicadas\/wp-json\/wp\/v2\/comments?post=69"}],"version-history":[{"count":63,"href":"https:\/\/academia.utp.edu.co\/basicasyaplicadas\/wp-json\/wp\/v2\/pages\/69\/revisions"}],"predecessor-version":[{"id":7691,"href":"https:\/\/academia.utp.edu.co\/basicasyaplicadas\/wp-json\/wp\/v2\/pages\/69\/revisions\/7691"}],"wp:attachment":[{"href":"https:\/\/academia.utp.edu.co\/basicasyaplicadas\/wp-json\/wp\/v2\/media?parent=69"}],"curies":[{"name":"wp","href":"https:\/\/api.w.org\/{rel}","templated":true}]}}