{"id":9596,"date":"2024-08-23T12:35:41","date_gmt":"2024-08-23T17:35:41","guid":{"rendered":"https:\/\/academia.utp.edu.co\/basicasyaplicadas\/?page_id=9596"},"modified":"2024-08-23T12:35:42","modified_gmt":"2024-08-23T17:35:42","slug":"asignaturas-basicas-y-aplicadas","status":"publish","type":"page","link":"https:\/\/academia.utp.edu.co\/basicasyaplicadas\/asignaturas-basicas-y-aplicadas\/","title":{"rendered":"ASIGNATURAS B\u00c1SICAS Y APLICADAS"},"content":{"rendered":"\n<p>Durante el proceso de\u00a0formaci\u00f3n\u00a0de los profesionales de Ciencias del Deporte y la\u00a0Recreaci\u00f3n\u00a0del la Universidad\u00a0Tecnol\u00f3gica\u00a0de Pereira, los estudiantes deben adquirir el conocimiento\u00a0cient\u00edfico\u00a0de las\u00a0caracter\u00edsticas\u00a0integrales del ser humano y su\u00a0interacci\u00f3n\u00a0con el ejercicio, deporte y\u00a0recreaci\u00f3n, este\u00a0conocimiento\u00a0lo adquiere al cursar las asignaturas que se agrupan en el <em><strong>\u00c1REA DE\u00a0B\u00c1SICAS\u00a0Y APLICADAS, <\/strong>las cuales se presentan en este sitio.<\/em><\/p>\n\n\n\n<h4 class=\"wp-block-heading\"><a href=\"http:\/\/salud.utp.edu.co\/deportes-y-recreacion\/inicio.html\">PROGRAMA CIENCIAS DEL DEPORTE Y LA RECREACI\u00d3N<\/a><\/h4>\n\n\n\n<h1 class=\"wp-block-heading\"><a href=\"https:\/\/academia.utp.edu.co\/basicasyaplicadas\/files\/2012\/04\/Objeto-de-Formaci\u00f3n-CDyR-UTP-2018.pdf\">Objeto de Formaci\u00f3n CDyR &#8211; UTP 2018<\/a><\/h1>\n\n\n\n<h2 class=\"wp-block-heading\"><strong><a href=\"https:\/\/academia.utp.edu.co\/basicasyaplicadas\/files\/2019\/05\/Formato-B\u00c1SICO-SOLICITUD-ESPACIO-EN-EL-LABORATORIO-14-126.docx\">Formato B\u00c1SICO SOLICITUD ESPACIO EN EL LABORATORIO 14-126<\/a><\/strong><\/h2>\n\n\n\n<h4 class=\"wp-block-heading\">&nbsp;<a href=\"https:\/\/academia.utp.edu.co\/basicasyaplicadas\/files\/2012\/04\/Cartilla-Estructura-Organica-UTP.pdf\">Cartilla Estructura Org\u00e1nica UTP<\/a><\/h4>\n\n\n\n<h4 class=\"wp-block-heading\"><img loading=\"lazy\" decoding=\"async\" src=\"https:\/\/academia.utp.edu.co\/basicasyaplicadas\/files\/2012\/04\/logo-cdr.jpg\" alt=\"logo cdr\" width=\"169\" height=\"180\"><\/h4>\n\n\n\n<h2 class=\"wp-block-heading\"><a href=\"https:\/\/academia.utp.edu.co\/basicasyaplicadas\/files\/2012\/04\/PLAN-DE-ESTUDIOS-PROGRAMA-CIENCIAS-DEL-DEPORTE-Y-RECREACI\u00d3N.pdf\">PLAN DE ESTUDIOS PROGRAMA CIENCIAS DEL DEPORTE Y&nbsp;<\/a><a href=\"https:\/\/academia.utp.edu.co\/basicasyaplicadas\/files\/2012\/04\/PLAN-DE-ESTUDIOS-PROGRAMA-CIENCIAS-DEL-DEPORTE-Y-RECREACI\u00d3N.pdf\">RECREACI\u00d3N<\/a><\/h2>\n\n\n\n<h3 class=\"wp-block-heading\"><a href=\"https:\/\/academia.utp.edu.co\/basicasyaplicadas\/files\/2012\/04\/PLAN-DE-ESTUDIOS-CIENCIAS-DEL-DEPORTE-Y-RECREACI\u00d3N-UTP-CREDITOS1.pdf\">PLAN DE ESTUDIOS CIENCIAS DEL DEPORTE Y RECREACI\u00d3N UTP-CR\u00c9DITOS<\/a><\/h3>\n\n\n\n<h4 class=\"wp-block-heading\"><a href=\"https:\/\/media2.utp.edu.co\/oficinas\/7\/Acuerdo-No.-42-Calendario-Academico-2024-I.pdf\"><strong>CALENDARIO ACAD\u00c9MICO PARA EL PRIMER SEMESTRE ACAD\u00c9MICO DE 2024<\/strong><\/a><\/h4>\n\n\n\n<h4 class=\"wp-block-heading\"><strong>(ACUERDO DE CONSEJO ACAD\u00c9MICO No. 42 (29 de noviembre de 2023)<\/strong><\/h4>\n\n\n\n<h3 class=\"wp-block-heading\"><strong>REUNIONES DE DOCENTES CDyR Fechas &#8211; 2024-<\/strong>1<\/h3>\n\n\n\n<h3 class=\"wp-block-heading\">&nbsp;<a href=\"http:\/\/www.utp.edu.co\/secretaria\/reglamentoestudiantil\/\" target=\"_blank\" rel=\"noreferrer noopener\">REGLAMENTO ESTUDIANTIL EN L\u00cdNEA<\/a><\/h3>\n\n\n\n<h3 class=\"wp-block-heading\"><a href=\"https:\/\/academia.utp.edu.co\/basicasyaplicadas\/files\/2012\/04\/RESOLUCI\u00d3N-EVALUACION-DOCENTE-INTEGRAL-No.215-3-Ene-2018.pdf\">RESOLUCI\u00d3N EVALUACI\u00d3N DOCENTE INTEGRAL No.215 3 Ene 2018<\/a><\/h3>\n\n\n\n<h3 class=\"wp-block-heading\"><a href=\"https:\/\/academia.utp.edu.co\/basicasyaplicadas\/files\/2012\/04\/MANUAL-DE-MOVILIDAD-FACULTAD-DE-CIENCIAS-DE-LA-SALUD-2018.pdf\">MANUAL DE MOVILIDAD FACULTAD DE CIENCIAS DE LA SALUD 2018.<\/a><\/h3>\n\n\n\n<h2 class=\"wp-block-heading\">&nbsp;<a href=\"https:\/\/academia.utp.edu.co\/basicasyaplicadas\/reglamentacion-salidas-academicas-o-culturales-institucionales\/\">REGLAMENTACI\u00d3N SALIDAS ACAD\u00c9MICAS O CULTURALES INSTITUCIONALES UTP<\/a><\/h2>\n\n\n\n<h2 class=\"wp-block-heading\">PROGRAMACI\u00d3N DE SALIDAS Y FESTIVALES &#8211; CDyR 2024-1<\/h2>\n\n\n\n<h3 class=\"wp-block-heading\">&nbsp;<a href=\"https:\/\/academia.utp.edu.co\/basicasyaplicadas\/files\/2012\/04\/INSTRUCTIVOS-PARA-SOLICITUD-Y-APROBACION-DE-PERMISOS-DOCENTES-Horas-Un-D\u00eda.pdf\">instructivos-para-solicitud-y-aprobaci\u00f3n-de-permisos-docentes-horas-un-dia<\/a><\/h3>\n\n\n\n<h3 class=\"wp-block-heading\"><a href=\"https:\/\/academia.utp.edu.co\/basicasyaplicadas\/files\/2012\/04\/Acuerdo-12-TG-20-ago-2015-REGLAMENTA-LOS-TRABAJOS-DE-GRADO-PREGRADO.pdf\">Acuerdo 12 -TG &#8211; 20 ago 2015 &#8211; REGLAMENTA LOS TRABAJOS DE GRADO PREGRADO<\/a><\/h3>\n\n\n<div class=\"wp-block-image\">\n<figure class=\"alignleft\"><a href=\"https:\/\/academia.utp.edu.co\/basicasyaplicadas\/?page_id=4051&amp;preview=true\" target=\"_blank\" rel=\"noreferrer noopener\"><img decoding=\"async\" src=\"https:\/\/academia.utp.edu.co\/basicasyaplicadas\/files\/2012\/04\/Trabajo-de-Grado-300x141.jpg\" alt=\"Trabajo de Grado\" class=\"wp-image-4081\" \/><\/a><\/figure>\n<\/div>\n\n\n<p><strong><a href=\"https:\/\/academia.utp.edu.co\/basicasyaplicadas\/files\/2012\/04\/TRAMITE-DE-COMISI\u00d3N-DE-SERVICIOS-UTP-CIRCULAR-No.-19-DE-2015.pdf\">TRAMITE DE COMISI\u00d3N DE SERVICIOS UTP &#8211; CIRCULAR No. 19 DE 2015<\/a><\/strong><\/p>\n\n\n\n<p><em><strong><a href=\"https:\/\/academia.utp.edu.co\/basicasyaplicadas\/files\/2012\/04\/FORMATO-COMISIONES-DE-SERVICIO-UTP-2015.xls\">FORMATO COMISIONES DE SERVICIO &#8211; UTP 2015<\/a><\/strong><\/em><\/p>\n\n\n\n<p><strong><a href=\"https:\/\/academia.utp.edu.co\/basicasyaplicadas\/files\/2012\/04\/C\u00d3MO-REGISTRAR-ACTIVIDADES-DE-EXTENSI\u00d3N.pdf\">C\u00d3MO REGISTRAR ACTIVIDADES DE EXTENSI\u00d3N<\/a><\/strong><\/p>\n\n\n\n<h3 class=\"wp-block-heading\"><a href=\"https:\/\/academia.utp.edu.co\/basicasyaplicadas\/files\/2012\/04\/PARAMETROS-Asignaci\u00f3n-y-Reconocimiento-de-Puntaje-Labores-Destacadas-en-Extensi\u00f3n-a\u00f1o-\u2026\u2026\u2026.pdf\">PAR\u00c1METROS &#8211; Asignaci\u00f3n y Reconocimiento de Puntaje Labores Destacadas en Extensi\u00f3n a\u00f1o \u2026\u2026\u2026<\/a><\/h3>\n\n\n\n<h3 class=\"wp-block-heading\"><a href=\"https:\/\/academia.utp.edu.co\/basicasyaplicadas\/files\/2012\/04\/Procedimiento-Refrendaci\u00f3n-de-Incapacidades.pdf\">Procedimiento Refrendaci\u00f3n de Incapacidades<\/a><\/h3>\n\n\n\n<h4 class=\"wp-block-heading\"><strong><a href=\"https:\/\/academia.utp.edu.co\/basicasyaplicadas\/files\/2012\/04\/VINCULACI\u00d3N-HASTA-POR-11-MESES-DOCENTES-TRANSITORIOS-ACUERDO-NO.-05-2015.pdf\">VINCULACI\u00d3N HASTA POR 11 MESES DOCENTES TRANSITORIOS &#8211; ACUERDO NO. 05 -2015<\/a><\/strong><\/h4>\n\n\n\n<h2 class=\"wp-block-heading\">&nbsp;<img loading=\"lazy\" decoding=\"async\" src=\"https:\/\/academia.utp.edu.co\/basicasyaplicadas\/files\/2012\/04\/UTP.jpg\" alt=\"\" width=\"250\" height=\"154\"><\/h2>\n\n\n\n<h4 class=\"wp-block-heading\">&nbsp;<\/h4>\n\n\n\n<h4 class=\"wp-block-heading\">&nbsp;<\/h4>\n\n\n<div class=\"wp-block-image\">\n<figure class=\"alignright\"><a href=\"http:\/\/isc.utp.edu.co\/wiki\/egresados\/Pasa+la+Antorcha\"><img loading=\"lazy\" decoding=\"async\" width=\"300\" height=\"119\" src=\"https:\/\/academia.utp.edu.co\/basicasyaplicadas\/files\/2012\/04\/UTP-PASA-LA-ANTORCHA--300x119.png\" alt=\"PASA LA ANTORCHA\" class=\"wp-image-1217\" srcset=\"https:\/\/academia.utp.edu.co\/basicasyaplicadas\/files\/2012\/04\/UTP-PASA-LA-ANTORCHA--300x119.png 300w, https:\/\/academia.utp.edu.co\/basicasyaplicadas\/files\/2012\/04\/UTP-PASA-LA-ANTORCHA-.png 357w\" sizes=\"auto, (max-width: 300px) 100vw, 300px\" \/><\/a><figcaption class=\"wp-element-caption\">PASA LA ANTORCHA &#8211;<\/figcaption><\/figure>\n<\/div>\n\n\n<h1 class=\"wp-block-heading\">UTP<a href=\"http:\/\/blog.utp.edu.co\/boletinadrenalinapcdyr\/\">BLOG BOLET\u00cdN ADRENALINA<\/a><\/h1>\n\n\n\n<p><a href=\"http:\/\/media.utp.edu.co\/deportes-y-recreacion\/archivos\/boletin_adrenalina_8.pdf\"><\/a><a href=\"http:\/\/blog.utp.edu.co\/pasalaantorcha\/vinculate\/\">PASA LA ANTORCHA VINCULATE<\/a><\/p>\n\n\n\n<h3 class=\"wp-block-heading\"><a href=\"http:\/\/isc.utp.edu.co\/wiki\/egresados\/\">EGRESADOS UTP<\/a><\/h3>\n\n\n\n<h5 class=\"wp-block-heading\"><a href=\"https:\/\/academia.utp.edu.co\/basicasyaplicadas\/files\/2012\/04\/PROGRAMA-PASA-LA-ANTORCHA.pdf\">PROGRAMA PASA LA ANTORCHA<\/a><\/h5>\n\n\n\n<h4 class=\"wp-block-heading\"><a href=\"https:\/\/academia.utp.edu.co\/basicasyaplicadas\/files\/2012\/04\/QUE-ES-ACCIDENTE-DE-TRABAJO-Y-COMO-ACTUAR-UTP.pdf\">QUE ES ACCIDENTE DE TRABAJO Y COMO ACTUAR UTP<\/a><\/h4>\n\n\n\n<h4 class=\"wp-block-heading\"><a href=\"https:\/\/academia.utp.edu.co\/basicasyaplicadas\/files\/2012\/04\/PLAN-DE-EVACUACI\u00d3N-UTP-PROCEDIMIENTO-ESTANDAR-PARA-DOCENTES.pdf\">PLAN DE EVACUACI\u00d3N UTP PROCEDIMIENTO ESTANDAR PARA DOCENTES<\/a><\/h4>\n","protected":false},"excerpt":{"rendered":"<p>Durante el proceso de\u00a0formaci\u00f3n\u00a0de los profesionales de Ciencias del Deporte y la\u00a0Recreaci\u00f3n\u00a0del la Universidad\u00a0Tecnol\u00f3gica\u00a0de Pereira, los estudiantes deben adquirir el conocimiento\u00a0cient\u00edfico\u00a0de las\u00a0caracter\u00edsticas\u00a0integrales del ser humano y su\u00a0interacci\u00f3n\u00a0con el ejercicio, deporte [&hellip;]<\/p>\n","protected":false},"author":15,"featured_media":0,"parent":0,"menu_order":0,"comment_status":"closed","ping_status":"closed","template":"","meta":{"footnotes":""},"class_list":["post-9596","page","type-page","status-publish","hentry"],"_links":{"self":[{"href":"https:\/\/academia.utp.edu.co\/basicasyaplicadas\/wp-json\/wp\/v2\/pages\/9596","targetHints":{"allow":["GET"]}}],"collection":[{"href":"https:\/\/academia.utp.edu.co\/basicasyaplicadas\/wp-json\/wp\/v2\/pages"}],"about":[{"href":"https:\/\/academia.utp.edu.co\/basicasyaplicadas\/wp-json\/wp\/v2\/types\/page"}],"author":[{"embeddable":true,"href":"https:\/\/academia.utp.edu.co\/basicasyaplicadas\/wp-json\/wp\/v2\/users\/15"}],"replies":[{"embeddable":true,"href":"https:\/\/academia.utp.edu.co\/basicasyaplicadas\/wp-json\/wp\/v2\/comments?post=9596"}],"version-history":[{"count":1,"href":"https:\/\/academia.utp.edu.co\/basicasyaplicadas\/wp-json\/wp\/v2\/pages\/9596\/revisions"}],"predecessor-version":[{"id":9598,"href":"https:\/\/academia.utp.edu.co\/basicasyaplicadas\/wp-json\/wp\/v2\/pages\/9596\/revisions\/9598"}],"wp:attachment":[{"href":"https:\/\/academia.utp.edu.co\/basicasyaplicadas\/wp-json\/wp\/v2\/media?parent=9596"}],"curies":[{"name":"wp","href":"https:\/\/api.w.org\/{rel}","templated":true}]}}