{"id":5651,"date":"2019-10-28T22:26:37","date_gmt":"2019-10-28T22:26:37","guid":{"rendered":"http:\/\/academia.utp.edu.co\/basicoclinica\/?page_id=5651"},"modified":"2020-07-05T23:11:47","modified_gmt":"2020-07-05T23:11:47","slug":"basico-clinica","status":"publish","type":"page","link":"https:\/\/academia.utp.edu.co\/basicoclinica\/","title":{"rendered":"B\u00c1SICO-CL\u00cdNICA"},"content":{"rendered":"\n<h2 class=\"wp-block-heading\">Leer&nbsp;<a href=\"https:\/\/academia.utp.edu.co\/basicoclinica\/files\/2012\/04\/PROYECTO-EDUCATIVO-PROGRAMA-DE-MEDICINA-%E2%80%93-UTP-2013-%E2%80%93-v01.pdf\">PROYECTO EDUCATIVO PROGRAMA DE MEDICINA \u2013 UTP 2013 \u2013 v01<\/a><\/h2>\n\n\n\n<h3 class=\"wp-block-heading\"><a href=\"https:\/\/academia.utp.edu.co\/basicoclinica\/files\/2012\/04\/DOCENTE-AUTO%CC%81NOMO-FORMA-ME%CC%81DICOS-LIBRES.pdf\">DOCENTE AUT\u00d3NOMO FORMA M\u00c9DICOS LIBRES<\/a><\/h3>\n\n\n\n<h3 class=\"wp-block-heading\"><a href=\"http:\/\/blog.utp.edu.co\/abclinica\/semiologia-general\/\" target=\"_blank\" rel=\"noreferrer noopener\">BLOG DE LA COORDINACI\u00d3N DE B\u00c1SICO-CL\u00cdNICA<\/a><\/h3>\n\n\n\n<h2 class=\"wp-block-heading\"><a href=\"http:\/\/www.utp.edu.co\/secretaria\/reglamentoestudiantil\/\" target=\"_blank\" rel=\"noreferrer noopener\">REGLAMENTO ESTUDIANTIL EN L\u00cdNEA<\/a><\/h2>\n\n\n\n<h2 class=\"wp-block-heading\"><strong>&nbsp;Asignaturas del \u00c1rea B\u00e1sico-Cl\u00ednica<\/strong><\/h2>\n\n\n\n<h1 class=\"wp-block-heading\">&nbsp;<strong>1. SEMIOLOG\u00cdA GENERAL&nbsp;<\/strong><\/h1>\n\n\n\n<h2 class=\"wp-block-heading\"><strong><a href=\"https:\/\/academia.utp.edu.co\/basicoclinica\/files\/2020\/07\/REPROGRAMACI\u00d3N-Clase-Virtuales-SCV.-4ta-Ronda-7-Julio-2020..pdf\">REPROGRAMACI\u00d3N Clase Virtuales SCV. 4ta Ronda 7 Julio 2020.<\/a><\/strong><\/h2>\n\n\n\n<h1 class=\"wp-block-heading\"><strong>2.&nbsp;FISIOPATOLOG\u00cdA<\/strong><\/h1>\n\n\n\n<h1 class=\"wp-block-heading\"><strong>3. PATOLOG\u00cdA<\/strong><\/h1>\n\n\n\n<h1 class=\"wp-block-heading\"><strong>4.&nbsp;<a href=\"https:\/\/academia.utp.edu.co\/basicoclinica\/files\/2012\/04\/SEMIOLOGI%CC%81A-CARDIOVASCULAR-Virtual.pdf\">SEMIOLOG\u00cdA CARDIOVASCULAR \u2013 Virtual<\/a><\/strong><\/h1>\n\n\n\n<h1 class=\"wp-block-heading\"><strong>5.&nbsp;<a href=\"https:\/\/academia.utp.edu.co\/basicoclinica\/files\/2012\/04\/FISIOPATOLOGI%CC%81A-CARDIOVASCULAR-VIRTUAL1.pdf\">FISIOPATOLOG\u00cdA CARDIOVASCULAR Vi<\/a>rtual<\/strong><\/h1>\n\n\n\n<h3 class=\"wp-block-heading\"><a href=\"https:\/\/academia.utp.edu.co\/basicoclinica\/files\/2012\/04\/RESOLUCIO%CC%81N-EVALUACIO%CC%81N-DOCENTE-INTEGRAL-No.215-3-Ene-2018.pdf\">RESOLUCI\u00d3N EVALUACI\u00d3N DOCENTE INTEGRAL No.215 3 Ene 2018<\/a><\/h3>\n\n\n\n<h3 class=\"wp-block-heading\"><a href=\"https:\/\/academia.utp.edu.co\/basicoclinica\/files\/2012\/04\/MANUAL-DE-MOVILIDAD-FACULTAD-DE-CIENCIAS-DE-LA-SALUD-2018.pdf\">MANUAL DE MOVILIDAD FACULTAD DE CIENCIAS DE LA SALUD 2018.<\/a><\/h3>\n\n\n\n<h3 class=\"wp-block-heading\"><a href=\"https:\/\/academia.utp.edu.co\/basicoclinica\/files\/2019\/04\/CALENDARIO-ACAD%C3%89MICO-2019-1.pdf\">CALENDARIO ACAD\u00c9MICO \u2013 2020-1<\/a><\/h3>\n\n\n\n<h3 class=\"wp-block-heading\"><a href=\"https:\/\/academia.utp.edu.co\/basicoclinica\/files\/2012\/04\/USO-DEL-CARNET.pdf\">USO DEL CARNET<\/a><\/h3>\n\n\n\n<p><a href=\"https:\/\/academia.utp.edu.co\/basicoclinica\/files\/2012\/04\/Uso-de-uniformes.pdf\">Uso de uniformes<\/a><\/p>\n\n\n\n<h3 class=\"wp-block-heading\"><a href=\"https:\/\/academia.utp.edu.co\/basicoclinica\/files\/2012\/04\/Higiene-de-las-manos-OMS.pdf\">Higiene de las manos OMS<\/a><\/h3>\n\n\n\n<h2 class=\"wp-block-heading\"><a href=\"https:\/\/academia.utp.edu.co\/basicoclinica\/files\/2012\/04\/COMUNICACIO%CC%81N-Formato-de-Aceptacio%CC%81n-de-Estudiantes.pdf\">COMUNICACI\u00d3N Formato de Aceptaci\u00f3n de Estudiantes<\/a><\/h2>\n\n\n\n<p><a href=\"https:\/\/academia.utp.edu.co\/basicoclinica\/files\/2012\/04\/FORMATO-DE-ACEPTACIO%CC%81N-ESTUDIANTES.pdf\">FORMATO DE ACEPTACI\u00d3N ESTUDIANTES<\/a><\/p>\n","protected":false},"excerpt":{"rendered":"<p>Leer&nbsp;PROYECTO EDUCATIVO PROGRAMA DE MEDICINA \u2013 UTP 2013 \u2013 v01 DOCENTE AUT\u00d3NOMO FORMA M\u00c9DICOS LIBRES BLOG DE LA COORDINACI\u00d3N DE B\u00c1SICO-CL\u00cdNICA REGLAMENTO ESTUDIANTIL EN L\u00cdNEA &nbsp;Asignaturas del \u00c1rea B\u00e1sico-Cl\u00ednica &nbsp;1. SEMIOLOG\u00cdA GENERAL&nbsp; REPROGRAMACI\u00d3N Clase&#46;&#46;&#46;<\/p>\n","protected":false},"author":531,"featured_media":0,"parent":0,"menu_order":0,"comment_status":"closed","ping_status":"closed","template":"","meta":{"footnotes":""},"class_list":["post-5651","page","type-page","status-publish","hentry"],"_links":{"self":[{"href":"https:\/\/academia.utp.edu.co\/basicoclinica\/wp-json\/wp\/v2\/pages\/5651","targetHints":{"allow":["GET"]}}],"collection":[{"href":"https:\/\/academia.utp.edu.co\/basicoclinica\/wp-json\/wp\/v2\/pages"}],"about":[{"href":"https:\/\/academia.utp.edu.co\/basicoclinica\/wp-json\/wp\/v2\/types\/page"}],"author":[{"embeddable":true,"href":"https:\/\/academia.utp.edu.co\/basicoclinica\/wp-json\/wp\/v2\/users\/531"}],"replies":[{"embeddable":true,"href":"https:\/\/academia.utp.edu.co\/basicoclinica\/wp-json\/wp\/v2\/comments?post=5651"}],"version-history":[{"count":15,"href":"https:\/\/academia.utp.edu.co\/basicoclinica\/wp-json\/wp\/v2\/pages\/5651\/revisions"}],"predecessor-version":[{"id":6201,"href":"https:\/\/academia.utp.edu.co\/basicoclinica\/wp-json\/wp\/v2\/pages\/5651\/revisions\/6201"}],"wp:attachment":[{"href":"https:\/\/academia.utp.edu.co\/basicoclinica\/wp-json\/wp\/v2\/media?parent=5651"}],"curies":[{"name":"wp","href":"https:\/\/api.w.org\/{rel}","templated":true}]}}