{"id":17,"date":"2024-11-15T22:05:55","date_gmt":"2024-11-16T03:05:55","guid":{"rendered":"https:\/\/academia.utp.edu.co\/catedra-de-paz\/?page_id=17"},"modified":"2025-12-08T12:22:32","modified_gmt":"2025-12-08T17:22:32","slug":"tallercorpo","status":"publish","type":"page","link":"https:\/\/academia.utp.edu.co\/catedra-de-paz\/tallercorpo\/","title":{"rendered":"Taller Corpograf\u00eda"},"content":{"rendered":"\n<h2 class=\"wp-block-heading has-text-align-center has-electric-grass-gradient-background has-background\">Taller de Corpograf\u00eda<\/h2>\n\n\n\n<p><\/p>\n\n\n\n<div class=\"wp-block-media-text is-stacked-on-mobile\"><figure class=\"wp-block-media-text__media\"><img loading=\"lazy\" decoding=\"async\" width=\"682\" height=\"1024\" src=\"http:\/\/academia.utp.edu.co\/catedra-de-paz\/files\/2025\/11\/Otono-682x1024.png\" alt=\"\" class=\"wp-image-668 size-full\" srcset=\"https:\/\/academia.utp.edu.co\/catedra-de-paz\/files\/2025\/11\/Otono-682x1024.png 682w, https:\/\/academia.utp.edu.co\/catedra-de-paz\/files\/2025\/11\/Otono-200x300.png 200w, https:\/\/academia.utp.edu.co\/catedra-de-paz\/files\/2025\/11\/Otono-768x1152.png 768w, https:\/\/academia.utp.edu.co\/catedra-de-paz\/files\/2025\/11\/Otono-1024x1536.png 1024w, https:\/\/academia.utp.edu.co\/catedra-de-paz\/files\/2025\/11\/Otono.png 1333w\" sizes=\"auto, (max-width: 682px) 100vw, 682px\" \/><\/figure><div class=\"wp-block-media-text__content\">\n<p><strong>El Cuerpo como Primer Territorio: Memoria, Conflicto y Reconciliaci\u00f3n<\/strong><\/p>\n\n\n\n<p>En el segundo semestre de 2025, la C\u00e1tedra de Paz UTP vivi\u00f3 una nueva edici\u00f3n del Taller de Corpograf\u00eda, una experiencia transformadora donde el cuerpo se erigi\u00f3 como el primer territorio para entender y colectivizar el mundo. Guiados por Daniela Gallo, lxs estudiantes exploraron c\u00f3mo la violencia, la memoria y la reconciliaci\u00f3n se inscriben en nosotros, transformando el espacio personal en un espacio colectivo de uni\u00f3n.<\/p>\n<\/div><\/div>\n\n\n\n<div class=\"wp-block-media-text has-media-on-the-right is-stacked-on-mobile\"><div class=\"wp-block-media-text__content\">\n<p><strong>\u00bfEn qu\u00e9 consisti\u00f3 el taller?<\/strong><\/p>\n\n\n\n<p>Un viaje progresivo que comenz\u00f3 reconoci\u00e9ndonos a trav\u00e9s de juegos y din\u00e1micas que nos ayudaron a habitar plenamente el cuerpo y conectar con lxs dem\u00e1s. Desde ese lugar de presencia, pasamos a \u00abcrear con el cuerpo\u00bb, usando el cuerpo para materializar escenas de conflicto y paz que revelaron nuevas comprensiones de los mismos. Finalmente, dimos el paso a \u00abla palabra hecha cuerpo\u00bb, donde el vocabulario de la paz dej\u00f3 el papel para encarnarse, moverse y transmitir su verdadera carga sensorial y emocional.<\/p>\n\n\n\n<figure class=\"wp-block-image size-large\"><img loading=\"lazy\" decoding=\"async\" width=\"1024\" height=\"438\" src=\"http:\/\/academia.utp.edu.co\/catedra-de-paz\/files\/2025\/11\/WhatsApp-Image-2025-08-27-at-19.34.40-1024x438.jpeg\" alt=\"\" class=\"wp-image-673\" srcset=\"https:\/\/academia.utp.edu.co\/catedra-de-paz\/files\/2025\/11\/WhatsApp-Image-2025-08-27-at-19.34.40-1024x438.jpeg 1024w, https:\/\/academia.utp.edu.co\/catedra-de-paz\/files\/2025\/11\/WhatsApp-Image-2025-08-27-at-19.34.40-300x128.jpeg 300w, https:\/\/academia.utp.edu.co\/catedra-de-paz\/files\/2025\/11\/WhatsApp-Image-2025-08-27-at-19.34.40-768x329.jpeg 768w, https:\/\/academia.utp.edu.co\/catedra-de-paz\/files\/2025\/11\/WhatsApp-Image-2025-08-27-at-19.34.40.jpeg 1364w\" sizes=\"auto, (max-width: 1024px) 100vw, 1024px\" \/><\/figure>\n<\/div><figure class=\"wp-block-media-text__media\"><img loading=\"lazy\" decoding=\"async\" width=\"342\" height=\"608\" src=\"http:\/\/academia.utp.edu.co\/catedra-de-paz\/files\/2025\/11\/Adobe-Express-GIF-DANI-1.gif\" alt=\"\" class=\"wp-image-667 size-full\" \/><\/figure><\/div>\n\n\n\n<p class=\"has-text-align-center\"><strong>\u00bfPor qu\u00e9 es importante?<\/strong><\/p>\n\n\n\n<p>Porque la corpograf\u00eda transforma lo individual en colectivo. Hacemos paz cuando sentimos c\u00f3mo recorre nuestros lazos, cuando reimaginamos conceptos desde la experiencia vivida y no solo desde la teor\u00eda. Este taller confirma que la construcci\u00f3n de paz empieza en el cuerpo: el primer territorio que habitamos y desde donde nos relacionamos con los dem\u00e1s.<\/p>\n\n\n\n<p>Esta fue la versi\u00f3n 2025-2 del Taller de Corpograf\u00eda, un espacio vivo que se reinventa con cada grupo de la C\u00e1tedra de Paz. Agradecemos a todxs lxs participantes por entregarse a este ejercicio de escucha corporal y los invitamos a seguir explorando, desde el arte y el movimiento, formas sensibles de resistencia y construcci\u00f3n de paz.<\/p>\n\n\n\n<p>Revive la experiencia vivida en este y dem\u00e1s talleres aqu\u00ed \u2193<\/p>\n\n\n\n<div class=\"wp-block-buttons is-layout-flex wp-block-buttons-is-layout-flex\"><\/div>\n\n\n\n<div class=\"wp-block-buttons is-layout-flex wp-block-buttons-is-layout-flex\">\n<div class=\"wp-block-button\"><a class=\"wp-block-button__link wp-element-button\" href=\"https:\/\/www.instagram.com\/reel\/DPNRxw8CI0P\/?utm_source=ig_web_copy_link&amp;igsh=MzRlODBiNWFlZA==\">Reel 2025-2<\/a><\/div>\n\n\n\n<div class=\"wp-block-button\"><a class=\"wp-block-button__link wp-element-button\">Reel 2025-1<\/a><\/div>\n\n\n\n<div class=\"wp-block-button\"><a class=\"wp-block-button__link wp-element-button\">Reel 2024<\/a><\/div>\n<\/div>\n\n\n\n<h2 class=\"wp-block-heading has-text-align-left has-electric-grass-gradient-background has-background\">Talleres realizados<\/h2>\n\n\n\n<p>Desde este espacio, podr\u00e1s profundizar en los talleres de corpograf\u00eda realizados en los distintos semestres. T\u00f3mate tu tiempo para conocerlos a fondo. <\/p>\n\n\n\n<ul class=\"wp-block-list\">\n<li>Taller 2025-1: <a href=\"https:\/\/academia.utp.edu.co\/catedra-de-paz\/taller-de-corpografia-2025-1\/\">https:\/\/academia.utp.edu.co\/catedra-de-paz\/taller-de-corpografia-2025-1\/<\/a><\/li>\n\n\n\n<li>Taller 2024: <a href=\"https:\/\/academia.utp.edu.co\/catedra-de-paz\/corpografia-2025-2\/\">https:\/\/academia.utp.edu.co\/catedra-de-paz\/corpografia-2025-2\/<\/a><\/li>\n<\/ul>\n\n\n\n<div class=\"wp-block-group is-layout-grid wp-container-core-group-is-layout-478b6e6b wp-block-group-is-layout-grid\">\n<figure class=\"wp-block-image size-large\"><img loading=\"lazy\" decoding=\"async\" width=\"768\" height=\"1024\" src=\"https:\/\/academia.utp.edu.co\/catedra-de-paz\/files\/2025\/08\/20230830_160922-768x1024.jpg\" alt=\"\" class=\"wp-image-582\" srcset=\"https:\/\/academia.utp.edu.co\/catedra-de-paz\/files\/2025\/08\/20230830_160922-768x1024.jpg 768w, https:\/\/academia.utp.edu.co\/catedra-de-paz\/files\/2025\/08\/20230830_160922-225x300.jpg 225w, https:\/\/academia.utp.edu.co\/catedra-de-paz\/files\/2025\/08\/20230830_160922-1152x1536.jpg 1152w, https:\/\/academia.utp.edu.co\/catedra-de-paz\/files\/2025\/08\/20230830_160922-1536x2048.jpg 1536w, https:\/\/academia.utp.edu.co\/catedra-de-paz\/files\/2025\/08\/20230830_160922-scaled.jpg 1920w\" sizes=\"auto, (max-width: 768px) 100vw, 768px\" \/><\/figure>\n\n\n\n<figure class=\"wp-block-image size-large\"><img loading=\"lazy\" decoding=\"async\" width=\"768\" height=\"1024\" src=\"https:\/\/academia.utp.edu.co\/catedra-de-paz\/files\/2024\/12\/IMG_6504-768x1024.jpg\" alt=\"\" class=\"wp-image-173\" srcset=\"https:\/\/academia.utp.edu.co\/catedra-de-paz\/files\/2024\/12\/IMG_6504-768x1024.jpg 768w, https:\/\/academia.utp.edu.co\/catedra-de-paz\/files\/2024\/12\/IMG_6504-225x300.jpg 225w, https:\/\/academia.utp.edu.co\/catedra-de-paz\/files\/2024\/12\/IMG_6504-1152x1536.jpg 1152w, https:\/\/academia.utp.edu.co\/catedra-de-paz\/files\/2024\/12\/IMG_6504-1536x2048.jpg 1536w, https:\/\/academia.utp.edu.co\/catedra-de-paz\/files\/2024\/12\/IMG_6504-scaled.jpg 1920w\" sizes=\"auto, (max-width: 768px) 100vw, 768px\" \/><\/figure>\n\n\n\n<figure class=\"wp-block-image size-large\"><img loading=\"lazy\" decoding=\"async\" width=\"768\" height=\"1024\" src=\"https:\/\/academia.utp.edu.co\/catedra-de-paz\/files\/2024\/11\/IMG_6500-768x1024.jpg\" alt=\"\" class=\"wp-image-109\" srcset=\"https:\/\/academia.utp.edu.co\/catedra-de-paz\/files\/2024\/11\/IMG_6500-768x1024.jpg 768w, https:\/\/academia.utp.edu.co\/catedra-de-paz\/files\/2024\/11\/IMG_6500-225x300.jpg 225w, https:\/\/academia.utp.edu.co\/catedra-de-paz\/files\/2024\/11\/IMG_6500-1152x1536.jpg 1152w, https:\/\/academia.utp.edu.co\/catedra-de-paz\/files\/2024\/11\/IMG_6500-1536x2048.jpg 1536w, https:\/\/academia.utp.edu.co\/catedra-de-paz\/files\/2024\/11\/IMG_6500-scaled.jpg 1920w\" sizes=\"auto, (max-width: 768px) 100vw, 768px\" \/><\/figure>\n\n\n\n<figure class=\"wp-block-image size-large\"><img loading=\"lazy\" decoding=\"async\" width=\"768\" height=\"1024\" src=\"https:\/\/academia.utp.edu.co\/catedra-de-paz\/files\/2025\/08\/corpo-768x1024.jpg\" alt=\"\" class=\"wp-image-548\" srcset=\"https:\/\/academia.utp.edu.co\/catedra-de-paz\/files\/2025\/08\/corpo-768x1024.jpg 768w, https:\/\/academia.utp.edu.co\/catedra-de-paz\/files\/2025\/08\/corpo-225x300.jpg 225w, https:\/\/academia.utp.edu.co\/catedra-de-paz\/files\/2025\/08\/corpo-1152x1536.jpg 1152w, https:\/\/academia.utp.edu.co\/catedra-de-paz\/files\/2025\/08\/corpo-1536x2048.jpg 1536w, https:\/\/academia.utp.edu.co\/catedra-de-paz\/files\/2025\/08\/corpo-scaled.jpg 1920w\" sizes=\"auto, (max-width: 768px) 100vw, 768px\" \/><\/figure>\n<\/div>\n","protected":false},"excerpt":{"rendered":"<p>Taller de Corpograf\u00eda El Cuerpo como Primer Territorio: Memoria, Conflicto y Reconciliaci\u00f3n En el segundo semestre de 2025, la C\u00e1tedra de Paz UTP vivi\u00f3 una nueva edici\u00f3n del Taller de [&hellip;]<\/p>\n","protected":false},"author":1930,"featured_media":673,"parent":0,"menu_order":0,"comment_status":"closed","ping_status":"closed","template":"","meta":{"site-sidebar-layout":"default","site-content-layout":"","ast-site-content-layout":"default","site-content-style":"default","site-sidebar-style":"default","ast-global-header-display":"","ast-banner-title-visibility":"","ast-main-header-display":"","ast-hfb-above-header-display":"","ast-hfb-below-header-display":"","ast-hfb-mobile-header-display":"","site-post-title":"disabled","ast-breadcrumbs-content":"","ast-featured-img":"","footer-sml-layout":"","ast-disable-related-posts":"","theme-transparent-header-meta":"","adv-header-id-meta":"","stick-header-meta":"","header-above-stick-meta":"","header-main-stick-meta":"","header-below-stick-meta":"","astra-migrate-meta-layouts":"default","ast-page-background-enabled":"default","ast-page-background-meta":{"desktop":{"background-color":"var(--ast-global-color-5)","background-image":"","background-repeat":"repeat","background-position":"center center","background-size":"auto","background-attachment":"scroll","background-type":"","background-media":"","overlay-type":"","overlay-color":"","overlay-opacity":"","overlay-gradient":""},"tablet":{"background-color":"","background-image":"","background-repeat":"repeat","background-position":"center center","background-size":"auto","background-attachment":"scroll","background-type":"","background-media":"","overlay-type":"","overlay-color":"","overlay-opacity":"","overlay-gradient":""},"mobile":{"background-color":"","background-image":"","background-repeat":"repeat","background-position":"center center","background-size":"auto","background-attachment":"scroll","background-type":"","background-media":"","overlay-type":"","overlay-color":"","overlay-opacity":"","overlay-gradient":""}},"ast-content-background-meta":{"desktop":{"background-color":"var(--ast-global-color-4)","background-image":"","background-repeat":"repeat","background-position":"center center","background-size":"auto","background-attachment":"scroll","background-type":"","background-media":"","overlay-type":"","overlay-color":"","overlay-opacity":"","overlay-gradient":""},"tablet":{"background-color":"var(--ast-global-color-4)","background-image":"","background-repeat":"repeat","background-position":"center center","background-size":"auto","background-attachment":"scroll","background-type":"","background-media":"","overlay-type":"","overlay-color":"","overlay-opacity":"","overlay-gradient":""},"mobile":{"background-color":"var(--ast-global-color-4)","background-image":"","background-repeat":"repeat","background-position":"center center","background-size":"auto","background-attachment":"scroll","background-type":"","background-media":"","overlay-type":"","overlay-color":"","overlay-opacity":"","overlay-gradient":""}},"footnotes":""},"class_list":["post-17","page","type-page","status-publish","has-post-thumbnail","hentry"],"_links":{"self":[{"href":"https:\/\/academia.utp.edu.co\/catedra-de-paz\/wp-json\/wp\/v2\/pages\/17","targetHints":{"allow":["GET"]}}],"collection":[{"href":"https:\/\/academia.utp.edu.co\/catedra-de-paz\/wp-json\/wp\/v2\/pages"}],"about":[{"href":"https:\/\/academia.utp.edu.co\/catedra-de-paz\/wp-json\/wp\/v2\/types\/page"}],"author":[{"embeddable":true,"href":"https:\/\/academia.utp.edu.co\/catedra-de-paz\/wp-json\/wp\/v2\/users\/1930"}],"replies":[{"embeddable":true,"href":"https:\/\/academia.utp.edu.co\/catedra-de-paz\/wp-json\/wp\/v2\/comments?post=17"}],"version-history":[{"count":23,"href":"https:\/\/academia.utp.edu.co\/catedra-de-paz\/wp-json\/wp\/v2\/pages\/17\/revisions"}],"predecessor-version":[{"id":760,"href":"https:\/\/academia.utp.edu.co\/catedra-de-paz\/wp-json\/wp\/v2\/pages\/17\/revisions\/760"}],"wp:featuredmedia":[{"embeddable":true,"href":"https:\/\/academia.utp.edu.co\/catedra-de-paz\/wp-json\/wp\/v2\/media\/673"}],"wp:attachment":[{"href":"https:\/\/academia.utp.edu.co\/catedra-de-paz\/wp-json\/wp\/v2\/media?parent=17"}],"curies":[{"name":"wp","href":"https:\/\/api.w.org\/{rel}","templated":true}]}}