{"id":18,"date":"2024-11-15T22:05:43","date_gmt":"2024-11-16T03:05:43","guid":{"rendered":"https:\/\/academia.utp.edu.co\/catedra-de-paz\/?page_id=18"},"modified":"2025-11-08T13:02:20","modified_gmt":"2025-11-08T18:02:20","slug":"salidas-de-campo","status":"publish","type":"page","link":"https:\/\/academia.utp.edu.co\/catedra-de-paz\/salidas-de-campo\/","title":{"rendered":"Salidas de Campo"},"content":{"rendered":"\n<h2 class=\"wp-block-heading has-text-align-center has-electric-grass-gradient-background has-background\">Salidas de campo<\/h2>\n\n\n\n<p>Las salidas de campo son una parte fundamental del proceso formativo de la C\u00e1tedra de Paz. A trav\u00e9s de estas experiencias, estudiantes y docentes tienen la oportunidad de aproximarse directamente a lugares significativos por su historia, memoria, resistencia y experiencias comunitarias de construcci\u00f3n de paz.<\/p>\n\n\n\n<p>Cada salida es una experiencia pedag\u00f3gica vivencial que permite reconocer los impactos del conflicto armado, dialogar con las comunidades locales y comprender las m\u00faltiples formas en que se construye la paz desde en y desde los territorios.<\/p>\n\n\n\n<p>En esta secci\u00f3n encontrar\u00e1s una memoria detallada de las salidas realizadas en los \u00faltimos a\u00f1os, con im\u00e1genes, relatos, aprendizajes colectivos y reflexiones que surgen del contacto directo con las personas y paisajes en los que d\u00eda a d\u00eda se construyen otras formas de sentir y habitar el mundo.<\/p>\n\n\n\n<p>Conoce a fondo cada una de nuestras salidas m\u00e1s recientes:<\/p>\n\n\n\n<ul class=\"wp-block-list\">\n<li>La Judea 2024-2: <a href=\"https:\/\/academia.utp.edu.co\/catedra-de-paz\/salida-de-campo-2024-2-la-judea\/\">https:\/\/academia.utp.edu.co\/catedra-de-paz\/salida-de-campo-2024-2-la-judea\/<\/a><\/li>\n\n\n\n<li>Trujillo Valle del Cauca 2025-1: <a href=\"https:\/\/academia.utp.edu.co\/catedra-de-paz\/salida-de-campo-2025-1-trujillo-valle-del-cauca\/\">https:\/\/academia.utp.edu.co\/catedra-de-paz\/salida-de-campo-2025-1-trujillo-valle-del-cauca\/<\/a><\/li>\n\n\n\n<li>Salida Riosucio &#8211; Resguardo Ca\u00f1amomo Lomaprieta 2025-2: <a href=\"https:\/\/academia.utp.edu.co\/catedra-de-paz\/salida-riosucio-resguardo-canamomo-lomaprieta\/\">https:\/\/academia.utp.edu.co\/catedra-de-paz\/salida-riosucio-resguardo-canamomo-lomaprieta\/<\/a><\/li>\n<\/ul>\n\n\n\n<p><\/p>\n\n\n\n<p><\/p>\n","protected":false},"excerpt":{"rendered":"<p>Salidas de campo Las salidas de campo son una parte fundamental del proceso formativo de la C\u00e1tedra de Paz. A trav\u00e9s de estas experiencias, estudiantes y docentes tienen la oportunidad [&hellip;]<\/p>\n","protected":false},"author":1930,"featured_media":111,"parent":0,"menu_order":0,"comment_status":"closed","ping_status":"closed","template":"","meta":{"site-sidebar-layout":"default","site-content-layout":"","ast-site-content-layout":"default","site-content-style":"default","site-sidebar-style":"default","ast-global-header-display":"","ast-banner-title-visibility":"","ast-main-header-display":"","ast-hfb-above-header-display":"","ast-hfb-below-header-display":"","ast-hfb-mobile-header-display":"","site-post-title":"disabled","ast-breadcrumbs-content":"","ast-featured-img":"","footer-sml-layout":"","ast-disable-related-posts":"","theme-transparent-header-meta":"","adv-header-id-meta":"","stick-header-meta":"","header-above-stick-meta":"","header-main-stick-meta":"","header-below-stick-meta":"","astra-migrate-meta-layouts":"default","ast-page-background-enabled":"default","ast-page-background-meta":{"desktop":{"background-color":"var(--ast-global-color-5)","background-image":"","background-repeat":"repeat","background-position":"center center","background-size":"auto","background-attachment":"scroll","background-type":"","background-media":"","overlay-type":"","overlay-color":"","overlay-opacity":"","overlay-gradient":""},"tablet":{"background-color":"","background-image":"","background-repeat":"repeat","background-position":"center center","background-size":"auto","background-attachment":"scroll","background-type":"","background-media":"","overlay-type":"","overlay-color":"","overlay-opacity":"","overlay-gradient":""},"mobile":{"background-color":"","background-image":"","background-repeat":"repeat","background-position":"center center","background-size":"auto","background-attachment":"scroll","background-type":"","background-media":"","overlay-type":"","overlay-color":"","overlay-opacity":"","overlay-gradient":""}},"ast-content-background-meta":{"desktop":{"background-color":"var(--ast-global-color-4)","background-image":"","background-repeat":"repeat","background-position":"center center","background-size":"auto","background-attachment":"scroll","background-type":"","background-media":"","overlay-type":"","overlay-color":"","overlay-opacity":"","overlay-gradient":""},"tablet":{"background-color":"var(--ast-global-color-4)","background-image":"","background-repeat":"repeat","background-position":"center center","background-size":"auto","background-attachment":"scroll","background-type":"","background-media":"","overlay-type":"","overlay-color":"","overlay-opacity":"","overlay-gradient":""},"mobile":{"background-color":"var(--ast-global-color-4)","background-image":"","background-repeat":"repeat","background-position":"center center","background-size":"auto","background-attachment":"scroll","background-type":"","background-media":"","overlay-type":"","overlay-color":"","overlay-opacity":"","overlay-gradient":""}},"footnotes":""},"class_list":["post-18","page","type-page","status-publish","has-post-thumbnail","hentry"],"_links":{"self":[{"href":"https:\/\/academia.utp.edu.co\/catedra-de-paz\/wp-json\/wp\/v2\/pages\/18","targetHints":{"allow":["GET"]}}],"collection":[{"href":"https:\/\/academia.utp.edu.co\/catedra-de-paz\/wp-json\/wp\/v2\/pages"}],"about":[{"href":"https:\/\/academia.utp.edu.co\/catedra-de-paz\/wp-json\/wp\/v2\/types\/page"}],"author":[{"embeddable":true,"href":"https:\/\/academia.utp.edu.co\/catedra-de-paz\/wp-json\/wp\/v2\/users\/1930"}],"replies":[{"embeddable":true,"href":"https:\/\/academia.utp.edu.co\/catedra-de-paz\/wp-json\/wp\/v2\/comments?post=18"}],"version-history":[{"count":13,"href":"https:\/\/academia.utp.edu.co\/catedra-de-paz\/wp-json\/wp\/v2\/pages\/18\/revisions"}],"predecessor-version":[{"id":660,"href":"https:\/\/academia.utp.edu.co\/catedra-de-paz\/wp-json\/wp\/v2\/pages\/18\/revisions\/660"}],"wp:featuredmedia":[{"embeddable":true,"href":"https:\/\/academia.utp.edu.co\/catedra-de-paz\/wp-json\/wp\/v2\/media\/111"}],"wp:attachment":[{"href":"https:\/\/academia.utp.edu.co\/catedra-de-paz\/wp-json\/wp\/v2\/media?parent=18"}],"curies":[{"name":"wp","href":"https:\/\/api.w.org\/{rel}","templated":true}]}}