{"id":24,"date":"2024-11-15T22:04:08","date_gmt":"2024-11-16T03:04:08","guid":{"rendered":"https:\/\/academia.utp.edu.co\/catedra-de-paz\/?page_id=24"},"modified":"2025-04-11T17:53:57","modified_gmt":"2025-04-11T22:53:57","slug":"historia","status":"publish","type":"page","link":"https:\/\/academia.utp.edu.co\/catedra-de-paz\/historia\/","title":{"rendered":"Historia"},"content":{"rendered":"\n<p>La c\u00e1tedra de Paz es Proyecto Institucional liderado por el Departamento de Humanidades Avalado por el Consejo Acad\u00e9mico de la Universidad para ser ofertado como Optativa en todos los programas acad\u00e9micos de pregrado. Tiene como fin \u00abgarantizar la creaci\u00f3n y el fortalecimiento de una cultura de paz en Colombia\u00bb (Art\u00edculo 1\u00ba, Ley 1732 de 1 de septiembre de 2014), para lo cual es necesaria la construcci\u00f3n de la paz en el pa\u00eds a trav\u00e9s de la v\u00eda democr\u00e1tica, pol\u00edtica y por tanto negociada. <\/p>\n\n\n\n<figure class=\"wp-block-gallery has-nested-images columns-default is-cropped wp-block-gallery-1 is-layout-flex wp-block-gallery-is-layout-flex\">\n<figure class=\"wp-block-image size-large\"><img loading=\"lazy\" decoding=\"async\" width=\"1024\" height=\"768\" data-id=\"225\" src=\"https:\/\/academia.utp.edu.co\/catedra-de-paz\/files\/2024\/12\/IMG_4776-1024x768.jpg\" alt=\"\" class=\"wp-image-225\" srcset=\"https:\/\/academia.utp.edu.co\/catedra-de-paz\/files\/2024\/12\/IMG_4776-1024x768.jpg 1024w, https:\/\/academia.utp.edu.co\/catedra-de-paz\/files\/2024\/12\/IMG_4776-300x225.jpg 300w, https:\/\/academia.utp.edu.co\/catedra-de-paz\/files\/2024\/12\/IMG_4776-768x576.jpg 768w, https:\/\/academia.utp.edu.co\/catedra-de-paz\/files\/2024\/12\/IMG_4776-1536x1152.jpg 1536w, https:\/\/academia.utp.edu.co\/catedra-de-paz\/files\/2024\/12\/IMG_4776-2048x1536.jpg 2048w\" sizes=\"auto, (max-width: 1024px) 100vw, 1024px\" \/><\/figure>\n\n\n\n<figure class=\"wp-block-image size-large\"><img loading=\"lazy\" decoding=\"async\" width=\"1024\" height=\"768\" data-id=\"226\" src=\"https:\/\/academia.utp.edu.co\/catedra-de-paz\/files\/2024\/12\/IMG_2794-1024x768.jpg\" alt=\"\" class=\"wp-image-226\" srcset=\"https:\/\/academia.utp.edu.co\/catedra-de-paz\/files\/2024\/12\/IMG_2794-1024x768.jpg 1024w, https:\/\/academia.utp.edu.co\/catedra-de-paz\/files\/2024\/12\/IMG_2794-300x225.jpg 300w, https:\/\/academia.utp.edu.co\/catedra-de-paz\/files\/2024\/12\/IMG_2794-768x576.jpg 768w, https:\/\/academia.utp.edu.co\/catedra-de-paz\/files\/2024\/12\/IMG_2794-1536x1152.jpg 1536w, https:\/\/academia.utp.edu.co\/catedra-de-paz\/files\/2024\/12\/IMG_2794-2048x1536.jpg 2048w\" sizes=\"auto, (max-width: 1024px) 100vw, 1024px\" \/><\/figure>\n\n\n\n<figure class=\"wp-block-image size-large\"><img loading=\"lazy\" decoding=\"async\" width=\"1024\" height=\"768\" data-id=\"222\" src=\"https:\/\/academia.utp.edu.co\/catedra-de-paz\/files\/2024\/12\/IMG_2728-1024x768.jpg\" alt=\"\" class=\"wp-image-222\" srcset=\"https:\/\/academia.utp.edu.co\/catedra-de-paz\/files\/2024\/12\/IMG_2728-1024x768.jpg 1024w, https:\/\/academia.utp.edu.co\/catedra-de-paz\/files\/2024\/12\/IMG_2728-300x225.jpg 300w, https:\/\/academia.utp.edu.co\/catedra-de-paz\/files\/2024\/12\/IMG_2728-768x576.jpg 768w, https:\/\/academia.utp.edu.co\/catedra-de-paz\/files\/2024\/12\/IMG_2728-1536x1152.jpg 1536w, https:\/\/academia.utp.edu.co\/catedra-de-paz\/files\/2024\/12\/IMG_2728-2048x1536.jpg 2048w\" sizes=\"auto, (max-width: 1024px) 100vw, 1024px\" \/><\/figure>\n\n\n\n<figure class=\"wp-block-image size-large\"><img loading=\"lazy\" decoding=\"async\" width=\"1024\" height=\"682\" data-id=\"162\" src=\"https:\/\/academia.utp.edu.co\/catedra-de-paz\/files\/2024\/12\/YDRAY-_MG_4361-1024x682.jpg\" alt=\"\" class=\"wp-image-162\" srcset=\"https:\/\/academia.utp.edu.co\/catedra-de-paz\/files\/2024\/12\/YDRAY-_MG_4361-1024x682.jpg 1024w, https:\/\/academia.utp.edu.co\/catedra-de-paz\/files\/2024\/12\/YDRAY-_MG_4361-300x200.jpg 300w, https:\/\/academia.utp.edu.co\/catedra-de-paz\/files\/2024\/12\/YDRAY-_MG_4361-768x511.jpg 768w, https:\/\/academia.utp.edu.co\/catedra-de-paz\/files\/2024\/12\/YDRAY-_MG_4361-1536x1023.jpg 1536w, https:\/\/academia.utp.edu.co\/catedra-de-paz\/files\/2024\/12\/YDRAY-_MG_4361-2048x1364.jpg 2048w\" sizes=\"auto, (max-width: 1024px) 100vw, 1024px\" \/><\/figure>\n<\/figure>\n\n\n\n<p>Generar entonces, escenarios de discusi\u00f3n acad\u00e9mica y pol\u00edtica al interior de la Universidad, potencia a mediano y a largo plazo la conformaci\u00f3n de posturas cr\u00edticas frente a los conflictos y proporciona herramientas propias para la negociaci\u00f3n pol\u00edtica as\u00ed como la comprensi\u00f3n de las condiciones que llevar\u00edan a la terminaci\u00f3n del conflicto armado en Colombia.<\/p>\n\n\n\n<figure class=\"wp-block-gallery has-nested-images columns-default is-cropped wp-block-gallery-2 is-layout-flex wp-block-gallery-is-layout-flex\">\n<figure class=\"wp-block-image size-large\"><img loading=\"lazy\" decoding=\"async\" width=\"1024\" height=\"768\" data-id=\"214\" src=\"https:\/\/academia.utp.edu.co\/catedra-de-paz\/files\/2024\/12\/IMG_2819-1024x768.jpg\" alt=\"\" class=\"wp-image-214\" srcset=\"https:\/\/academia.utp.edu.co\/catedra-de-paz\/files\/2024\/12\/IMG_2819-1024x768.jpg 1024w, https:\/\/academia.utp.edu.co\/catedra-de-paz\/files\/2024\/12\/IMG_2819-300x225.jpg 300w, https:\/\/academia.utp.edu.co\/catedra-de-paz\/files\/2024\/12\/IMG_2819-768x576.jpg 768w, https:\/\/academia.utp.edu.co\/catedra-de-paz\/files\/2024\/12\/IMG_2819-1536x1152.jpg 1536w, https:\/\/academia.utp.edu.co\/catedra-de-paz\/files\/2024\/12\/IMG_2819-2048x1536.jpg 2048w\" sizes=\"auto, (max-width: 1024px) 100vw, 1024px\" \/><\/figure>\n\n\n\n<figure class=\"wp-block-image size-large\"><img loading=\"lazy\" decoding=\"async\" width=\"768\" height=\"1024\" data-id=\"184\" src=\"https:\/\/academia.utp.edu.co\/catedra-de-paz\/files\/2024\/12\/IMG_7009-768x1024.jpg\" alt=\"\" class=\"wp-image-184\" srcset=\"https:\/\/academia.utp.edu.co\/catedra-de-paz\/files\/2024\/12\/IMG_7009-768x1024.jpg 768w, https:\/\/academia.utp.edu.co\/catedra-de-paz\/files\/2024\/12\/IMG_7009-225x300.jpg 225w, https:\/\/academia.utp.edu.co\/catedra-de-paz\/files\/2024\/12\/IMG_7009-1152x1536.jpg 1152w, https:\/\/academia.utp.edu.co\/catedra-de-paz\/files\/2024\/12\/IMG_7009-1536x2048.jpg 1536w, https:\/\/academia.utp.edu.co\/catedra-de-paz\/files\/2024\/12\/IMG_7009-scaled.jpg 1920w\" sizes=\"auto, (max-width: 768px) 100vw, 768px\" \/><\/figure>\n\n\n\n<figure class=\"wp-block-image size-large\"><img loading=\"lazy\" decoding=\"async\" width=\"1024\" height=\"682\" data-id=\"159\" src=\"https:\/\/academia.utp.edu.co\/catedra-de-paz\/files\/2024\/12\/YDRAY-_MG_4438-1024x682.jpg\" alt=\"\" class=\"wp-image-159\" srcset=\"https:\/\/academia.utp.edu.co\/catedra-de-paz\/files\/2024\/12\/YDRAY-_MG_4438-1024x682.jpg 1024w, https:\/\/academia.utp.edu.co\/catedra-de-paz\/files\/2024\/12\/YDRAY-_MG_4438-300x200.jpg 300w, https:\/\/academia.utp.edu.co\/catedra-de-paz\/files\/2024\/12\/YDRAY-_MG_4438-768x511.jpg 768w, https:\/\/academia.utp.edu.co\/catedra-de-paz\/files\/2024\/12\/YDRAY-_MG_4438-1536x1023.jpg 1536w, https:\/\/academia.utp.edu.co\/catedra-de-paz\/files\/2024\/12\/YDRAY-_MG_4438-2048x1364.jpg 2048w\" sizes=\"auto, (max-width: 1024px) 100vw, 1024px\" \/><\/figure>\n\n\n\n<figure class=\"wp-block-image size-large\"><img loading=\"lazy\" decoding=\"async\" width=\"682\" height=\"1024\" data-id=\"156\" src=\"https:\/\/academia.utp.edu.co\/catedra-de-paz\/files\/2024\/12\/YDRAY-_MG_4454-682x1024.jpg\" alt=\"\" class=\"wp-image-156\" srcset=\"https:\/\/academia.utp.edu.co\/catedra-de-paz\/files\/2024\/12\/YDRAY-_MG_4454-682x1024.jpg 682w, https:\/\/academia.utp.edu.co\/catedra-de-paz\/files\/2024\/12\/YDRAY-_MG_4454-200x300.jpg 200w, https:\/\/academia.utp.edu.co\/catedra-de-paz\/files\/2024\/12\/YDRAY-_MG_4454-768x1153.jpg 768w, https:\/\/academia.utp.edu.co\/catedra-de-paz\/files\/2024\/12\/YDRAY-_MG_4454-1023x1536.jpg 1023w, https:\/\/academia.utp.edu.co\/catedra-de-paz\/files\/2024\/12\/YDRAY-_MG_4454-1364x2048.jpg 1364w, https:\/\/academia.utp.edu.co\/catedra-de-paz\/files\/2024\/12\/YDRAY-_MG_4454-scaled.jpg 1704w\" sizes=\"auto, (max-width: 682px) 100vw, 682px\" \/><\/figure>\n<\/figure>\n\n\n\n<p>Esta electiva se desarrolla a partir de metodolog\u00edas activas, y experiencias vivenciales. De igual manera, las clases siempre est\u00e1n ambientadas con distintos recursos expresivos y herramientas para la reflexi\u00f3n y la construcci\u00f3n conjunta de saberes y acciones en pro de la eliminaci\u00f3n de todas las formas de violencia.<\/p>\n\n\n<a class=\"wp-block-read-more\" href=\"https:\/\/academia.utp.edu.co\/catedra-de-paz\/historia\/\" target=\"_self\"><a href=\"https:\/\/www.instagram.com\/p\/C0Oh4KyrXwp\/\"><\/a>haz clic aqu\u00ed: <a href=\"https:\/\/www.instagram.com\/p\/C0Oh4KyrXwp\/\"><strong>Instagram<\/strong><\/a>, para ver una recopilaci\u00f3n de las diferentes actividades realizadas. <span class=\"screen-reader-text\">: Historia<\/span><\/a>\n\n\n<p><\/p>\n","protected":false},"excerpt":{"rendered":"<p>La c\u00e1tedra de Paz es Proyecto Institucional liderado por el Departamento de Humanidades Avalado por el Consejo Acad\u00e9mico de la Universidad para ser ofertado como Optativa en todos los programas [&hellip;]<\/p>\n","protected":false},"author":1930,"featured_media":0,"parent":0,"menu_order":0,"comment_status":"closed","ping_status":"closed","template":"","meta":{"site-sidebar-layout":"default","site-content-layout":"","ast-site-content-layout":"default","site-content-style":"default","site-sidebar-style":"default","ast-global-header-display":"","ast-banner-title-visibility":"","ast-main-header-display":"","ast-hfb-above-header-display":"","ast-hfb-below-header-display":"","ast-hfb-mobile-header-display":"","site-post-title":"","ast-breadcrumbs-content":"","ast-featured-img":"","footer-sml-layout":"","ast-disable-related-posts":"","theme-transparent-header-meta":"","adv-header-id-meta":"","stick-header-meta":"","header-above-stick-meta":"","header-main-stick-meta":"","header-below-stick-meta":"","astra-migrate-meta-layouts":"default","ast-page-background-enabled":"default","ast-page-background-meta":{"desktop":{"background-color":"var(--ast-global-color-5)","background-image":"","background-repeat":"repeat","background-position":"center center","background-size":"auto","background-attachment":"scroll","background-type":"","background-media":"","overlay-type":"","overlay-color":"","overlay-opacity":"","overlay-gradient":""},"tablet":{"background-color":"","background-image":"","background-repeat":"repeat","background-position":"center center","background-size":"auto","background-attachment":"scroll","background-type":"","background-media":"","overlay-type":"","overlay-color":"","overlay-opacity":"","overlay-gradient":""},"mobile":{"background-color":"","background-image":"","background-repeat":"repeat","background-position":"center center","background-size":"auto","background-attachment":"scroll","background-type":"","background-media":"","overlay-type":"","overlay-color":"","overlay-opacity":"","overlay-gradient":""}},"ast-content-background-meta":{"desktop":{"background-color":"var(--ast-global-color-4)","background-image":"","background-repeat":"repeat","background-position":"center center","background-size":"auto","background-attachment":"scroll","background-type":"","background-media":"","overlay-type":"","overlay-color":"","overlay-opacity":"","overlay-gradient":""},"tablet":{"background-color":"var(--ast-global-color-4)","background-image":"","background-repeat":"repeat","background-position":"center center","background-size":"auto","background-attachment":"scroll","background-type":"","background-media":"","overlay-type":"","overlay-color":"","overlay-opacity":"","overlay-gradient":""},"mobile":{"background-color":"var(--ast-global-color-4)","background-image":"","background-repeat":"repeat","background-position":"center center","background-size":"auto","background-attachment":"scroll","background-type":"","background-media":"","overlay-type":"","overlay-color":"","overlay-opacity":"","overlay-gradient":""}},"footnotes":""},"class_list":["post-24","page","type-page","status-publish","hentry"],"_links":{"self":[{"href":"https:\/\/academia.utp.edu.co\/catedra-de-paz\/wp-json\/wp\/v2\/pages\/24","targetHints":{"allow":["GET"]}}],"collection":[{"href":"https:\/\/academia.utp.edu.co\/catedra-de-paz\/wp-json\/wp\/v2\/pages"}],"about":[{"href":"https:\/\/academia.utp.edu.co\/catedra-de-paz\/wp-json\/wp\/v2\/types\/page"}],"author":[{"embeddable":true,"href":"https:\/\/academia.utp.edu.co\/catedra-de-paz\/wp-json\/wp\/v2\/users\/1930"}],"replies":[{"embeddable":true,"href":"https:\/\/academia.utp.edu.co\/catedra-de-paz\/wp-json\/wp\/v2\/comments?post=24"}],"version-history":[{"count":7,"href":"https:\/\/academia.utp.edu.co\/catedra-de-paz\/wp-json\/wp\/v2\/pages\/24\/revisions"}],"predecessor-version":[{"id":434,"href":"https:\/\/academia.utp.edu.co\/catedra-de-paz\/wp-json\/wp\/v2\/pages\/24\/revisions\/434"}],"wp:attachment":[{"href":"https:\/\/academia.utp.edu.co\/catedra-de-paz\/wp-json\/wp\/v2\/media?parent=24"}],"curies":[{"name":"wp","href":"https:\/\/api.w.org\/{rel}","templated":true}]}}