{"id":25,"date":"2024-11-15T22:03:49","date_gmt":"2024-11-16T03:03:49","guid":{"rendered":"https:\/\/academia.utp.edu.co\/catedra-de-paz\/?page_id=25"},"modified":"2025-08-03T22:00:17","modified_gmt":"2025-08-04T03:00:17","slug":"proyectos-de-investigacion","status":"publish","type":"page","link":"https:\/\/academia.utp.edu.co\/catedra-de-paz\/proyectos-de-investigacion\/","title":{"rendered":"Proyectos de investigaci\u00f3n"},"content":{"rendered":"\n<h2 class=\"wp-block-heading has-text-align-center has-pale-ocean-gradient-background has-background\">Proyectos de investigaci\u00f3n<\/h2>\n\n\n\n<div data-wp-interactive=\"core\/file\" class=\"wp-block-file\"><object data-wp-bind--hidden=\"!state.hasPdfPreview\" hidden class=\"wp-block-file__embed\" data=\"https:\/\/academia.utp.edu.co\/catedra-de-paz\/files\/2025\/08\/El-material-documental-sobre-Educacion-para-la-Paz-en-Pereira-su-valor-como-fondo-archivistico-de-las-dinamicas-del-conflicto-armado-en-la-region.pdf\" type=\"application\/pdf\" style=\"width:100%;height:600px\" aria-label=\"Incrustado de El material documental sobre Educaci\u00f3n para la Paz en Pereira su valor como fondo archiv\u00edstico de las din\u00e1micas del conflicto armado en la regi\u00f3n.\"><\/object><a id=\"wp-block-file--media-1a455c0e-0db7-4d50-8652-413b24d4fab8\" href=\"https:\/\/academia.utp.edu.co\/catedra-de-paz\/files\/2025\/08\/El-material-documental-sobre-Educacion-para-la-Paz-en-Pereira-su-valor-como-fondo-archivistico-de-las-dinamicas-del-conflicto-armado-en-la-region.pdf\">El material documental sobre Educaci\u00f3n para la Paz en Pereira su valor como fondo archiv\u00edstico de las din\u00e1micas del conflicto armado en la regi\u00f3n<\/a><a href=\"https:\/\/academia.utp.edu.co\/catedra-de-paz\/files\/2025\/08\/El-material-documental-sobre-Educacion-para-la-Paz-en-Pereira-su-valor-como-fondo-archivistico-de-las-dinamicas-del-conflicto-armado-en-la-region.pdf\" class=\"wp-block-file__button wp-element-button\" download aria-describedby=\"wp-block-file--media-1a455c0e-0db7-4d50-8652-413b24d4fab8\">Descarga<\/a><\/div>\n","protected":false},"excerpt":{"rendered":"<p>Proyectos de investigaci\u00f3n<\/p>\n","protected":false},"author":1930,"featured_media":0,"parent":0,"menu_order":0,"comment_status":"closed","ping_status":"closed","template":"","meta":{"site-sidebar-layout":"default","site-content-layout":"","ast-site-content-layout":"default","site-content-style":"default","site-sidebar-style":"default","ast-global-header-display":"","ast-banner-title-visibility":"","ast-main-header-display":"","ast-hfb-above-header-display":"","ast-hfb-below-header-display":"","ast-hfb-mobile-header-display":"","site-post-title":"disabled","ast-breadcrumbs-content":"","ast-featured-img":"","footer-sml-layout":"","ast-disable-related-posts":"","theme-transparent-header-meta":"","adv-header-id-meta":"","stick-header-meta":"","header-above-stick-meta":"","header-main-stick-meta":"","header-below-stick-meta":"","astra-migrate-meta-layouts":"default","ast-page-background-enabled":"default","ast-page-background-meta":{"desktop":{"background-color":"var(--ast-global-color-5)","background-image":"","background-repeat":"repeat","background-position":"center center","background-size":"auto","background-attachment":"scroll","background-type":"","background-media":"","overlay-type":"","overlay-color":"","overlay-opacity":"","overlay-gradient":""},"tablet":{"background-color":"","background-image":"","background-repeat":"repeat","background-position":"center center","background-size":"auto","background-attachment":"scroll","background-type":"","background-media":"","overlay-type":"","overlay-color":"","overlay-opacity":"","overlay-gradient":""},"mobile":{"background-color":"","background-image":"","background-repeat":"repeat","background-position":"center center","background-size":"auto","background-attachment":"scroll","background-type":"","background-media":"","overlay-type":"","overlay-color":"","overlay-opacity":"","overlay-gradient":""}},"ast-content-background-meta":{"desktop":{"background-color":"var(--ast-global-color-4)","background-image":"","background-repeat":"repeat","background-position":"center center","background-size":"auto","background-attachment":"scroll","background-type":"","background-media":"","overlay-type":"","overlay-color":"","overlay-opacity":"","overlay-gradient":""},"tablet":{"background-color":"var(--ast-global-color-4)","background-image":"","background-repeat":"repeat","background-position":"center center","background-size":"auto","background-attachment":"scroll","background-type":"","background-media":"","overlay-type":"","overlay-color":"","overlay-opacity":"","overlay-gradient":""},"mobile":{"background-color":"var(--ast-global-color-4)","background-image":"","background-repeat":"repeat","background-position":"center center","background-size":"auto","background-attachment":"scroll","background-type":"","background-media":"","overlay-type":"","overlay-color":"","overlay-opacity":"","overlay-gradient":""}},"footnotes":""},"class_list":["post-25","page","type-page","status-publish","hentry"],"_links":{"self":[{"href":"https:\/\/academia.utp.edu.co\/catedra-de-paz\/wp-json\/wp\/v2\/pages\/25","targetHints":{"allow":["GET"]}}],"collection":[{"href":"https:\/\/academia.utp.edu.co\/catedra-de-paz\/wp-json\/wp\/v2\/pages"}],"about":[{"href":"https:\/\/academia.utp.edu.co\/catedra-de-paz\/wp-json\/wp\/v2\/types\/page"}],"author":[{"embeddable":true,"href":"https:\/\/academia.utp.edu.co\/catedra-de-paz\/wp-json\/wp\/v2\/users\/1930"}],"replies":[{"embeddable":true,"href":"https:\/\/academia.utp.edu.co\/catedra-de-paz\/wp-json\/wp\/v2\/comments?post=25"}],"version-history":[{"count":5,"href":"https:\/\/academia.utp.edu.co\/catedra-de-paz\/wp-json\/wp\/v2\/pages\/25\/revisions"}],"predecessor-version":[{"id":536,"href":"https:\/\/academia.utp.edu.co\/catedra-de-paz\/wp-json\/wp\/v2\/pages\/25\/revisions\/536"}],"wp:attachment":[{"href":"https:\/\/academia.utp.edu.co\/catedra-de-paz\/wp-json\/wp\/v2\/media?parent=25"}],"curies":[{"name":"wp","href":"https:\/\/api.w.org\/{rel}","templated":true}]}}