{"id":27,"date":"2024-11-15T22:02:59","date_gmt":"2024-11-16T03:02:59","guid":{"rendered":"https:\/\/academia.utp.edu.co\/catedra-de-paz\/?page_id=27"},"modified":"2025-08-07T22:25:09","modified_gmt":"2025-08-08T03:25:09","slug":"universidad-abraza-la-paz","status":"publish","type":"page","link":"https:\/\/academia.utp.edu.co\/catedra-de-paz\/universidad-abraza-la-paz\/","title":{"rendered":"Encuentros de experiencias departamentales de educaci\u00f3n para la paz"},"content":{"rendered":"\n<h2 class=\"wp-block-heading has-pale-ocean-gradient-background has-background has-large-font-size\"><strong>Encuentros de experiencias departamentales de educaci\u00f3n para la paz\u00a0<\/strong><br><\/h2>\n\n\n\n<p class=\"has-text-align-center\"><em>Un espacio para tejer apuestas colectivas de educaci\u00f3n para la paz desde el departamento de Risaralda<\/em>&nbsp;<\/p>\n\n\n\n<div class=\"wp-block-group is-layout-constrained wp-block-group-is-layout-constrained\">\n<p>El Intercambio de experiencias en educaci\u00f3n para la paz es un espacio de encuentro, reflexi\u00f3n y creaci\u00f3n colectiva que ha sido dinamizado por la C\u00e1tedra Itinerante de Paz de Risaralda, una iniciativa que surge ante la necesidad de articular esfuerzos entre instituciones educativas comprometidas con la construcci\u00f3n de paz en los territorios. M\u00e1s all\u00e1 de los procesos formativos propios de cada C\u00e1tedra de Paz de los colegios y universidades, este espacio propone tender puentes: abrir el di\u00e1logo, compartir saberes y construir, en conjunto, apuestas que contribuyan a imaginar y sostener formas de vida m\u00e1s justas, cuidadosas e incluyente con las ni\u00f1as, ni\u00f1os y j\u00f3venes de los territorios.<\/p>\n\n\n\n<figure class=\"wp-block-gallery has-nested-images columns-default is-cropped wp-block-gallery-1 is-layout-flex wp-block-gallery-is-layout-flex\">\n<figure class=\"wp-block-image size-large\"><img loading=\"lazy\" decoding=\"async\" width=\"1024\" height=\"768\" data-id=\"222\" src=\"https:\/\/academia.utp.edu.co\/catedra-de-paz\/files\/2024\/12\/IMG_2728-1024x768.jpg\" alt=\"\" class=\"wp-image-222\" srcset=\"https:\/\/academia.utp.edu.co\/catedra-de-paz\/files\/2024\/12\/IMG_2728-1024x768.jpg 1024w, https:\/\/academia.utp.edu.co\/catedra-de-paz\/files\/2024\/12\/IMG_2728-300x225.jpg 300w, https:\/\/academia.utp.edu.co\/catedra-de-paz\/files\/2024\/12\/IMG_2728-768x576.jpg 768w, https:\/\/academia.utp.edu.co\/catedra-de-paz\/files\/2024\/12\/IMG_2728-1536x1152.jpg 1536w, https:\/\/academia.utp.edu.co\/catedra-de-paz\/files\/2024\/12\/IMG_2728-2048x1536.jpg 2048w\" sizes=\"auto, (max-width: 1024px) 100vw, 1024px\" \/><\/figure>\n\n\n\n<figure class=\"wp-block-image size-large\"><img loading=\"lazy\" decoding=\"async\" width=\"1024\" height=\"768\" data-id=\"227\" src=\"https:\/\/academia.utp.edu.co\/catedra-de-paz\/files\/2024\/12\/IMG_2733-1024x768.jpg\" alt=\"\" class=\"wp-image-227\" srcset=\"https:\/\/academia.utp.edu.co\/catedra-de-paz\/files\/2024\/12\/IMG_2733-1024x768.jpg 1024w, https:\/\/academia.utp.edu.co\/catedra-de-paz\/files\/2024\/12\/IMG_2733-300x225.jpg 300w, https:\/\/academia.utp.edu.co\/catedra-de-paz\/files\/2024\/12\/IMG_2733-768x576.jpg 768w, https:\/\/academia.utp.edu.co\/catedra-de-paz\/files\/2024\/12\/IMG_2733-1536x1152.jpg 1536w, https:\/\/academia.utp.edu.co\/catedra-de-paz\/files\/2024\/12\/IMG_2733-2048x1536.jpg 2048w\" sizes=\"auto, (max-width: 1024px) 100vw, 1024px\" \/><\/figure>\n<\/figure>\n<\/div>\n\n\n\n<div class=\"wp-block-group is-vertical is-layout-flex wp-container-core-group-is-layout-fe9cc265 wp-block-group-is-layout-flex\">\n<div class=\"wp-block-group is-nowrap is-layout-flex wp-container-core-group-is-layout-6c531013 wp-block-group-is-layout-flex\">\n<p>Conscientes de que la paz no puede pensarse desde un \u00fanico lugar ni en un solo lenguaje, este espacio ha convocado a docentes y estudiantes de distintos niveles y contextos, quienes reconocen en la educaci\u00f3n un camino para fortalecer v\u00ednculos sociales, dignificar la memoria y transformar las formas en que habitamos el conflicto. A trav\u00e9s de m\u00faltiples formatos, voces y experiencias, se ha buscado propiciar intercambios de saberes, pr\u00e1cticas y sentires sobre la paz, entendida no como un concepto homog\u00e9neo, sino como una construcci\u00f3n situada que toma forma en los cuerpos, en los v\u00ednculos y en las historias que cada comunidad lleva consigo.<\/p>\n<\/div>\n\n\n\n<figure class=\"wp-block-gallery has-nested-images columns-default is-cropped wp-block-gallery-2 is-layout-flex wp-block-gallery-is-layout-flex\">\n<figure class=\"wp-block-image size-large\"><img loading=\"lazy\" decoding=\"async\" width=\"1024\" height=\"768\" data-id=\"225\" src=\"https:\/\/academia.utp.edu.co\/catedra-de-paz\/files\/2024\/12\/IMG_4776-1024x768.jpg\" alt=\"\" class=\"wp-image-225\" srcset=\"https:\/\/academia.utp.edu.co\/catedra-de-paz\/files\/2024\/12\/IMG_4776-1024x768.jpg 1024w, https:\/\/academia.utp.edu.co\/catedra-de-paz\/files\/2024\/12\/IMG_4776-300x225.jpg 300w, https:\/\/academia.utp.edu.co\/catedra-de-paz\/files\/2024\/12\/IMG_4776-768x576.jpg 768w, https:\/\/academia.utp.edu.co\/catedra-de-paz\/files\/2024\/12\/IMG_4776-1536x1152.jpg 1536w, https:\/\/academia.utp.edu.co\/catedra-de-paz\/files\/2024\/12\/IMG_4776-2048x1536.jpg 2048w\" sizes=\"auto, (max-width: 1024px) 100vw, 1024px\" \/><\/figure>\n\n\n\n<figure class=\"wp-block-image size-large\"><img loading=\"lazy\" decoding=\"async\" width=\"1024\" height=\"768\" data-id=\"224\" src=\"https:\/\/academia.utp.edu.co\/catedra-de-paz\/files\/2024\/12\/IMG_2762-1024x768.jpg\" alt=\"\" class=\"wp-image-224\" srcset=\"https:\/\/academia.utp.edu.co\/catedra-de-paz\/files\/2024\/12\/IMG_2762-1024x768.jpg 1024w, https:\/\/academia.utp.edu.co\/catedra-de-paz\/files\/2024\/12\/IMG_2762-300x225.jpg 300w, https:\/\/academia.utp.edu.co\/catedra-de-paz\/files\/2024\/12\/IMG_2762-768x576.jpg 768w, https:\/\/academia.utp.edu.co\/catedra-de-paz\/files\/2024\/12\/IMG_2762-1536x1152.jpg 1536w, https:\/\/academia.utp.edu.co\/catedra-de-paz\/files\/2024\/12\/IMG_2762-2048x1536.jpg 2048w\" sizes=\"auto, (max-width: 1024px) 100vw, 1024px\" \/><\/figure>\n<\/figure>\n\n\n\n<p>A este proceso se han sumado diversas instituciones educativas del departamento de Risaalda, entre ellas: la C\u00e1tedra de Paz de la Universidad Tecnol\u00f3gica de Pereira, el semillero Paz y Paces de la Universidad Libre, el colegio Manuel Elkin Patarroyo de Dosquebradas, el colegio Leningrado de Cuba, el colegio La Salle, la Instituci\u00f3n Educativa Sagrada Familia y el semillero Figuraciones de la Violencia y el poder de la Universidad Cat\u00f3lica de Pereira. El prop\u00f3sito ha sido com\u00fan: visibilizar y poner en di\u00e1logo las formas en que docentes y estudiantes conciben y trabajan la paz, la memoria, la verdad y la reparaci\u00f3n desde sus propias realidades y territorios.<\/p>\n<\/div>\n\n\n\n<figure class=\"wp-block-gallery has-nested-images columns-default is-cropped wp-block-gallery-3 is-layout-flex wp-block-gallery-is-layout-flex\">\n<figure class=\"wp-block-image size-large is-resized\"><img loading=\"lazy\" decoding=\"async\" width=\"1024\" height=\"631\" data-id=\"594\" src=\"https:\/\/academia.utp.edu.co\/catedra-de-paz\/files\/2025\/08\/Imagen-de-WhatsApp-2025-08-07-a-las-21.10.38_d3c3e310-1024x631.jpg\" alt=\"\" class=\"wp-image-594\" style=\"width:384px;height:auto\" srcset=\"https:\/\/academia.utp.edu.co\/catedra-de-paz\/files\/2025\/08\/Imagen-de-WhatsApp-2025-08-07-a-las-21.10.38_d3c3e310-1024x631.jpg 1024w, https:\/\/academia.utp.edu.co\/catedra-de-paz\/files\/2025\/08\/Imagen-de-WhatsApp-2025-08-07-a-las-21.10.38_d3c3e310-300x185.jpg 300w, https:\/\/academia.utp.edu.co\/catedra-de-paz\/files\/2025\/08\/Imagen-de-WhatsApp-2025-08-07-a-las-21.10.38_d3c3e310-768x473.jpg 768w, https:\/\/academia.utp.edu.co\/catedra-de-paz\/files\/2025\/08\/Imagen-de-WhatsApp-2025-08-07-a-las-21.10.38_d3c3e310-1536x947.jpg 1536w, https:\/\/academia.utp.edu.co\/catedra-de-paz\/files\/2025\/08\/Imagen-de-WhatsApp-2025-08-07-a-las-21.10.38_d3c3e310.jpg 1600w\" sizes=\"auto, (max-width: 1024px) 100vw, 1024px\" \/><\/figure>\n\n\n\n<figure class=\"wp-block-image size-large\"><img loading=\"lazy\" decoding=\"async\" width=\"768\" height=\"1024\" data-id=\"233\" src=\"https:\/\/academia.utp.edu.co\/catedra-de-paz\/files\/2024\/12\/IMG_2719-768x1024.jpg\" alt=\"\" class=\"wp-image-233\" srcset=\"https:\/\/academia.utp.edu.co\/catedra-de-paz\/files\/2024\/12\/IMG_2719-768x1024.jpg 768w, https:\/\/academia.utp.edu.co\/catedra-de-paz\/files\/2024\/12\/IMG_2719-225x300.jpg 225w, https:\/\/academia.utp.edu.co\/catedra-de-paz\/files\/2024\/12\/IMG_2719-1152x1536.jpg 1152w, https:\/\/academia.utp.edu.co\/catedra-de-paz\/files\/2024\/12\/IMG_2719-1536x2048.jpg 1536w, https:\/\/academia.utp.edu.co\/catedra-de-paz\/files\/2024\/12\/IMG_2719-scaled.jpg 1920w\" sizes=\"auto, (max-width: 768px) 100vw, 768px\" \/><\/figure>\n\n\n\n<figure class=\"wp-block-image size-large\"><img loading=\"lazy\" decoding=\"async\" width=\"1024\" height=\"768\" data-id=\"232\" src=\"https:\/\/academia.utp.edu.co\/catedra-de-paz\/files\/2024\/12\/IMG_2707-1024x768.jpg\" alt=\"\" class=\"wp-image-232\" srcset=\"https:\/\/academia.utp.edu.co\/catedra-de-paz\/files\/2024\/12\/IMG_2707-1024x768.jpg 1024w, https:\/\/academia.utp.edu.co\/catedra-de-paz\/files\/2024\/12\/IMG_2707-300x225.jpg 300w, https:\/\/academia.utp.edu.co\/catedra-de-paz\/files\/2024\/12\/IMG_2707-768x576.jpg 768w, https:\/\/academia.utp.edu.co\/catedra-de-paz\/files\/2024\/12\/IMG_2707-1536x1152.jpg 1536w, https:\/\/academia.utp.edu.co\/catedra-de-paz\/files\/2024\/12\/IMG_2707-2048x1536.jpg 2048w\" sizes=\"auto, (max-width: 1024px) 100vw, 1024px\" \/><\/figure>\n<\/figure>\n\n\n\n<div class=\"wp-block-group is-layout-constrained wp-block-group-is-layout-constrained\">\n<div class=\"wp-block-group is-nowrap is-layout-flex wp-container-core-group-is-layout-6c531013 wp-block-group-is-layout-flex\">\n<div class=\"wp-block-group is-vertical is-content-justification-left is-nowrap is-layout-flex wp-container-core-group-is-layout-b9305f23 wp-block-group-is-layout-flex\">\n<p>Este intercambio ha tenido ya dos versiones significativas. La primera, \u00abLa universidad abraza la verdad\u00bb, la cual se desarroll\u00f3 en el marco de la iniciativa nacional \u201cLa escuela abraza la verdad\u201d, promovida por la Comisi\u00f3n para el Esclarecimiento de la Verdad. En este espacio se busc\u00f3\u00a0 propiciar un espacio de reflexi\u00f3n y di\u00e1logo sobre la importancia de contribuir con el esclarecimiento de la verdad en el Eje Cafetero, as\u00ed como con la divulgaci\u00f3n y apropiaci\u00f3n cr\u00edtica del Informe Final de la Comisi\u00f3n de la Verdad. La segunda versi\u00f3n, titulada \u00abLa universidad abraza la b\u00fasqueda y la esperanza\u00bb, se llev\u00f3 a cabo con la intenci\u00f3n de respaldar los procesos\u00a0 adelantados por la Unidad de B\u00fasqueda de Personas Dadas por Desaparecidas en Risaralda y el Eje Cafetero, en procura de fortalecer el v\u00ednculo entre las comunidades educativas y las luchas por la verdad, la justicia y la dignidad de quienes a\u00fan esperan ser encontrados.<\/p>\n\n\n\n<figure class=\"wp-block-gallery has-nested-images columns-default is-cropped wp-block-gallery-4 is-layout-flex wp-block-gallery-is-layout-flex\">\n<figure class=\"wp-block-image size-large\"><img loading=\"lazy\" decoding=\"async\" width=\"768\" height=\"1024\" data-id=\"228\" src=\"https:\/\/academia.utp.edu.co\/catedra-de-paz\/files\/2024\/12\/IMG_2672-768x1024.jpg\" alt=\"\" class=\"wp-image-228\" srcset=\"https:\/\/academia.utp.edu.co\/catedra-de-paz\/files\/2024\/12\/IMG_2672-768x1024.jpg 768w, https:\/\/academia.utp.edu.co\/catedra-de-paz\/files\/2024\/12\/IMG_2672-225x300.jpg 225w, https:\/\/academia.utp.edu.co\/catedra-de-paz\/files\/2024\/12\/IMG_2672-1152x1536.jpg 1152w, https:\/\/academia.utp.edu.co\/catedra-de-paz\/files\/2024\/12\/IMG_2672-1536x2048.jpg 1536w, https:\/\/academia.utp.edu.co\/catedra-de-paz\/files\/2024\/12\/IMG_2672-scaled.jpg 1920w\" sizes=\"auto, (max-width: 768px) 100vw, 768px\" \/><\/figure>\n\n\n\n<figure class=\"wp-block-image size-large is-resized\"><img loading=\"lazy\" decoding=\"async\" width=\"768\" height=\"1024\" data-id=\"230\" src=\"https:\/\/academia.utp.edu.co\/catedra-de-paz\/files\/2024\/12\/IMG_2648-768x1024.jpg\" alt=\"\" class=\"wp-image-230\" style=\"width:329px;height:auto\" srcset=\"https:\/\/academia.utp.edu.co\/catedra-de-paz\/files\/2024\/12\/IMG_2648-768x1024.jpg 768w, https:\/\/academia.utp.edu.co\/catedra-de-paz\/files\/2024\/12\/IMG_2648-225x300.jpg 225w, https:\/\/academia.utp.edu.co\/catedra-de-paz\/files\/2024\/12\/IMG_2648-1152x1536.jpg 1152w, https:\/\/academia.utp.edu.co\/catedra-de-paz\/files\/2024\/12\/IMG_2648-1536x2048.jpg 1536w, https:\/\/academia.utp.edu.co\/catedra-de-paz\/files\/2024\/12\/IMG_2648-scaled.jpg 1920w\" sizes=\"auto, (max-width: 768px) 100vw, 768px\" \/><\/figure>\n\n\n\n<figure class=\"wp-block-image size-large\"><img loading=\"lazy\" decoding=\"async\" width=\"1024\" height=\"768\" data-id=\"223\" src=\"https:\/\/academia.utp.edu.co\/catedra-de-paz\/files\/2024\/12\/IMG_4842-1-1024x768.jpg\" alt=\"\" class=\"wp-image-223\" srcset=\"https:\/\/academia.utp.edu.co\/catedra-de-paz\/files\/2024\/12\/IMG_4842-1-1024x768.jpg 1024w, https:\/\/academia.utp.edu.co\/catedra-de-paz\/files\/2024\/12\/IMG_4842-1-300x225.jpg 300w, https:\/\/academia.utp.edu.co\/catedra-de-paz\/files\/2024\/12\/IMG_4842-1-768x576.jpg 768w, https:\/\/academia.utp.edu.co\/catedra-de-paz\/files\/2024\/12\/IMG_4842-1-1536x1152.jpg 1536w, https:\/\/academia.utp.edu.co\/catedra-de-paz\/files\/2024\/12\/IMG_4842-1-2048x1536.jpg 2048w\" sizes=\"auto, (max-width: 1024px) 100vw, 1024px\" \/><\/figure>\n<\/figure>\n<\/div>\n<\/div>\n<\/div>\n\n\n\n<p><\/p>\n","protected":false},"excerpt":{"rendered":"<p>Encuentros de experiencias departamentales de educaci\u00f3n para la paz\u00a0 Un espacio para tejer apuestas colectivas de educaci\u00f3n para la paz desde el departamento de Risaralda&nbsp; El Intercambio de experiencias en [&hellip;]<\/p>\n","protected":false},"author":1930,"featured_media":0,"parent":0,"menu_order":0,"comment_status":"closed","ping_status":"closed","template":"","meta":{"site-sidebar-layout":"default","site-content-layout":"","ast-site-content-layout":"default","site-content-style":"default","site-sidebar-style":"default","ast-global-header-display":"","ast-banner-title-visibility":"","ast-main-header-display":"","ast-hfb-above-header-display":"","ast-hfb-below-header-display":"","ast-hfb-mobile-header-display":"","site-post-title":"disabled","ast-breadcrumbs-content":"","ast-featured-img":"","footer-sml-layout":"","ast-disable-related-posts":"","theme-transparent-header-meta":"","adv-header-id-meta":"","stick-header-meta":"","header-above-stick-meta":"","header-main-stick-meta":"","header-below-stick-meta":"","astra-migrate-meta-layouts":"default","ast-page-background-enabled":"default","ast-page-background-meta":{"desktop":{"background-color":"var(--ast-global-color-5)","background-image":"","background-repeat":"repeat","background-position":"center center","background-size":"auto","background-attachment":"scroll","background-type":"","background-media":"","overlay-type":"","overlay-color":"","overlay-opacity":"","overlay-gradient":""},"tablet":{"background-color":"","background-image":"","background-repeat":"repeat","background-position":"center center","background-size":"auto","background-attachment":"scroll","background-type":"","background-media":"","overlay-type":"","overlay-color":"","overlay-opacity":"","overlay-gradient":""},"mobile":{"background-color":"","background-image":"","background-repeat":"repeat","background-position":"center center","background-size":"auto","background-attachment":"scroll","background-type":"","background-media":"","overlay-type":"","overlay-color":"","overlay-opacity":"","overlay-gradient":""}},"ast-content-background-meta":{"desktop":{"background-color":"var(--ast-global-color-4)","background-image":"","background-repeat":"repeat","background-position":"center center","background-size":"auto","background-attachment":"scroll","background-type":"","background-media":"","overlay-type":"","overlay-color":"","overlay-opacity":"","overlay-gradient":""},"tablet":{"background-color":"var(--ast-global-color-4)","background-image":"","background-repeat":"repeat","background-position":"center center","background-size":"auto","background-attachment":"scroll","background-type":"","background-media":"","overlay-type":"","overlay-color":"","overlay-opacity":"","overlay-gradient":""},"mobile":{"background-color":"var(--ast-global-color-4)","background-image":"","background-repeat":"repeat","background-position":"center center","background-size":"auto","background-attachment":"scroll","background-type":"","background-media":"","overlay-type":"","overlay-color":"","overlay-opacity":"","overlay-gradient":""}},"footnotes":""},"class_list":["post-27","page","type-page","status-publish","hentry"],"_links":{"self":[{"href":"https:\/\/academia.utp.edu.co\/catedra-de-paz\/wp-json\/wp\/v2\/pages\/27","targetHints":{"allow":["GET"]}}],"collection":[{"href":"https:\/\/academia.utp.edu.co\/catedra-de-paz\/wp-json\/wp\/v2\/pages"}],"about":[{"href":"https:\/\/academia.utp.edu.co\/catedra-de-paz\/wp-json\/wp\/v2\/types\/page"}],"author":[{"embeddable":true,"href":"https:\/\/academia.utp.edu.co\/catedra-de-paz\/wp-json\/wp\/v2\/users\/1930"}],"replies":[{"embeddable":true,"href":"https:\/\/academia.utp.edu.co\/catedra-de-paz\/wp-json\/wp\/v2\/comments?post=27"}],"version-history":[{"count":8,"href":"https:\/\/academia.utp.edu.co\/catedra-de-paz\/wp-json\/wp\/v2\/pages\/27\/revisions"}],"predecessor-version":[{"id":604,"href":"https:\/\/academia.utp.edu.co\/catedra-de-paz\/wp-json\/wp\/v2\/pages\/27\/revisions\/604"}],"wp:attachment":[{"href":"https:\/\/academia.utp.edu.co\/catedra-de-paz\/wp-json\/wp\/v2\/media?parent=27"}],"curies":[{"name":"wp","href":"https:\/\/api.w.org\/{rel}","templated":true}]}}