{"id":278,"date":"2025-03-22T21:33:36","date_gmt":"2025-03-23T02:33:36","guid":{"rendered":"https:\/\/academia.utp.edu.co\/catedra-de-paz\/?page_id=278"},"modified":"2025-12-10T11:37:29","modified_gmt":"2025-12-10T16:37:29","slug":"inicio","status":"publish","type":"page","link":"https:\/\/academia.utp.edu.co\/catedra-de-paz\/inicio\/","title":{"rendered":"Extensi\u00f3n"},"content":{"rendered":"\n<h1 class=\"wp-block-heading alignfull has-text-align-center has-ast-global-color-4-color has-text-color has-background has-link-color wp-elements-42451baff60aa1607a62584fffe9d814\" style=\"background:linear-gradient(135deg,rgb(21,101,192) 0%,rgb(0,0,0) 100%)\">C\u00e1tedra Itinerante de Paz<\/h1>\n\n\n\n<p class=\"has-text-align-left has-ast-global-color-2-color has-text-color has-link-color has-medium-font-size wp-elements-ca7663a1f6d912d26e532c108264fc6b\">La <strong>C\u00e1tedra Itinerante por la Paz<\/strong> es una propuesta que surge en el marco de la necesidad de crear espacios de articulaci\u00f3n que posibiliten el di\u00e1logo y el trabajo conjunto entre las instituciones educativas en pro de la construcci\u00f3n de las paces en los territorios. Adem\u00e1s de los procesos formativos que se llevan a cabo como parte de las din\u00e1micas particulares de cada C\u00e1tedra de la Paz, es imperativo generar puentes que incentiven la retroalimentaci\u00f3n, el intercambio de experiencias y la construcci\u00f3n de apuestas comunes orientadas a la consolidaci\u00f3n de una cultura de paz- o paces- basada en el reconocimiento de los otros\/ otras, la resoluci\u00f3n pac\u00edfica de los conflictos y la b\u00fasqueda del bienestar colectivo. <\/p>\n\n\n\n<p class=\"has-text-align-left has-ast-global-color-2-color has-text-color has-link-color has-medium-font-size wp-elements-98ff8bd35d6c6be27f03256bf74cc725\">De igual manera, la marcada polarizaci\u00f3n en la que se encuentra el pa\u00eds, la persistencia de los factores econ\u00f3micos, pol\u00edticos, sociales y culturales que han atizado la violencia a lo largo el tiempo, el escalamiento de los asesinatos y la persecuci\u00f3n contra l\u00edderes y lideresas sociales, as\u00ed como las denuncias de distintos sectores sobre el incumplimiento del Acuerdo de Paz en varios de sus puntos, exigen potenciar los espacios de reflexi\u00f3n sobre el contexto nacional y sobre las posibilidades de participaci\u00f3n pol\u00edtica de las ciudadanas y ciudadanos en procura de contribuir con la construcci\u00f3n de una sociedad m\u00e1s justa, pac\u00edfica, garantista e incluyente. As\u00ed las cosas, y conscientes de la necesidad de recurrir a distintos lenguajes, formatos y herramientas que propicien intercambios de saberes, experiencias y sentires en torno a las paces, varios docentes universidades y colegios hemos venido consolidando este espacio en pro de la construcci\u00f3n de paz en nuestros territorios. <\/p>\n\n\n\n<p class=\"has-text-align-left has-ast-global-color-2-color has-text-color has-link-color has-medium-font-size wp-elements-a89399c8502be91dc49755bb80190b92\">Entre las actividades que se realizan se encuentra:<\/p>\n\n\n\n<div class=\"wp-block-buttons is-content-justification-space-between is-layout-flex wp-container-core-buttons-is-layout-b2891da8 wp-block-buttons-is-layout-flex\">\n<div class=\"wp-block-button\"><a class=\"wp-block-button__link has-text-align-center wp-element-button\" href=\"https:\/\/academia.utp.edu.co\/catedra-de-paz\/cine-foro-pazcines\/\">M\u00e1s informaci\u00f3n: Cine foro Pa&#8217;zine<\/a><\/div>\n\n\n\n<div class=\"wp-block-button\"><a class=\"wp-block-button__link wp-element-button\" href=\"https:\/\/academia.utp.edu.co\/catedra-de-paz\/universidad-abraza-la-paz\/\">M\u00e1s informaci\u00f3n: Encuentros de experiencias departamentales <\/a><\/div>\n<\/div>\n\n\n\n<div class=\"wp-block-group .wp-caption-text { font-size: 14px; color: #ffffff; \/* Cambia el color a blanco *\/ font-style: italic; background: rgba(0, 0, 0.7); Fondo oscuro semitransparente padding: 5px; border-radius: } has-small-font-size is-content-justification-space-between is-nowrap is-layout-flex wp-container-core-group-is-layout-fbce6640 wp-block-group-is-layout-flex\">\n<figure class=\"wp-block-image size-large is-resized\"><a href=\"https:\/\/academia.utp.edu.co\/catedra-de-paz\/cine-foro-pazcines\/\"><img loading=\"lazy\" decoding=\"async\" width=\"576\" height=\"1024\" src=\"https:\/\/academia.utp.edu.co\/catedra-de-paz\/files\/2025\/11\/IMG_0548-576x1024.jpg\" alt=\"\" class=\"wp-image-628\" style=\"width:394px;height:auto\" srcset=\"https:\/\/academia.utp.edu.co\/catedra-de-paz\/files\/2025\/11\/IMG_0548-576x1024.jpg 576w, https:\/\/academia.utp.edu.co\/catedra-de-paz\/files\/2025\/11\/IMG_0548-169x300.jpg 169w, https:\/\/academia.utp.edu.co\/catedra-de-paz\/files\/2025\/11\/IMG_0548-768x1365.jpg 768w, https:\/\/academia.utp.edu.co\/catedra-de-paz\/files\/2025\/11\/IMG_0548-864x1536.jpg 864w, https:\/\/academia.utp.edu.co\/catedra-de-paz\/files\/2025\/11\/IMG_0548-1152x2048.jpg 1152w, https:\/\/academia.utp.edu.co\/catedra-de-paz\/files\/2025\/11\/IMG_0548-scaled.jpg 1440w\" sizes=\"auto, (max-width: 576px) 100vw, 576px\" \/><\/a><\/figure>\n\n\n\n<figure class=\"wp-block-image size-full is-resized wp-duotone-unset-1\" style=\"margin-top:0;margin-right:0;margin-bottom:0;margin-left:0\"><a href=\"https:\/\/academia.utp.edu.co\/catedra-de-paz\/universidad-abraza-la-paz\/\"><img loading=\"lazy\" decoding=\"async\" width=\"1920\" height=\"2560\" src=\"https:\/\/academia.utp.edu.co\/catedra-de-paz\/files\/2024\/12\/IMG_2648-scaled.jpg\" alt=\"\" class=\"wp-image-230\" style=\"aspect-ratio:0.6453333333333333;object-fit:cover;width:440px;height:auto\" srcset=\"https:\/\/academia.utp.edu.co\/catedra-de-paz\/files\/2024\/12\/IMG_2648-scaled.jpg 1920w, https:\/\/academia.utp.edu.co\/catedra-de-paz\/files\/2024\/12\/IMG_2648-225x300.jpg 225w, https:\/\/academia.utp.edu.co\/catedra-de-paz\/files\/2024\/12\/IMG_2648-768x1024.jpg 768w, https:\/\/academia.utp.edu.co\/catedra-de-paz\/files\/2024\/12\/IMG_2648-1152x1536.jpg 1152w, https:\/\/academia.utp.edu.co\/catedra-de-paz\/files\/2024\/12\/IMG_2648-1536x2048.jpg 1536w\" sizes=\"auto, (max-width: 1920px) 100vw, 1920px\" \/><\/a><\/figure>\n<\/div>\n\n\n\n<p><\/p>\n","protected":false},"excerpt":{"rendered":"<p>C\u00e1tedra Itinerante de Paz La C\u00e1tedra Itinerante por la Paz es una propuesta que surge en el marco de la necesidad de crear espacios de articulaci\u00f3n que posibiliten el di\u00e1logo [&hellip;]<\/p>\n","protected":false},"author":1930,"featured_media":0,"parent":0,"menu_order":0,"comment_status":"closed","ping_status":"closed","template":"","meta":{"site-sidebar-layout":"default","site-content-layout":"","ast-site-content-layout":"default","site-content-style":"default","site-sidebar-style":"default","ast-global-header-display":"","ast-banner-title-visibility":"","ast-main-header-display":"","ast-hfb-above-header-display":"","ast-hfb-below-header-display":"","ast-hfb-mobile-header-display":"","site-post-title":"disabled","ast-breadcrumbs-content":"","ast-featured-img":"","footer-sml-layout":"","ast-disable-related-posts":"","theme-transparent-header-meta":"","adv-header-id-meta":"","stick-header-meta":"","header-above-stick-meta":"","header-main-stick-meta":"","header-below-stick-meta":"","astra-migrate-meta-layouts":"default","ast-page-background-enabled":"default","ast-page-background-meta":{"desktop":{"background-color":"var(--ast-global-color-5)","background-image":"","background-repeat":"repeat","background-position":"center center","background-size":"auto","background-attachment":"scroll","background-type":"","background-media":"","overlay-type":"","overlay-color":"","overlay-opacity":"","overlay-gradient":""},"tablet":{"background-color":"","background-image":"","background-repeat":"repeat","background-position":"center center","background-size":"auto","background-attachment":"scroll","background-type":"","background-media":"","overlay-type":"","overlay-color":"","overlay-opacity":"","overlay-gradient":""},"mobile":{"background-color":"","background-image":"","background-repeat":"repeat","background-position":"center center","background-size":"auto","background-attachment":"scroll","background-type":"","background-media":"","overlay-type":"","overlay-color":"","overlay-opacity":"","overlay-gradient":""}},"ast-content-background-meta":{"desktop":{"background-color":"var(--ast-global-color-4)","background-image":"","background-repeat":"repeat","background-position":"center center","background-size":"auto","background-attachment":"scroll","background-type":"","background-media":"","overlay-type":"","overlay-color":"","overlay-opacity":"","overlay-gradient":""},"tablet":{"background-color":"var(--ast-global-color-4)","background-image":"","background-repeat":"repeat","background-position":"center center","background-size":"auto","background-attachment":"scroll","background-type":"","background-media":"","overlay-type":"","overlay-color":"","overlay-opacity":"","overlay-gradient":""},"mobile":{"background-color":"var(--ast-global-color-4)","background-image":"","background-repeat":"repeat","background-position":"center center","background-size":"auto","background-attachment":"scroll","background-type":"","background-media":"","overlay-type":"","overlay-color":"","overlay-opacity":"","overlay-gradient":""}},"footnotes":""},"class_list":["post-278","page","type-page","status-publish","hentry"],"_links":{"self":[{"href":"https:\/\/academia.utp.edu.co\/catedra-de-paz\/wp-json\/wp\/v2\/pages\/278","targetHints":{"allow":["GET"]}}],"collection":[{"href":"https:\/\/academia.utp.edu.co\/catedra-de-paz\/wp-json\/wp\/v2\/pages"}],"about":[{"href":"https:\/\/academia.utp.edu.co\/catedra-de-paz\/wp-json\/wp\/v2\/types\/page"}],"author":[{"embeddable":true,"href":"https:\/\/academia.utp.edu.co\/catedra-de-paz\/wp-json\/wp\/v2\/users\/1930"}],"replies":[{"embeddable":true,"href":"https:\/\/academia.utp.edu.co\/catedra-de-paz\/wp-json\/wp\/v2\/comments?post=278"}],"version-history":[{"count":54,"href":"https:\/\/academia.utp.edu.co\/catedra-de-paz\/wp-json\/wp\/v2\/pages\/278\/revisions"}],"predecessor-version":[{"id":638,"href":"https:\/\/academia.utp.edu.co\/catedra-de-paz\/wp-json\/wp\/v2\/pages\/278\/revisions\/638"}],"wp:attachment":[{"href":"https:\/\/academia.utp.edu.co\/catedra-de-paz\/wp-json\/wp\/v2\/media?parent=278"}],"curies":[{"name":"wp","href":"https:\/\/api.w.org\/{rel}","templated":true}]}}