{"id":445,"date":"2025-08-03T00:19:48","date_gmt":"2025-08-03T05:19:48","guid":{"rendered":"https:\/\/academia.utp.edu.co\/catedra-de-paz\/?page_id=445"},"modified":"2025-12-10T12:45:11","modified_gmt":"2025-12-10T17:45:11","slug":"presentacion","status":"publish","type":"page","link":"https:\/\/academia.utp.edu.co\/catedra-de-paz\/","title":{"rendered":"Presentaci\u00f3n"},"content":{"rendered":"\n<figure class=\"wp-block-embed is-type-video is-provider-youtube wp-block-embed-youtube wp-embed-aspect-16-9 wp-has-aspect-ratio\"><div class=\"wp-block-embed__wrapper\">\n<iframe loading=\"lazy\" title=\"Presentaci\u00f3n de la C\u00e1tedra de Paz UTP\" width=\"500\" height=\"281\" src=\"https:\/\/www.youtube.com\/embed\/wkjxyXHs_fg?feature=oembed\" frameborder=\"0\" allow=\"accelerometer; autoplay; clipboard-write; encrypted-media; gyroscope; picture-in-picture; web-share\" referrerpolicy=\"strict-origin-when-cross-origin\" allowfullscreen><\/iframe>\n<\/div><\/figure>\n\n\n\n<div class=\"wp-block-columns is-layout-flex wp-container-core-columns-is-layout-28f84493 wp-block-columns-is-layout-flex\">\n<div class=\"wp-block-column is-layout-flow wp-block-column-is-layout-flow\" style=\"flex-basis:50%\">\n<figure class=\"wp-block-gallery has-nested-images columns-default is-cropped wp-block-gallery-1 is-layout-flex wp-block-gallery-is-layout-flex\">\n<figure class=\"wp-block-image size-large\"><img loading=\"lazy\" decoding=\"async\" width=\"1024\" height=\"576\" data-id=\"455\" src=\"https:\/\/academia.utp.edu.co\/catedra-de-paz\/files\/2025\/08\/IMG_7142-1024x576.jpg\" alt=\"\" class=\"wp-image-455\" srcset=\"https:\/\/academia.utp.edu.co\/catedra-de-paz\/files\/2025\/08\/IMG_7142-1024x576.jpg 1024w, https:\/\/academia.utp.edu.co\/catedra-de-paz\/files\/2025\/08\/IMG_7142-300x169.jpg 300w, https:\/\/academia.utp.edu.co\/catedra-de-paz\/files\/2025\/08\/IMG_7142-768x432.jpg 768w, https:\/\/academia.utp.edu.co\/catedra-de-paz\/files\/2025\/08\/IMG_7142-1536x864.jpg 1536w, https:\/\/academia.utp.edu.co\/catedra-de-paz\/files\/2025\/08\/IMG_7142-2048x1152.jpg 2048w\" sizes=\"auto, (max-width: 1024px) 100vw, 1024px\" \/><\/figure>\n<\/figure>\n\n\n\n<figure class=\"wp-block-image size-large\"><img loading=\"lazy\" decoding=\"async\" width=\"1024\" height=\"682\" src=\"https:\/\/academia.utp.edu.co\/catedra-de-paz\/files\/2024\/12\/YDRAY-_MG_4361-1024x682.jpg\" alt=\"\" class=\"wp-image-162\" srcset=\"https:\/\/academia.utp.edu.co\/catedra-de-paz\/files\/2024\/12\/YDRAY-_MG_4361-1024x682.jpg 1024w, https:\/\/academia.utp.edu.co\/catedra-de-paz\/files\/2024\/12\/YDRAY-_MG_4361-300x200.jpg 300w, https:\/\/academia.utp.edu.co\/catedra-de-paz\/files\/2024\/12\/YDRAY-_MG_4361-768x511.jpg 768w, https:\/\/academia.utp.edu.co\/catedra-de-paz\/files\/2024\/12\/YDRAY-_MG_4361-1536x1023.jpg 1536w, https:\/\/academia.utp.edu.co\/catedra-de-paz\/files\/2024\/12\/YDRAY-_MG_4361-2048x1364.jpg 2048w\" sizes=\"auto, (max-width: 1024px) 100vw, 1024px\" \/><\/figure>\n<\/div>\n\n\n\n<div class=\"wp-block-column is-layout-flow wp-block-column-is-layout-flow\" style=\"flex-basis:50%\">\n<p style=\"font-size:18px\">Les damos la bienvenida a la p\u00e1gina web de la C\u00e1tedra de Paz UTP.\u00a0 Esta es una asignatura electiva de la Universidad Tecnol\u00f3gica de Pereira, ofertada por el Departamento de Humanidades y abierta a todas las carreras de pregrado. Su creaci\u00f3n responde a la disposiciones establecidas por la Ley 1732 de 2014,\u00a0 pero su sentido desborda ampliamente los marcos puramente formales. Naci\u00f3 como un espacio urgente y vital para propiciar espacios de reflexi\u00f3n, di\u00e1logo y acci\u00f3n orientados a la construcci\u00f3n de paz en y desde nuestros territorios y espacios cotidianos.<\/p>\n\n\n\n<p style=\"font-size:18px\">Teniendo en cuenta que la paz no es un estado sino un proceso que atraviesa nuestros cuerpos, trayectorias y experiencias vitales, esta electiva no se ha concebido como una asignatura convencional. Aqu\u00ed las clases se han convertido en espacios de escucha y de palabra, de pensamiento cr\u00edtico y de encuentro con otras voces, otras memorias y otros modos de habitar el pa\u00eds y el mundo. Desde su apertura en el 2016 y\u00a0 hasta la actualidad, la C\u00e1tedra se ha planteado como una experiencia formativa y pol\u00edtica, en la que el an\u00e1lisis de las violencias y de los conflictos -incluyendo el conflicto pol\u00edtico, social y armado-\u00a0 no se hace desde la distancia, sino desde la conciencia de que habitamos un presente atravesado por nuestras memorias del dolor, pero tambi\u00e9n por las luchas y resistencias que hemos tejido cotidianamente en los campos y ciudades.<\/p>\n<\/div>\n<\/div>\n\n\n\n<div class=\"wp-block-columns is-layout-flex wp-container-core-columns-is-layout-28f84493 wp-block-columns-is-layout-flex\">\n<div class=\"wp-block-column is-layout-flow wp-block-column-is-layout-flow\" style=\"flex-basis:50%\">\n<p style=\"font-size:18px\">As\u00ed, con el prop\u00f3sito de comprender sensiblemente lo que nos ha pasado, pero tambi\u00e9n con la convicci\u00f3n de la necesidad de seguir agenciando acciones de transformaci\u00f3n hacia la paz, hemos tejido nuestra propuesta pedag\u00f3gica en dos rutas. Una invita a comprender el conflicto armado: sus causas, sus actores, sus impactos en los cuerpos y en los territorios. La otra se orienta hacia la creaci\u00f3n de condiciones para la convivencia: el reconocimiento de las diferencias, la construcci\u00f3n de confianza, la apuesta por la verdad, la justicia, la reparaci\u00f3n y la no repetici\u00f3n, el cuidado de s\u00ed y de lo otro. Ambas rutas no se piensan solo como contenidos, sino como caminos posibles para transformar la manera en que nos relacionamos con nuestros cuerpos, con el mundo y con todas las formas de vida.<\/p>\n\n\n\n<p style=\"font-size:18px\">Para materializar estas apuestas, las metodolog\u00edas que utilizamos no buscan transmitir conocimientos, sino co-crear saberes, sensibilidades y desplazamientos de sentidos.\u00a0 Nuestras ventanas: el arte, el cine, el testimonio, el di\u00e1logo, la escritura, el trabajo colectivo. Nuestros puntos de partida y de destino: el cuerpo, la palabra, la acci\u00f3n. Con todo esto hemos procurado que cada clase y cada espacio que desde aqu\u00ed proyectamos sea una escena abierta, un lugar de creaci\u00f3n, de memoria y de b\u00fasqueda, no solo para definir la paz, sino para encarnarla y hacerle preguntas sobre otros mundos\u00a0 y otros presentes\u00a0 posibles.<\/p>\n\n\n\n<p style=\"font-size:18px\">Les invitamos a recorrer nuestras memorias. Cada uno de los registros que aqu\u00ed les compartimos es una invitaci\u00f3n a seguir co-construyendo territorios de vida, cuidado y dignidad.<br><\/p>\n<\/div>\n\n\n\n<div class=\"wp-block-column is-layout-flow wp-block-column-is-layout-flow\" style=\"flex-basis:50%\">\n<figure class=\"wp-block-image size-large\"><img loading=\"lazy\" decoding=\"async\" width=\"1024\" height=\"460\" src=\"https:\/\/academia.utp.edu.co\/catedra-de-paz\/files\/2025\/08\/WhatsApp-Image-2025-05-21-at-6.32.06-PM-1024x460.jpeg\" alt=\"\" class=\"wp-image-570\" srcset=\"https:\/\/academia.utp.edu.co\/catedra-de-paz\/files\/2025\/08\/WhatsApp-Image-2025-05-21-at-6.32.06-PM-1024x460.jpeg 1024w, https:\/\/academia.utp.edu.co\/catedra-de-paz\/files\/2025\/08\/WhatsApp-Image-2025-05-21-at-6.32.06-PM-300x135.jpeg 300w, https:\/\/academia.utp.edu.co\/catedra-de-paz\/files\/2025\/08\/WhatsApp-Image-2025-05-21-at-6.32.06-PM-768x345.jpeg 768w, https:\/\/academia.utp.edu.co\/catedra-de-paz\/files\/2025\/08\/WhatsApp-Image-2025-05-21-at-6.32.06-PM-1536x689.jpeg 1536w, https:\/\/academia.utp.edu.co\/catedra-de-paz\/files\/2025\/08\/WhatsApp-Image-2025-05-21-at-6.32.06-PM.jpeg 1600w\" sizes=\"auto, (max-width: 1024px) 100vw, 1024px\" \/><\/figure>\n\n\n\n<figure class=\"wp-block-image size-large\"><img loading=\"lazy\" decoding=\"async\" width=\"1024\" height=\"576\" src=\"https:\/\/academia.utp.edu.co\/catedra-de-paz\/files\/2025\/08\/IMG_7762-1024x576.jpg\" alt=\"\" class=\"wp-image-539\" srcset=\"https:\/\/academia.utp.edu.co\/catedra-de-paz\/files\/2025\/08\/IMG_7762-1024x576.jpg 1024w, https:\/\/academia.utp.edu.co\/catedra-de-paz\/files\/2025\/08\/IMG_7762-300x169.jpg 300w, https:\/\/academia.utp.edu.co\/catedra-de-paz\/files\/2025\/08\/IMG_7762-768x432.jpg 768w, https:\/\/academia.utp.edu.co\/catedra-de-paz\/files\/2025\/08\/IMG_7762-1536x864.jpg 1536w, https:\/\/academia.utp.edu.co\/catedra-de-paz\/files\/2025\/08\/IMG_7762-2048x1152.jpg 2048w\" sizes=\"auto, (max-width: 1024px) 100vw, 1024px\" \/><\/figure>\n\n\n\n<figure class=\"wp-block-image size-large\"><img loading=\"lazy\" decoding=\"async\" width=\"1024\" height=\"461\" src=\"https:\/\/academia.utp.edu.co\/catedra-de-paz\/files\/2025\/08\/WhatsApp-Image-2025-05-21-at-6.32.04-PM-1024x461.jpeg\" alt=\"\" class=\"wp-image-574\" srcset=\"https:\/\/academia.utp.edu.co\/catedra-de-paz\/files\/2025\/08\/WhatsApp-Image-2025-05-21-at-6.32.04-PM-1024x461.jpeg 1024w, https:\/\/academia.utp.edu.co\/catedra-de-paz\/files\/2025\/08\/WhatsApp-Image-2025-05-21-at-6.32.04-PM-300x135.jpeg 300w, https:\/\/academia.utp.edu.co\/catedra-de-paz\/files\/2025\/08\/WhatsApp-Image-2025-05-21-at-6.32.04-PM-768x346.jpeg 768w, https:\/\/academia.utp.edu.co\/catedra-de-paz\/files\/2025\/08\/WhatsApp-Image-2025-05-21-at-6.32.04-PM-1536x692.jpeg 1536w, https:\/\/academia.utp.edu.co\/catedra-de-paz\/files\/2025\/08\/WhatsApp-Image-2025-05-21-at-6.32.04-PM.jpeg 1600w\" sizes=\"auto, (max-width: 1024px) 100vw, 1024px\" \/><\/figure>\n<\/div>\n<\/div>\n\n\n\n<h2 class=\"wp-block-heading has-text-align-center has-very-light-gray-to-cyan-bluish-gray-gradient-background has-background has-large-font-size\">Docentes<\/h2>\n\n\n\n<figure class=\"wp-block-embed is-type-video is-provider-youtube wp-block-embed-youtube wp-embed-aspect-16-9 wp-has-aspect-ratio\"><div class=\"wp-block-embed__wrapper\">\n<iframe loading=\"lazy\" title=\"Presentaci\u00f3n profesor Juan Manuel Mart\u00ednez\u00a0Herrera\" width=\"422\" height=\"750\" src=\"https:\/\/www.youtube.com\/embed\/uDCVMMZrl98?feature=oembed\" frameborder=\"0\" allow=\"accelerometer; autoplay; clipboard-write; encrypted-media; gyroscope; picture-in-picture; web-share\" referrerpolicy=\"strict-origin-when-cross-origin\" allowfullscreen><\/iframe>\n<\/div><\/figure>\n\n\n\n<figure class=\"wp-block-embed is-type-video is-provider-youtube wp-block-embed-youtube wp-embed-aspect-16-9 wp-has-aspect-ratio\"><div class=\"wp-block-embed__wrapper\">\n<iframe loading=\"lazy\" title=\"Presentaci\u00f3n profesora Luisa Marulanda\u00a0G\u00f3mez\" width=\"422\" height=\"750\" src=\"https:\/\/www.youtube.com\/embed\/gbrVpBQohtI?feature=oembed\" frameborder=\"0\" allow=\"accelerometer; autoplay; clipboard-write; encrypted-media; gyroscope; picture-in-picture; web-share\" referrerpolicy=\"strict-origin-when-cross-origin\" allowfullscreen><\/iframe>\n<\/div><\/figure>\n\n\n\n<figure class=\"wp-block-embed is-type-video is-provider-youtube wp-block-embed-youtube wp-embed-aspect-16-9 wp-has-aspect-ratio\"><div class=\"wp-block-embed__wrapper\">\n<iframe loading=\"lazy\" title=\"Presentaci\u00f3n profesor Julio C\u00e9sar Murillo Garc\u00eda\" width=\"422\" height=\"750\" src=\"https:\/\/www.youtube.com\/embed\/JDwakim-bSI?feature=oembed\" frameborder=\"0\" allow=\"accelerometer; autoplay; clipboard-write; encrypted-media; gyroscope; picture-in-picture; web-share\" referrerpolicy=\"strict-origin-when-cross-origin\" allowfullscreen><\/iframe>\n<\/div><\/figure>\n","protected":false},"excerpt":{"rendered":"<p>Les damos la bienvenida a la p\u00e1gina web de la C\u00e1tedra de Paz UTP.\u00a0 Esta es una asignatura electiva de la Universidad Tecnol\u00f3gica de Pereira, ofertada por el Departamento de [&hellip;]<\/p>\n","protected":false},"author":1930,"featured_media":62,"parent":0,"menu_order":0,"comment_status":"closed","ping_status":"closed","template":"","meta":{"site-sidebar-layout":"default","site-content-layout":"","ast-site-content-layout":"default","site-content-style":"default","site-sidebar-style":"default","ast-global-header-display":"","ast-banner-title-visibility":"","ast-main-header-display":"","ast-hfb-above-header-display":"","ast-hfb-below-header-display":"","ast-hfb-mobile-header-display":"","site-post-title":"disabled","ast-breadcrumbs-content":"","ast-featured-img":"disabled","footer-sml-layout":"","ast-disable-related-posts":"","theme-transparent-header-meta":"","adv-header-id-meta":"","stick-header-meta":"","header-above-stick-meta":"","header-main-stick-meta":"","header-below-stick-meta":"","astra-migrate-meta-layouts":"default","ast-page-background-enabled":"default","ast-page-background-meta":{"desktop":{"background-color":"var(--ast-global-color-5)","background-image":"","background-repeat":"repeat","background-position":"center center","background-size":"auto","background-attachment":"scroll","background-type":"","background-media":"","overlay-type":"","overlay-color":"","overlay-opacity":"","overlay-gradient":""},"tablet":{"background-color":"","background-image":"","background-repeat":"repeat","background-position":"center center","background-size":"auto","background-attachment":"scroll","background-type":"","background-media":"","overlay-type":"","overlay-color":"","overlay-opacity":"","overlay-gradient":""},"mobile":{"background-color":"","background-image":"","background-repeat":"repeat","background-position":"center center","background-size":"auto","background-attachment":"scroll","background-type":"","background-media":"","overlay-type":"","overlay-color":"","overlay-opacity":"","overlay-gradient":""}},"ast-content-background-meta":{"desktop":{"background-color":"var(--ast-global-color-4)","background-image":"","background-repeat":"repeat","background-position":"center center","background-size":"auto","background-attachment":"scroll","background-type":"","background-media":"","overlay-type":"","overlay-color":"","overlay-opacity":"","overlay-gradient":""},"tablet":{"background-color":"var(--ast-global-color-4)","background-image":"","background-repeat":"repeat","background-position":"center center","background-size":"auto","background-attachment":"scroll","background-type":"","background-media":"","overlay-type":"","overlay-color":"","overlay-opacity":"","overlay-gradient":""},"mobile":{"background-color":"var(--ast-global-color-4)","background-image":"","background-repeat":"repeat","background-position":"center center","background-size":"auto","background-attachment":"scroll","background-type":"","background-media":"","overlay-type":"","overlay-color":"","overlay-opacity":"","overlay-gradient":""}},"footnotes":""},"class_list":["post-445","page","type-page","status-publish","has-post-thumbnail","hentry"],"_links":{"self":[{"href":"https:\/\/academia.utp.edu.co\/catedra-de-paz\/wp-json\/wp\/v2\/pages\/445","targetHints":{"allow":["GET"]}}],"collection":[{"href":"https:\/\/academia.utp.edu.co\/catedra-de-paz\/wp-json\/wp\/v2\/pages"}],"about":[{"href":"https:\/\/academia.utp.edu.co\/catedra-de-paz\/wp-json\/wp\/v2\/types\/page"}],"author":[{"embeddable":true,"href":"https:\/\/academia.utp.edu.co\/catedra-de-paz\/wp-json\/wp\/v2\/users\/1930"}],"replies":[{"embeddable":true,"href":"https:\/\/academia.utp.edu.co\/catedra-de-paz\/wp-json\/wp\/v2\/comments?post=445"}],"version-history":[{"count":18,"href":"https:\/\/academia.utp.edu.co\/catedra-de-paz\/wp-json\/wp\/v2\/pages\/445\/revisions"}],"predecessor-version":[{"id":575,"href":"https:\/\/academia.utp.edu.co\/catedra-de-paz\/wp-json\/wp\/v2\/pages\/445\/revisions\/575"}],"wp:featuredmedia":[{"embeddable":true,"href":"https:\/\/academia.utp.edu.co\/catedra-de-paz\/wp-json\/wp\/v2\/media\/62"}],"wp:attachment":[{"href":"https:\/\/academia.utp.edu.co\/catedra-de-paz\/wp-json\/wp\/v2\/media?parent=445"}],"curies":[{"name":"wp","href":"https:\/\/api.w.org\/{rel}","templated":true}]}}