{"id":848,"date":"2025-12-09T13:12:38","date_gmt":"2025-12-09T18:12:38","guid":{"rendered":"https:\/\/academia.utp.edu.co\/catedra-de-paz\/?page_id=848"},"modified":"2025-12-09T22:28:22","modified_gmt":"2025-12-10T03:28:22","slug":"podcasts","status":"publish","type":"page","link":"https:\/\/academia.utp.edu.co\/catedra-de-paz\/podcasts\/","title":{"rendered":"Podcasts"},"content":{"rendered":"\n<h2 class=\"wp-block-heading has-text-align-center has-electric-grass-gradient-background has-background\">PODCASTS<\/h2>\n\n\n\n<p>A continuaci\u00f3n, se presentan algunos podcasts elaborados por estudiantes de la C\u00e1tedra de Paz 2025- 2, del grupo de Ingenier\u00eda El\u00e9ctrica, orientado por el profesor Julio C\u00e9sas Murillo Garc\u00eda. En estos, tomaron protagonismo los informes de la Comisi\u00f3n de la Verdad sobre el Eje Cafetero y sobre el norte del Valle. Estas apuestas sonoras proponen reflexiones sobre los contextos de violencia en la regi\u00f3n, muchos de los cuales provienen los y las estudiantes. Cada registro busca invitar a que ampliemos la comprensi\u00f3n de lo que nos ha pasado, pero tambi\u00e9n a que potenciemos la voluntad de seguir aportando a la verdad y a la no repetici\u00f3n.<\/p>\n\n\n\n<figure class=\"wp-block-embed is-type-video is-provider-youtube wp-block-embed-youtube wp-embed-aspect-4-3 wp-has-aspect-ratio\"><div class=\"wp-block-embed__wrapper\">\n<iframe loading=\"lazy\" title=\"Reencuentros con el pasado FRAGMENTOS DE MEMORIAS E HISTORIAS DE LOS HABITANTES DE LA JUDEA\" width=\"500\" height=\"375\" src=\"https:\/\/www.youtube.com\/embed\/VNwYZrtIuLk?feature=oembed\" frameborder=\"0\" allow=\"accelerometer; autoplay; clipboard-write; encrypted-media; gyroscope; picture-in-picture; web-share\" referrerpolicy=\"strict-origin-when-cross-origin\" allowfullscreen><\/iframe>\n<\/div><\/figure>\n\n\n\n<p><\/p>\n\n\n\n<p>En este podcast nos ense\u00f1an una amplia perspectiva sobre los procesos sociales y pol\u00edticos de la judea. Adem\u00e1s de los retos y oportunidades los cuales inciden en la vida diaria de los habitantes de la Judea. Este podcast est\u00e1 hecho de la mano de la asignatura c\u00e1tedra de la paz por los estudiantes de la Universidad Tecnol\u00f3gica de Pereira.<\/p>\n\n\n\n<p><\/p>\n\n\n\n<p><\/p>\n\n\n\n<figure class=\"wp-block-embed is-type-video is-provider-youtube wp-block-embed-youtube wp-embed-aspect-16-9 wp-has-aspect-ratio\" style=\"margin-top:0;margin-right:0;margin-bottom:0;margin-left:0\"><div class=\"wp-block-embed__wrapper\">\n<iframe loading=\"lazy\" title=\"Reencuentros con el pasado- PODCAST sobre la producci\u00f3n agr\u00edcola\" width=\"500\" height=\"281\" src=\"https:\/\/www.youtube.com\/embed\/pKgHvnkJQJE?feature=oembed\" frameborder=\"0\" allow=\"accelerometer; autoplay; clipboard-write; encrypted-media; gyroscope; picture-in-picture; web-share\" referrerpolicy=\"strict-origin-when-cross-origin\" allowfullscreen><\/iframe>\n<\/div><\/figure>\n\n\n\n<p><\/p>\n\n\n\n<p>De la mano de Stiven Alzate y Nicol\u00e1s Le\u00f3n, estudiante de la universidad Tecnol\u00f3gica de Pereira nos adentramos en la producci\u00f3n agr\u00edcola y las dificultades que atraviesan los agricultores en el predio la judea a la hora de sembrar, recolectar y comercializa sus productos.<\/p>\n\n\n\n<p><\/p>\n\n\n\n<figure class=\"wp-block-embed is-type-video is-provider-youtube wp-block-embed-youtube wp-embed-aspect-16-9 wp-has-aspect-ratio\"><div class=\"wp-block-embed__wrapper\">\n<iframe loading=\"lazy\" title=\"Reencuentros con el pasado FRAGMENTOS DE MEMORIAS E HISTORIAS DE LOS HABITANTES DE LA JUDEA\" width=\"500\" height=\"281\" src=\"https:\/\/www.youtube.com\/embed\/ftsE7jLFMzQ?feature=oembed\" frameborder=\"0\" allow=\"accelerometer; autoplay; clipboard-write; encrypted-media; gyroscope; picture-in-picture; web-share\" referrerpolicy=\"strict-origin-when-cross-origin\" allowfullscreen><\/iframe>\n<\/div><\/figure>\n\n\n\n<p><\/p>\n\n\n\n<p>En este podcast Jorge Eliecer Sanchez, habitante de la judea nos cuenta como arribo al predio, sus expectativas para el futuro y un poco del recorrido por su vida. Demostrando la resiliencia y el amor por la tierra. Este podcast fue realizado de la mano de la asignatura c\u00e1tedra de paz por estudiantes de la UTP<\/p>\n\n\n\n<p><\/p>\n\n\n\n<div class=\"wp-block-buttons is-content-justification-center is-layout-flex wp-container-core-buttons-is-layout-a89b3969 wp-block-buttons-is-layout-flex\">\n<div class=\"wp-block-button\"><a class=\"wp-block-button__link wp-element-button\" href=\"https:\/\/academia.utp.edu.co\/catedra-de-paz\/fotoperformances\/\">Fotoperformances<\/a><\/div>\n\n\n\n<div class=\"wp-block-button\"><a class=\"wp-block-button__link wp-element-button\" href=\"https:\/\/academia.utp.edu.co\/catedra-de-paz\/video-memorias\/\">Video-Memorias<\/a><\/div>\n\n\n\n<div class=\"wp-block-button\"><a class=\"wp-block-button__link wp-element-button\" href=\"https:\/\/academia.utp.edu.co\/catedra-de-paz\/podcasts\/\">Podcasts<\/a><\/div>\n\n\n\n<div class=\"wp-block-button\"><a class=\"wp-block-button__link wp-element-button\" href=\"https:\/\/academia.utp.edu.co\/catedra-de-paz\/reels\/\">Reels<\/a><\/div>\n\n\n\n<div class=\"wp-block-button\"><a class=\"wp-block-button__link wp-element-button\" href=\"https:\/\/academia.utp.edu.co\/catedra-de-paz\/posters\/\">P\u00f3sters<\/a><\/div>\n<\/div>\n","protected":false},"excerpt":{"rendered":"<p>PODCASTS A continuaci\u00f3n, se presentan algunos podcasts elaborados por estudiantes de la C\u00e1tedra de Paz 2025- 2, del grupo de Ingenier\u00eda El\u00e9ctrica, orientado por el profesor Julio C\u00e9sas Murillo Garc\u00eda. [&hellip;]<\/p>\n","protected":false},"author":1930,"featured_media":0,"parent":0,"menu_order":0,"comment_status":"closed","ping_status":"closed","template":"","meta":{"site-sidebar-layout":"default","site-content-layout":"","ast-site-content-layout":"default","site-content-style":"default","site-sidebar-style":"default","ast-global-header-display":"","ast-banner-title-visibility":"disabled","ast-main-header-display":"","ast-hfb-above-header-display":"","ast-hfb-below-header-display":"","ast-hfb-mobile-header-display":"","site-post-title":"","ast-breadcrumbs-content":"","ast-featured-img":"","footer-sml-layout":"","ast-disable-related-posts":"","theme-transparent-header-meta":"","adv-header-id-meta":"","stick-header-meta":"","header-above-stick-meta":"","header-main-stick-meta":"","header-below-stick-meta":"","astra-migrate-meta-layouts":"default","ast-page-background-enabled":"default","ast-page-background-meta":{"desktop":{"background-color":"var(--ast-global-color-5)","background-image":"","background-repeat":"repeat","background-position":"center center","background-size":"auto","background-attachment":"scroll","background-type":"","background-media":"","overlay-type":"","overlay-color":"","overlay-opacity":"","overlay-gradient":""},"tablet":{"background-color":"","background-image":"","background-repeat":"repeat","background-position":"center center","background-size":"auto","background-attachment":"scroll","background-type":"","background-media":"","overlay-type":"","overlay-color":"","overlay-opacity":"","overlay-gradient":""},"mobile":{"background-color":"","background-image":"","background-repeat":"repeat","background-position":"center center","background-size":"auto","background-attachment":"scroll","background-type":"","background-media":"","overlay-type":"","overlay-color":"","overlay-opacity":"","overlay-gradient":""}},"ast-content-background-meta":{"desktop":{"background-color":"var(--ast-global-color-4)","background-image":"","background-repeat":"repeat","background-position":"center center","background-size":"auto","background-attachment":"scroll","background-type":"","background-media":"","overlay-type":"","overlay-color":"","overlay-opacity":"","overlay-gradient":""},"tablet":{"background-color":"var(--ast-global-color-4)","background-image":"","background-repeat":"repeat","background-position":"center center","background-size":"auto","background-attachment":"scroll","background-type":"","background-media":"","overlay-type":"","overlay-color":"","overlay-opacity":"","overlay-gradient":""},"mobile":{"background-color":"var(--ast-global-color-4)","background-image":"","background-repeat":"repeat","background-position":"center center","background-size":"auto","background-attachment":"scroll","background-type":"","background-media":"","overlay-type":"","overlay-color":"","overlay-opacity":"","overlay-gradient":""}},"footnotes":""},"class_list":["post-848","page","type-page","status-publish","hentry"],"_links":{"self":[{"href":"https:\/\/academia.utp.edu.co\/catedra-de-paz\/wp-json\/wp\/v2\/pages\/848","targetHints":{"allow":["GET"]}}],"collection":[{"href":"https:\/\/academia.utp.edu.co\/catedra-de-paz\/wp-json\/wp\/v2\/pages"}],"about":[{"href":"https:\/\/academia.utp.edu.co\/catedra-de-paz\/wp-json\/wp\/v2\/types\/page"}],"author":[{"embeddable":true,"href":"https:\/\/academia.utp.edu.co\/catedra-de-paz\/wp-json\/wp\/v2\/users\/1930"}],"replies":[{"embeddable":true,"href":"https:\/\/academia.utp.edu.co\/catedra-de-paz\/wp-json\/wp\/v2\/comments?post=848"}],"version-history":[{"count":9,"href":"https:\/\/academia.utp.edu.co\/catedra-de-paz\/wp-json\/wp\/v2\/pages\/848\/revisions"}],"predecessor-version":[{"id":920,"href":"https:\/\/academia.utp.edu.co\/catedra-de-paz\/wp-json\/wp\/v2\/pages\/848\/revisions\/920"}],"wp:attachment":[{"href":"https:\/\/academia.utp.edu.co\/catedra-de-paz\/wp-json\/wp\/v2\/media?parent=848"}],"curies":[{"name":"wp","href":"https:\/\/api.w.org\/{rel}","templated":true}]}}