{"id":865,"date":"2025-12-09T13:26:50","date_gmt":"2025-12-09T18:26:50","guid":{"rendered":"https:\/\/academia.utp.edu.co\/catedra-de-paz\/?page_id=865"},"modified":"2025-12-10T11:10:32","modified_gmt":"2025-12-10T16:10:32","slug":"posters","status":"publish","type":"page","link":"https:\/\/academia.utp.edu.co\/catedra-de-paz\/posters\/","title":{"rendered":"P\u00f3sters"},"content":{"rendered":"\n<h2 class=\"wp-block-heading has-text-align-center has-electric-grass-gradient-background has-background\">P\u00d3STERS<\/h2>\n\n\n\n<p class=\"has-text-align-left\">Como resultado de la escucha y los intercambios dial\u00f3gicos con firmantes de paz a partir de sus trayectorias de vida -antes, durante y despu\u00e9s de pertenecer a un grupo insurgente- se presenta esta selecci\u00f3n de posters elaborados por estudiantes de la C\u00e1tedra de Paz 2025- 2. All\u00ed se plasman tanto las condiciones de vida que llevaron a las personas en otros momentos de sus vidas a ingresar a un grupo armado ilegal, como sus apuestas por la reconciliaci\u00f3n y la construcci\u00f3n de paz desde los territorios.<\/p>\n\n\n\n<p><strong>Deisy Bueno y Maria Camila Ram\u00edrez. Grupo 4. 2025-2<\/strong><\/p>\n\n\n\n<figure class=\"wp-block-image aligncenter size-large\"><img loading=\"lazy\" decoding=\"async\" width=\"710\" height=\"1024\" src=\"https:\/\/academia.utp.edu.co\/catedra-de-paz\/files\/2025\/12\/Deisy-Bueno-y-Maria-Camila-Ramirez.-Grupo-4.-2025-2-710x1024.jpg\" alt=\"\" class=\"wp-image-928\" srcset=\"https:\/\/academia.utp.edu.co\/catedra-de-paz\/files\/2025\/12\/Deisy-Bueno-y-Maria-Camila-Ramirez.-Grupo-4.-2025-2-710x1024.jpg 710w, https:\/\/academia.utp.edu.co\/catedra-de-paz\/files\/2025\/12\/Deisy-Bueno-y-Maria-Camila-Ramirez.-Grupo-4.-2025-2-208x300.jpg 208w, https:\/\/academia.utp.edu.co\/catedra-de-paz\/files\/2025\/12\/Deisy-Bueno-y-Maria-Camila-Ramirez.-Grupo-4.-2025-2-768x1107.jpg 768w, https:\/\/academia.utp.edu.co\/catedra-de-paz\/files\/2025\/12\/Deisy-Bueno-y-Maria-Camila-Ramirez.-Grupo-4.-2025-2-1066x1536.jpg 1066w, https:\/\/academia.utp.edu.co\/catedra-de-paz\/files\/2025\/12\/Deisy-Bueno-y-Maria-Camila-Ramirez.-Grupo-4.-2025-2.jpg 1110w\" sizes=\"auto, (max-width: 710px) 100vw, 710px\" \/><\/figure>\n\n\n\n<p><strong>Laura Valentina Zapata y Sebasti\u00e1n Contreras. Grupo 4. 2025-2<\/strong><\/p>\n\n\n\n<figure class=\"wp-block-image aligncenter size-large\"><img loading=\"lazy\" decoding=\"async\" width=\"768\" height=\"1024\" src=\"https:\/\/academia.utp.edu.co\/catedra-de-paz\/files\/2025\/12\/Laura-Valentina-Zapata-y-Sebastian-Contreras-Grupo-4-2-768x1024.jpg\" alt=\"\" class=\"wp-image-930\" srcset=\"https:\/\/academia.utp.edu.co\/catedra-de-paz\/files\/2025\/12\/Laura-Valentina-Zapata-y-Sebastian-Contreras-Grupo-4-2-768x1024.jpg 768w, https:\/\/academia.utp.edu.co\/catedra-de-paz\/files\/2025\/12\/Laura-Valentina-Zapata-y-Sebastian-Contreras-Grupo-4-2-225x300.jpg 225w, https:\/\/academia.utp.edu.co\/catedra-de-paz\/files\/2025\/12\/Laura-Valentina-Zapata-y-Sebastian-Contreras-Grupo-4-2-1152x1536.jpg 1152w, https:\/\/academia.utp.edu.co\/catedra-de-paz\/files\/2025\/12\/Laura-Valentina-Zapata-y-Sebastian-Contreras-Grupo-4-2-1536x2048.jpg 1536w, https:\/\/academia.utp.edu.co\/catedra-de-paz\/files\/2025\/12\/Laura-Valentina-Zapata-y-Sebastian-Contreras-Grupo-4-2-scaled.jpg 1920w\" sizes=\"auto, (max-width: 768px) 100vw, 768px\" \/><\/figure>\n\n\n\n<p><strong>Luisa Maria Cardona y Sim\u00f3n Rodr\u00edguez. Grupo 1. 2025-2<\/strong><\/p>\n\n\n\n<figure class=\"wp-block-image aligncenter size-large\"><img loading=\"lazy\" decoding=\"async\" width=\"683\" height=\"1024\" src=\"https:\/\/academia.utp.edu.co\/catedra-de-paz\/files\/2025\/12\/Luisa-Maria-Cardona-y-Simon-Rodriguez.-Grupo-1-683x1024.png\" alt=\"\" class=\"wp-image-931\" srcset=\"https:\/\/academia.utp.edu.co\/catedra-de-paz\/files\/2025\/12\/Luisa-Maria-Cardona-y-Simon-Rodriguez.-Grupo-1-683x1024.png 683w, https:\/\/academia.utp.edu.co\/catedra-de-paz\/files\/2025\/12\/Luisa-Maria-Cardona-y-Simon-Rodriguez.-Grupo-1-200x300.png 200w, https:\/\/academia.utp.edu.co\/catedra-de-paz\/files\/2025\/12\/Luisa-Maria-Cardona-y-Simon-Rodriguez.-Grupo-1-768x1152.png 768w, https:\/\/academia.utp.edu.co\/catedra-de-paz\/files\/2025\/12\/Luisa-Maria-Cardona-y-Simon-Rodriguez.-Grupo-1-1024x1536.png 1024w, https:\/\/academia.utp.edu.co\/catedra-de-paz\/files\/2025\/12\/Luisa-Maria-Cardona-y-Simon-Rodriguez.-Grupo-1-1365x2048.png 1365w, https:\/\/academia.utp.edu.co\/catedra-de-paz\/files\/2025\/12\/Luisa-Maria-Cardona-y-Simon-Rodriguez.-Grupo-1-scaled.png 1707w\" sizes=\"auto, (max-width: 683px) 100vw, 683px\" \/><\/figure>\n\n\n\n<p><strong>Valery Hart y Maria Jos\u00e9 Londo\u00f1o. Grupo 1. 2025-2<\/strong><\/p>\n\n\n\n<figure class=\"wp-block-image aligncenter size-large\"><img loading=\"lazy\" decoding=\"async\" width=\"576\" height=\"1024\" src=\"https:\/\/academia.utp.edu.co\/catedra-de-paz\/files\/2025\/12\/Valery-Hart-y-Maria-Jose-Londono.-Grupo-1.-2025-2-576x1024.png\" alt=\"\" class=\"wp-image-932\" srcset=\"https:\/\/academia.utp.edu.co\/catedra-de-paz\/files\/2025\/12\/Valery-Hart-y-Maria-Jose-Londono.-Grupo-1.-2025-2-576x1024.png 576w, https:\/\/academia.utp.edu.co\/catedra-de-paz\/files\/2025\/12\/Valery-Hart-y-Maria-Jose-Londono.-Grupo-1.-2025-2-169x300.png 169w, https:\/\/academia.utp.edu.co\/catedra-de-paz\/files\/2025\/12\/Valery-Hart-y-Maria-Jose-Londono.-Grupo-1.-2025-2-768x1364.png 768w, https:\/\/academia.utp.edu.co\/catedra-de-paz\/files\/2025\/12\/Valery-Hart-y-Maria-Jose-Londono.-Grupo-1.-2025-2.png 788w\" sizes=\"auto, (max-width: 576px) 100vw, 576px\" \/><\/figure>\n\n\n\n<figure class=\"wp-block-image aligncenter size-full\"><img loading=\"lazy\" decoding=\"async\" width=\"666\" height=\"1000\" src=\"https:\/\/academia.utp.edu.co\/catedra-de-paz\/files\/2025\/12\/hannierTatiana.jpg\" alt=\"\" class=\"wp-image-812\" srcset=\"https:\/\/academia.utp.edu.co\/catedra-de-paz\/files\/2025\/12\/hannierTatiana.jpg 666w, https:\/\/academia.utp.edu.co\/catedra-de-paz\/files\/2025\/12\/hannierTatiana-200x300.jpg 200w\" sizes=\"auto, (max-width: 666px) 100vw, 666px\" \/><\/figure>\n\n\n\n<figure class=\"wp-block-image aligncenter size-large\"><img loading=\"lazy\" decoding=\"async\" width=\"575\" height=\"1024\" src=\"https:\/\/academia.utp.edu.co\/catedra-de-paz\/files\/2025\/12\/meloZapata-575x1024.jpg\" alt=\"\" class=\"wp-image-813\" srcset=\"https:\/\/academia.utp.edu.co\/catedra-de-paz\/files\/2025\/12\/meloZapata-575x1024.jpg 575w, https:\/\/academia.utp.edu.co\/catedra-de-paz\/files\/2025\/12\/meloZapata-169x300.jpg 169w, https:\/\/academia.utp.edu.co\/catedra-de-paz\/files\/2025\/12\/meloZapata-768x1367.jpg 768w, https:\/\/academia.utp.edu.co\/catedra-de-paz\/files\/2025\/12\/meloZapata-863x1536.jpg 863w, https:\/\/academia.utp.edu.co\/catedra-de-paz\/files\/2025\/12\/meloZapata.jpg 899w\" sizes=\"auto, (max-width: 575px) 100vw, 575px\" \/><\/figure>\n\n\n\n<figure class=\"wp-block-image aligncenter size-large\"><img loading=\"lazy\" decoding=\"async\" width=\"819\" height=\"1024\" src=\"https:\/\/academia.utp.edu.co\/catedra-de-paz\/files\/2025\/12\/samuel-819x1024.png\" alt=\"\" class=\"wp-image-814\" srcset=\"https:\/\/academia.utp.edu.co\/catedra-de-paz\/files\/2025\/12\/samuel-819x1024.png 819w, https:\/\/academia.utp.edu.co\/catedra-de-paz\/files\/2025\/12\/samuel-240x300.png 240w, https:\/\/academia.utp.edu.co\/catedra-de-paz\/files\/2025\/12\/samuel-768x960.png 768w, https:\/\/academia.utp.edu.co\/catedra-de-paz\/files\/2025\/12\/samuel-1229x1536.png 1229w, https:\/\/academia.utp.edu.co\/catedra-de-paz\/files\/2025\/12\/samuel-1639x2048.png 1639w, https:\/\/academia.utp.edu.co\/catedra-de-paz\/files\/2025\/12\/samuel.png 2025w\" sizes=\"auto, (max-width: 819px) 100vw, 819px\" \/><\/figure>\n\n\n\n<div data-wp-interactive=\"core\/file\" class=\"wp-block-file\"><object data-wp-bind--hidden=\"!state.hasPdfPreview\" hidden class=\"wp-block-file__embed\" data=\"https:\/\/academia.utp.edu.co\/catedra-de-paz\/files\/2025\/12\/fiorellaEmanuel.pdf\" type=\"application\/pdf\" style=\"width:100%;height:600px\" aria-label=\"Incrustado de fiorellaEmanuel.\"><\/object><a id=\"wp-block-file--media-08f3d414-266a-4255-8083-8d34a8e782ba\" href=\"https:\/\/academia.utp.edu.co\/catedra-de-paz\/files\/2025\/12\/fiorellaEmanuel.pdf\">fiorellaEmanuel<\/a><a href=\"https:\/\/academia.utp.edu.co\/catedra-de-paz\/files\/2025\/12\/fiorellaEmanuel.pdf\" class=\"wp-block-file__button wp-element-button\" download aria-describedby=\"wp-block-file--media-08f3d414-266a-4255-8083-8d34a8e782ba\">Descarga<\/a><\/div>\n\n\n\n<div data-wp-interactive=\"core\/file\" class=\"wp-block-file\"><object data-wp-bind--hidden=\"!state.hasPdfPreview\" hidden class=\"wp-block-file__embed\" data=\"https:\/\/academia.utp.edu.co\/catedra-de-paz\/files\/2025\/12\/pabloyjacobo2.pdf\" type=\"application\/pdf\" style=\"width:100%;height:600px\" aria-label=\"Incrustado de pabloyjacobo2.\"><\/object><a id=\"wp-block-file--media-f7ebd743-88ab-4328-a3d4-20ccdd17d04a\" href=\"https:\/\/academia.utp.edu.co\/catedra-de-paz\/files\/2025\/12\/pabloyjacobo2.pdf\">pabloyjacobo2<\/a><a href=\"https:\/\/academia.utp.edu.co\/catedra-de-paz\/files\/2025\/12\/pabloyjacobo2.pdf\" class=\"wp-block-file__button wp-element-button\" download aria-describedby=\"wp-block-file--media-f7ebd743-88ab-4328-a3d4-20ccdd17d04a\">Descarga<\/a><\/div>\n\n\n\n<div data-wp-interactive=\"core\/file\" class=\"wp-block-file\"><object data-wp-bind--hidden=\"!state.hasPdfPreview\" hidden class=\"wp-block-file__embed\" data=\"https:\/\/academia.utp.edu.co\/catedra-de-paz\/files\/2025\/12\/pabloyjacono1.pdf\" type=\"application\/pdf\" style=\"width:100%;height:600px\" aria-label=\"Incrustado de pabloyjacono1.\"><\/object><a id=\"wp-block-file--media-2afa8ca6-c1db-4fd0-bf7f-aebe597852f6\" href=\"https:\/\/academia.utp.edu.co\/catedra-de-paz\/files\/2025\/12\/pabloyjacono1.pdf\">pabloyjacono1<\/a><a href=\"https:\/\/academia.utp.edu.co\/catedra-de-paz\/files\/2025\/12\/pabloyjacono1.pdf\" class=\"wp-block-file__button wp-element-button\" download aria-describedby=\"wp-block-file--media-2afa8ca6-c1db-4fd0-bf7f-aebe597852f6\">Descarga<\/a><\/div>\n\n\n\n<div data-wp-interactive=\"core\/file\" class=\"wp-block-file\"><object data-wp-bind--hidden=\"!state.hasPdfPreview\" hidden class=\"wp-block-file__embed\" data=\"https:\/\/academia.utp.edu.co\/catedra-de-paz\/files\/2025\/12\/ramirez.pdf\" type=\"application\/pdf\" style=\"width:100%;height:600px\" aria-label=\"Incrustado de ramirez.\"><\/object><a id=\"wp-block-file--media-87f6c478-5295-4c94-94bf-be675b37f6dc\" href=\"https:\/\/academia.utp.edu.co\/catedra-de-paz\/files\/2025\/12\/ramirez.pdf\">ramirez<\/a><a href=\"https:\/\/academia.utp.edu.co\/catedra-de-paz\/files\/2025\/12\/ramirez.pdf\" class=\"wp-block-file__button wp-element-button\" download aria-describedby=\"wp-block-file--media-87f6c478-5295-4c94-94bf-be675b37f6dc\">Descarga<\/a><\/div>\n\n\n\n<div class=\"wp-block-buttons is-content-justification-center is-layout-flex wp-container-core-buttons-is-layout-a89b3969 wp-block-buttons-is-layout-flex\">\n<div class=\"wp-block-button\"><a class=\"wp-block-button__link wp-element-button\" href=\"https:\/\/academia.utp.edu.co\/catedra-de-paz\/fotoperformances\/\">Fotoperformances<\/a><\/div>\n\n\n\n<div class=\"wp-block-button\"><a class=\"wp-block-button__link wp-element-button\" href=\"https:\/\/academia.utp.edu.co\/catedra-de-paz\/video-memorias\/\">Video-Memorias<\/a><\/div>\n\n\n\n<div class=\"wp-block-button\"><a class=\"wp-block-button__link wp-element-button\" href=\"https:\/\/academia.utp.edu.co\/catedra-de-paz\/podcasts\/\">Podcasts<\/a><\/div>\n\n\n\n<div class=\"wp-block-button\"><a class=\"wp-block-button__link wp-element-button\" href=\"https:\/\/academia.utp.edu.co\/catedra-de-paz\/reels\/\">Reels<\/a><\/div>\n\n\n\n<div class=\"wp-block-button\"><a class=\"wp-block-button__link wp-element-button\">P\u00f3sters<\/a><\/div>\n<\/div>\n\n\n\n<p><\/p>\n","protected":false},"excerpt":{"rendered":"<p>P\u00d3STERS Como resultado de la escucha y los intercambios dial\u00f3gicos con firmantes de paz a partir de sus trayectorias de vida -antes, durante y despu\u00e9s de pertenecer a un grupo [&hellip;]<\/p>\n","protected":false},"author":1930,"featured_media":0,"parent":0,"menu_order":0,"comment_status":"closed","ping_status":"closed","template":"","meta":{"site-sidebar-layout":"default","site-content-layout":"","ast-site-content-layout":"default","site-content-style":"default","site-sidebar-style":"default","ast-global-header-display":"","ast-banner-title-visibility":"disabled","ast-main-header-display":"","ast-hfb-above-header-display":"","ast-hfb-below-header-display":"","ast-hfb-mobile-header-display":"","site-post-title":"","ast-breadcrumbs-content":"","ast-featured-img":"","footer-sml-layout":"","ast-disable-related-posts":"","theme-transparent-header-meta":"","adv-header-id-meta":"","stick-header-meta":"","header-above-stick-meta":"","header-main-stick-meta":"","header-below-stick-meta":"","astra-migrate-meta-layouts":"default","ast-page-background-enabled":"default","ast-page-background-meta":{"desktop":{"background-color":"var(--ast-global-color-5)","background-image":"","background-repeat":"repeat","background-position":"center center","background-size":"auto","background-attachment":"scroll","background-type":"","background-media":"","overlay-type":"","overlay-color":"","overlay-opacity":"","overlay-gradient":""},"tablet":{"background-color":"","background-image":"","background-repeat":"repeat","background-position":"center center","background-size":"auto","background-attachment":"scroll","background-type":"","background-media":"","overlay-type":"","overlay-color":"","overlay-opacity":"","overlay-gradient":""},"mobile":{"background-color":"","background-image":"","background-repeat":"repeat","background-position":"center center","background-size":"auto","background-attachment":"scroll","background-type":"","background-media":"","overlay-type":"","overlay-color":"","overlay-opacity":"","overlay-gradient":""}},"ast-content-background-meta":{"desktop":{"background-color":"var(--ast-global-color-4)","background-image":"","background-repeat":"repeat","background-position":"center center","background-size":"auto","background-attachment":"scroll","background-type":"","background-media":"","overlay-type":"","overlay-color":"","overlay-opacity":"","overlay-gradient":""},"tablet":{"background-color":"var(--ast-global-color-4)","background-image":"","background-repeat":"repeat","background-position":"center center","background-size":"auto","background-attachment":"scroll","background-type":"","background-media":"","overlay-type":"","overlay-color":"","overlay-opacity":"","overlay-gradient":""},"mobile":{"background-color":"var(--ast-global-color-4)","background-image":"","background-repeat":"repeat","background-position":"center center","background-size":"auto","background-attachment":"scroll","background-type":"","background-media":"","overlay-type":"","overlay-color":"","overlay-opacity":"","overlay-gradient":""}},"footnotes":""},"class_list":["post-865","page","type-page","status-publish","hentry"],"_links":{"self":[{"href":"https:\/\/academia.utp.edu.co\/catedra-de-paz\/wp-json\/wp\/v2\/pages\/865","targetHints":{"allow":["GET"]}}],"collection":[{"href":"https:\/\/academia.utp.edu.co\/catedra-de-paz\/wp-json\/wp\/v2\/pages"}],"about":[{"href":"https:\/\/academia.utp.edu.co\/catedra-de-paz\/wp-json\/wp\/v2\/types\/page"}],"author":[{"embeddable":true,"href":"https:\/\/academia.utp.edu.co\/catedra-de-paz\/wp-json\/wp\/v2\/users\/1930"}],"replies":[{"embeddable":true,"href":"https:\/\/academia.utp.edu.co\/catedra-de-paz\/wp-json\/wp\/v2\/comments?post=865"}],"version-history":[{"count":8,"href":"https:\/\/academia.utp.edu.co\/catedra-de-paz\/wp-json\/wp\/v2\/pages\/865\/revisions"}],"predecessor-version":[{"id":935,"href":"https:\/\/academia.utp.edu.co\/catedra-de-paz\/wp-json\/wp\/v2\/pages\/865\/revisions\/935"}],"wp:attachment":[{"href":"https:\/\/academia.utp.edu.co\/catedra-de-paz\/wp-json\/wp\/v2\/media?parent=865"}],"curies":[{"name":"wp","href":"https:\/\/api.w.org\/{rel}","templated":true}]}}