{"id":11,"date":"2017-04-27T13:53:40","date_gmt":"2017-04-27T13:53:40","guid":{"rendered":"http:\/\/academia.utp.edu.co\/cclinicas\/?page_id=2"},"modified":"2017-04-27T16:48:47","modified_gmt":"2017-04-27T16:48:47","slug":"pagina-ejemplo","status":"publish","type":"page","link":"https:\/\/academia.utp.edu.co\/cclinicas\/pagina-ejemplo\/","title":{"rendered":"Semiolog\u00eda General"},"content":{"rendered":"<p>El estudiante de&nbsp; V semestre est\u00e1 en un etapa de transici\u00f3n entre los&nbsp; conocimientos b\u00e1sicos y los cl\u00ednicos.&nbsp; La Semiolog\u00eda es el primer pilar cl\u00ednico, no s\u00f3lo en el&nbsp; aprendizaje de<br \/>\n<img loading=\"lazy\" decoding=\"async\" class=\"wp-image-351 alignleft\" src=\"https:\/\/academia.utp.edu.co\/cclinicas\/files\/2017\/04\/semiologia-300x225.jpg\" alt=\"\" width=\"195\" height=\"147\" srcset=\"https:\/\/academia.utp.edu.co\/cclinicas\/files\/2017\/04\/semiologia-300x225.jpg 300w, https:\/\/academia.utp.edu.co\/cclinicas\/files\/2017\/04\/semiologia-768x576.jpg 768w, https:\/\/academia.utp.edu.co\/cclinicas\/files\/2017\/04\/semiologia-1024x768.jpg 1024w, https:\/\/academia.utp.edu.co\/cclinicas\/files\/2017\/04\/semiologia-250x188.jpg 250w\" sizes=\"auto, (max-width: 195px) 100vw, 195px\" \/>la Medicina sino tambi\u00e9n en el ejercicio profesional de toda la vida.&nbsp; Es el primer contacto que tiene el estudiante con los pacientes.&nbsp;&nbsp;Requerir\u00e1 por lo tanto, evocar todos sus conocimientos b\u00e1sicos, para aplicarlos y correlacionarlos con las destrezas y habilidades que debe adquirir a fin de&nbsp; realizar un interrogatorio y un examen f\u00edsico adecuado a la persona adulta y anciana, reconociendo e interpretando s\u00edntomas y signos&nbsp; biol\u00f3gicos, psicol\u00f3gicos, sociales que lo oriente a un&nbsp;diagn\u00f3stico.<\/p>\n<p>&nbsp;<\/p>\n","protected":false},"excerpt":{"rendered":"<p>El estudiante de&nbsp; V semestre est\u00e1 en un etapa de transici\u00f3n entre los&nbsp; conocimientos b\u00e1sicos y los cl\u00ednicos.&nbsp; La Semiolog\u00eda es el primer pilar cl\u00ednico, no s\u00f3lo en el&nbsp; aprendizaje de la Medicina sino tambi\u00e9n en el ejercicio profesional de &hellip; <a href=\"https:\/\/academia.utp.edu.co\/cclinicas\/pagina-ejemplo\/\">Sigue leyendo <span class=\"meta-nav\">&rarr;<\/span><\/a><\/p>\n","protected":false},"author":691,"featured_media":0,"parent":0,"menu_order":0,"comment_status":"closed","ping_status":"closed","template":"","meta":{"footnotes":""},"class_list":["post-11","page","type-page","status-publish","hentry"],"_links":{"self":[{"href":"https:\/\/academia.utp.edu.co\/cclinicas\/wp-json\/wp\/v2\/pages\/11","targetHints":{"allow":["GET"]}}],"collection":[{"href":"https:\/\/academia.utp.edu.co\/cclinicas\/wp-json\/wp\/v2\/pages"}],"about":[{"href":"https:\/\/academia.utp.edu.co\/cclinicas\/wp-json\/wp\/v2\/types\/page"}],"author":[{"embeddable":true,"href":"https:\/\/academia.utp.edu.co\/cclinicas\/wp-json\/wp\/v2\/users\/691"}],"replies":[{"embeddable":true,"href":"https:\/\/academia.utp.edu.co\/cclinicas\/wp-json\/wp\/v2\/comments?post=11"}],"version-history":[{"count":4,"href":"https:\/\/academia.utp.edu.co\/cclinicas\/wp-json\/wp\/v2\/pages\/11\/revisions"}],"predecessor-version":[{"id":671,"href":"https:\/\/academia.utp.edu.co\/cclinicas\/wp-json\/wp\/v2\/pages\/11\/revisions\/671"}],"wp:attachment":[{"href":"https:\/\/academia.utp.edu.co\/cclinicas\/wp-json\/wp\/v2\/media?parent=11"}],"curies":[{"name":"wp","href":"https:\/\/api.w.org\/{rel}","templated":true}]}}