{"id":371,"date":"2017-04-27T15:09:37","date_gmt":"2017-04-27T15:09:37","guid":{"rendered":"http:\/\/academia.utp.edu.co\/cclinicas\/?page_id=371"},"modified":"2017-04-27T15:44:16","modified_gmt":"2017-04-27T15:44:16","slug":"docentes","status":"publish","type":"page","link":"https:\/\/academia.utp.edu.co\/cclinicas\/pagina-ejemplo\/docentes\/","title":{"rendered":"Docentes"},"content":{"rendered":"<h3>Docentes que integran la asignatura:<\/h3>\n<ul>\n<li>Dr. Francisco Javier S\u00e1nchez Montoya .<\/li>\n<li>Dr. \u00c1lvaro L\u00f3pez Salazar.<\/li>\n<li>Dr. Mario Osorio L\u00f3pez.<img loading=\"lazy\" decoding=\"async\" class=\"wp-image-401 alignright\" src=\"https:\/\/academia.utp.edu.co\/cclinicas\/files\/2017\/04\/Collage-PicMonkey-300x231.jpg\" alt=\"\" width=\"240\" height=\"185\" srcset=\"https:\/\/academia.utp.edu.co\/cclinicas\/files\/2017\/04\/Collage-PicMonkey-300x231.jpg 300w, https:\/\/academia.utp.edu.co\/cclinicas\/files\/2017\/04\/Collage-PicMonkey-768x592.jpg 768w, https:\/\/academia.utp.edu.co\/cclinicas\/files\/2017\/04\/Collage-PicMonkey-1024x790.jpg 1024w, https:\/\/academia.utp.edu.co\/cclinicas\/files\/2017\/04\/Collage-PicMonkey-250x193.jpg 250w\" sizes=\"auto, (max-width: 240px) 100vw, 240px\" \/><\/li>\n<li>Dra. Luz Stella Ort\u00edz Salazar.&nbsp;<\/li>\n<li>Dra. Martha Teresa L\u00f3pez Silva.<\/li>\n<li>Dr. Flavio C\u00e9sar Arroyave Osorio.<\/li>\n<li>Dra. Luz Teresa Horta V\u00e1squez.<\/li>\n<li><a href=\"http:\/\/scienti.colciencias.gov.co:8081\/cvlac\/visualizador\/generarCurriculoCv.do?cod_rh=0000546208\" target=\"_blank\" rel=\"nofollow noopener noreferrer\">Dr. Carlos Eduardo Nieto<\/a>.<\/li>\n<li><a href=\"http:\/\/scienti.colciencias.gov.co:8081\/cvlac\/visualizador\/generarCurriculoCv.do?cod_rh=0000395919\" target=\"_blank\" rel=\"nofollow noopener noreferrer\">Dra. Mar\u00eda Elena Rivera&nbsp;<\/a>.<\/li>\n<li><a href=\"http:\/\/scienti.colciencias.gov.co:8081\/cvlac\/visualizador\/generarCurriculoCv.do?cod_rh=0000399868\" target=\"_blank\" rel=\"nofollow noopener noreferrer\">Dra. Soraya Villegas Rojas<\/a>.<\/li>\n<li><a href=\"http:\/\/scienti.colciencias.gov.co:8081\/cvlac\/visualizador\/generarCurriculoCv.do?cod_rh=0000156051\" target=\"_blank\" rel=\"nofollow noopener noreferrer\">Dr. Jhon Gerardo Moreno<\/a>.<\/li>\n<li><a href=\"http:\/\/scienti.colciencias.gov.co:8081\/cvlac\/visualizador\/generarCurriculoCv.do?cod_rh=0000198110\" target=\"_blank\" rel=\"nofollow noopener noreferrer\">Dr. Francisco Javier S\u00e1nchez<\/a>.<\/li>\n<\/ul>\n<p>&nbsp;<\/p>\n","protected":false},"excerpt":{"rendered":"<p>Docentes que integran la asignatura: Dr. Francisco Javier S\u00e1nchez Montoya . Dr. \u00c1lvaro L\u00f3pez Salazar. Dr. Mario Osorio L\u00f3pez. Dra. Luz Stella Ort\u00edz Salazar.&nbsp; Dra. Martha Teresa L\u00f3pez Silva. Dr. Flavio C\u00e9sar Arroyave Osorio. Dra. Luz Teresa Horta V\u00e1squez. Dr. &hellip; <a href=\"https:\/\/academia.utp.edu.co\/cclinicas\/pagina-ejemplo\/docentes\/\">Sigue leyendo <span class=\"meta-nav\">&rarr;<\/span><\/a><\/p>\n","protected":false},"author":691,"featured_media":0,"parent":11,"menu_order":0,"comment_status":"closed","ping_status":"closed","template":"","meta":{"footnotes":""},"class_list":["post-371","page","type-page","status-publish","hentry"],"_links":{"self":[{"href":"https:\/\/academia.utp.edu.co\/cclinicas\/wp-json\/wp\/v2\/pages\/371","targetHints":{"allow":["GET"]}}],"collection":[{"href":"https:\/\/academia.utp.edu.co\/cclinicas\/wp-json\/wp\/v2\/pages"}],"about":[{"href":"https:\/\/academia.utp.edu.co\/cclinicas\/wp-json\/wp\/v2\/types\/page"}],"author":[{"embeddable":true,"href":"https:\/\/academia.utp.edu.co\/cclinicas\/wp-json\/wp\/v2\/users\/691"}],"replies":[{"embeddable":true,"href":"https:\/\/academia.utp.edu.co\/cclinicas\/wp-json\/wp\/v2\/comments?post=371"}],"version-history":[{"count":3,"href":"https:\/\/academia.utp.edu.co\/cclinicas\/wp-json\/wp\/v2\/pages\/371\/revisions"}],"predecessor-version":[{"id":411,"href":"https:\/\/academia.utp.edu.co\/cclinicas\/wp-json\/wp\/v2\/pages\/371\/revisions\/411"}],"up":[{"embeddable":true,"href":"https:\/\/academia.utp.edu.co\/cclinicas\/wp-json\/wp\/v2\/pages\/11"}],"wp:attachment":[{"href":"https:\/\/academia.utp.edu.co\/cclinicas\/wp-json\/wp\/v2\/media?parent=371"}],"curies":[{"name":"wp","href":"https:\/\/api.w.org\/{rel}","templated":true}]}}