{"id":451,"date":"2017-04-27T15:57:01","date_gmt":"2017-04-27T15:57:01","guid":{"rendered":"http:\/\/academia.utp.edu.co\/cclinicas\/?page_id=451"},"modified":"2017-06-29T16:33:39","modified_gmt":"2017-06-29T16:33:39","slug":"informacion-general","status":"publish","type":"page","link":"https:\/\/academia.utp.edu.co\/cclinicas\/informacion-general\/","title":{"rendered":"Informaci\u00f3n General"},"content":{"rendered":"<h1>En esta secci\u00f3n encuentras enlaces de inter\u00e9s para la realizaci\u00f3n de las practicas:<a style=\"color: #ff4b33\" href=\"http:\/\/blog.utp.edu.co\/abclinica\/files\/2011\/01\/Calendario-Acad%C3%A9mico-I-2017.pdf\"><img loading=\"lazy\" decoding=\"async\" class=\"wp-image-321 aligncenter\" src=\"https:\/\/academia.utp.edu.co\/cclinicas\/files\/2017\/04\/doctores-300x150.jpg\" alt=\"\" width=\"348\" height=\"174\" srcset=\"https:\/\/academia.utp.edu.co\/cclinicas\/files\/2017\/04\/doctores-300x150.jpg 300w, https:\/\/academia.utp.edu.co\/cclinicas\/files\/2017\/04\/doctores-250x125.jpg 250w, https:\/\/academia.utp.edu.co\/cclinicas\/files\/2017\/04\/doctores.jpg 318w\" sizes=\"auto, (max-width: 348px) 100vw, 348px\" \/><\/a><\/h1>\n<ul>\n<li>\n<h3><a href=\"http:\/\/blog.utp.edu.co\/abclinica\/files\/2011\/01\/GDI-PD-013-PROCEDIMIENTOS-QUE-REGULAN-LAS-PRACTICAS-DE-ESTUDIANTES.pdf\">Procedimientos que regulan las pr\u00e1cticas de&nbsp;estudiantes<\/a><\/h3>\n<\/li>\n<li>\n<h3><a href=\"http:\/\/blog.utp.edu.co\/abclinica\/files\/2011\/01\/Como-Reportar-un-Accidente-de-Trabajo1.pdf\">Como Reportar un Accidente de Trabajo<\/a><\/h3>\n<\/li>\n<li>\n<h3>&nbsp;<a href=\"http:\/\/blog.utp.edu.co\/abclinica\/files\/2011\/01\/USO-CARNE.pdf\">Uso de carnet <\/a><\/h3>\n<\/li>\n<li>\n<h3><a href=\"http:\/\/blog.utp.edu.co\/abclinica\/files\/2011\/01\/Uso-uniformes.pdf\">Uso de uniforme<\/a><\/h3>\n<\/li>\n<li>\n<h3><a href=\"http:\/\/blog.utp.edu.co\/abclinica\/files\/2011\/01\/Calendario-Acad%C3%A9mico-I-2017.pdf\">Calendario Acad\u00e9mico I 2017<\/a><\/h3>\n<\/li>\n<li>\n<h3><a href=\"http:\/\/academia.utp.edu.co\/basicoclinica\/\">Blog Dr. Carlos Eduardo Nieto Garc\u00eda&nbsp;<\/a><\/h3>\n<\/li>\n<li>\n<h3><a href=\"http:\/\/blog.utp.edu.co\/cienciasclinicas\/files\/2010\/10\/Guia-OMS-Lavado-de-manos.pdf\">Guia OMS Lavado de manos<\/a><\/h3>\n<\/li>\n<li>\n<h3><a href=\"http:\/\/media.utp.edu.co\/medicina\/archivos\/links\/informemedicina1.pdf\" target=\"_blank\" rel=\"nofollow noopener\">Informe final de Acreditaci\u00f3n<\/a><\/h3>\n<\/li>\n<li>\n<h3><a href=\"http:\/\/blog.utp.edu.co\/cienciasclinicas\/files\/2010\/10\/NORMAS-GENERALES-DE-BIOSEGURIDAD-UNIVERSIDAD-TECNOL%C3%93GICA-DE-PEREIRA.pdf\">Normas Generales de Bioseguridad \u2013 Universidad Tecn<\/a><a href=\"http:\/\/blog.utp.edu.co\/cienciasclinicas\/files\/2010\/10\/NORMAS-GENERALES-DE-BIOSEGURIDAD-UNIVERSIDAD-TECNOL%C3%93GICA-DE-PEREIRA.pdf\">ol\u00f3gica&nbsp;de Pereira<\/a><\/h3>\n<\/li>\n<li>\n<h3><a href=\"http:\/\/blog.utp.edu.co\/cienciasclinicas\/files\/2010\/10\/Manual-de-Pr%C3%A1cticas-H.U.S.J.pdf\">Manual de Pr\u00e1cticas H.U.S.J<\/a><\/h3>\n<\/li>\n<li>\n<h3><a href=\"http:\/\/blog.utp.edu.co\/cienciasclinicas\/files\/2010\/10\/Decretodocenciaensalud.pdf\">Decreto 2376 de 2010 \u2013 Docencia en Salud<\/a><\/h3>\n<\/li>\n<\/ul>\n","protected":false},"excerpt":{"rendered":"<p>En esta secci\u00f3n encuentras enlaces de inter\u00e9s para la realizaci\u00f3n de las practicas: Procedimientos que regulan las pr\u00e1cticas de&nbsp;estudiantes Como Reportar un Accidente de Trabajo &nbsp;Uso de carnet Uso de uniforme Calendario Acad\u00e9mico I 2017 Blog Dr. Carlos Eduardo Nieto &hellip; <a href=\"https:\/\/academia.utp.edu.co\/cclinicas\/informacion-general\/\">Sigue leyendo <span class=\"meta-nav\">&rarr;<\/span><\/a><\/p>\n","protected":false},"author":691,"featured_media":0,"parent":0,"menu_order":3,"comment_status":"closed","ping_status":"closed","template":"","meta":{"footnotes":""},"class_list":["post-451","page","type-page","status-publish","hentry"],"_links":{"self":[{"href":"https:\/\/academia.utp.edu.co\/cclinicas\/wp-json\/wp\/v2\/pages\/451","targetHints":{"allow":["GET"]}}],"collection":[{"href":"https:\/\/academia.utp.edu.co\/cclinicas\/wp-json\/wp\/v2\/pages"}],"about":[{"href":"https:\/\/academia.utp.edu.co\/cclinicas\/wp-json\/wp\/v2\/types\/page"}],"author":[{"embeddable":true,"href":"https:\/\/academia.utp.edu.co\/cclinicas\/wp-json\/wp\/v2\/users\/691"}],"replies":[{"embeddable":true,"href":"https:\/\/academia.utp.edu.co\/cclinicas\/wp-json\/wp\/v2\/comments?post=451"}],"version-history":[{"count":9,"href":"https:\/\/academia.utp.edu.co\/cclinicas\/wp-json\/wp\/v2\/pages\/451\/revisions"}],"predecessor-version":[{"id":791,"href":"https:\/\/academia.utp.edu.co\/cclinicas\/wp-json\/wp\/v2\/pages\/451\/revisions\/791"}],"wp:attachment":[{"href":"https:\/\/academia.utp.edu.co\/cclinicas\/wp-json\/wp\/v2\/media?parent=451"}],"curies":[{"name":"wp","href":"https:\/\/api.w.org\/{rel}","templated":true}]}}