{"id":591,"date":"2017-04-27T16:35:07","date_gmt":"2017-04-27T16:35:07","guid":{"rendered":"http:\/\/academia.utp.edu.co\/cclinicas\/?page_id=591"},"modified":"2017-04-27T16:35:59","modified_gmt":"2017-04-27T16:35:59","slug":"programa","status":"publish","type":"page","link":"https:\/\/academia.utp.edu.co\/cclinicas\/pagina-ejemplo\/programa\/","title":{"rendered":"Programa"},"content":{"rendered":"<p>El estudiante de V semestre est\u00e1 en una etapa de transici\u00f3n entre los conocimientos b\u00e1sicos y los cl\u00ednicos. La Semiolog\u00eda es el primer pilar cl\u00ednico, no s\u00f3lo en el aprendizaje de la Medicina sino tambi\u00e9n en el ejercicio profesional de toda la vida. Es el primer contacto que tiene el estudiante con los pacientes.<\/p>\n<p>Requerir\u00e1 por lo tanto, evocar todos sus conocimientos b\u00e1sicos, para aplicarlos y correlacionarlos con las destrezas y habilidades que debe adquirir a fin de realizar un interrogatorio y un examen f\u00edsico adecuado a la persona adulta y anciana, reconociendo e interpretando s\u00edntomas y signos biol\u00f3gicos, psicol\u00f3gicos, sociales que lo oriente a un diagn\u00f3stico.<\/p>\n<p>Para m\u00e1s informaci\u00f3n: <a href=\"http:\/\/blog.utp.edu.co\/abclinica\/files\/2011\/01\/Programa-de-Semiologia.pdf\">CLICK AQU\u00cd &nbsp;<\/a><\/p>\n<p>&nbsp;<\/p>\n","protected":false},"excerpt":{"rendered":"<p>El estudiante de V semestre est\u00e1 en una etapa de transici\u00f3n entre los conocimientos b\u00e1sicos y los cl\u00ednicos. La Semiolog\u00eda es el primer pilar cl\u00ednico, no s\u00f3lo en el aprendizaje de la Medicina sino tambi\u00e9n en el ejercicio profesional de &hellip; <a href=\"https:\/\/academia.utp.edu.co\/cclinicas\/pagina-ejemplo\/programa\/\">Sigue leyendo <span class=\"meta-nav\">&rarr;<\/span><\/a><\/p>\n","protected":false},"author":691,"featured_media":0,"parent":11,"menu_order":0,"comment_status":"closed","ping_status":"closed","template":"","meta":{"footnotes":""},"class_list":["post-591","page","type-page","status-publish","hentry"],"_links":{"self":[{"href":"https:\/\/academia.utp.edu.co\/cclinicas\/wp-json\/wp\/v2\/pages\/591","targetHints":{"allow":["GET"]}}],"collection":[{"href":"https:\/\/academia.utp.edu.co\/cclinicas\/wp-json\/wp\/v2\/pages"}],"about":[{"href":"https:\/\/academia.utp.edu.co\/cclinicas\/wp-json\/wp\/v2\/types\/page"}],"author":[{"embeddable":true,"href":"https:\/\/academia.utp.edu.co\/cclinicas\/wp-json\/wp\/v2\/users\/691"}],"replies":[{"embeddable":true,"href":"https:\/\/academia.utp.edu.co\/cclinicas\/wp-json\/wp\/v2\/comments?post=591"}],"version-history":[{"count":2,"href":"https:\/\/academia.utp.edu.co\/cclinicas\/wp-json\/wp\/v2\/pages\/591\/revisions"}],"predecessor-version":[{"id":611,"href":"https:\/\/academia.utp.edu.co\/cclinicas\/wp-json\/wp\/v2\/pages\/591\/revisions\/611"}],"up":[{"embeddable":true,"href":"https:\/\/academia.utp.edu.co\/cclinicas\/wp-json\/wp\/v2\/pages\/11"}],"wp:attachment":[{"href":"https:\/\/academia.utp.edu.co\/cclinicas\/wp-json\/wp\/v2\/media?parent=591"}],"curies":[{"name":"wp","href":"https:\/\/api.w.org\/{rel}","templated":true}]}}