{"id":681,"date":"2017-04-27T16:54:28","date_gmt":"2017-04-27T16:54:28","guid":{"rendered":"http:\/\/academia.utp.edu.co\/cclinicas\/?page_id=681"},"modified":"2017-04-27T16:54:28","modified_gmt":"2017-04-27T16:54:28","slug":"programas-complementarios","status":"publish","type":"page","link":"https:\/\/academia.utp.edu.co\/cclinicas\/pagina-ejemplo\/programa\/programas-complementarios\/","title":{"rendered":"Programas Complementarios"},"content":{"rendered":"<ul>\n<li>\n<h1>Semiolog\u00eda del comportamiento<\/h1>\n<h3><a href=\"http:\/\/blog.utp.edu.co\/abclinica\/files\/2011\/01\/Programa-Semiolog\u00eda-del-Comportamiento-II-semestre-de-2016.pdf\">Amplia la informaci\u00f3n aqu\u00ed<\/a><\/h3>\n<\/li>\n<li>\n<h1>Revisi\u00f3n te\u00f3rica&nbsp;<\/h1>\n<h3><a href=\"http:\/\/blog.utp.edu.co\/abclinica\/files\/2011\/01\/Programa-Dra.-Horta-I-sem-2017.pdf\">Amplia la informaci\u00f3n aqu\u00ed<\/a>&nbsp;<\/h3>\n<\/li>\n<\/ul>\n","protected":false},"excerpt":{"rendered":"<p>Semiolog\u00eda del comportamiento Amplia la informaci\u00f3n aqu\u00ed Revisi\u00f3n te\u00f3rica&nbsp; Amplia la informaci\u00f3n aqu\u00ed&nbsp;<\/p>\n","protected":false},"author":691,"featured_media":0,"parent":591,"menu_order":0,"comment_status":"closed","ping_status":"closed","template":"","meta":{"footnotes":""},"class_list":["post-681","page","type-page","status-publish","hentry"],"_links":{"self":[{"href":"https:\/\/academia.utp.edu.co\/cclinicas\/wp-json\/wp\/v2\/pages\/681","targetHints":{"allow":["GET"]}}],"collection":[{"href":"https:\/\/academia.utp.edu.co\/cclinicas\/wp-json\/wp\/v2\/pages"}],"about":[{"href":"https:\/\/academia.utp.edu.co\/cclinicas\/wp-json\/wp\/v2\/types\/page"}],"author":[{"embeddable":true,"href":"https:\/\/academia.utp.edu.co\/cclinicas\/wp-json\/wp\/v2\/users\/691"}],"replies":[{"embeddable":true,"href":"https:\/\/academia.utp.edu.co\/cclinicas\/wp-json\/wp\/v2\/comments?post=681"}],"version-history":[{"count":1,"href":"https:\/\/academia.utp.edu.co\/cclinicas\/wp-json\/wp\/v2\/pages\/681\/revisions"}],"predecessor-version":[{"id":691,"href":"https:\/\/academia.utp.edu.co\/cclinicas\/wp-json\/wp\/v2\/pages\/681\/revisions\/691"}],"up":[{"embeddable":true,"href":"https:\/\/academia.utp.edu.co\/cclinicas\/wp-json\/wp\/v2\/pages\/591"}],"wp:attachment":[{"href":"https:\/\/academia.utp.edu.co\/cclinicas\/wp-json\/wp\/v2\/media?parent=681"}],"curies":[{"name":"wp","href":"https:\/\/api.w.org\/{rel}","templated":true}]}}