{"id":701,"date":"2017-04-27T17:01:58","date_gmt":"2017-04-27T17:01:58","guid":{"rendered":"http:\/\/academia.utp.edu.co\/cclinicas\/?page_id=701"},"modified":"2017-04-27T17:02:21","modified_gmt":"2017-04-27T17:02:21","slug":"historia-clinica","status":"publish","type":"page","link":"https:\/\/academia.utp.edu.co\/cclinicas\/pagina-ejemplo\/historia-clinica\/","title":{"rendered":"Historia Cl\u00ednica"},"content":{"rendered":"<h2>Este es el protocolo para la realizaci\u00f3n de una historia cl\u00ednica.<\/h2>\n<h2>Click sobre la imagen:&nbsp;<\/h2>\n<p>&nbsp;<\/p>\n<p><a href=\"http:\/\/blog.utp.edu.co\/abclinica\/files\/2011\/01\/Historia-Cl%C3%ADnica-Semiol%C3%B3gica.pdf\"><img loading=\"lazy\" decoding=\"async\" class=\"wp-image-711 aligncenter\" src=\"https:\/\/academia.utp.edu.co\/cclinicas\/files\/2017\/04\/historia-clinica-300x157.jpg\" alt=\"\" width=\"527\" height=\"276\" srcset=\"https:\/\/academia.utp.edu.co\/cclinicas\/files\/2017\/04\/historia-clinica-300x157.jpg 300w, https:\/\/academia.utp.edu.co\/cclinicas\/files\/2017\/04\/historia-clinica-250x131.jpg 250w, https:\/\/academia.utp.edu.co\/cclinicas\/files\/2017\/04\/historia-clinica.jpg 600w\" sizes=\"auto, (max-width: 527px) 100vw, 527px\" \/><\/a><\/p>\n","protected":false},"excerpt":{"rendered":"<p>Este es el protocolo para la realizaci\u00f3n de una historia cl\u00ednica. Click sobre la imagen:&nbsp; &nbsp;<\/p>\n","protected":false},"author":691,"featured_media":0,"parent":11,"menu_order":2,"comment_status":"closed","ping_status":"closed","template":"","meta":{"footnotes":""},"class_list":["post-701","page","type-page","status-publish","hentry"],"_links":{"self":[{"href":"https:\/\/academia.utp.edu.co\/cclinicas\/wp-json\/wp\/v2\/pages\/701","targetHints":{"allow":["GET"]}}],"collection":[{"href":"https:\/\/academia.utp.edu.co\/cclinicas\/wp-json\/wp\/v2\/pages"}],"about":[{"href":"https:\/\/academia.utp.edu.co\/cclinicas\/wp-json\/wp\/v2\/types\/page"}],"author":[{"embeddable":true,"href":"https:\/\/academia.utp.edu.co\/cclinicas\/wp-json\/wp\/v2\/users\/691"}],"replies":[{"embeddable":true,"href":"https:\/\/academia.utp.edu.co\/cclinicas\/wp-json\/wp\/v2\/comments?post=701"}],"version-history":[{"count":1,"href":"https:\/\/academia.utp.edu.co\/cclinicas\/wp-json\/wp\/v2\/pages\/701\/revisions"}],"predecessor-version":[{"id":721,"href":"https:\/\/academia.utp.edu.co\/cclinicas\/wp-json\/wp\/v2\/pages\/701\/revisions\/721"}],"up":[{"embeddable":true,"href":"https:\/\/academia.utp.edu.co\/cclinicas\/wp-json\/wp\/v2\/pages\/11"}],"wp:attachment":[{"href":"https:\/\/academia.utp.edu.co\/cclinicas\/wp-json\/wp\/v2\/media?parent=701"}],"curies":[{"name":"wp","href":"https:\/\/api.w.org\/{rel}","templated":true}]}}