
{"id":121,"date":"2023-11-20T08:00:54","date_gmt":"2023-11-20T08:00:54","guid":{"rendered":"https:\/\/academia.utp.edu.co\/ceautp\/?page_id=121"},"modified":"2023-11-20T13:15:26","modified_gmt":"2023-11-20T13:15:26","slug":"dialogos-interdisciplinarios","status":"publish","type":"page","link":"https:\/\/academia.utp.edu.co\/ceautp\/dialogos-interdisciplinarios\/","title":{"rendered":"3. Di\u00e1logos Interdisciplinarios"},"content":{"rendered":"\n<div class=\"wp-block-group\"><div class=\"wp-block-group__inner-container is-layout-constrained wp-block-group-is-layout-constrained\">\n<div class=\"wp-block-columns is-layout-flex wp-container-core-columns-is-layout-9d6595d7 wp-block-columns-is-layout-flex\">\n<div class=\"wp-block-column is-layout-flow wp-block-column-is-layout-flow\" style=\"flex-basis:100%\">\n<figure class=\"wp-block-gallery has-nested-images columns-default is-cropped wp-block-gallery-1 is-layout-flex wp-block-gallery-is-layout-flex\">\n<figure class=\"wp-block-image size-large is-style-default\"><img loading=\"lazy\" decoding=\"async\" width=\"1024\" height=\"768\" data-id=\"264\" src=\"https:\/\/academia.utp.edu.co\/ceautp\/files\/2023\/08\/Dialogos-Interdisciplinarios-1024x768.png\" alt=\"\" class=\"wp-image-264\" srcset=\"https:\/\/academia.utp.edu.co\/ceautp\/files\/2023\/08\/Dialogos-Interdisciplinarios-1024x768.png 1024w, https:\/\/academia.utp.edu.co\/ceautp\/files\/2023\/08\/Dialogos-Interdisciplinarios-300x225.png 300w, https:\/\/academia.utp.edu.co\/ceautp\/files\/2023\/08\/Dialogos-Interdisciplinarios-768x576.png 768w, https:\/\/academia.utp.edu.co\/ceautp\/files\/2023\/08\/Dialogos-Interdisciplinarios-1536x1152.png 1536w, https:\/\/academia.utp.edu.co\/ceautp\/files\/2023\/08\/Dialogos-Interdisciplinarios.png 2000w\" sizes=\"auto, (max-width: 1024px) 100vw, 1024px\" \/><\/figure>\n\n\n\n<figure class=\"wp-block-image size-large is-style-default\"><img loading=\"lazy\" decoding=\"async\" width=\"962\" height=\"722\" data-id=\"171\" src=\"https:\/\/academia.utp.edu.co\/ceautp\/files\/2023\/07\/Dialogos-Interdisciplinarios.jpg\" alt=\"\" class=\"wp-image-171\" srcset=\"https:\/\/academia.utp.edu.co\/ceautp\/files\/2023\/07\/Dialogos-Interdisciplinarios.jpg 962w, https:\/\/academia.utp.edu.co\/ceautp\/files\/2023\/07\/Dialogos-Interdisciplinarios-300x225.jpg 300w, https:\/\/academia.utp.edu.co\/ceautp\/files\/2023\/07\/Dialogos-Interdisciplinarios-768x576.jpg 768w\" sizes=\"auto, (max-width: 962px) 100vw, 962px\" \/><\/figure>\n\n\n\n<figure class=\"wp-block-image size-large is-style-default\"><img loading=\"lazy\" decoding=\"async\" width=\"1024\" height=\"768\" data-id=\"147\" src=\"https:\/\/academia.utp.edu.co\/ceautp\/files\/2023\/07\/Acciones-estrategicas-2-1024x768.jpg\" alt=\"\" class=\"wp-image-147\" srcset=\"https:\/\/academia.utp.edu.co\/ceautp\/files\/2023\/07\/Acciones-estrategicas-2-1024x768.jpg 1024w, https:\/\/academia.utp.edu.co\/ceautp\/files\/2023\/07\/Acciones-estrategicas-2-300x225.jpg 300w, https:\/\/academia.utp.edu.co\/ceautp\/files\/2023\/07\/Acciones-estrategicas-2-768x576.jpg 768w, https:\/\/academia.utp.edu.co\/ceautp\/files\/2023\/07\/Acciones-estrategicas-2-1536x1152.jpg 1536w, https:\/\/academia.utp.edu.co\/ceautp\/files\/2023\/07\/Acciones-estrategicas-2-2048x1536.jpg 2048w\" sizes=\"auto, (max-width: 1024px) 100vw, 1024px\" \/><\/figure>\n<\/figure>\n<\/div>\n<\/div>\n<\/div><\/div>\n\n\n\n<hr class=\"wp-block-separator has-alpha-channel-opacity\" \/>\n\n\n\n<h4 class=\"wp-block-heading has-text-align-center has-text-color\" style=\"color:#130257\">Presentaci\u00f3n<\/h4>\n\n\n\n<p><\/p>\n\n\n\n<blockquote class=\"wp-block-quote is-layout-flow wp-block-quote-is-layout-flow\">\n<blockquote class=\"wp-block-quote is-layout-flow wp-block-quote-is-layout-flow\">\n<h5 class=\"wp-block-heading has-black-color has-text-color\" style=\"font-size:16px\"><strong>Uno de los objetivos del Centro de Estudios Ambientales&nbsp;CEA-UTP es promover espacios de encuentro, dialogo, reflexi\u00f3n y discusi\u00f3n acad\u00e9mica y sociocultural al interior de la Facultad de Ciencias Ambientales.<\/strong><\/h5>\n\n\n\n<h5 class=\"wp-block-heading has-black-color has-text-color\" style=\"font-size:16px\"><strong>A 30 a\u00f1os de creaci\u00f3n de la Facultad de Ciencias Ambientales, pionera en el escenario nacional y latinoamericano, se considera pertinente y necesario generar espacios de encuentro, reflexi\u00f3n y discusi\u00f3n acad\u00e9mica con estudiantes, egresados, profesores, investigadores y directivas \u2013Di\u00e1logos Interdisciplinarios- en torno a los <em>balances y perspectivas de los procesos de formaci\u00f3n, investigaci\u00f3n y extensi\u00f3n de la Facultad y el papel de un Centro de Estudios Ambientales<\/em><\/strong>.<\/h5>\n<\/blockquote>\n<\/blockquote>\n\n\n\n<hr class=\"wp-block-separator has-alpha-channel-opacity\" \/>\n\n\n\n<h4 class=\"wp-block-heading has-text-align-center has-text-color\" style=\"color:#130257\">Primer Di\u00e1logo Interdisciplinario \u00abBalances y perspectivas de la Facultad de Ciencias Ambientales en los 30 a\u00f1os\u00bb<\/h4>\n\n\n\n<p><\/p>\n\n\n\n<p><\/p>\n\n\n\n<figure class=\"wp-block-image size-large\"><img loading=\"lazy\" decoding=\"async\" width=\"1024\" height=\"235\" src=\"https:\/\/academia.utp.edu.co\/ceautp\/files\/2023\/10\/Primer-Dialogo-1-1024x235.jpg\" alt=\"\" class=\"wp-image-345\" srcset=\"https:\/\/academia.utp.edu.co\/ceautp\/files\/2023\/10\/Primer-Dialogo-1-1024x235.jpg 1024w, https:\/\/academia.utp.edu.co\/ceautp\/files\/2023\/10\/Primer-Dialogo-1-300x69.jpg 300w, https:\/\/academia.utp.edu.co\/ceautp\/files\/2023\/10\/Primer-Dialogo-1-768x176.jpg 768w, https:\/\/academia.utp.edu.co\/ceautp\/files\/2023\/10\/Primer-Dialogo-1-1536x352.jpg 1536w, https:\/\/academia.utp.edu.co\/ceautp\/files\/2023\/10\/Primer-Dialogo-1-2048x469.jpg 2048w\" sizes=\"auto, (max-width: 1024px) 100vw, 1024px\" \/><\/figure>\n\n\n\n<p><\/p>\n\n\n\n<p><sup>Fecha Publicaci\u00f3n: 20\/08\/2023 \u2022 18:00<\/sup><\/p>\n\n\n\n<p class=\"has-black-color has-text-color\">El pasado 17 de agosto se realiz\u00f3 el <strong>Primer Di\u00e1logo Interdisciplinario de la Facultad de Ciencias Ambientales 2023-2<\/strong>, un espacio de encuentro, reflexi\u00f3n y discusi\u00f3n acad\u00e9mica entre profesores, estudiantes y egresados de los diferentes pregrados y posgrados de nuestra Facultad.<\/p>\n\n\n\n<p class=\"has-black-color has-text-color\">En el Primer Di\u00e1logo se compartieron experiencias, historias, percepciones, reflexiones y preocupaciones que nos han acompa\u00f1ado a lo largo de estos 30 a\u00f1os.<\/p>\n\n\n\n<p class=\"has-black-color has-text-color\">Gracias a todas y todos por su participaci\u00f3n. Esperamos continuar con estos Di\u00e1logos al interior de nuestra Facultad.<\/p>\n\n\n\n<hr class=\"wp-block-separator has-alpha-channel-opacity\" \/>\n\n\n\n<h4 class=\"wp-block-heading has-text-align-center has-text-color\" style=\"color:#130257\">Di\u00e1logo Interdisciplinario: La Administraci\u00f3n Ambiental, perspectivas&nbsp;y retos para el nuevo milenio. Aportes al proceso de renovaci\u00f3n curricular del programa<\/h4>\n\n\n\n<p><\/p>\n\n\n\n<p><\/p>\n\n\n\n<figure class=\"wp-block-gallery aligncenter has-nested-images columns-default is-cropped wp-block-gallery-2 is-layout-flex wp-block-gallery-is-layout-flex\">\n<figure class=\"wp-block-image size-large\"><img loading=\"lazy\" decoding=\"async\" width=\"1024\" height=\"280\" data-id=\"207\" src=\"https:\/\/academia.utp.edu.co\/ceautp\/files\/2023\/07\/Dialogo-egresados-1-1024x280.jpg\" alt=\"\" class=\"wp-image-207\" srcset=\"https:\/\/academia.utp.edu.co\/ceautp\/files\/2023\/07\/Dialogo-egresados-1-1024x280.jpg 1024w, https:\/\/academia.utp.edu.co\/ceautp\/files\/2023\/07\/Dialogo-egresados-1-300x82.jpg 300w, https:\/\/academia.utp.edu.co\/ceautp\/files\/2023\/07\/Dialogo-egresados-1-768x210.jpg 768w, https:\/\/academia.utp.edu.co\/ceautp\/files\/2023\/07\/Dialogo-egresados-1-1536x420.jpg 1536w, https:\/\/academia.utp.edu.co\/ceautp\/files\/2023\/07\/Dialogo-egresados-1-2048x560.jpg 2048w\" sizes=\"auto, (max-width: 1024px) 100vw, 1024px\" \/><\/figure>\n<\/figure>\n\n\n\n<p><\/p>\n\n\n\n<p><sup>Fecha Publicaci\u00f3n: 05\/06\/2023 \u2022 18:00<\/sup><\/p>\n\n\n\n<p class=\"has-text-align-left has-black-color has-text-color\">En el <em>D\u00eda Mundial del Medio Ambiente<\/em>, el Centro de Estudios Ambientales CEA-UTP apoyo la organizaci\u00f3n y realizaci\u00f3n del <em><strong>Di\u00e1logo Interdisciplinario: La Administraci\u00f3n Ambiental, perspectivas&nbsp;y retos para el nuevo mile<\/strong><\/em><strong><em>nio. Aportes al proceso de renovaci\u00f3n curricular del programa<\/em><\/strong>, en coordinaci\u00f3n  con la Escuela de Administraci\u00f3n Ambiental y la Asociaci\u00f3n de Egresados \u2013AMBIEGRESADOS-.<\/p>\n\n\n\n<p class=\"has-black-color has-text-color\">El evento cont\u00f3 con la participaci\u00f3n de los Administradores Ambientales: Alejandra Gonz\u00e1lez, German Cardona, Mario Rodas, Alexander Galindo y David Orlando Santana; y la asistencia de estudiantes, egresados, profesores e investigadores de la Facultad de Ciencias Ambientales.<\/p>\n\n\n\n<hr class=\"wp-block-separator has-alpha-channel-opacity\" \/>\n\n\n\n<p class=\"has-text-align-right\"><sup><strong>Actualizaci\u00f3n<\/strong><\/sup><\/p>\n\n\n\n<p><\/p>\n","protected":false},"excerpt":{"rendered":"<p>Presentaci\u00f3n Primer Di\u00e1logo Interdisciplinario \u00abBalances y perspectivas de la Facultad de Ciencias Ambientales en los 30 a\u00f1os\u00bb Fecha Publicaci\u00f3n: 20\/08\/2023 \u2022 18:00 El pasado 17 de agosto se realiz\u00f3 el [&hellip;]<\/p>\n","protected":false},"author":1905,"featured_media":0,"parent":0,"menu_order":0,"comment_status":"closed","ping_status":"closed","template":"","meta":{"footnotes":""},"class_list":["post-121","page","type-page","status-publish","hentry"],"_links":{"self":[{"href":"https:\/\/academia.utp.edu.co\/ceautp\/wp-json\/wp\/v2\/pages\/121","targetHints":{"allow":["GET"]}}],"collection":[{"href":"https:\/\/academia.utp.edu.co\/ceautp\/wp-json\/wp\/v2\/pages"}],"about":[{"href":"https:\/\/academia.utp.edu.co\/ceautp\/wp-json\/wp\/v2\/types\/page"}],"author":[{"embeddable":true,"href":"https:\/\/academia.utp.edu.co\/ceautp\/wp-json\/wp\/v2\/users\/1905"}],"replies":[{"embeddable":true,"href":"https:\/\/academia.utp.edu.co\/ceautp\/wp-json\/wp\/v2\/comments?post=121"}],"version-history":[{"count":38,"href":"https:\/\/academia.utp.edu.co\/ceautp\/wp-json\/wp\/v2\/pages\/121\/revisions"}],"predecessor-version":[{"id":495,"href":"https:\/\/academia.utp.edu.co\/ceautp\/wp-json\/wp\/v2\/pages\/121\/revisions\/495"}],"wp:attachment":[{"href":"https:\/\/academia.utp.edu.co\/ceautp\/wp-json\/wp\/v2\/media?parent=121"}],"curies":[{"name":"wp","href":"https:\/\/api.w.org\/{rel}","templated":true}]}}