
{"id":124,"date":"2023-11-20T08:00:30","date_gmt":"2023-11-20T08:00:30","guid":{"rendered":"https:\/\/academia.utp.edu.co\/ceautp\/?page_id=124"},"modified":"2023-11-20T13:16:00","modified_gmt":"2023-11-20T13:16:00","slug":"foro-permanente","status":"publish","type":"page","link":"https:\/\/academia.utp.edu.co\/ceautp\/foro-permanente\/","title":{"rendered":"4. Foro Permanente"},"content":{"rendered":"\n<figure class=\"wp-block-gallery aligncenter has-nested-images columns-default is-cropped wp-block-gallery-1 is-layout-flex wp-block-gallery-is-layout-flex\">\n<figure class=\"wp-block-image size-full is-style-default\"><img loading=\"lazy\" decoding=\"async\" width=\"720\" height=\"540\" data-id=\"266\" src=\"http:\/\/academia.utp.edu.co\/ceautp\/files\/2023\/08\/2.jpg\" alt=\"\" class=\"wp-image-266\" srcset=\"https:\/\/academia.utp.edu.co\/ceautp\/files\/2023\/08\/2.jpg 720w, https:\/\/academia.utp.edu.co\/ceautp\/files\/2023\/08\/2-300x225.jpg 300w\" sizes=\"auto, (max-width: 720px) 100vw, 720px\" \/><\/figure>\n\n\n\n<figure class=\"wp-block-image size-large is-style-default\"><img loading=\"lazy\" decoding=\"async\" width=\"1024\" height=\"768\" data-id=\"257\" src=\"https:\/\/academia.utp.edu.co\/ceautp\/files\/2023\/08\/Dialogos-Interdisciplinarios-1-1024x768.jpg\" alt=\"\" class=\"wp-image-257\" srcset=\"https:\/\/academia.utp.edu.co\/ceautp\/files\/2023\/08\/Dialogos-Interdisciplinarios-1-1024x768.jpg 1024w, https:\/\/academia.utp.edu.co\/ceautp\/files\/2023\/08\/Dialogos-Interdisciplinarios-1-300x225.jpg 300w, https:\/\/academia.utp.edu.co\/ceautp\/files\/2023\/08\/Dialogos-Interdisciplinarios-1-768x576.jpg 768w, https:\/\/academia.utp.edu.co\/ceautp\/files\/2023\/08\/Dialogos-Interdisciplinarios-1-1536x1152.jpg 1536w, https:\/\/academia.utp.edu.co\/ceautp\/files\/2023\/08\/Dialogos-Interdisciplinarios-1-2048x1536.jpg 2048w\" sizes=\"auto, (max-width: 1024px) 100vw, 1024px\" \/><\/figure>\n\n\n\n<figure class=\"wp-block-image size-large is-style-default\"><img loading=\"lazy\" decoding=\"async\" width=\"1024\" height=\"576\" data-id=\"185\" src=\"https:\/\/academia.utp.edu.co\/ceautp\/files\/2023\/07\/Foro-Permanente-1024x576.jpg\" alt=\"\" class=\"wp-image-185\" srcset=\"https:\/\/academia.utp.edu.co\/ceautp\/files\/2023\/07\/Foro-Permanente-1024x576.jpg 1024w, https:\/\/academia.utp.edu.co\/ceautp\/files\/2023\/07\/Foro-Permanente-300x169.jpg 300w, https:\/\/academia.utp.edu.co\/ceautp\/files\/2023\/07\/Foro-Permanente-768x432.jpg 768w, https:\/\/academia.utp.edu.co\/ceautp\/files\/2023\/07\/Foro-Permanente-1536x864.jpg 1536w, https:\/\/academia.utp.edu.co\/ceautp\/files\/2023\/07\/Foro-Permanente-2048x1152.jpg 2048w\" sizes=\"auto, (max-width: 1024px) 100vw, 1024px\" \/><\/figure>\n<\/figure>\n\n\n\n<hr class=\"wp-block-separator has-alpha-channel-opacity\" \/>\n\n\n\n<h4 class=\"wp-block-heading has-text-align-center has-text-color\" style=\"color:#130257\">Presentaci\u00f3n<\/h4>\n\n\n\n<blockquote class=\"wp-block-quote is-layout-flow wp-block-quote-is-layout-flow\">\n<blockquote class=\"wp-block-quote is-layout-flow wp-block-quote-is-layout-flow\">\n<p class=\"has-black-color has-text-color\" style=\"font-size:16px\"><strong>Uno de los objetivos del Centro de Estudios Ambientales CEA-UTP es promover espacios de an\u00e1lisis en torno a situaciones ambientales de inter\u00e9s con la comunidad acad\u00e9mica y los diferentes agentes sociales involucrados. <\/strong><\/p>\n\n\n\n<p class=\"has-black-color has-text-color\" style=\"font-size:16px\"><strong>Desde el a\u00f1o 2022 se han realizado Lecciones Inaugurales, Seminarios, Conversatorios, Tertulias, entre otras estrategias acad\u00e9micas y culturales con la participaci\u00f3n de estudiantes, egresados, profesores e investigadores de la Facultad de Ciencias Ambientales, la Universidad Tecnol\u00f3gica de Pereira y ciudadan\u00eda en general.<\/strong><\/p>\n<\/blockquote>\n<\/blockquote>\n\n\n\n<hr class=\"wp-block-separator has-alpha-channel-opacity\" \/>\n\n\n\n<h4 class=\"wp-block-heading has-text-align-center has-text-color\" style=\"color:#130257\">Lecci\u00f3n inaugural Facultad de Ciencias Ambientales 2023-2<br>Crisis clim\u00e1tica: di\u00e1logos desde el arte y la ciencia <\/h4>\n\n\n<div class=\"wp-block-image\">\n<figure class=\"aligncenter size-large\"><img loading=\"lazy\" decoding=\"async\" width=\"1024\" height=\"257\" src=\"https:\/\/academia.utp.edu.co\/ceautp\/files\/2023\/10\/Leccion-Inaugural-2023-2a-3-1024x257.jpg\" alt=\"\" class=\"wp-image-385\" srcset=\"https:\/\/academia.utp.edu.co\/ceautp\/files\/2023\/10\/Leccion-Inaugural-2023-2a-3-1024x257.jpg 1024w, https:\/\/academia.utp.edu.co\/ceautp\/files\/2023\/10\/Leccion-Inaugural-2023-2a-3-300x75.jpg 300w, https:\/\/academia.utp.edu.co\/ceautp\/files\/2023\/10\/Leccion-Inaugural-2023-2a-3-768x192.jpg 768w, https:\/\/academia.utp.edu.co\/ceautp\/files\/2023\/10\/Leccion-Inaugural-2023-2a-3-1536x385.jpg 1536w, https:\/\/academia.utp.edu.co\/ceautp\/files\/2023\/10\/Leccion-Inaugural-2023-2a-3-2048x513.jpg 2048w\" sizes=\"auto, (max-width: 1024px) 100vw, 1024px\" \/><\/figure>\n<\/div>\n\n\n<p><sub>Fecha Publicaci\u00f3n: 04\/09\/2023 \u2022 18:00<\/sub><\/p>\n\n\n\n<p class=\"has-black-color has-text-color\">En el marco del Foro Permanente y los 30 a\u00f1os de la Facultad de Ciencias Ambientales de la Universidad Tecnol\u00f3gica de Pereira, el pasado 30 de agosto se realiz\u00f3 la&nbsp;<strong>Lecci\u00f3n Inaugural 2023-2 \u00abCrisis clim\u00e1tica: di\u00e1logos desde el arte y la ciencia\u00bb,&nbsp;<\/strong>con la participaci\u00f3n de la comunidad universitaria&nbsp;y la ciudadan\u00eda en general.<\/p>\n\n\n\n<p class=\"has-black-color has-text-color\">La Lecci\u00f3n Inaugural propuso un di\u00e1logo entre el arte y la ciencia, entre &nbsp;la primera pel\u00edcula colombiana sobre la crisis clim\u00e1tica:&nbsp;<strong>Ganges, un viaje por los sentidos del agua<\/strong>, con su Director Roberto Restrepo, y los procesos liderados desde la Facultad de Ciencias Ambientales en la tem\u00e1tica de cambio clim\u00e1tico.<\/p>\n\n\n\n<p class=\"has-black-color has-text-color\">La Lecci\u00f3n Inaugural concluy\u00f3 con un Conversatorio con el Director de Ganges y los asistentes.<\/p>\n\n\n\n<hr class=\"wp-block-separator has-alpha-channel-opacity\" \/>\n\n\n\n<h4 class=\"wp-block-heading has-text-align-center has-text-color\" style=\"color:#130257\">Conferencia Magistral: Los retos de la gesti\u00f3n del riesgo, la gesti\u00f3n ambiental y la gesti\u00f3n del cambio clim\u00e1tico en Colombia<\/h4>\n\n\n\n<figure class=\"wp-block-image size-full\"><img loading=\"lazy\" decoding=\"async\" width=\"967\" height=\"451\" src=\"https:\/\/academia.utp.edu.co\/ceautp\/files\/2023\/10\/Conferencia-Magistral-Javier-Pava.jpg\" alt=\"\" class=\"wp-image-386\" srcset=\"https:\/\/academia.utp.edu.co\/ceautp\/files\/2023\/10\/Conferencia-Magistral-Javier-Pava.jpg 967w, https:\/\/academia.utp.edu.co\/ceautp\/files\/2023\/10\/Conferencia-Magistral-Javier-Pava-300x140.jpg 300w, https:\/\/academia.utp.edu.co\/ceautp\/files\/2023\/10\/Conferencia-Magistral-Javier-Pava-768x358.jpg 768w\" sizes=\"auto, (max-width: 967px) 100vw, 967px\" \/><\/figure>\n\n\n\n<p><sub>Fecha Publicaci\u00f3n: 04\/08\/2023 \u2022 18:00<\/sub><\/p>\n\n\n\n<p class=\"has-black-color has-text-color\">En el marco del Foro Permanente, el pasado 04 de agosto de 2023 se llev\u00f3 a cabo la <em><strong>Conferencia Magistral<\/strong>:&nbsp;<strong>Los retos de la gesti\u00f3n del riesgo, la gesti\u00f3n ambiental y la gesti\u00f3n del cambio clim\u00e1tico en Colombia<\/strong><\/em>, a cargo de Javier Pava S\u00e1nchez, Ex-Director de la Unidad Nacional para la Gesti\u00f3n del Riesgo de Desastres -UNGRD-, Especialista en Gesti\u00f3n de Riesgos, Cambio Clim\u00e1tico y Planeaci\u00f3n Territorial.<\/p>\n\n\n\n<p class=\"has-black-color has-text-color\">La Conferencia Magistral fue realizada por el Centro de Estudios Ambientales CEA-UTP, la L\u00ednea de Investigaci\u00f3n Estudios Socioculturales y Problem\u00e1tica Ambiental&nbsp;<a href=\"https:\/\/www.iespautp.com\/\">IESPA-UTP<\/a>&nbsp;y la Maestr\u00eda en Gesti\u00f3n del Riesgo de la Facultad de Ciencias Ambientales; y cont\u00f3 con la participaci\u00f3n de estudiantes de los pregrados y posgrados, profesores e investigadores de la Facultad de Ciencias Ambientales y la Universidad Tecnol\u00f3gica de Pereira y ciudadan\u00eda en general.<\/p>\n\n\n\n<hr class=\"wp-block-separator has-alpha-channel-opacity\" \/>\n\n\n\n<h4 class=\"wp-block-heading has-text-align-center has-text-color\" style=\"color:#130257\">Seminario Permanente G\u00e9nero y Ambiente: Perspectiva de g\u00e9nero en la planificaci\u00f3n ambiental del municipio de La Celia (Risaralda)<\/h4>\n\n\n<div class=\"wp-block-image\">\n<figure class=\"aligncenter size-full\"><img loading=\"lazy\" decoding=\"async\" width=\"811\" height=\"380\" src=\"https:\/\/academia.utp.edu.co\/ceautp\/files\/2023\/10\/Seminario-GyA-primera-sesion.jpg\" alt=\"\" class=\"wp-image-388\" srcset=\"https:\/\/academia.utp.edu.co\/ceautp\/files\/2023\/10\/Seminario-GyA-primera-sesion.jpg 811w, https:\/\/academia.utp.edu.co\/ceautp\/files\/2023\/10\/Seminario-GyA-primera-sesion-300x141.jpg 300w, https:\/\/academia.utp.edu.co\/ceautp\/files\/2023\/10\/Seminario-GyA-primera-sesion-768x360.jpg 768w\" sizes=\"auto, (max-width: 811px) 100vw, 811px\" \/><\/figure>\n<\/div>\n\n\n<p><sub>Fecha Publicaci\u00f3n: 11\/05\/2023 \u2022 18:00<\/sub><\/p>\n\n\n\n<p class=\"has-black-color has-text-color\">En el marco del Foro Permanente, el Centro de Estudios Ambientales CEA-UTP apoyo la organizaci\u00f3n y realizaci\u00f3n de la <em><strong>Segunda Sesi\u00f3n del Seminario Permanente G\u00e9nero y Ambiente: <\/strong><\/em><strong><em>Perspectiva de g\u00e9nero en la planificaci\u00f3n ambiental del municipio de La Celia (Risaralda)<\/em><\/strong>, en coordinaci\u00f3n con el Departamento de Estudios Interdisciplinarios.<\/p>\n\n\n\n<p class=\"has-black-color has-text-color\">El evento cont\u00f3 con la participaci\u00f3n del Administrador Ambiental Juan Camilo Betancurt y la asistencia de estudiantes, egresados, profesores e investigadores de la Facultad de Ciencias Ambientales.<\/p>\n\n\n\n<hr class=\"wp-block-separator has-alpha-channel-opacity\" \/>\n\n\n\n<h4 class=\"wp-block-heading has-text-align-center has-text-color\" style=\"color:#130257\">Seminario Permanente G\u00e9nero y Ambiente: Desaf\u00edos de la perspectiva de g\u00e9nero en la gesti\u00f3n ambiental<\/h4>\n\n\n<div class=\"wp-block-image\">\n<figure class=\"aligncenter size-full is-resized\"><img loading=\"lazy\" decoding=\"async\" width=\"726\" height=\"677\" src=\"https:\/\/academia.utp.edu.co\/ceautp\/files\/2023\/08\/Conversatorio-Genero-y-Ambiente-2023-1.jpeg\" alt=\"\" class=\"wp-image-259\" style=\"width:285px;height:267px\" srcset=\"https:\/\/academia.utp.edu.co\/ceautp\/files\/2023\/08\/Conversatorio-Genero-y-Ambiente-2023-1.jpeg 726w, https:\/\/academia.utp.edu.co\/ceautp\/files\/2023\/08\/Conversatorio-Genero-y-Ambiente-2023-1-300x280.jpeg 300w\" sizes=\"auto, (max-width: 726px) 100vw, 726px\" \/><\/figure>\n<\/div>\n\n\n<p><\/p>\n\n\n\n<p><sub>Fecha Publicaci\u00f3n: 8\/03\/2023 \u2022 18:00<\/sub><\/p>\n\n\n\n<p class=\"has-black-color has-text-color\">En el marco del Foro Permanente y el D\u00eda Internacional de la Mujer, el Centro de Estudios Ambientales CEA-UTP apoyo la organizaci\u00f3n y realizaci\u00f3n de la <em><strong>Primera Sesi\u00f3n del Seminario Permanente G\u00e9nero y Ambiente: <\/strong><\/em><strong><em>Desaf\u00edos de la perspectiva de g\u00e9nero en la gesti\u00f3n ambiental<\/em><\/strong>, en coordinaci\u00f3n con el Departamento de Estudios Interdisciplinarios.<\/p>\n\n\n\n<p class=\"has-black-color has-text-color\">En la modalidad de conversatorio, se presentaron las siguientes tem\u00e1ticas:<\/p>\n\n\n\n<ul class=\"wp-block-list\">\n<li><em>Sostenibilidad, g\u00e9nero y poder<\/em> a cargo de la Profesora Diana Mar\u00eda Rodr\u00edguez.<\/li>\n\n\n\n<li><em>Aporte de las mujeres a las propuestas agroecol\u00f3gicas <\/em>a cargo de la Administradora Ambiental M\u00f3nica Bedoya.<\/li>\n\n\n\n<li><em>Extractivismo hidroel\u00e9ctrico y transici\u00f3n energ\u00e9tica desde las asimetr\u00edas de poder y g\u00e9nero, desaf\u00edos para la investigaci\u00f3n militante<\/em> a cargo de la L\u00ednea de Investigaci\u00f3n Estudios Socioculturales y Problem\u00e1tica Ambiental.<\/li>\n\n\n\n<li> <em>Desarrollo sostenible, transiciones justas y perspectiva de g\u00e9nero<\/em> a cargo del Administrador Ambiental Juan Camilo Betancurt.<\/li>\n<\/ul>\n\n\n\n<hr class=\"wp-block-separator has-alpha-channel-opacity\" \/>\n\n\n\n<h4 class=\"wp-block-heading has-text-align-center has-text-color\" style=\"color:#130257\">Lecci\u00f3n Inaugural Facultad de Ciencias Ambientales &#8211; segundo semestre 2022<\/h4>\n\n\n<div class=\"wp-block-image\">\n<figure class=\"aligncenter size-large is-resized\"><img loading=\"lazy\" decoding=\"async\" width=\"724\" height=\"1024\" src=\"https:\/\/academia.utp.edu.co\/ceautp\/files\/2023\/08\/Leccion-Inaugural-2022-2-724x1024.png\" alt=\"\" class=\"wp-image-233\" style=\"width:250px;height:undefinedpx\" srcset=\"https:\/\/academia.utp.edu.co\/ceautp\/files\/2023\/08\/Leccion-Inaugural-2022-2-724x1024.png 724w, https:\/\/academia.utp.edu.co\/ceautp\/files\/2023\/08\/Leccion-Inaugural-2022-2-212x300.png 212w, https:\/\/academia.utp.edu.co\/ceautp\/files\/2023\/08\/Leccion-Inaugural-2022-2-768x1086.png 768w, https:\/\/academia.utp.edu.co\/ceautp\/files\/2023\/08\/Leccion-Inaugural-2022-2-1086x1536.png 1086w, https:\/\/academia.utp.edu.co\/ceautp\/files\/2023\/08\/Leccion-Inaugural-2022-2.png 1414w\" sizes=\"auto, (max-width: 724px) 100vw, 724px\" \/><\/figure>\n<\/div>\n\n\n<p><\/p>\n\n\n\n<p><sup>Fecha Publicaci\u00f3n: 11\/11\/2022 \u2022 19:00<\/sup><\/p>\n\n\n\n<p class=\"has-black-color has-text-color\">El Centro de Estudios Ambientales CEA-UTP  y la Escuela de Posgrados realizaron la Lecci\u00f3n Inaugural de la Facultad de Ciencias Ambientales &#8211; segundo semestre 2022, en el marco del lanzamiento de la Maestr\u00eda en Gesti\u00f3n del Riesgo.<\/p>\n\n\n\n<p class=\"has-black-color has-text-color\">La Lecci\u00f3n Inaugural cont\u00f3 con la participaci\u00f3n de la Administradora Ambiental Carolina D\u00edaz Giraldo, Directora de Ambiente y Desarrollo Sostenible del Departamento Nacional de Planeaci\u00f3n -DNP- y el PhD. Armando Espinosa Baquero, profesor e investigador de la Universidad del Quind\u00edo.<\/p>\n\n\n\n<hr class=\"wp-block-separator has-alpha-channel-opacity\" \/>\n\n\n\n<h4 class=\"wp-block-heading has-text-align-center has-text-color\" style=\"color:#130257\">D\u00eda del Libro de la Facultad de Ciencias Ambientales 2022<\/h4>\n\n\n\n<figure class=\"wp-block-image size-large\"><img loading=\"lazy\" decoding=\"async\" width=\"1024\" height=\"244\" src=\"https:\/\/academia.utp.edu.co\/ceautp\/files\/2023\/08\/Dia-del-libro-2022-1024x244.jpg\" alt=\"\" class=\"wp-image-236\" srcset=\"https:\/\/academia.utp.edu.co\/ceautp\/files\/2023\/08\/Dia-del-libro-2022-1024x244.jpg 1024w, https:\/\/academia.utp.edu.co\/ceautp\/files\/2023\/08\/Dia-del-libro-2022-300x71.jpg 300w, https:\/\/academia.utp.edu.co\/ceautp\/files\/2023\/08\/Dia-del-libro-2022-768x183.jpg 768w, https:\/\/academia.utp.edu.co\/ceautp\/files\/2023\/08\/Dia-del-libro-2022-1536x366.jpg 1536w, https:\/\/academia.utp.edu.co\/ceautp\/files\/2023\/08\/Dia-del-libro-2022.jpg 1601w\" sizes=\"auto, (max-width: 1024px) 100vw, 1024px\" \/><\/figure>\n\n\n\n<p><\/p>\n\n\n\n<p><sup>Fecha Publicaci\u00f3n: 25\/04\/2022 \u2022 18:00<\/sup><\/p>\n\n\n\n<p class=\"has-black-color has-text-color\">Desde el Centro de Estudios Ambientales CEA-UTP nos unimos a la celebraci\u00f3n del D\u00eda Mundial del Libro con la presentaci\u00f3n y el acceso a la lectura de las obras acad\u00e9micas y literarias de profesores, investigadores, estudiantes y egresados, como una estrategia para <em>re habitar<\/em> nuestra Facultad.<\/p>\n\n\n\n<p class=\"has-black-color has-text-color\">El D\u00eda del Libro de la Facultad de Ciencias Ambientales 2022 cont\u00f3 con las siguientes presentaciones:<\/p>\n\n\n\n<ul class=\"wp-block-list\">\n<li><em>Lectura de poes\u00eda <\/em>a cargo de la estudiante Luisa Fernanda Mej\u00eda.<\/li>\n\n\n\n<li><em>Proyecto literario in\u00e9dito <\/em>a cargo del Profesor Hugo L\u00f3pez Mart\u00ednez.<\/li>\n\n\n\n<li><em>Avances en biotecnolog\u00eda agr\u00edcola en Risaralda<\/em> a cargo del Profesor Andr\u00e9s Duque Nivia.<\/li>\n\n\n\n<li><em>Proyecto literario in\u00e9dito: A cielo abierto. Galer\u00edas Ignotas<\/em> a cargo del Profesor Le\u00f3n Felipe Cubillos.<\/li>\n\n\n\n<li><em>Caf\u00e9 y coca, condiciones de sustentabilidad en el suroccidente colombiano<\/em> a cargo de la Profesora Alejandra Gonz\u00e1lez Acevedo<em>.<\/em><\/li>\n\n\n\n<li><em>Lectura de poes\u00eda <\/em>a cargo de la estudiante Paulina Zapata.<\/li>\n\n\n\n<li><em>Lisbr\u00e1n un laboratorio vivo para la investigaci\u00f3n y la educaci\u00f3n ambiental <\/em>a cargo de la Profesora Jeymmy Walteros Rodr\u00edguez.<\/li>\n\n\n\n<li><em>Lectura de Cuentos para mi fantasma blanco <\/em>a cargo de la Profesora Mar\u00eda Alicia Serna Pinto.<\/li>\n\n\n\n<li><em>Degradaci\u00f3n ambiental y riesgo de desastres en la ciudad de Pereira<\/em> a cargo del Profesor H\u00e9ctor V\u00e1squez Morales.<\/li>\n\n\n\n<li><em>Pasado, presente y futuro del Salado de Consot\u00e1 Pereira: Enfoques interdisciplinarios<\/em> a cargo de la Administradora Ambiental Mar\u00eda Rosa Castellanos.<\/li>\n\n\n\n<li><em> Lectura de La Vor\u00e1gine<\/em> a cargo del Profesor Andr\u00e9s Duque Nivia. <\/li>\n\n\n\n<li><em>Lectura de Poes\u00eda<\/em> a cargo del Profesor H\u00e9ctor V\u00e1squez Morales.<\/li>\n\n\n\n<li><em>Presentaci\u00f3n Cultural<\/em> a cargo del<em> <\/em>Grupo Trietnias UTP.<\/li>\n<\/ul>\n\n\n\n<hr class=\"wp-block-separator has-alpha-channel-opacity\" \/>\n\n\n\n<h4 class=\"wp-block-heading has-text-align-center has-text-color\" style=\"color:#130257\">Seminario: Derechos Humanos y Ambiente. Activando Di\u00e1logos Interdisciplinarios<\/h4>\n\n\n<div class=\"wp-block-image\">\n<figure class=\"aligncenter size-large\"><img loading=\"lazy\" decoding=\"async\" width=\"1024\" height=\"304\" src=\"https:\/\/academia.utp.edu.co\/ceautp\/files\/2023\/08\/Seminario-DHyA-1024x304.jpg\" alt=\"\" class=\"wp-image-242\" srcset=\"https:\/\/academia.utp.edu.co\/ceautp\/files\/2023\/08\/Seminario-DHyA-1024x304.jpg 1024w, https:\/\/academia.utp.edu.co\/ceautp\/files\/2023\/08\/Seminario-DHyA-300x89.jpg 300w, https:\/\/academia.utp.edu.co\/ceautp\/files\/2023\/08\/Seminario-DHyA-768x228.jpg 768w, https:\/\/academia.utp.edu.co\/ceautp\/files\/2023\/08\/Seminario-DHyA.jpg 1279w\" sizes=\"auto, (max-width: 1024px) 100vw, 1024px\" \/><\/figure>\n<\/div>\n\n\n<p><\/p>\n\n\n\n<p><sup>Fecha Publicaci\u00f3n: 29\/03\/2022 \u2022 18:00<\/sup><\/p>\n\n\n\n<p class=\"has-black-color has-text-color\">En el marco del Proyecto de intercambio rec\u00edproco para el desarrollo de personal entre la Leeds Beckett University y la Universidad Tecnol\u00f3gica de Pereira (2020-2022) y los objetivos del Centro de Estudios Ambientales CEA-UTP se realiz\u00f3 el <strong><em>Seminario Derechos Humanos y Ambiente. Activando Di\u00e1logos Interdisciplinarios<\/em><\/strong>.<\/p>\n\n\n\n<p class=\"has-black-color has-text-color\">Bajo la coordinaci\u00f3n y moderaci\u00f3n de la Profesora Diana Rodr\u00edguez, el Seminario cont\u00f3 con las siguientes presentaciones:<\/p>\n\n\n\n<ul class=\"wp-block-list\">\n<li><em>Situaci\u00f3n de los defensores y defensoras del ambiente en Colombia<\/em> a cargo del Profesor Guillermo Casta\u00f1o. <\/li>\n\n\n\n<li><em>El Examen Peri\u00f3dico Universal \u2013 Perspectivas para la Declaraci\u00f3n sobre los Derechos de Campesinos y otras personas que trabajan en \u00e1reas rurales <\/em>a cargo de la Profesora Louisa Ashley de la Leeds Beckett University.<\/li>\n\n\n\n<li><em>Reflexiones sobre los derechos de la naturaleza <\/em>a cargo de la Abogada Jessica Paola Melo de la Asociaci\u00f3n UPPAA<\/li>\n\n\n\n<li><em>Extractivismo y defensa de los derechos ambientales<\/em> a cargo de la Profesora Carolina Arias Hurtado.<\/li>\n<\/ul>\n\n\n\n<hr class=\"wp-block-separator has-alpha-channel-opacity\" \/>\n\n\n\n<h4 class=\"wp-block-heading has-text-align-center has-text-color\" style=\"color:#130257\">Lecci\u00f3n Inaugural Facultad de Ciencias Ambientales &#8211; primer semestre 2022<\/h4>\n\n\n<div class=\"wp-block-image\">\n<figure class=\"aligncenter size-large\"><img loading=\"lazy\" decoding=\"async\" width=\"1024\" height=\"279\" src=\"https:\/\/academia.utp.edu.co\/ceautp\/files\/2023\/08\/Leccion-Inaugural-2022-1-1024x279.png\" alt=\"\" class=\"wp-image-246\" srcset=\"https:\/\/academia.utp.edu.co\/ceautp\/files\/2023\/08\/Leccion-Inaugural-2022-1-1024x279.png 1024w, https:\/\/academia.utp.edu.co\/ceautp\/files\/2023\/08\/Leccion-Inaugural-2022-1-300x82.png 300w, https:\/\/academia.utp.edu.co\/ceautp\/files\/2023\/08\/Leccion-Inaugural-2022-1-768x209.png 768w, https:\/\/academia.utp.edu.co\/ceautp\/files\/2023\/08\/Leccion-Inaugural-2022-1.png 1398w\" sizes=\"auto, (max-width: 1024px) 100vw, 1024px\" \/><\/figure>\n<\/div>\n\n\n<p><\/p>\n\n\n\n<p><sup>Fecha Publicaci\u00f3n: 28\/02\/2022 \u2022 20:00<\/sup><\/p>\n\n\n\n<p class=\"has-black-color has-text-color\">El Centro de Estudios Ambientales CEA-UTP realiz\u00f3 la <strong>Lecci\u00f3n Inaugural de la Facultad de Ciencias Ambientales &#8211; primer semestre 2022<\/strong>, con la participaci\u00f3n especial del Profesor Orlando S\u00e1enz, l\u00edder de la Red Colombiana de Formaci\u00f3n Ambiental -FCFA- y el Doctor Francisco Uribe, Jefe de la Oficina de Planeaci\u00f3n de la Universidad Tecnol\u00f3gica de Pereira, y la presentaci\u00f3n de dos de las m\u00e1s recientes publicaciones realizadas por integrantes de nuestra comunidad acad\u00e9mica:<\/p>\n\n\n\n<ul class=\"wp-block-list\">\n<li><em>La interdisciplinariedad en las ciencias ambientales: La problem\u00e1tica ambiental del territorio como categor\u00eda de investigaci\u00f3n para los estudios ambientales, <\/em>del profesor Le\u00f3n Felipe Cubillos Quintero. <\/li>\n<\/ul>\n\n\n\n<ul class=\"wp-block-list\">\n<li><em>Degradaci\u00f3n ambiental y riesgo de desastres en la ciudad de Pereira<\/em>, del profesor H\u00e9ctor Jaime V\u00e1squez Morales.<\/li>\n<\/ul>\n\n\n\n<hr class=\"wp-block-separator has-alpha-channel-opacity\" \/>\n\n\n\n<p class=\"has-text-align-right\"><strong><sup>Actualizaci\u00f3n<\/sup><\/strong><\/p>\n","protected":false},"excerpt":{"rendered":"<p>Presentaci\u00f3n Lecci\u00f3n inaugural Facultad de Ciencias Ambientales 2023-2Crisis clim\u00e1tica: di\u00e1logos desde el arte y la ciencia Fecha Publicaci\u00f3n: 04\/09\/2023 \u2022 18:00 En el marco del Foro Permanente y los 30 [&hellip;]<\/p>\n","protected":false},"author":1905,"featured_media":0,"parent":0,"menu_order":0,"comment_status":"closed","ping_status":"closed","template":"","meta":{"footnotes":""},"class_list":["post-124","page","type-page","status-publish","hentry"],"_links":{"self":[{"href":"https:\/\/academia.utp.edu.co\/ceautp\/wp-json\/wp\/v2\/pages\/124","targetHints":{"allow":["GET"]}}],"collection":[{"href":"https:\/\/academia.utp.edu.co\/ceautp\/wp-json\/wp\/v2\/pages"}],"about":[{"href":"https:\/\/academia.utp.edu.co\/ceautp\/wp-json\/wp\/v2\/types\/page"}],"author":[{"embeddable":true,"href":"https:\/\/academia.utp.edu.co\/ceautp\/wp-json\/wp\/v2\/users\/1905"}],"replies":[{"embeddable":true,"href":"https:\/\/academia.utp.edu.co\/ceautp\/wp-json\/wp\/v2\/comments?post=124"}],"version-history":[{"count":39,"href":"https:\/\/academia.utp.edu.co\/ceautp\/wp-json\/wp\/v2\/pages\/124\/revisions"}],"predecessor-version":[{"id":391,"href":"https:\/\/academia.utp.edu.co\/ceautp\/wp-json\/wp\/v2\/pages\/124\/revisions\/391"}],"wp:attachment":[{"href":"https:\/\/academia.utp.edu.co\/ceautp\/wp-json\/wp\/v2\/media?parent=124"}],"curies":[{"name":"wp","href":"https:\/\/api.w.org\/{rel}","templated":true}]}}