
{"id":126,"date":"2023-11-20T08:00:35","date_gmt":"2023-11-20T08:00:35","guid":{"rendered":"https:\/\/academia.utp.edu.co\/ceautp\/?page_id=126"},"modified":"2023-11-20T13:17:34","modified_gmt":"2023-11-20T13:17:34","slug":"publicaciones-fca","status":"publish","type":"page","link":"https:\/\/academia.utp.edu.co\/ceautp\/publicaciones-fca\/","title":{"rendered":"5. Publicaciones FCA"},"content":{"rendered":"\n<figure class=\"wp-block-image size-large\"><img loading=\"lazy\" decoding=\"async\" width=\"1024\" height=\"223\" src=\"https:\/\/academia.utp.edu.co\/ceautp\/files\/2023\/10\/Dia-del-libro-2022-2-1024x223.jpg\" alt=\"\" class=\"wp-image-447\" srcset=\"https:\/\/academia.utp.edu.co\/ceautp\/files\/2023\/10\/Dia-del-libro-2022-2-1024x223.jpg 1024w, https:\/\/academia.utp.edu.co\/ceautp\/files\/2023\/10\/Dia-del-libro-2022-2-300x65.jpg 300w, https:\/\/academia.utp.edu.co\/ceautp\/files\/2023\/10\/Dia-del-libro-2022-2-768x167.jpg 768w, https:\/\/academia.utp.edu.co\/ceautp\/files\/2023\/10\/Dia-del-libro-2022-2-1536x334.jpg 1536w, https:\/\/academia.utp.edu.co\/ceautp\/files\/2023\/10\/Dia-del-libro-2022-2.jpg 1598w\" sizes=\"auto, (max-width: 1024px) 100vw, 1024px\" \/><\/figure>\n\n\n\n<hr class=\"wp-block-separator has-alpha-channel-opacity\" \/>\n\n\n\n<h2 class=\"wp-block-heading has-text-align-center has-text-color\" style=\"color:#130257\">Presentaci\u00f3n<\/h2>\n\n\n\n<blockquote class=\"wp-block-quote is-layout-flow wp-block-quote-is-layout-flow\">\n<blockquote class=\"wp-block-quote is-layout-flow wp-block-quote-is-layout-flow\">\n<p class=\"has-black-color has-text-color\" style=\"font-size:16px\"><strong>Uno de los objetivos del Centro de Estudios Ambientales CEA-UTP es difundir las principales reflexiones, planteamientos y propuestas de la Facultad de Ciencias Ambientales en torno a situaciones ambientales de inter\u00e9s para la regi\u00f3n<\/strong>. <\/p>\n\n\n\n<p class=\"has-black-color has-text-color\" style=\"font-size:16px\"><strong>Los invitamos a conocer algunas de las publicaciones de los integrantes de nuestra comunidad acad\u00e9mica.<\/strong> <\/p>\n<\/blockquote>\n<\/blockquote>\n\n\n\n<hr class=\"wp-block-separator has-alpha-channel-opacity\" \/>\n\n\n\n<div class=\"wp-block-media-text is-stacked-on-mobile\" style=\"grid-template-columns:15% auto\"><figure class=\"wp-block-media-text__media\"><a href=\"https:\/\/editorial.utp.edu.co\/ciencias-ambientales\/diversidad-genetica-de-las-heliconias-y-su-aplicacion-en-fitorremediacion-identificacion-varietal-y-mercadeo\/\" target=\"_blank\" rel=\"noreferrer noopener\"><img loading=\"lazy\" decoding=\"async\" width=\"565\" height=\"804\" src=\"https:\/\/academia.utp.edu.co\/ceautp\/files\/2023\/11\/Duque-etal-2022.png\" alt=\"\" class=\"wp-image-466 size-full\" srcset=\"https:\/\/academia.utp.edu.co\/ceautp\/files\/2023\/11\/Duque-etal-2022.png 565w, https:\/\/academia.utp.edu.co\/ceautp\/files\/2023\/11\/Duque-etal-2022-211x300.png 211w\" sizes=\"auto, (max-width: 565px) 100vw, 565px\" \/><\/a><\/figure><div class=\"wp-block-media-text__content\">\n<p>Duque Nivia, Andr\u00e9s, L\u00f3pez Guti\u00e9rrez, Ana Mar\u00eda, Isaza Valencia, Liliana, Arias Villegas, Juliana, Marulanda \u00c1ngel, Marta y L\u00f3pez Mora, Paola Andrea. 2023. Diversidad gen\u00e9tica de las heliconias y su aplicaci\u00f3n en fitorremediaci\u00f3n, identificaci\u00f3n varietal y mercadeo. Editorial Universidad Tecnol\u00f3gica de Pereira.<\/p>\n<\/div><\/div>\n\n\n\n<hr class=\"wp-block-separator has-alpha-channel-opacity\" \/>\n\n\n\n<div class=\"wp-block-media-text is-stacked-on-mobile\" style=\"grid-template-columns:15% auto\"><figure class=\"wp-block-media-text__media\"><a href=\"https:\/\/editorial.utp.edu.co\/ciencias-ambientales\/re-creando-al-turista-actividades-consentido-y-para-consentir\/\" target=\"_blank\" rel=\"noreferrer noopener\"><img loading=\"lazy\" decoding=\"async\" width=\"561\" height=\"799\" src=\"https:\/\/academia.utp.edu.co\/ceautp\/files\/2023\/11\/Rivera-2023.gif\" alt=\"\" class=\"wp-image-463 size-full\" \/><\/a><\/figure><div class=\"wp-block-media-text__content\">\n<p>Rivera Berr\u00edo, Andr\u00e9s. 2023. Re-creando al turista Actividades CONSENTIDO y para CONSENTIR. Editorial Universidad Tecnol\u00f3gica de Pereira.<\/p>\n<\/div><\/div>\n\n\n\n<hr class=\"wp-block-separator has-alpha-channel-opacity\" \/>\n\n\n\n<div class=\"wp-block-media-text is-stacked-on-mobile\" style=\"grid-template-columns:15% auto\"><figure class=\"wp-block-media-text__media\"><a href=\"https:\/\/repositorio.utp.edu.co\/items\/90def484-b45f-436e-a641-0ef2ef9f50e9\" target=\"_blank\" rel=\"noreferrer noopener\"><img loading=\"lazy\" decoding=\"async\" width=\"706\" height=\"1024\" src=\"https:\/\/academia.utp.edu.co\/ceautp\/files\/2023\/10\/Vasquez-2021-706x1024.jpg\" alt=\"\" class=\"wp-image-402 size-full\" srcset=\"https:\/\/academia.utp.edu.co\/ceautp\/files\/2023\/10\/Vasquez-2021-706x1024.jpg 706w, https:\/\/academia.utp.edu.co\/ceautp\/files\/2023\/10\/Vasquez-2021-207x300.jpg 207w, https:\/\/academia.utp.edu.co\/ceautp\/files\/2023\/10\/Vasquez-2021.jpg 743w\" sizes=\"auto, (max-width: 706px) 100vw, 706px\" \/><\/a><\/figure><div class=\"wp-block-media-text__content\">\n<p>V\u00e1squez Morales, H\u00e9ctor Jaime. 2021. Degradaci\u00f3n ambiental y riesgo de desastres en la ciudad de Pereira. Editorial Universidad Tecnol\u00f3gica de Pereira.<\/p>\n<\/div><\/div>\n\n\n\n<hr class=\"wp-block-separator has-alpha-channel-opacity\" \/>\n\n\n\n<div class=\"wp-block-media-text is-stacked-on-mobile\" style=\"grid-template-columns:15% auto\"><figure class=\"wp-block-media-text__media\"><a href=\"https:\/\/repositorio.utp.edu.co\/items\/883b9171-f33c-415f-b56a-f5e6650c1788\" target=\"_blank\" rel=\"noreferrer noopener\"><img loading=\"lazy\" decoding=\"async\" width=\"721\" height=\"1024\" src=\"https:\/\/academia.utp.edu.co\/ceautp\/files\/2023\/10\/FCA-y-VIIE-2020-721x1024.jpg\" alt=\"\" class=\"wp-image-408 size-full\" srcset=\"https:\/\/academia.utp.edu.co\/ceautp\/files\/2023\/10\/FCA-y-VIIE-2020-721x1024.jpg 721w, https:\/\/academia.utp.edu.co\/ceautp\/files\/2023\/10\/FCA-y-VIIE-2020-211x300.jpg 211w, https:\/\/academia.utp.edu.co\/ceautp\/files\/2023\/10\/FCA-y-VIIE-2020.jpg 760w\" sizes=\"auto, (max-width: 721px) 100vw, 721px\" \/><\/a><\/figure><div class=\"wp-block-media-text__content\">\n<p>Facultad de Ciencias Ambientales y Vicerrector\u00eda de Investigaciones, Innovaci\u00f3n y Extensi\u00f3n (Eds.). 2020. Investigaci\u00f3n ambiental, foco de transformaci\u00f3n social. Editorial Universidad Tecnol\u00f3gica de Pereira.<\/p>\n<\/div><\/div>\n\n\n\n<hr class=\"wp-block-separator has-alpha-channel-opacity\" \/>\n\n\n\n<div class=\"wp-block-media-text is-stacked-on-mobile\" style=\"grid-template-columns:15% auto\"><figure class=\"wp-block-media-text__media\"><a href=\"https:\/\/repositorio.utp.edu.co\/items\/16ff2e09-6ee2-40b9-b1d6-8d02942b9bf7\" target=\"_blank\" rel=\"noreferrer noopener\"><img loading=\"lazy\" decoding=\"async\" width=\"759\" height=\"985\" src=\"https:\/\/academia.utp.edu.co\/ceautp\/files\/2023\/10\/Cubillos-2020.jpg\" alt=\"\" class=\"wp-image-424 size-full\" srcset=\"https:\/\/academia.utp.edu.co\/ceautp\/files\/2023\/10\/Cubillos-2020.jpg 759w, https:\/\/academia.utp.edu.co\/ceautp\/files\/2023\/10\/Cubillos-2020-231x300.jpg 231w\" sizes=\"auto, (max-width: 759px) 100vw, 759px\" \/><\/a><\/figure><div class=\"wp-block-media-text__content\">\n<p>Cubillos Quintero, Le\u00f3n Felipe. 2020. La interdisciplinariedad en las ciencias ambientales. La problem\u00e1tica ambiental del territorio como categor\u00eda de investigaci\u00f3n para los estudios ambientales. Editorial Universidad Tecnol\u00f3gica de Pereira y Red Colombiana de Formaci\u00f3n Ambiental.<\/p>\n<\/div><\/div>\n\n\n\n<hr class=\"wp-block-separator has-alpha-channel-opacity\" \/>\n\n\n\n<div class=\"wp-block-media-text is-stacked-on-mobile\" style=\"grid-template-columns:15% auto\"><figure class=\"wp-block-media-text__media\"><a href=\"https:\/\/repositorio.utp.edu.co\/items\/5b615275-4326-4473-8727-5555a72317ca\" target=\"_blank\" rel=\"noreferrer noopener\"><img loading=\"lazy\" decoding=\"async\" width=\"217\" height=\"310\" src=\"https:\/\/academia.utp.edu.co\/ceautp\/files\/2023\/11\/Duque-2020.jpg\" alt=\"\" class=\"wp-image-470 size-full\" srcset=\"https:\/\/academia.utp.edu.co\/ceautp\/files\/2023\/11\/Duque-2020.jpg 217w, https:\/\/academia.utp.edu.co\/ceautp\/files\/2023\/11\/Duque-2020-210x300.jpg 210w\" sizes=\"auto, (max-width: 217px) 100vw, 217px\" \/><\/a><\/figure><div class=\"wp-block-media-text__content\">\n<p>Duque Nivia, Andr\u00e9s (Comp.). 2020. Avances en biotecnolog\u00eda agr\u00edcola en Risaralda. Editorial Universidad Tecnol\u00f3gica de Pereira.<\/p>\n<\/div><\/div>\n\n\n\n<hr class=\"wp-block-separator has-alpha-channel-opacity\" \/>\n\n\n\n<div class=\"wp-block-media-text is-stacked-on-mobile\" style=\"grid-template-columns:15% auto\"><figure class=\"wp-block-media-text__media\"><img loading=\"lazy\" decoding=\"async\" width=\"400\" height=\"580\" src=\"https:\/\/academia.utp.edu.co\/ceautp\/files\/2023\/10\/Guzman-y-Morales-2018.jpg\" alt=\"\" class=\"wp-image-435 size-full\" srcset=\"https:\/\/academia.utp.edu.co\/ceautp\/files\/2023\/10\/Guzman-y-Morales-2018.jpg 400w, https:\/\/academia.utp.edu.co\/ceautp\/files\/2023\/10\/Guzman-y-Morales-2018-207x300.jpg 207w\" sizes=\"auto, (max-width: 400px) 100vw, 400px\" \/><\/figure><div class=\"wp-block-media-text__content\">\n<p>Guzm\u00e1n L\u00f3pez, Samuel y Morales Pinz\u00f3n, Tito (Comp.). 2018. Aspectos de planificaci\u00f3n y ordenamiento territorial frente a la gesti\u00f3n de la variabilidad y el cambio clim\u00e1tico. Editorial Universidad Tecnol\u00f3gica de Pereira. <\/p>\n<\/div><\/div>\n\n\n\n<hr class=\"wp-block-separator has-alpha-channel-opacity\" \/>\n\n\n\n<div class=\"wp-block-media-text is-stacked-on-mobile\" style=\"grid-template-columns:15% auto\"><figure class=\"wp-block-media-text__media\"><a href=\"https:\/\/repositorio.utp.edu.co\/items\/07ea185d-ed43-4eae-8ad5-112c736d098b\" target=\"_blank\" rel=\"noreferrer noopener\"><img loading=\"lazy\" decoding=\"async\" width=\"498\" height=\"717\" src=\"https:\/\/academia.utp.edu.co\/ceautp\/files\/2023\/10\/Rivera-2018.jpg\" alt=\"\" class=\"wp-image-439 size-full\" srcset=\"https:\/\/academia.utp.edu.co\/ceautp\/files\/2023\/10\/Rivera-2018.jpg 498w, https:\/\/academia.utp.edu.co\/ceautp\/files\/2023\/10\/Rivera-2018-208x300.jpg 208w\" sizes=\"auto, (max-width: 498px) 100vw, 498px\" \/><\/a><\/figure><div class=\"wp-block-media-text__content\">\n<p>Rivera Berr\u00edo, Andr\u00e9s. 2018. Atractivos para un turismo consentido, nueva morfolog\u00eda para la gesti\u00f3n tur\u00edstica desde la sustentabilidad. Editorial Universidad Tecnol\u00f3gica de Pereira. <\/p>\n<\/div><\/div>\n\n\n\n<hr class=\"wp-block-separator has-alpha-channel-opacity\" \/>\n\n\n\n<div class=\"wp-block-media-text is-stacked-on-mobile\" style=\"grid-template-columns:15% auto\"><figure class=\"wp-block-media-text__media\"><a href=\"https:\/\/repositorio.utp.edu.co\/items\/bba24ec4-7f96-4da5-88c1-e49672f41be2\" target=\"_blank\" rel=\"noreferrer noopener\"><img loading=\"lazy\" decoding=\"async\" width=\"731\" height=\"1024\" src=\"https:\/\/academia.utp.edu.co\/ceautp\/files\/2023\/10\/Rivera-JC-2018-731x1024.jpg\" alt=\"\" class=\"wp-image-442 size-full\" srcset=\"https:\/\/academia.utp.edu.co\/ceautp\/files\/2023\/10\/Rivera-JC-2018-731x1024.jpg 731w, https:\/\/academia.utp.edu.co\/ceautp\/files\/2023\/10\/Rivera-JC-2018-214x300.jpg 214w, https:\/\/academia.utp.edu.co\/ceautp\/files\/2023\/10\/Rivera-JC-2018.jpg 759w\" sizes=\"auto, (max-width: 731px) 100vw, 731px\" \/><\/a><\/figure><div class=\"wp-block-media-text__content\">\n<p>Rivera Aranzazu, Juan Camilo. 2018. Recetas con amor: Sabores y saberes de Tribunas para compartir en familia. Editorial Universidad Tecnol\u00f3gica de Pereira. <\/p>\n<\/div><\/div>\n\n\n\n<hr class=\"wp-block-separator has-alpha-channel-opacity\" \/>\n\n\n\n<div class=\"wp-block-media-text is-stacked-on-mobile\" style=\"grid-template-columns:15% auto\"><figure class=\"wp-block-media-text__media\"><img loading=\"lazy\" decoding=\"async\" width=\"683\" height=\"1024\" src=\"https:\/\/academia.utp.edu.co\/ceautp\/files\/2023\/10\/Duque-etal-2018-683x1024.jpg\" alt=\"\" class=\"wp-image-445 size-full\" srcset=\"https:\/\/academia.utp.edu.co\/ceautp\/files\/2023\/10\/Duque-etal-2018-683x1024.jpg 683w, https:\/\/academia.utp.edu.co\/ceautp\/files\/2023\/10\/Duque-etal-2018-200x300.jpg 200w, https:\/\/academia.utp.edu.co\/ceautp\/files\/2023\/10\/Duque-etal-2018-768x1152.jpg 768w, https:\/\/academia.utp.edu.co\/ceautp\/files\/2023\/10\/Duque-etal-2018.jpg 1000w\" sizes=\"auto, (max-width: 683px) 100vw, 683px\" \/><\/figure><div class=\"wp-block-media-text__content\">\n<p>Duque Nivia, Andr\u00e9s Alberto, Ram\u00edrez Botero, Rodrigo y Villegas, Juliana Arias. 2018. Cultivares comerciales de Heliconias en el centro-occidente de Colombia. Cat\u00e1logo de oportunidades en el cultivo de Heliconias. Editorial Universidad Tecnol\u00f3gica de Pereira. <\/p>\n<\/div><\/div>\n\n\n\n<hr class=\"wp-block-separator has-alpha-channel-opacity\" \/>\n\n\n\n<div class=\"wp-block-media-text is-stacked-on-mobile\" style=\"grid-template-columns:15% auto\"><figure class=\"wp-block-media-text__media\"><a href=\"https:\/\/repositorio.utp.edu.co\/items\/d09c56ed-48ea-4204-8398-4e65bfce4d52\" target=\"_blank\" rel=\"noreferrer noopener\"><img loading=\"lazy\" decoding=\"async\" width=\"623\" height=\"881\" src=\"https:\/\/academia.utp.edu.co\/ceautp\/files\/2023\/11\/Ossa-2016.jpg\" alt=\"\" class=\"wp-image-450 size-full\" srcset=\"https:\/\/academia.utp.edu.co\/ceautp\/files\/2023\/11\/Ossa-2016.jpg 623w, https:\/\/academia.utp.edu.co\/ceautp\/files\/2023\/11\/Ossa-2016-212x300.jpg 212w\" sizes=\"auto, (max-width: 623px) 100vw, 623px\" \/><\/a><\/figure><div class=\"wp-block-media-text__content\">\n<p>Ossa Ossa, Carlos Alberto. 2016. Teor\u00eda general de sistemas : conceptos y aplicaciones. Editorial Universidad Tecnol\u00f3gica de Pereira. <\/p>\n<\/div><\/div>\n\n\n\n<hr class=\"wp-block-separator has-alpha-channel-opacity\" \/>\n\n\n\n<div class=\"wp-block-media-text is-stacked-on-mobile\" style=\"grid-template-columns:15% auto\"><figure class=\"wp-block-media-text__media\"><img loading=\"lazy\" decoding=\"async\" width=\"375\" height=\"557\" src=\"https:\/\/academia.utp.edu.co\/ceautp\/files\/2023\/11\/Morales-etal-2016.jpg\" alt=\"\" class=\"wp-image-453 size-full\" srcset=\"https:\/\/academia.utp.edu.co\/ceautp\/files\/2023\/11\/Morales-etal-2016.jpg 375w, https:\/\/academia.utp.edu.co\/ceautp\/files\/2023\/11\/Morales-etal-2016-202x300.jpg 202w\" sizes=\"auto, (max-width: 375px) 100vw, 375px\" \/><\/figure><div class=\"wp-block-media-text__content\">\n<p>Morales Pinz\u00f3n, Tito, Fl\u00f3rez Calder\u00f3n, Manuel Tiberio y Orozco G\u00f3mez, Iris Eliana. 2016. Aprovechamiento del agua no convencional en sistemas urbanos. Editorial Universidad Tecnol\u00f3gica de Pereira. <\/p>\n<\/div><\/div>\n\n\n\n<hr class=\"wp-block-separator has-alpha-channel-opacity\" \/>\n\n\n\n<div class=\"wp-block-media-text is-stacked-on-mobile\" style=\"grid-template-columns:15% auto\"><figure class=\"wp-block-media-text__media\"><img loading=\"lazy\" decoding=\"async\" width=\"375\" height=\"541\" src=\"https:\/\/academia.utp.edu.co\/ceautp\/files\/2023\/11\/Cano-etal-2016.jpg\" alt=\"\" class=\"wp-image-456 size-full\" srcset=\"https:\/\/academia.utp.edu.co\/ceautp\/files\/2023\/11\/Cano-etal-2016.jpg 375w, https:\/\/academia.utp.edu.co\/ceautp\/files\/2023\/11\/Cano-etal-2016-208x300.jpg 208w\" sizes=\"auto, (max-width: 375px) 100vw, 375px\" \/><\/figure><div class=\"wp-block-media-text__content\">\n<p>Cano, Martha Cecilia, Rivera Berr\u00edo, Andr\u00e9s, Castellanos, Mar\u00eda Rosa y C\u00e1rdenas, Diana Isabel. 2016. Pasado, presente y futuro del Salado de Consot\u00e1 de Pereira: Enfoques Interdisciplinarios. Editorial Universidad Tecnol\u00f3gica de Pereira. <\/p>\n<\/div><\/div>\n\n\n\n<hr class=\"wp-block-separator has-alpha-channel-opacity\" \/>\n\n\n\n<div class=\"wp-block-media-text is-stacked-on-mobile\" style=\"grid-template-columns:15% auto\"><figure class=\"wp-block-media-text__media\"><img loading=\"lazy\" decoding=\"async\" width=\"293\" height=\"415\" src=\"https:\/\/academia.utp.edu.co\/ceautp\/files\/2023\/11\/Paredes-etal-2016.jpg\" alt=\"\" class=\"wp-image-457 size-full\" srcset=\"https:\/\/academia.utp.edu.co\/ceautp\/files\/2023\/11\/Paredes-etal-2016.jpg 293w, https:\/\/academia.utp.edu.co\/ceautp\/files\/2023\/11\/Paredes-etal-2016-212x300.jpg 212w\" sizes=\"auto, (max-width: 293px) 100vw, 293px\" \/><\/figure><div class=\"wp-block-media-text__content\">\n<p>Paredes Cuervo, Diego, Lasso Rosero, Juli\u00e1n, Zuleta Lemus, Derly del Socorro, G\u00f3mez Ben\u00edtez, Melissa Andrea. 2016. Alternativas para el manejo integral de aguas subterr\u00e1neas en las zonas de expansi\u00f3n occidental de la ciudad de Pereira. Editorial Universidad Tecnol\u00f3gica de Pereira. <\/p>\n<\/div><\/div>\n\n\n\n<hr class=\"wp-block-separator has-alpha-channel-opacity\" \/>\n\n\n\n<div class=\"wp-block-media-text is-stacked-on-mobile\" style=\"grid-template-columns:15% auto\"><figure class=\"wp-block-media-text__media\"><img loading=\"lazy\" decoding=\"async\" width=\"375\" height=\"533\" src=\"https:\/\/academia.utp.edu.co\/ceautp\/files\/2023\/11\/Munoz-etal-2016.jpg\" alt=\"\" class=\"wp-image-458 size-full\" srcset=\"https:\/\/academia.utp.edu.co\/ceautp\/files\/2023\/11\/Munoz-etal-2016.jpg 375w, https:\/\/academia.utp.edu.co\/ceautp\/files\/2023\/11\/Munoz-etal-2016-211x300.jpg 211w\" sizes=\"auto, (max-width: 375px) 100vw, 375px\" \/><\/figure><div class=\"wp-block-media-text__content\">\n<p>Mu\u00f1oz L\u00f3pez, Juliana, Camargo Garc\u00eda, Juan Carlos, Dossman Gil, Miguel \u00c1ngel. 2016. Vislumbrando agro sistemas menos vulnerables a la variabilidad clim\u00e1tica en los Andes de Colombia. Editorial Universidad Tecnol\u00f3gica de Pereira. <\/p>\n<\/div><\/div>\n\n\n\n<hr class=\"wp-block-separator has-alpha-channel-opacity\" \/>\n\n\n\n<div class=\"wp-block-media-text is-stacked-on-mobile\" style=\"grid-template-columns:15% auto\"><figure class=\"wp-block-media-text__media\"><a href=\"http:\/\/media.utp.edu.co\/centro-gestion-ambiental\/archivos\/LIBRO%20RESIGNIFICACI%C3%93N%20CUENCA%20CONSOTA%202014.pdf\" target=\"_blank\" rel=\"noreferrer noopener\"><img loading=\"lazy\" decoding=\"async\" width=\"683\" height=\"879\" src=\"https:\/\/academia.utp.edu.co\/ceautp\/files\/2023\/11\/Arias-Hurtado-2014.jpg\" alt=\"\" class=\"wp-image-459 size-full\" srcset=\"https:\/\/academia.utp.edu.co\/ceautp\/files\/2023\/11\/Arias-Hurtado-2014.jpg 683w, https:\/\/academia.utp.edu.co\/ceautp\/files\/2023\/11\/Arias-Hurtado-2014-233x300.jpg 233w\" sizes=\"auto, (max-width: 683px) 100vw, 683px\" \/><\/a><\/figure><div class=\"wp-block-media-text__content\">\n<p>Arias Hurtado, Carolina (Compiladora). 2014. Resignificaci\u00f3n de la cuenca del Consota. Perspectivas ambientales del municipio de Pereira en sus 150 a\u00f1os. Editorial Universidad Tecnol\u00f3gica de Pereira. <\/p>\n<\/div><\/div>\n\n\n\n<hr class=\"wp-block-separator has-alpha-channel-opacity\" \/>\n\n\n\n<p class=\"has-text-align-right\"><strong><sup>Actualizaci\u00f3n<\/sup><\/strong><\/p>\n","protected":false},"excerpt":{"rendered":"<p>Presentaci\u00f3n Duque Nivia, Andr\u00e9s, L\u00f3pez Guti\u00e9rrez, Ana Mar\u00eda, Isaza Valencia, Liliana, Arias Villegas, Juliana, Marulanda \u00c1ngel, Marta y L\u00f3pez Mora, Paola Andrea. 2023. Diversidad gen\u00e9tica de las heliconias y su [&hellip;]<\/p>\n","protected":false},"author":1905,"featured_media":0,"parent":0,"menu_order":0,"comment_status":"closed","ping_status":"closed","template":"","meta":{"footnotes":""},"class_list":["post-126","page","type-page","status-publish","hentry"],"_links":{"self":[{"href":"https:\/\/academia.utp.edu.co\/ceautp\/wp-json\/wp\/v2\/pages\/126","targetHints":{"allow":["GET"]}}],"collection":[{"href":"https:\/\/academia.utp.edu.co\/ceautp\/wp-json\/wp\/v2\/pages"}],"about":[{"href":"https:\/\/academia.utp.edu.co\/ceautp\/wp-json\/wp\/v2\/types\/page"}],"author":[{"embeddable":true,"href":"https:\/\/academia.utp.edu.co\/ceautp\/wp-json\/wp\/v2\/users\/1905"}],"replies":[{"embeddable":true,"href":"https:\/\/academia.utp.edu.co\/ceautp\/wp-json\/wp\/v2\/comments?post=126"}],"version-history":[{"count":36,"href":"https:\/\/academia.utp.edu.co\/ceautp\/wp-json\/wp\/v2\/pages\/126\/revisions"}],"predecessor-version":[{"id":496,"href":"https:\/\/academia.utp.edu.co\/ceautp\/wp-json\/wp\/v2\/pages\/126\/revisions\/496"}],"wp:attachment":[{"href":"https:\/\/academia.utp.edu.co\/ceautp\/wp-json\/wp\/v2\/media?parent=126"}],"curies":[{"name":"wp","href":"https:\/\/api.w.org\/{rel}","templated":true}]}}