
{"id":2,"date":"2022-02-01T08:00:00","date_gmt":"2022-02-01T08:00:00","guid":{"rendered":"https:\/\/academia.utp.edu.co\/ceautp\/?page_id=2"},"modified":"2023-10-31T00:12:37","modified_gmt":"2023-10-31T00:12:37","slug":"nosotros","status":"publish","type":"page","link":"https:\/\/academia.utp.edu.co\/ceautp\/nosotros\/","title":{"rendered":"2. Nosotros"},"content":{"rendered":"\n<figure class=\"wp-block-image size-large\"><img loading=\"lazy\" decoding=\"async\" width=\"1024\" height=\"294\" src=\"https:\/\/academia.utp.edu.co\/ceautp\/files\/2023\/07\/Nosotros-1024x294.jpg\" alt=\"\" class=\"wp-image-81\" srcset=\"https:\/\/academia.utp.edu.co\/ceautp\/files\/2023\/07\/Nosotros-1024x294.jpg 1024w, https:\/\/academia.utp.edu.co\/ceautp\/files\/2023\/07\/Nosotros-300x86.jpg 300w, https:\/\/academia.utp.edu.co\/ceautp\/files\/2023\/07\/Nosotros-768x220.jpg 768w, https:\/\/academia.utp.edu.co\/ceautp\/files\/2023\/07\/Nosotros.jpg 1280w\" sizes=\"auto, (max-width: 1024px) 100vw, 1024px\" \/><\/figure>\n\n\n\n<hr class=\"wp-block-separator has-alpha-channel-opacity\" \/>\n\n\n\n<h4 class=\"wp-block-heading has-text-align-center has-text-color\" style=\"color:#130257\">Presentaci\u00f3n<\/h4>\n\n\n\n<p><\/p>\n\n\n\n<blockquote class=\"wp-block-quote is-layout-flow wp-block-quote-is-layout-flow\">\n<blockquote class=\"wp-block-quote is-layout-flow wp-block-quote-is-layout-flow\">\n<p class=\"has-text-align-left has-black-color has-text-color\" style=\"font-size:16px\">La Facultad de Ciencias Ambientales de&nbsp;la Universidad Tecnol\u00f3gica de Pereira&nbsp;contempl\u00f3 en su Plan de Acci\u00f3n Estrat\u00e9gico de (PAE 2020-2028) la creaci\u00f3n de un Centro de Pensamiento Ambiental.&nbsp;Con la participaci\u00f3n de diferentes integrantes de la comunidad acad\u00e9mica de la Facultad y la Universidad se elabor\u00f3 y socializ\u00f3 la propuesta:&nbsp;<strong>Centro de Estudios Ambientales de la Facultad de Ciencias Ambientales de la Universidad Tecnol\u00f3gica de Pereira CEA-UTP<\/strong>.<\/p>\n\n\n\n<p class=\"has-black-color has-text-color\" style=\"font-size:16px\">Se plantea para la discusi\u00f3n que el&nbsp;<strong>Centro de Estudios Ambientales<\/strong> sea una estrategia de reflexi\u00f3n, investigaci\u00f3n y actuaci\u00f3n sobre las situaciones ambientales socialmente sentidas a nivel local y regional desde la diversidad de conocimientos, saberes, metodolog\u00edas y pr\u00e1cticas presentes en la Facultad de Ciencias Ambientales. <\/p>\n\n\n\n<p class=\"has-black-color has-text-color\" style=\"font-size:16px\">El <strong>CEA-UTP <\/strong>incorporar\u00e1 los resultados obtenidos en experiencias anteriores de formaci\u00f3n, investigaci\u00f3n y extensi\u00f3n de la FCA y las futuras apuestas de trabajo interdisciplinario. Las lecciones aprendidas, los planteamientos y las propuestas de atenci\u00f3n integral a las situaciones ambientales servir\u00e1n de insumo tanto a procesos curriculares, pedag\u00f3gicos y did\u00e1cticos de la comunidad acad\u00e9mica de Facultad y la Universidad, como a procesos sociales, debates p\u00fablicos y toma de decisiones de temas prioritarios para la agenda ambiental del pa\u00eds.<\/p>\n<\/blockquote>\n<\/blockquote>\n\n\n\n<hr class=\"wp-block-separator has-alpha-channel-opacity\" \/>\n\n\n\n<h4 class=\"wp-block-heading has-text-align-center has-text-color\" style=\"color:#130257\">Objetivos<\/h4>\n\n\n\n<p><\/p>\n\n\n\n<ul class=\"wp-block-list\">\n<li style=\"font-size:16px\">Promover espacios de encuentro, dialogo, reflexi\u00f3n y discusi\u00f3n acad\u00e9mica y sociocultural al interior de la Facultad de Ciencias Ambientales.<\/li>\n\n\n\n<li style=\"font-size:16px\">Promover espacios de an\u00e1lisis en torno a situaciones ambientales de inter\u00e9s para la regi\u00f3n con la comunidad acad\u00e9mica y los diferentes agentes sociales involucrados.<\/li>\n\n\n\n<li style=\"font-size:16px\">Desarrollar y fortalecer los v\u00ednculos entre la Facultad de Ciencias Ambientales y los procesos territoriales como punto de convergencia entre la academia, las organizaciones comunitarias, las instituciones p\u00fablicas, el sector privado y la sociedad civil.<\/li>\n\n\n\n<li style=\"font-size:16px\">Participar en los debates p\u00fablicos locales y regionales e incidir en la formulaci\u00f3n de pol\u00edticas en temas prioritarios para la agenda ambiental del pa\u00eds.<\/li>\n\n\n\n<li style=\"font-size:16px\">Difundir las principales reflexiones, planteamientos y propuestas de la Facultad de Ciencias Ambientales en torno a situaciones ambientales de inter\u00e9s para la regi\u00f3n.<\/li>\n<\/ul>\n\n\n\n<hr class=\"wp-block-separator has-alpha-channel-opacity\" \/>\n\n\n\n<h4 class=\"wp-block-heading has-text-align-center has-text-color\" style=\"color:#130257\">Acciones estrat\u00e9gicas<\/h4>\n\n\n\n<p><\/p>\n\n\n\n<figure class=\"wp-block-gallery has-nested-images columns-default is-cropped wp-block-gallery-1 is-layout-flex wp-block-gallery-is-layout-flex\">\n<figure class=\"wp-block-image size-large\"><img loading=\"lazy\" decoding=\"async\" width=\"1024\" height=\"768\" data-id=\"184\" src=\"https:\/\/academia.utp.edu.co\/ceautp\/files\/2023\/07\/Dialogos-Interdisciplinarios-1024x768.png\" alt=\"\" class=\"wp-image-184\" srcset=\"https:\/\/academia.utp.edu.co\/ceautp\/files\/2023\/07\/Dialogos-Interdisciplinarios-1024x768.png 1024w, https:\/\/academia.utp.edu.co\/ceautp\/files\/2023\/07\/Dialogos-Interdisciplinarios-300x225.png 300w, https:\/\/academia.utp.edu.co\/ceautp\/files\/2023\/07\/Dialogos-Interdisciplinarios-768x576.png 768w, https:\/\/academia.utp.edu.co\/ceautp\/files\/2023\/07\/Dialogos-Interdisciplinarios-1536x1152.png 1536w, https:\/\/academia.utp.edu.co\/ceautp\/files\/2023\/07\/Dialogos-Interdisciplinarios.png 2000w\" sizes=\"auto, (max-width: 1024px) 100vw, 1024px\" \/><figcaption class=\"wp-element-caption\"><a href=\"https:\/\/academia.utp.edu.co\/ceautp\/dialogos-interdisciplinarios\/\">Di\u00e1logos Interdisciplinarios<\/a><\/figcaption><\/figure>\n\n\n\n<figure class=\"wp-block-image size-large\"><img loading=\"lazy\" decoding=\"async\" width=\"1024\" height=\"576\" data-id=\"185\" src=\"https:\/\/academia.utp.edu.co\/ceautp\/files\/2023\/07\/Foro-Permanente-1024x576.jpg\" alt=\"\" class=\"wp-image-185\" srcset=\"https:\/\/academia.utp.edu.co\/ceautp\/files\/2023\/07\/Foro-Permanente-1024x576.jpg 1024w, https:\/\/academia.utp.edu.co\/ceautp\/files\/2023\/07\/Foro-Permanente-300x169.jpg 300w, https:\/\/academia.utp.edu.co\/ceautp\/files\/2023\/07\/Foro-Permanente-768x432.jpg 768w, https:\/\/academia.utp.edu.co\/ceautp\/files\/2023\/07\/Foro-Permanente-1536x864.jpg 1536w, https:\/\/academia.utp.edu.co\/ceautp\/files\/2023\/07\/Foro-Permanente-2048x1152.jpg 2048w\" sizes=\"auto, (max-width: 1024px) 100vw, 1024px\" \/><figcaption class=\"wp-element-caption\"><a href=\"https:\/\/academia.utp.edu.co\/ceautp\/foro-permanente\/\">Foro Permanente<\/a><\/figcaption><\/figure>\n\n\n\n<figure class=\"wp-block-image size-large\"><img loading=\"lazy\" decoding=\"async\" width=\"1024\" height=\"768\" data-id=\"186\" src=\"https:\/\/academia.utp.edu.co\/ceautp\/files\/2023\/07\/Publicaciones-FCA-1024x768.jpg\" alt=\"\" class=\"wp-image-186\" srcset=\"https:\/\/academia.utp.edu.co\/ceautp\/files\/2023\/07\/Publicaciones-FCA-1024x768.jpg 1024w, https:\/\/academia.utp.edu.co\/ceautp\/files\/2023\/07\/Publicaciones-FCA-300x225.jpg 300w, https:\/\/academia.utp.edu.co\/ceautp\/files\/2023\/07\/Publicaciones-FCA-768x576.jpg 768w, https:\/\/academia.utp.edu.co\/ceautp\/files\/2023\/07\/Publicaciones-FCA-1536x1152.jpg 1536w, https:\/\/academia.utp.edu.co\/ceautp\/files\/2023\/07\/Publicaciones-FCA-2048x1536.jpg 2048w\" sizes=\"auto, (max-width: 1024px) 100vw, 1024px\" \/><figcaption class=\"wp-element-caption\"><a href=\"https:\/\/academia.utp.edu.co\/ceautp\/publicaciones-fca\/\">Publicaciones FCA<\/a><\/figcaption><\/figure>\n<\/figure>\n","protected":false},"excerpt":{"rendered":"<p>Presentaci\u00f3n Objetivos Acciones estrat\u00e9gicas<\/p>\n","protected":false},"author":1905,"featured_media":0,"parent":0,"menu_order":0,"comment_status":"closed","ping_status":"open","template":"","meta":{"footnotes":""},"class_list":["post-2","page","type-page","status-publish","hentry"],"_links":{"self":[{"href":"https:\/\/academia.utp.edu.co\/ceautp\/wp-json\/wp\/v2\/pages\/2","targetHints":{"allow":["GET"]}}],"collection":[{"href":"https:\/\/academia.utp.edu.co\/ceautp\/wp-json\/wp\/v2\/pages"}],"about":[{"href":"https:\/\/academia.utp.edu.co\/ceautp\/wp-json\/wp\/v2\/types\/page"}],"author":[{"embeddable":true,"href":"https:\/\/academia.utp.edu.co\/ceautp\/wp-json\/wp\/v2\/users\/1905"}],"replies":[{"embeddable":true,"href":"https:\/\/academia.utp.edu.co\/ceautp\/wp-json\/wp\/v2\/comments?post=2"}],"version-history":[{"count":28,"href":"https:\/\/academia.utp.edu.co\/ceautp\/wp-json\/wp\/v2\/pages\/2\/revisions"}],"predecessor-version":[{"id":395,"href":"https:\/\/academia.utp.edu.co\/ceautp\/wp-json\/wp\/v2\/pages\/2\/revisions\/395"}],"wp:attachment":[{"href":"https:\/\/academia.utp.edu.co\/ceautp\/wp-json\/wp\/v2\/media?parent=2"}],"curies":[{"name":"wp","href":"https:\/\/api.w.org\/{rel}","templated":true}]}}