
{"id":70,"date":"2023-11-20T08:00:29","date_gmt":"2023-11-20T08:00:29","guid":{"rendered":"https:\/\/academia.utp.edu.co\/ceautp\/?page_id=70"},"modified":"2023-11-20T13:14:07","modified_gmt":"2023-11-20T13:14:07","slug":"actualidad","status":"publish","type":"page","link":"https:\/\/academia.utp.edu.co\/ceautp\/","title":{"rendered":"1. Actualidad"},"content":{"rendered":"\n<hr class=\"wp-block-separator has-alpha-channel-opacity\" \/>\n\n\n<div class=\"wp-block-image\">\n<figure class=\"aligncenter size-full is-resized\"><img loading=\"lazy\" decoding=\"async\" width=\"881\" height=\"506\" src=\"https:\/\/academia.utp.edu.co\/ceautp\/files\/2023\/11\/Boletin-0.jpg\" alt=\"\" class=\"wp-image-481\" style=\"aspect-ratio:1.7411067193675889;width:507px;height:auto\" srcset=\"https:\/\/academia.utp.edu.co\/ceautp\/files\/2023\/11\/Boletin-0.jpg 881w, https:\/\/academia.utp.edu.co\/ceautp\/files\/2023\/11\/Boletin-0-300x172.jpg 300w, https:\/\/academia.utp.edu.co\/ceautp\/files\/2023\/11\/Boletin-0-768x441.jpg 768w\" sizes=\"auto, (max-width: 881px) 100vw, 881px\" \/><\/figure>\n<\/div>\n\n\n<hr class=\"wp-block-separator has-alpha-channel-opacity\" \/>\n\n\n\n<p class=\"has-text-color\" style=\"color:#130257\"><strong>\u00bfQu\u00e9 son los Centros de Estudios en las Universidades Colombianas?<\/strong><\/p>\n\n\n\n<p>Son estrategias de articulaci\u00f3n de grupos de expertos que utilizan el conocimiento acad\u00e9mico para analizar, proponer e incidir en las pol\u00edticas p\u00fablicas en un \u00e1rea determinada. Tambi\u00e9n apoyan a los diversos agentes sociales para dar rigor acad\u00e9mico a los procesos de participaci\u00f3n democr\u00e1tica.<\/p>\n\n\n\n<p>Seg\u00fan el Acuerdo 14 de 2014 de la UTP, por medio del cual se aprueba la reforma integral de la estructura organizacional, los Centros son dependencias del \u00e1rea acad\u00e9mica de las Facultades.&nbsp;<\/p>\n\n\n\n<div class=\"wp-block-media-text is-stacked-on-mobile\" style=\"grid-template-columns:31% auto\"><figure class=\"wp-block-media-text__media\"><img loading=\"lazy\" decoding=\"async\" width=\"763\" height=\"113\" src=\"https:\/\/academia.utp.edu.co\/ceautp\/files\/2023\/11\/Boletin-1-1.jpg\" alt=\"\" class=\"wp-image-476 size-full\" srcset=\"https:\/\/academia.utp.edu.co\/ceautp\/files\/2023\/11\/Boletin-1-1.jpg 763w, https:\/\/academia.utp.edu.co\/ceautp\/files\/2023\/11\/Boletin-1-1-300x44.jpg 300w\" sizes=\"auto, (max-width: 763px) 100vw, 763px\" \/><\/figure><div class=\"wp-block-media-text__content\">\n<p>Tal es el caso de los Centro de Estudios de la Universidad Nacional de Colombia, la Universidad del Valle, la Universidad de los Andes, la EAFIT, la Universidad Aut\u00f3noma de Manizales y la Universidad Tecnol\u00f3gica de Pereira.<\/p>\n<\/div><\/div>\n\n\n\n<hr class=\"wp-block-separator has-alpha-channel-opacity\" \/>\n\n\n\n<p class=\"has-text-color\" style=\"color:#130257\"><strong>\u00bfQu\u00e9 es el CEA-UTP?<\/strong><\/p>\n\n\n\n<p>Se propone que&nbsp;el&nbsp;Centro de Estudios Ambientales de la Facultad de Ciencias Ambientales de la Universidad Tecnol\u00f3gica de Pereira&nbsp;sea una estrategia de reflexi\u00f3n, investigaci\u00f3n y actuaci\u00f3n sobre las situaciones ambientales a nivel local y regional, desde la diversidad de conocimientos, saberes, metodolog\u00edas y pr\u00e1cticas presentes en la Facultad de Ciencias Ambientales.<\/p>\n\n\n\n<p>El&nbsp;CEA-UTP<strong>&nbsp;<\/strong>incorporar\u00e1 los resultados obtenidos en experiencias anteriores de formaci\u00f3n, investigaci\u00f3n y extensi\u00f3n de la FCA y las futuras apuestas de trabajo interdisciplinario. Las lecciones aprendidas, los planteamientos y las propuestas de atenci\u00f3n integral a las situaciones ambientales servir\u00e1n de insumo tanto a procesos curriculares, pedag\u00f3gicos y did\u00e1cticos de la comunidad acad\u00e9mica de Facultad y la Universidad, como a procesos sociales, debates p\u00fablicos y toma de decisiones de temas prioritarios para la agenda ambiental del pa\u00eds.<\/p>\n\n\n<div class=\"wp-block-image\">\n<figure class=\"aligncenter size-full is-resized\"><img loading=\"lazy\" decoding=\"async\" width=\"743\" height=\"263\" src=\"https:\/\/academia.utp.edu.co\/ceautp\/files\/2023\/11\/Boletin-3.jpg\" alt=\"\" class=\"wp-image-478\" style=\"aspect-ratio:2.8250950570342206;width:579px;height:auto\" srcset=\"https:\/\/academia.utp.edu.co\/ceautp\/files\/2023\/11\/Boletin-3.jpg 743w, https:\/\/academia.utp.edu.co\/ceautp\/files\/2023\/11\/Boletin-3-300x106.jpg 300w\" sizes=\"auto, (max-width: 743px) 100vw, 743px\" \/><\/figure>\n<\/div>\n\n\n<hr class=\"wp-block-separator has-alpha-channel-opacity\" \/>\n\n\n\n<p class=\"has-text-color\" style=\"color:#130257\"><strong>\u00bfC\u00f3mo surgi\u00f3 el CEA-UTP?<\/strong><\/p>\n\n\n\n<div class=\"wp-block-media-text is-stacked-on-mobile\" style=\"grid-template-columns:17% auto\"><figure class=\"wp-block-media-text__media\"><img loading=\"lazy\" decoding=\"async\" width=\"426\" height=\"524\" src=\"https:\/\/academia.utp.edu.co\/ceautp\/files\/2023\/11\/Boletin-4.jpg\" alt=\"\" class=\"wp-image-480 size-full\" srcset=\"https:\/\/academia.utp.edu.co\/ceautp\/files\/2023\/11\/Boletin-4.jpg 426w, https:\/\/academia.utp.edu.co\/ceautp\/files\/2023\/11\/Boletin-4-244x300.jpg 244w\" sizes=\"auto, (max-width: 426px) 100vw, 426px\" \/><\/figure><div class=\"wp-block-media-text__content\">\n<p>El Plan de Acci\u00f3n Estrat\u00e9gico de la Facultad de Ciencias Ambientales (2020-2028) contempl\u00f3 la creaci\u00f3n de un Centro de Pensamiento Ambiental. Con la participaci\u00f3n de diferentes integrantes de la comunidad acad\u00e9mica de la Facultad y la Universidad se elabor\u00f3 y socializ\u00f3 la propuesta:&nbsp;Centro de Estudios Ambientales de la Facultad de Ciencias Ambientales de la Universidad Tecnol\u00f3gica de Pereira CEA-UTP.&nbsp;<\/p>\n<\/div><\/div>\n\n\n\n<hr class=\"wp-block-separator has-alpha-channel-opacity\" \/>\n\n\n\n<p class=\"has-text-color\" style=\"color:#130257\"><strong>\u00bfCon qu\u00e9 se compromete el CEA-UTP?<\/strong><\/p>\n\n\n\n<p>1. Con promover espacios de reflexi\u00f3n y discusi\u00f3n acad\u00e9mica y sociocultural al interior de la FCA (Di\u00e1logos Interdisciplinarios)<\/p>\n\n\n\n<p>2.Con promover espacios de an\u00e1lisis en torno a situaciones ambientales de inter\u00e9s con la comunidad acad\u00e9mica y la ciudadan\u00eda (Foro Permanente)<\/p>\n\n\n\n<p>3. Con difundir las principales reflexiones, planteamientos y propuestas de la FCA (Difusi\u00f3n de las publicaciones)<\/p>\n\n\n\n<p>4. Con desarrollar y fortalecer los v\u00ednculos entre la FCA y los procesos territoriales como punto de convergencia entre la academia, las instituciones p\u00fablicas, las comunidades y el sector privado.<\/p>\n\n\n\n<p>5. Con participar en los debates p\u00fablicos locales y regionales e incidir en la formulaci\u00f3n de pol\u00edticas en temas prioritarios para la agenda ambiental.<\/p>\n\n\n\n<figure class=\"wp-block-image size-large\"><img loading=\"lazy\" decoding=\"async\" width=\"1024\" height=\"258\" src=\"https:\/\/academia.utp.edu.co\/ceautp\/files\/2023\/11\/Boletin-6-1024x258.jpg\" alt=\"\" class=\"wp-image-483\" srcset=\"https:\/\/academia.utp.edu.co\/ceautp\/files\/2023\/11\/Boletin-6-1024x258.jpg 1024w, https:\/\/academia.utp.edu.co\/ceautp\/files\/2023\/11\/Boletin-6-300x76.jpg 300w, https:\/\/academia.utp.edu.co\/ceautp\/files\/2023\/11\/Boletin-6-768x193.jpg 768w, https:\/\/academia.utp.edu.co\/ceautp\/files\/2023\/11\/Boletin-6.jpg 1494w\" sizes=\"auto, (max-width: 1024px) 100vw, 1024px\" \/><\/figure>\n\n\n\n<hr class=\"wp-block-separator has-alpha-channel-opacity\" \/>\n\n\n\n<p class=\"has-text-color\" style=\"color:#130257\"><strong>\u00bfQu\u00e9 hemos hecho desde el CEA-UTP (2022-2023)?<\/strong><\/p>\n\n\n\n<p><strong>I. Di\u00e1logos interdisciplinarios<\/strong><\/p>\n\n\n\n<p>En agosto de 2023 realizamos el Primer Di\u00e1logo Interdisciplinario \u201cBalances y perspectivas de la Facultad de Ciencias Ambientales en los 30 a\u00f1os\u201d, un espacio de encuentro, reflexi\u00f3n y discusi\u00f3n acad\u00e9mica entre profesores, estudiantes y egresados de los diferentes pregrados y posgrados de nuestra Facultad.<\/p>\n\n\n\n<p>En mayo de 2023 el CEA-UTP apoy\u00f3 la organizaci\u00f3n y realizaci\u00f3n del&nbsp;Di\u00e1logo Interdisciplinario \u201cLa Administraci\u00f3n Ambiental, perspectivas&nbsp;y retos para el nuevo milenio. Aportes al proceso de renovaci\u00f3n curricular del programa\u201d, en coordinaci\u00f3n con la Escuela de Administraci\u00f3n Ambiental y la Asociaci\u00f3n de Egresados \u2013AMBIEGRESADOS-.<\/p>\n\n\n\n<p><strong>II. Foro Permanente<\/strong><\/p>\n\n\n\n<p>Hemos realizado tres Lecciones Inaugurales de la Facultad de Ciencias Ambientales: Interdisciplinariedad y Gesti\u00f3n del Riesgo (primer semestre 2022), Lanzamiento de la Maestr\u00eda en Gesti\u00f3n del Riesgo (segundo semestre 2022) y Crisis Clim\u00e1tica: Di\u00e1logos desde el Arte y la Ciencia (segundo semestre 2023), en el marco de los 30 a\u00f1os de la FCA, con la participaci\u00f3n especial de nuestros estudiantes, egresados, profesores e investigadores, invitados nacionales, la comunidad universitaria&nbsp;y ciudadan\u00eda en general.<\/p>\n\n\n\n<p>Como parte del Foro Permanente durante el 2022 y 2023 apoyamos la realizaci\u00f3n del Seminario G\u00e9nero y Ambiente y&nbsp;el Seminario Derechos Humanos y Ambiente; y en agosto de 2023 tuvimos la Conferencia Magistral \u201cLos retos de la gesti\u00f3n del riesgo, la gesti\u00f3n ambiental y la gesti\u00f3n del cambio clim\u00e1tico en Colombia\u201d, con Javier Pava S\u00e1nchez, Ex-Director de la UNGRD.<\/p>\n\n\n\n<p><strong>III.&nbsp;<\/strong><strong>Difusi\u00f3n de las publicaciones<\/strong><\/p>\n\n\n\n<p>Desde el CEA-UTP estamos comprometidos con la presentaci\u00f3n y el acceso a la lectura de las obras acad\u00e9micas y literarias de profesores, investigadores, estudiantes y egresados de la Facultad de Ciencias Ambientales, a trav\u00e9s de las Tertulias Ambientales, la promoci\u00f3n de la participaci\u00f3n de la Facultad en la Feria del Libro de Pereira, la visibilizaci\u00f3n de las publicaciones de nuestros profesores e investigadores a trav\u00e9s de la p\u00e1gina web y las redes sociales y la entrega de libros a los asistentes de los espacios promovidos por el CEA.<\/p>\n\n\n\n<figure class=\"wp-block-image size-large\"><img loading=\"lazy\" decoding=\"async\" width=\"1024\" height=\"258\" src=\"https:\/\/academia.utp.edu.co\/ceautp\/files\/2023\/11\/Boletin-8-2-1024x258.jpg\" alt=\"\" class=\"wp-image-487\" srcset=\"https:\/\/academia.utp.edu.co\/ceautp\/files\/2023\/11\/Boletin-8-2-1024x258.jpg 1024w, https:\/\/academia.utp.edu.co\/ceautp\/files\/2023\/11\/Boletin-8-2-300x76.jpg 300w, https:\/\/academia.utp.edu.co\/ceautp\/files\/2023\/11\/Boletin-8-2-768x193.jpg 768w, https:\/\/academia.utp.edu.co\/ceautp\/files\/2023\/11\/Boletin-8-2.jpg 1494w\" sizes=\"auto, (max-width: 1024px) 100vw, 1024px\" \/><\/figure>\n\n\n\n<hr class=\"wp-block-separator has-alpha-channel-opacity\" \/>\n\n\n\n<p class=\"has-text-color\" style=\"color:#130257\"><strong>\u00bfQui\u00e9nes han participado de los espacios del CEA-UTP?<\/strong><\/p>\n\n\n\n<div class=\"wp-block-media-text has-media-on-the-right is-stacked-on-mobile\" style=\"grid-template-columns:auto 45%\"><div class=\"wp-block-media-text__content\">\n<p>Han participado estudiantes y egresados de los pregrados en Administraci\u00f3n del Turismo Sostenible (Ciclo Tecnol\u00f3gico y Ciclo Profesional) y Administraci\u00f3n Ambiental, y los posgrados en Gesti\u00f3n Ambiental Local, Maestr\u00eda en Ecotecnolog\u00eda, Maestr\u00eda en Ciencias Ambientales, Maestr\u00eda en Gesti\u00f3n del Riesgo y el Doctorado Interinstitucional en Ciencias Ambientales; profesores de la Escuela de Turismo Sostenible y de los Departamentos Acad\u00e9micos de Ciencias B\u00e1sicas Ambientales, Ciencias Administrativas y Estudios Interdisciplinarios; integrantes de nuestros Grupos de Investigaci\u00f3n; as\u00ed como la Asociaci\u00f3n de Egresados \u2013AMBIEGRESADOS-, el Consejo de Estudiantes, invitados nacionales, la comunidad universitaria y ciudadan\u00eda en general.<\/p>\n<\/div><figure class=\"wp-block-media-text__media\"><img loading=\"lazy\" decoding=\"async\" width=\"791\" height=\"834\" src=\"https:\/\/academia.utp.edu.co\/ceautp\/files\/2023\/11\/Boletin-7.jpg\" alt=\"\" class=\"wp-image-484 size-full\" srcset=\"https:\/\/academia.utp.edu.co\/ceautp\/files\/2023\/11\/Boletin-7.jpg 791w, https:\/\/academia.utp.edu.co\/ceautp\/files\/2023\/11\/Boletin-7-285x300.jpg 285w, https:\/\/academia.utp.edu.co\/ceautp\/files\/2023\/11\/Boletin-7-768x810.jpg 768w\" sizes=\"auto, (max-width: 791px) 100vw, 791px\" \/><\/figure><\/div>\n\n\n\n<hr class=\"wp-block-separator has-alpha-channel-opacity\" \/>\n\n\n<div class=\"wp-block-image\">\n<figure class=\"aligncenter size-full is-resized\"><img loading=\"lazy\" decoding=\"async\" width=\"907\" height=\"389\" src=\"https:\/\/academia.utp.edu.co\/ceautp\/files\/2023\/11\/Boletin-9.jpg\" alt=\"\" class=\"wp-image-488\" style=\"aspect-ratio:2.3316195372750643;width:492px;height:auto\" srcset=\"https:\/\/academia.utp.edu.co\/ceautp\/files\/2023\/11\/Boletin-9.jpg 907w, https:\/\/academia.utp.edu.co\/ceautp\/files\/2023\/11\/Boletin-9-300x129.jpg 300w, https:\/\/academia.utp.edu.co\/ceautp\/files\/2023\/11\/Boletin-9-768x329.jpg 768w\" sizes=\"auto, (max-width: 907px) 100vw, 907px\" \/><\/figure>\n<\/div>","protected":false},"excerpt":{"rendered":"<p>\u00bfQu\u00e9 son los Centros de Estudios en las Universidades Colombianas? Son estrategias de articulaci\u00f3n de grupos de expertos que utilizan el conocimiento acad\u00e9mico para analizar, proponer e incidir en las [&hellip;]<\/p>\n","protected":false},"author":1905,"featured_media":0,"parent":0,"menu_order":0,"comment_status":"closed","ping_status":"closed","template":"","meta":{"footnotes":""},"class_list":["post-70","page","type-page","status-publish","hentry"],"_links":{"self":[{"href":"https:\/\/academia.utp.edu.co\/ceautp\/wp-json\/wp\/v2\/pages\/70","targetHints":{"allow":["GET"]}}],"collection":[{"href":"https:\/\/academia.utp.edu.co\/ceautp\/wp-json\/wp\/v2\/pages"}],"about":[{"href":"https:\/\/academia.utp.edu.co\/ceautp\/wp-json\/wp\/v2\/types\/page"}],"author":[{"embeddable":true,"href":"https:\/\/academia.utp.edu.co\/ceautp\/wp-json\/wp\/v2\/users\/1905"}],"replies":[{"embeddable":true,"href":"https:\/\/academia.utp.edu.co\/ceautp\/wp-json\/wp\/v2\/comments?post=70"}],"version-history":[{"count":27,"href":"https:\/\/academia.utp.edu.co\/ceautp\/wp-json\/wp\/v2\/pages\/70\/revisions"}],"predecessor-version":[{"id":494,"href":"https:\/\/academia.utp.edu.co\/ceautp\/wp-json\/wp\/v2\/pages\/70\/revisions\/494"}],"wp:attachment":[{"href":"https:\/\/academia.utp.edu.co\/ceautp\/wp-json\/wp\/v2\/media?parent=70"}],"curies":[{"name":"wp","href":"https:\/\/api.w.org\/{rel}","templated":true}]}}