
{"id":250,"date":"2025-06-05T13:54:51","date_gmt":"2025-06-05T18:54:51","guid":{"rendered":"https:\/\/academia.utp.edu.co\/coidea\/?page_id=250"},"modified":"2025-06-05T14:00:01","modified_gmt":"2025-06-05T19:00:01","slug":"conocenos","status":"publish","type":"page","link":"https:\/\/academia.utp.edu.co\/coidea\/conocenos\/","title":{"rendered":"Con\u00f3cenos"},"content":{"rendered":"\n<p class=\"has-large-font-size\"><strong>\u00bfQuienes somos?<\/strong><\/p>\n\n\n\n<p class=\"has-black-color has-text-color has-link-color wp-elements-aa0c6c4da267035a0e2e21518a39ecd3\">Nuestro nombre significa Conocimiento e Ideas para el Desarrollo Estrat\u00e9gico Administrativo (COIDEA). Somos el semillero de investigaci\u00f3n del Programa de Administraci\u00f3n de Empresas de la UTP, creado el 13 de marzo de 2024 y estamos identificados con el c\u00f3digo: SE7-24-1.<\/p>\n\n\n\n<h1 class=\"wp-block-heading\" id=\"single\" style=\"font-size:40px\"><strong>Misi\u00f3n<\/strong><\/h1>\n\n\n\n<p>Somos COIDEA, un semillero que forma investigadores con capacidad de gestionar ideas y transformar conocimiento para suplir las necesidades del tejido social y empresarial con un enfoque sostenible.<\/p>\n\n\n\n<h1 class=\"wp-block-heading\" id=\"family\" style=\"font-size:40px\"><strong>Visi\u00f3n<\/strong><\/h1>\n\n\n\n<p>Seremos un semillero de investigaci\u00f3n reconocidos regionalmente por nuestro compromiso social y nuestra dedicaci\u00f3n investigativa.<\/p>\n\n\n\n<h1 class=\"wp-block-heading\"><strong>Objetivo<\/strong><\/h1>\n\n\n\n<p class=\"has-text-align-left\">Fomentar la formaci\u00f3n integral de los estudiantes participantes en el semillero a partir del dise\u00f1o y ejecuci\u00f3n de actividades investigativas que aborden de manera efectiva las demandas y desaf\u00edos presentes en el entorno, generando un impacto significativo en dicho entorno y enriqueciendo la experiencia educativa y las capacidades en investigaci\u00f3n de las personas involucradas.<\/p>\n","protected":false},"excerpt":{"rendered":"<p>\u00bfQuienes somos? Nuestro nombre significa Conocimiento e Ideas para el Desarrollo Estrat\u00e9gico Administrativo (COIDEA). Somos el semillero de investigaci\u00f3n del Programa de Administraci\u00f3n de Empresas de la UTP, creado el [&hellip;]<\/p>\n","protected":false},"author":1921,"featured_media":179,"parent":0,"menu_order":1,"comment_status":"closed","ping_status":"closed","template":"","meta":{"footnotes":""},"class_list":["post-250","page","type-page","status-publish","has-post-thumbnail","hentry"],"_links":{"self":[{"href":"https:\/\/academia.utp.edu.co\/coidea\/wp-json\/wp\/v2\/pages\/250","targetHints":{"allow":["GET"]}}],"collection":[{"href":"https:\/\/academia.utp.edu.co\/coidea\/wp-json\/wp\/v2\/pages"}],"about":[{"href":"https:\/\/academia.utp.edu.co\/coidea\/wp-json\/wp\/v2\/types\/page"}],"author":[{"embeddable":true,"href":"https:\/\/academia.utp.edu.co\/coidea\/wp-json\/wp\/v2\/users\/1921"}],"replies":[{"embeddable":true,"href":"https:\/\/academia.utp.edu.co\/coidea\/wp-json\/wp\/v2\/comments?post=250"}],"version-history":[{"count":4,"href":"https:\/\/academia.utp.edu.co\/coidea\/wp-json\/wp\/v2\/pages\/250\/revisions"}],"predecessor-version":[{"id":256,"href":"https:\/\/academia.utp.edu.co\/coidea\/wp-json\/wp\/v2\/pages\/250\/revisions\/256"}],"wp:featuredmedia":[{"embeddable":true,"href":"https:\/\/academia.utp.edu.co\/coidea\/wp-json\/wp\/v2\/media\/179"}],"wp:attachment":[{"href":"https:\/\/academia.utp.edu.co\/coidea\/wp-json\/wp\/v2\/media?parent=250"}],"curies":[{"name":"wp","href":"https:\/\/api.w.org\/{rel}","templated":true}]}}