
{"id":258,"date":"2025-06-05T14:05:10","date_gmt":"2025-06-05T19:05:10","guid":{"rendered":"https:\/\/academia.utp.edu.co\/coidea\/?page_id=258"},"modified":"2025-06-05T14:11:22","modified_gmt":"2025-06-05T19:11:22","slug":"nuestros-proyectos","status":"publish","type":"page","link":"https:\/\/academia.utp.edu.co\/coidea\/nuestros-proyectos\/","title":{"rendered":"Nuestros proyectos"},"content":{"rendered":"\n<p>El semillero COIDEA ha planteado una serie de proyectos en torno a la ciencias empresariales, las problem\u00e1ticas y el contexto para aplicar el conocimiento cient\u00edfico explorando algunas soluciones y aprendiendo desde el hacer. Es as\u00ed como los semilleristas vienen trabajando en la formulaci\u00f3n y desarrollo de los siguientes proyectos:<\/p>\n\n\n\n<ul class=\"wp-block-list\">\n<li>Caracterizaci\u00f3n de los estudiantes con emprendimientos dentro del programa de Administraci\u00f3n de empresas y sus ventajas competitivas.<\/li>\n\n\n\n<li>Riesgo reputacional en econom\u00eda Gig y su impacto frente al acceso de servicios financieros.<\/li>\n\n\n\n<li>Transformaci\u00f3n de las pr\u00e1cticas docentes en el aula, a partir del uso de la IA por parte de los estudiantes del programa de Administraci\u00f3n de empresas de la UTP.<\/li>\n\n\n\n<li>An\u00e1lisis de pr\u00e1cticas administrativas aut\u00f3ctonas para la gesti\u00f3n en organizaciones de econom\u00eda popular en Risaralda.<\/li>\n\n\n\n<li>Herramientas digitales para la administraci\u00f3n de las chazas de estudiantes.<\/li>\n\n\n\n<li>Caracterizaci\u00f3n de la gesti\u00f3n administrativa de las organizaciones ambientales de \u00e1rea metropolitana centro occidente (AMCO).<\/li>\n\n\n\n<li>An\u00e1lisis de la percepci\u00f3n, usuarios y patrones de uso de la biblioteca Jorge Roa Mart\u00ednez de la Universidad Tecnol\u00f3gica de Pereira en la jornada nocturna desde el a\u00f1o 2022 a 2024.<\/li>\n<\/ul>\n\n\n\n<figure class=\"wp-block-image\"><img loading=\"lazy\" decoding=\"async\" width=\"2560\" height=\"1920\" src=\"https:\/\/academia.utp.edu.co\/coidea\/files\/2025\/02\/proyectos-1-scaled.jpg\" alt=\"\" class=\"wp-image-206\" srcset=\"https:\/\/academia.utp.edu.co\/coidea\/files\/2025\/02\/proyectos-1-scaled.jpg 2560w, https:\/\/academia.utp.edu.co\/coidea\/files\/2025\/02\/proyectos-1-300x225.jpg 300w, https:\/\/academia.utp.edu.co\/coidea\/files\/2025\/02\/proyectos-1-1024x768.jpg 1024w, https:\/\/academia.utp.edu.co\/coidea\/files\/2025\/02\/proyectos-1-768x576.jpg 768w, https:\/\/academia.utp.edu.co\/coidea\/files\/2025\/02\/proyectos-1-1536x1152.jpg 1536w, https:\/\/academia.utp.edu.co\/coidea\/files\/2025\/02\/proyectos-1-2048x1536.jpg 2048w\" sizes=\"auto, (max-width: 2560px) 100vw, 2560px\" \/><\/figure>\n","protected":false},"excerpt":{"rendered":"<p>El semillero COIDEA ha planteado una serie de proyectos en torno a la ciencias empresariales, las problem\u00e1ticas y el contexto para aplicar el conocimiento cient\u00edfico explorando algunas soluciones y aprendiendo [&hellip;]<\/p>\n","protected":false},"author":1921,"featured_media":101,"parent":0,"menu_order":0,"comment_status":"closed","ping_status":"closed","template":"","meta":{"footnotes":""},"class_list":["post-258","page","type-page","status-publish","has-post-thumbnail","hentry"],"_links":{"self":[{"href":"https:\/\/academia.utp.edu.co\/coidea\/wp-json\/wp\/v2\/pages\/258","targetHints":{"allow":["GET"]}}],"collection":[{"href":"https:\/\/academia.utp.edu.co\/coidea\/wp-json\/wp\/v2\/pages"}],"about":[{"href":"https:\/\/academia.utp.edu.co\/coidea\/wp-json\/wp\/v2\/types\/page"}],"author":[{"embeddable":true,"href":"https:\/\/academia.utp.edu.co\/coidea\/wp-json\/wp\/v2\/users\/1921"}],"replies":[{"embeddable":true,"href":"https:\/\/academia.utp.edu.co\/coidea\/wp-json\/wp\/v2\/comments?post=258"}],"version-history":[{"count":2,"href":"https:\/\/academia.utp.edu.co\/coidea\/wp-json\/wp\/v2\/pages\/258\/revisions"}],"predecessor-version":[{"id":261,"href":"https:\/\/academia.utp.edu.co\/coidea\/wp-json\/wp\/v2\/pages\/258\/revisions\/261"}],"wp:featuredmedia":[{"embeddable":true,"href":"https:\/\/academia.utp.edu.co\/coidea\/wp-json\/wp\/v2\/media\/101"}],"wp:attachment":[{"href":"https:\/\/academia.utp.edu.co\/coidea\/wp-json\/wp\/v2\/media?parent=258"}],"curies":[{"name":"wp","href":"https:\/\/api.w.org\/{rel}","templated":true}]}}