
{"id":281,"date":"2025-09-23T15:52:07","date_gmt":"2025-09-23T20:52:07","guid":{"rendered":"https:\/\/academia.utp.edu.co\/coidea\/?page_id=281"},"modified":"2025-09-23T16:03:09","modified_gmt":"2025-09-23T21:03:09","slug":"nosotros","status":"publish","type":"page","link":"https:\/\/academia.utp.edu.co\/coidea\/nosotros\/","title":{"rendered":"Nosotros"},"content":{"rendered":"\n<p class=\"has-vivid-red-color has-text-color has-link-color wp-elements-8a621de006041eee2cb9d5ab19a0935c\"><strong>Valores<\/strong> <\/p>\n\n\n\n<p>\u2022  Disciplina: capacidad de organizar el tiempo, los recursos y los esfuerzos para cumplir con los compromisos acad\u00e9micos y de investigaci\u00f3n, manteniendo un trabajo ordenado y de calidad.<\/p>\n\n\n\n<p>\u2022  Comunicaci\u00f3n asertiva: habilidad para expresar ideas, cr\u00edticas y propuestas de manera clara y respetuosa, fomentando el di\u00e1logo constructivo dentro del grupo de investigaci\u00f3n.<\/p>\n\n\n\n<p>\u2022  Cooperaci\u00f3n: disposici\u00f3n para trabajar en equipo, compartir conocimientos y apoyar a los dem\u00e1s integrantes en la consecuci\u00f3n de objetivos comunes.<\/p>\n\n\n\n<p>\u2022  Constancia: perseverancia para continuar con el proceso investigativo a pesar de las dificultades, manteniendo la motivaci\u00f3n y el compromiso hasta lograr los resultados esperados.<\/p>\n\n\n\n<p>\u2022  Pasi\u00f3n investigativa : amor y entusiasmo por la b\u00fasqueda del conocimiento, que se traduce en un inter\u00e9s genuino por aprender, crear y aportar soluciones que impacten positivamente a la sociedad.<\/p>\n\n\n\n<p>\ud83d\udcaa\ud83c\udffc<strong>\u00bfQui\u00e9nes somos? <\/strong>Un espacio acad\u00e9mico conformado por estudiantes, docentes y administrativos  para fomentar la investigaci\u00f3n, la innovaci\u00f3n y el pensamiento cr\u00edtico en el campo administrativo y organizacional. Desarrollamos proyectos de investigaci\u00f3n con impacto en la gesti\u00f3n, promovemos la formaci\u00f3n investigativa de los actores acad\u00e9micos mediante capacitaciones presenciales y virtuales, propuestas aplicadas, talleres pr\u00e1cticos y participaci\u00f3n en eventos de investigaci\u00f3n en  un entorno de colaboraci\u00f3n, creatividad y aprendizaje.<\/p>\n\n\n\n<p>\ud83e\udef1\ud83c\udffb\u200d\ud83e\udef2\ud83c\udffc<strong>Prop\u00f3sito superior<\/strong>: Impulsar la generaci\u00f3n de conocimiento, mediante el desarrollo de  habilidades investigativas, el trabajo en equipo y el liderazgo estudiantil, y el amor por la investigaci\u00f3n, contribuyendo al desarrollo estrat\u00e9gico de las organizaciones y de la sociedad.<\/p>\n","protected":false},"excerpt":{"rendered":"<p>Valores \u2022 Disciplina: capacidad de organizar el tiempo, los recursos y los esfuerzos para cumplir con los compromisos acad\u00e9micos y de investigaci\u00f3n, manteniendo un trabajo ordenado y de calidad. \u2022 [&hellip;]<\/p>\n","protected":false},"author":1921,"featured_media":287,"parent":0,"menu_order":0,"comment_status":"closed","ping_status":"closed","template":"","meta":{"footnotes":""},"class_list":["post-281","page","type-page","status-publish","has-post-thumbnail","hentry"],"_links":{"self":[{"href":"https:\/\/academia.utp.edu.co\/coidea\/wp-json\/wp\/v2\/pages\/281","targetHints":{"allow":["GET"]}}],"collection":[{"href":"https:\/\/academia.utp.edu.co\/coidea\/wp-json\/wp\/v2\/pages"}],"about":[{"href":"https:\/\/academia.utp.edu.co\/coidea\/wp-json\/wp\/v2\/types\/page"}],"author":[{"embeddable":true,"href":"https:\/\/academia.utp.edu.co\/coidea\/wp-json\/wp\/v2\/users\/1921"}],"replies":[{"embeddable":true,"href":"https:\/\/academia.utp.edu.co\/coidea\/wp-json\/wp\/v2\/comments?post=281"}],"version-history":[{"count":2,"href":"https:\/\/academia.utp.edu.co\/coidea\/wp-json\/wp\/v2\/pages\/281\/revisions"}],"predecessor-version":[{"id":290,"href":"https:\/\/academia.utp.edu.co\/coidea\/wp-json\/wp\/v2\/pages\/281\/revisions\/290"}],"wp:featuredmedia":[{"embeddable":true,"href":"https:\/\/academia.utp.edu.co\/coidea\/wp-json\/wp\/v2\/media\/287"}],"wp:attachment":[{"href":"https:\/\/academia.utp.edu.co\/coidea\/wp-json\/wp\/v2\/media?parent=281"}],"curies":[{"name":"wp","href":"https:\/\/api.w.org\/{rel}","templated":true}]}}