{"id":111,"date":"2019-07-03T21:49:09","date_gmt":"2019-07-04T02:49:09","guid":{"rendered":"http:\/\/academia.utp.edu.co\/departamentocienciasbasicas\/?page_id=111"},"modified":"2020-07-27T19:12:37","modified_gmt":"2020-07-28T00:12:37","slug":"semestre-i","status":"publish","type":"page","link":"https:\/\/academia.utp.edu.co\/departamentocienciasbasicas\/semestre-i\/","title":{"rendered":"Semestre I"},"content":{"rendered":"<p><span style=\"color: #000080\">Este semestre comprende las siguientes asignaturas:<\/span><\/p>\n<p><span style=\"color: #000080\">Bioqu\u00edmica<\/span><br \/><span style=\"color: #000080\">Histoembriolog\u00eda I<\/span><br \/><span style=\"color: #000080\">Anatom\u00eda I<\/span><\/p>\n\n\n<p><\/p>\n","protected":false},"excerpt":{"rendered":"<p>Este semestre comprende las siguientes asignaturas: Bioqu\u00edmicaHistoembriolog\u00eda IAnatom\u00eda I<\/p>\n","protected":false},"author":1281,"featured_media":0,"parent":0,"menu_order":3,"comment_status":"closed","ping_status":"closed","template":"","meta":{"footnotes":""},"class_list":["post-111","page","type-page","status-publish","hentry"],"_links":{"self":[{"href":"https:\/\/academia.utp.edu.co\/departamentocienciasbasicas\/wp-json\/wp\/v2\/pages\/111","targetHints":{"allow":["GET"]}}],"collection":[{"href":"https:\/\/academia.utp.edu.co\/departamentocienciasbasicas\/wp-json\/wp\/v2\/pages"}],"about":[{"href":"https:\/\/academia.utp.edu.co\/departamentocienciasbasicas\/wp-json\/wp\/v2\/types\/page"}],"author":[{"embeddable":true,"href":"https:\/\/academia.utp.edu.co\/departamentocienciasbasicas\/wp-json\/wp\/v2\/users\/1281"}],"replies":[{"embeddable":true,"href":"https:\/\/academia.utp.edu.co\/departamentocienciasbasicas\/wp-json\/wp\/v2\/comments?post=111"}],"version-history":[{"count":2,"href":"https:\/\/academia.utp.edu.co\/departamentocienciasbasicas\/wp-json\/wp\/v2\/pages\/111\/revisions"}],"predecessor-version":[{"id":10151,"href":"https:\/\/academia.utp.edu.co\/departamentocienciasbasicas\/wp-json\/wp\/v2\/pages\/111\/revisions\/10151"}],"wp:attachment":[{"href":"https:\/\/academia.utp.edu.co\/departamentocienciasbasicas\/wp-json\/wp\/v2\/media?parent=111"}],"curies":[{"name":"wp","href":"https:\/\/api.w.org\/{rel}","templated":true}]}}