{"id":131,"date":"2019-07-03T21:51:29","date_gmt":"2019-07-04T02:51:29","guid":{"rendered":"http:\/\/academia.utp.edu.co\/departamentocienciasbasicas\/?page_id=131"},"modified":"2020-07-27T19:13:08","modified_gmt":"2020-07-28T00:13:08","slug":"semestre-ii","status":"publish","type":"page","link":"https:\/\/academia.utp.edu.co\/departamentocienciasbasicas\/semestre-ii\/","title":{"rendered":"Semestre II"},"content":{"rendered":"\n<p><\/p>\n\n\n<p><span style=\"color: #000080\">Este semestre comprende las siguientes asignaturas:<\/span><\/p>\n<p><span style=\"color: #000080\">Biolog\u00eda Molecular y Gen\u00e9tica<\/span><br \/><span style=\"color: #000080\">Histoembriolog\u00eda II<\/span><br \/><span style=\"color: #000080\">Anatom\u00eda II<\/span><\/p>","protected":false},"excerpt":{"rendered":"<p>Este semestre comprende las siguientes asignaturas: Biolog\u00eda Molecular y Gen\u00e9ticaHistoembriolog\u00eda IIAnatom\u00eda II<\/p>\n","protected":false},"author":1281,"featured_media":0,"parent":0,"menu_order":4,"comment_status":"closed","ping_status":"closed","template":"","meta":{"footnotes":""},"class_list":["post-131","page","type-page","status-publish","hentry"],"_links":{"self":[{"href":"https:\/\/academia.utp.edu.co\/departamentocienciasbasicas\/wp-json\/wp\/v2\/pages\/131","targetHints":{"allow":["GET"]}}],"collection":[{"href":"https:\/\/academia.utp.edu.co\/departamentocienciasbasicas\/wp-json\/wp\/v2\/pages"}],"about":[{"href":"https:\/\/academia.utp.edu.co\/departamentocienciasbasicas\/wp-json\/wp\/v2\/types\/page"}],"author":[{"embeddable":true,"href":"https:\/\/academia.utp.edu.co\/departamentocienciasbasicas\/wp-json\/wp\/v2\/users\/1281"}],"replies":[{"embeddable":true,"href":"https:\/\/academia.utp.edu.co\/departamentocienciasbasicas\/wp-json\/wp\/v2\/comments?post=131"}],"version-history":[{"count":2,"href":"https:\/\/academia.utp.edu.co\/departamentocienciasbasicas\/wp-json\/wp\/v2\/pages\/131\/revisions"}],"predecessor-version":[{"id":10171,"href":"https:\/\/academia.utp.edu.co\/departamentocienciasbasicas\/wp-json\/wp\/v2\/pages\/131\/revisions\/10171"}],"wp:attachment":[{"href":"https:\/\/academia.utp.edu.co\/departamentocienciasbasicas\/wp-json\/wp\/v2\/media?parent=131"}],"curies":[{"name":"wp","href":"https:\/\/api.w.org\/{rel}","templated":true}]}}