{"id":13261,"date":"2020-07-18T15:02:41","date_gmt":"2020-07-18T20:02:41","guid":{"rendered":"http:\/\/academia.utp.edu.co\/departamentocienciasbasicas\/?page_id=13261"},"modified":"2021-11-11T08:41:21","modified_gmt":"2021-11-11T13:41:21","slug":"programa-de-acompanamiento-integral-pai","status":"publish","type":"page","link":"https:\/\/academia.utp.edu.co\/departamentocienciasbasicas\/programa-de-acompanamiento-integral-pai\/","title":{"rendered":"Programa de Acompa\u00f1amiento Integral PAI"},"content":{"rendered":"\n<p><\/p>\n\n\n<p><span style=\"color: #000080\">La Universidad Tecnol\u00f3gica de Pereira consolida el PAI como una apuesta de acompa\u00f1amiento integral para estudiantes, desde el inicio de su labor acad\u00e9mica hasta la culminaci\u00f3n de su periodo de estudios.\u00a0 El Programa de Acompa\u00f1amiento Integral (PAI) se desarrolla en toda la Universidad, por ello cuenta con diferentes puntos ubicados estrat\u00e9gicamente y con profesionales encargados para acompa\u00f1ar y orientar a los estudiantes, as\u00ed:<\/span><\/p>\n<p><span style=\"color: #000080\">Facultad de Ciencias de la Salud, ubicado en el Edificio 13 oficina 105.<\/span><\/p>\n<p><span style=\"color: #000080\">Sede de Ciencias cl\u00ednicas, ubicada en el Hospital Universitario San Jorge.<\/span><\/p>\n<p><span style=\"color: #000080\">No dude en comunicarse con la Profesional Mar\u00eda Zuly Serna. \u00a0 \u00a0\u00a0 <\/span><\/p>\n<p><span style=\"color: #000080\">E-mail: zuly@utp.edu.co<\/span><\/p>\n<p><span style=\"color: #000080\">Celular: 3013088834<\/span><\/p>\n<p><span style=\"color: #000080\"><strong><br \/><a style=\"color: #000080\" href=\"https:\/\/instagram.com\/pai_utp?igshid=1q19rj7jt14i\">UTP PAI est\u00e1 en Instagram &#8211; ver ac\u00e1<\/a><\/strong><\/span><\/p>\n<p><strong><span style=\"color: #000080\"><a style=\"color: #000080\" href=\"https:\/\/academia.utp.edu.co\/departamentocienciasbasicas\/files\/2020\/07\/plegable-PAI.pdf\">Programa de Acompa\u00f1amiento Integral &#8211; PAI<\/a><\/span><\/strong><\/p>\n<p><img loading=\"lazy\" decoding=\"async\" class=\"size-medium wp-image-8201 aligncenter\" src=\"https:\/\/academia.utp.edu.co\/departamentocienciasbasicas\/files\/2020\/05\/ATENCION-PAI-ZULY-300x300.jpg\" alt=\"\" width=\"300\" height=\"300\" srcset=\"https:\/\/academia.utp.edu.co\/departamentocienciasbasicas\/files\/2020\/05\/ATENCION-PAI-ZULY-300x300.jpg 300w, https:\/\/academia.utp.edu.co\/departamentocienciasbasicas\/files\/2020\/05\/ATENCION-PAI-ZULY-1024x1024.jpg 1024w, https:\/\/academia.utp.edu.co\/departamentocienciasbasicas\/files\/2020\/05\/ATENCION-PAI-ZULY-150x150.jpg 150w, https:\/\/academia.utp.edu.co\/departamentocienciasbasicas\/files\/2020\/05\/ATENCION-PAI-ZULY-768x769.jpg 768w, https:\/\/academia.utp.edu.co\/departamentocienciasbasicas\/files\/2020\/05\/ATENCION-PAI-ZULY.jpg 1279w\" sizes=\"auto, (max-width: 300px) 100vw, 300px\" \/><\/p>","protected":false},"excerpt":{"rendered":"<p>La Universidad Tecnol\u00f3gica de Pereira consolida el PAI como una apuesta de acompa\u00f1amiento integral para&#8230;<\/p>\n","protected":false},"author":1281,"featured_media":0,"parent":0,"menu_order":14,"comment_status":"closed","ping_status":"closed","template":"","meta":{"footnotes":""},"class_list":["post-13261","page","type-page","status-publish","hentry"],"_links":{"self":[{"href":"https:\/\/academia.utp.edu.co\/departamentocienciasbasicas\/wp-json\/wp\/v2\/pages\/13261","targetHints":{"allow":["GET"]}}],"collection":[{"href":"https:\/\/academia.utp.edu.co\/departamentocienciasbasicas\/wp-json\/wp\/v2\/pages"}],"about":[{"href":"https:\/\/academia.utp.edu.co\/departamentocienciasbasicas\/wp-json\/wp\/v2\/types\/page"}],"author":[{"embeddable":true,"href":"https:\/\/academia.utp.edu.co\/departamentocienciasbasicas\/wp-json\/wp\/v2\/users\/1281"}],"replies":[{"embeddable":true,"href":"https:\/\/academia.utp.edu.co\/departamentocienciasbasicas\/wp-json\/wp\/v2\/comments?post=13261"}],"version-history":[{"count":12,"href":"https:\/\/academia.utp.edu.co\/departamentocienciasbasicas\/wp-json\/wp\/v2\/pages\/13261\/revisions"}],"predecessor-version":[{"id":21791,"href":"https:\/\/academia.utp.edu.co\/departamentocienciasbasicas\/wp-json\/wp\/v2\/pages\/13261\/revisions\/21791"}],"wp:attachment":[{"href":"https:\/\/academia.utp.edu.co\/departamentocienciasbasicas\/wp-json\/wp\/v2\/media?parent=13261"}],"curies":[{"name":"wp","href":"https:\/\/api.w.org\/{rel}","templated":true}]}}