{"id":151,"date":"2019-07-03T21:51:57","date_gmt":"2019-07-04T02:51:57","guid":{"rendered":"http:\/\/academia.utp.edu.co\/departamentocienciasbasicas\/?page_id=151"},"modified":"2020-07-27T19:13:23","modified_gmt":"2020-07-28T00:13:23","slug":"semestre-iii","status":"publish","type":"page","link":"https:\/\/academia.utp.edu.co\/departamentocienciasbasicas\/semestre-iii\/","title":{"rendered":"Semestre III"},"content":{"rendered":"\n<p><\/p>\n\n\n<p><span style=\"color: #000080\">Este semestre comprende las siguientes asignaturas:<\/span><\/p>\n<p><span style=\"color: #000080\">Fiosiolog\u00eda<\/span><br \/><span style=\"color: #000080\">Reanimaci\u00f3n B\u00e1sica y Primeros Auxilios<\/span><\/p>","protected":false},"excerpt":{"rendered":"<p>Este semestre comprende las siguientes asignaturas: Fiosiolog\u00edaReanimaci\u00f3n B\u00e1sica y Primeros Auxilios<\/p>\n","protected":false},"author":1281,"featured_media":0,"parent":0,"menu_order":5,"comment_status":"closed","ping_status":"closed","template":"","meta":{"footnotes":""},"class_list":["post-151","page","type-page","status-publish","hentry"],"_links":{"self":[{"href":"https:\/\/academia.utp.edu.co\/departamentocienciasbasicas\/wp-json\/wp\/v2\/pages\/151","targetHints":{"allow":["GET"]}}],"collection":[{"href":"https:\/\/academia.utp.edu.co\/departamentocienciasbasicas\/wp-json\/wp\/v2\/pages"}],"about":[{"href":"https:\/\/academia.utp.edu.co\/departamentocienciasbasicas\/wp-json\/wp\/v2\/types\/page"}],"author":[{"embeddable":true,"href":"https:\/\/academia.utp.edu.co\/departamentocienciasbasicas\/wp-json\/wp\/v2\/users\/1281"}],"replies":[{"embeddable":true,"href":"https:\/\/academia.utp.edu.co\/departamentocienciasbasicas\/wp-json\/wp\/v2\/comments?post=151"}],"version-history":[{"count":2,"href":"https:\/\/academia.utp.edu.co\/departamentocienciasbasicas\/wp-json\/wp\/v2\/pages\/151\/revisions"}],"predecessor-version":[{"id":10201,"href":"https:\/\/academia.utp.edu.co\/departamentocienciasbasicas\/wp-json\/wp\/v2\/pages\/151\/revisions\/10201"}],"wp:attachment":[{"href":"https:\/\/academia.utp.edu.co\/departamentocienciasbasicas\/wp-json\/wp\/v2\/media?parent=151"}],"curies":[{"name":"wp","href":"https:\/\/api.w.org\/{rel}","templated":true}]}}