{"id":171,"date":"2019-07-03T21:52:13","date_gmt":"2019-07-04T02:52:13","guid":{"rendered":"http:\/\/academia.utp.edu.co\/departamentocienciasbasicas\/?page_id=171"},"modified":"2024-08-14T15:10:37","modified_gmt":"2024-08-14T20:10:37","slug":"semestre-iv","status":"publish","type":"page","link":"https:\/\/academia.utp.edu.co\/departamentocienciasbasicas\/semestre-iv\/","title":{"rendered":"Semestre IV"},"content":{"rendered":"\n<p><\/p>\n\n\n<p><span style=\"color: #000080\">Este semestre comprende las siguientes asignaturas:<\/span><\/p>\n<p><span style=\"color: #000080\">Patolog\u00eda<\/span><br \/><span style=\"color: #000080\">Microbiolog\u00eda<\/span><br \/><span style=\"color: #000080\">Parasitolog\u00eda<\/span><\/p>","protected":false},"excerpt":{"rendered":"<p>Este semestre comprende las siguientes asignaturas: Patolog\u00edaMicrobiolog\u00edaParasitolog\u00eda<\/p>\n","protected":false},"author":1281,"featured_media":0,"parent":0,"menu_order":6,"comment_status":"closed","ping_status":"closed","template":"","meta":{"footnotes":""},"class_list":["post-171","page","type-page","status-publish","hentry"],"_links":{"self":[{"href":"https:\/\/academia.utp.edu.co\/departamentocienciasbasicas\/wp-json\/wp\/v2\/pages\/171","targetHints":{"allow":["GET"]}}],"collection":[{"href":"https:\/\/academia.utp.edu.co\/departamentocienciasbasicas\/wp-json\/wp\/v2\/pages"}],"about":[{"href":"https:\/\/academia.utp.edu.co\/departamentocienciasbasicas\/wp-json\/wp\/v2\/types\/page"}],"author":[{"embeddable":true,"href":"https:\/\/academia.utp.edu.co\/departamentocienciasbasicas\/wp-json\/wp\/v2\/users\/1281"}],"replies":[{"embeddable":true,"href":"https:\/\/academia.utp.edu.co\/departamentocienciasbasicas\/wp-json\/wp\/v2\/comments?post=171"}],"version-history":[{"count":4,"href":"https:\/\/academia.utp.edu.co\/departamentocienciasbasicas\/wp-json\/wp\/v2\/pages\/171\/revisions"}],"predecessor-version":[{"id":23369,"href":"https:\/\/academia.utp.edu.co\/departamentocienciasbasicas\/wp-json\/wp\/v2\/pages\/171\/revisions\/23369"}],"wp:attachment":[{"href":"https:\/\/academia.utp.edu.co\/departamentocienciasbasicas\/wp-json\/wp\/v2\/media?parent=171"}],"curies":[{"name":"wp","href":"https:\/\/api.w.org\/{rel}","templated":true}]}}