{"id":191,"date":"2019-07-03T21:52:28","date_gmt":"2019-07-04T02:52:28","guid":{"rendered":"http:\/\/academia.utp.edu.co\/departamentocienciasbasicas\/?page_id=191"},"modified":"2024-08-14T15:17:06","modified_gmt":"2024-08-14T20:17:06","slug":"semestre-vi","status":"publish","type":"page","link":"https:\/\/academia.utp.edu.co\/departamentocienciasbasicas\/semestre-vi\/","title":{"rendered":"Semestre VI"},"content":{"rendered":"\n<p><\/p>\n\n\n<p><\/p>\n<p class=\"has-text-color has-link-color has-medium-font-size wp-elements-76ab83015ca84b25fa6ff89cd56e4e3a\"><span style=\"color: #000080\">Para el Departamento de B\u00e1sicas, este semestre comprende la siguiente asignatura:<\/span><\/p>\n<p><span style=\"color: #000080\"> <\/span><\/p>\n<p class=\"has-text-color has-link-color has-medium-font-size wp-elements-7059e3237198dda63cd3aaf1ee8e04f6\"><span style=\"color: #000080\">Farmacolog\u00eda y Toxicolog\u00eda<\/span><\/p>\n<p>\u00a0<\/p>","protected":false},"excerpt":{"rendered":"<p>Para el Departamento de B\u00e1sicas, este semestre comprende la siguiente asignatura: Farmacolog\u00eda y Toxicolog\u00eda \u00a0<\/p>\n","protected":false},"author":1281,"featured_media":0,"parent":0,"menu_order":7,"comment_status":"closed","ping_status":"closed","template":"","meta":{"footnotes":""},"class_list":["post-191","page","type-page","status-publish","hentry"],"_links":{"self":[{"href":"https:\/\/academia.utp.edu.co\/departamentocienciasbasicas\/wp-json\/wp\/v2\/pages\/191","targetHints":{"allow":["GET"]}}],"collection":[{"href":"https:\/\/academia.utp.edu.co\/departamentocienciasbasicas\/wp-json\/wp\/v2\/pages"}],"about":[{"href":"https:\/\/academia.utp.edu.co\/departamentocienciasbasicas\/wp-json\/wp\/v2\/types\/page"}],"author":[{"embeddable":true,"href":"https:\/\/academia.utp.edu.co\/departamentocienciasbasicas\/wp-json\/wp\/v2\/users\/1281"}],"replies":[{"embeddable":true,"href":"https:\/\/academia.utp.edu.co\/departamentocienciasbasicas\/wp-json\/wp\/v2\/comments?post=191"}],"version-history":[{"count":4,"href":"https:\/\/academia.utp.edu.co\/departamentocienciasbasicas\/wp-json\/wp\/v2\/pages\/191\/revisions"}],"predecessor-version":[{"id":23375,"href":"https:\/\/academia.utp.edu.co\/departamentocienciasbasicas\/wp-json\/wp\/v2\/pages\/191\/revisions\/23375"}],"wp:attachment":[{"href":"https:\/\/academia.utp.edu.co\/departamentocienciasbasicas\/wp-json\/wp\/v2\/media?parent=191"}],"curies":[{"name":"wp","href":"https:\/\/api.w.org\/{rel}","templated":true}]}}