{"id":2511,"date":"2020-04-22T12:27:34","date_gmt":"2020-04-22T17:27:34","guid":{"rendered":"http:\/\/academia.utp.edu.co\/departamentocienciasbasicas\/?page_id=2511"},"modified":"2024-08-14T10:26:01","modified_gmt":"2024-08-14T15:26:01","slug":"profesores","status":"publish","type":"page","link":"https:\/\/academia.utp.edu.co\/departamentocienciasbasicas\/semestre-i\/histoembriologia-i\/profesores\/","title":{"rendered":"Profesores"},"content":{"rendered":"\n<p class=\"has-text-color has-medium-font-size\" style=\"color:#0d0b86\"> La asignatura Histoembriolog\u00eda I, est\u00e1 a cargo de los siguientes docentes: <\/p>\n\n\n<p><span style=\"color: #000080\"><strong>Dra. Bibiana Murillo G\u00f3mez<\/strong><br \/>bibianamg@utp.edu.co<\/span><\/p>\n<p><span style=\"color: #000080\"><strong><br \/>Dra. Daniela Botero Gonz\u00e1lez<\/strong><br \/>dbotero@utp.edu.co<\/span><\/p>\n<p><strong><span style=\"color: #000080\"><br \/>Dr. David G\u00f3mez Zuluaga<\/span><\/strong><br \/><span style=\"color: #000080\">davidgomez@utp.edu.co<\/span><\/p>\n<p><br \/><strong><span style=\"color: #000080\">Dr. Luis Felipe Villegas Alvar\u00e1n<br \/><\/span><\/strong><span style=\"color: #000080\">lufevillegas@utp.edu.co<\/span><strong><span style=\"color: #000080\"><br \/><\/span><\/strong><\/p>\n\n\n<p><\/p>\n","protected":false},"excerpt":{"rendered":"<p>La asignatura Histoembriolog\u00eda I, est\u00e1 a cargo de los siguientes docentes: Dra. Bibiana Murillo G\u00f3mezbibianamg@utp.edu.co&#8230;<\/p>\n","protected":false},"author":1281,"featured_media":0,"parent":401,"menu_order":1,"comment_status":"closed","ping_status":"closed","template":"","meta":{"footnotes":""},"class_list":["post-2511","page","type-page","status-publish","hentry"],"_links":{"self":[{"href":"https:\/\/academia.utp.edu.co\/departamentocienciasbasicas\/wp-json\/wp\/v2\/pages\/2511","targetHints":{"allow":["GET"]}}],"collection":[{"href":"https:\/\/academia.utp.edu.co\/departamentocienciasbasicas\/wp-json\/wp\/v2\/pages"}],"about":[{"href":"https:\/\/academia.utp.edu.co\/departamentocienciasbasicas\/wp-json\/wp\/v2\/types\/page"}],"author":[{"embeddable":true,"href":"https:\/\/academia.utp.edu.co\/departamentocienciasbasicas\/wp-json\/wp\/v2\/users\/1281"}],"replies":[{"embeddable":true,"href":"https:\/\/academia.utp.edu.co\/departamentocienciasbasicas\/wp-json\/wp\/v2\/comments?post=2511"}],"version-history":[{"count":20,"href":"https:\/\/academia.utp.edu.co\/departamentocienciasbasicas\/wp-json\/wp\/v2\/pages\/2511\/revisions"}],"predecessor-version":[{"id":23308,"href":"https:\/\/academia.utp.edu.co\/departamentocienciasbasicas\/wp-json\/wp\/v2\/pages\/2511\/revisions\/23308"}],"up":[{"embeddable":true,"href":"https:\/\/academia.utp.edu.co\/departamentocienciasbasicas\/wp-json\/wp\/v2\/pages\/401"}],"wp:attachment":[{"href":"https:\/\/academia.utp.edu.co\/departamentocienciasbasicas\/wp-json\/wp\/v2\/media?parent=2511"}],"curies":[{"name":"wp","href":"https:\/\/api.w.org\/{rel}","templated":true}]}}