{"id":2831,"date":"2020-04-22T15:24:17","date_gmt":"2020-04-22T20:24:17","guid":{"rendered":"http:\/\/academia.utp.edu.co\/departamentocienciasbasicas\/?page_id=2831"},"modified":"2024-08-14T14:42:14","modified_gmt":"2024-08-14T19:42:14","slug":"microcurriculo","status":"publish","type":"page","link":"https:\/\/academia.utp.edu.co\/departamentocienciasbasicas\/semestre-ii\/biologia-molecular-y-genetica\/microcurriculo\/","title":{"rendered":"Microcurr\u00edculo"},"content":{"rendered":"\n<p><\/p>\n\n\n\n<p class=\"has-text-color has-normal-font-size\" style=\"color:#0d0b86\">En el siguiente link encontrar\u00e1 el microcurr\u00edculo de la asignatura Biolog\u00eda Molecular y Gen\u00e9tica<\/p>\n\n\n\n<p><\/p>\n\n\n\n<div data-wp-interactive=\"core\/file\" class=\"wp-block-file\"><object data-wp-bind--hidden=\"!state.hasPdfPreview\" hidden class=\"wp-block-file__embed\" data=\"https:\/\/academia.utp.edu.co\/departamentocienciasbasicas\/files\/2024\/08\/Biologia-Molecular-2024-2.pdf\" type=\"application\/pdf\" style=\"width:100%;height:600px\" aria-label=\"Incrustado de Biologia Molecular 2024-2.\"><\/object><a id=\"wp-block-file--media-849823f9-2f74-42a6-a47d-eea6d1b1a216\" href=\"https:\/\/academia.utp.edu.co\/departamentocienciasbasicas\/files\/2024\/08\/Biologia-Molecular-2024-2.pdf\">Biologia Molecular 2024-2<\/a><\/div>\n\n\n\n<div class=\"wp-block-file\"><\/div>\n\n\n\n<p><br \/><\/p>\n\n\n\n<p><\/p>\n","protected":false},"excerpt":{"rendered":"<p>En el siguiente link encontrar\u00e1 el microcurr\u00edculo de la asignatura Biolog\u00eda Molecular y Gen\u00e9tica<\/p>\n","protected":false},"author":1281,"featured_media":0,"parent":621,"menu_order":1,"comment_status":"closed","ping_status":"closed","template":"","meta":{"footnotes":""},"class_list":["post-2831","page","type-page","status-publish","hentry"],"_links":{"self":[{"href":"https:\/\/academia.utp.edu.co\/departamentocienciasbasicas\/wp-json\/wp\/v2\/pages\/2831","targetHints":{"allow":["GET"]}}],"collection":[{"href":"https:\/\/academia.utp.edu.co\/departamentocienciasbasicas\/wp-json\/wp\/v2\/pages"}],"about":[{"href":"https:\/\/academia.utp.edu.co\/departamentocienciasbasicas\/wp-json\/wp\/v2\/types\/page"}],"author":[{"embeddable":true,"href":"https:\/\/academia.utp.edu.co\/departamentocienciasbasicas\/wp-json\/wp\/v2\/users\/1281"}],"replies":[{"embeddable":true,"href":"https:\/\/academia.utp.edu.co\/departamentocienciasbasicas\/wp-json\/wp\/v2\/comments?post=2831"}],"version-history":[{"count":11,"href":"https:\/\/academia.utp.edu.co\/departamentocienciasbasicas\/wp-json\/wp\/v2\/pages\/2831\/revisions"}],"predecessor-version":[{"id":23346,"href":"https:\/\/academia.utp.edu.co\/departamentocienciasbasicas\/wp-json\/wp\/v2\/pages\/2831\/revisions\/23346"}],"up":[{"embeddable":true,"href":"https:\/\/academia.utp.edu.co\/departamentocienciasbasicas\/wp-json\/wp\/v2\/pages\/621"}],"wp:attachment":[{"href":"https:\/\/academia.utp.edu.co\/departamentocienciasbasicas\/wp-json\/wp\/v2\/media?parent=2831"}],"curies":[{"name":"wp","href":"https:\/\/api.w.org\/{rel}","templated":true}]}}