{"id":2921,"date":"2020-04-22T15:32:24","date_gmt":"2020-04-22T20:32:24","guid":{"rendered":"http:\/\/academia.utp.edu.co\/departamentocienciasbasicas\/?page_id=2921"},"modified":"2024-08-14T14:46:05","modified_gmt":"2024-08-14T19:46:05","slug":"microcurriculo","status":"publish","type":"page","link":"https:\/\/academia.utp.edu.co\/departamentocienciasbasicas\/semestre-ii\/anatomia-ii\/microcurriculo\/","title":{"rendered":"Microcurr\u00edculo"},"content":{"rendered":"\n<p><\/p>\n\n\n\n<p class=\"has-text-color has-normal-font-size\" style=\"color:#0d0b86\"> En el siguiente link encontrar\u00e1 el microcurr\u00edculo de la asignatura Anatom\u00eda II<\/p>\n\n\n\n<div class=\"wp-block-file\"><\/div>\n\n\n\n<div data-wp-interactive=\"core\/file\" class=\"wp-block-file\"><object data-wp-bind--hidden=\"!state.hasPdfPreview\" hidden class=\"wp-block-file__embed\" data=\"https:\/\/academia.utp.edu.co\/departamentocienciasbasicas\/files\/2024\/08\/Anatomi\u0301a-II-2024-2.pdf\" type=\"application\/pdf\" style=\"width:100%;height:600px\" aria-label=\"Incrustado de Anatomi\u0301a II 2024-2.\"><\/object><a id=\"wp-block-file--media-a67655eb-2b72-47b1-b174-79b2d40a605d\" href=\"https:\/\/academia.utp.edu.co\/departamentocienciasbasicas\/files\/2024\/08\/Anatomi\u0301a-II-2024-2.pdf\">Anatomi\u0301a II 2024-2<\/a><\/div>\n","protected":false},"excerpt":{"rendered":"<p>En el siguiente link encontrar\u00e1 el microcurr\u00edculo de la asignatura Anatom\u00eda II<\/p>\n","protected":false},"author":1281,"featured_media":0,"parent":671,"menu_order":1,"comment_status":"closed","ping_status":"closed","template":"","meta":{"footnotes":""},"class_list":["post-2921","page","type-page","status-publish","hentry"],"_links":{"self":[{"href":"https:\/\/academia.utp.edu.co\/departamentocienciasbasicas\/wp-json\/wp\/v2\/pages\/2921","targetHints":{"allow":["GET"]}}],"collection":[{"href":"https:\/\/academia.utp.edu.co\/departamentocienciasbasicas\/wp-json\/wp\/v2\/pages"}],"about":[{"href":"https:\/\/academia.utp.edu.co\/departamentocienciasbasicas\/wp-json\/wp\/v2\/types\/page"}],"author":[{"embeddable":true,"href":"https:\/\/academia.utp.edu.co\/departamentocienciasbasicas\/wp-json\/wp\/v2\/users\/1281"}],"replies":[{"embeddable":true,"href":"https:\/\/academia.utp.edu.co\/departamentocienciasbasicas\/wp-json\/wp\/v2\/comments?post=2921"}],"version-history":[{"count":10,"href":"https:\/\/academia.utp.edu.co\/departamentocienciasbasicas\/wp-json\/wp\/v2\/pages\/2921\/revisions"}],"predecessor-version":[{"id":23352,"href":"https:\/\/academia.utp.edu.co\/departamentocienciasbasicas\/wp-json\/wp\/v2\/pages\/2921\/revisions\/23352"}],"up":[{"embeddable":true,"href":"https:\/\/academia.utp.edu.co\/departamentocienciasbasicas\/wp-json\/wp\/v2\/pages\/671"}],"wp:attachment":[{"href":"https:\/\/academia.utp.edu.co\/departamentocienciasbasicas\/wp-json\/wp\/v2\/media?parent=2921"}],"curies":[{"name":"wp","href":"https:\/\/api.w.org\/{rel}","templated":true}]}}